{"id":79,"date":"2015-02-13T09:20:34","date_gmt":"2015-02-13T09:20:34","guid":{"rendered":"http:\/\/test.acomeambiente.org\/?page_id=79"},"modified":"2018-01-17T09:08:31","modified_gmt":"2018-01-17T09:08:31","slug":"l-histoire","status":"publish","type":"page","link":"https:\/\/www.acomeambiente.org\/fr\/maca-qui-sommes-nous\/l-histoire\/","title":{"rendered":"L&rsquo;Histoire"},"content":{"rendered":"<p><a href=\"http:\/\/www.acomeambiente.org\/wp-content\/uploads\/sites\/2\/2015\/02\/f447a7c3a8444817ac4cf1b0ce80aa7d-1.jpg\"><img decoding=\"async\" class=\"alignnone size-full wp-image-2143\" src=\"http:\/\/www.acomeambiente.org\/wp-content\/uploads\/sites\/2\/2015\/02\/f447a7c3a8444817ac4cf1b0ce80aa7d-1.jpg\" alt=\"Edificio 37\" width=\"1024\" height=\"506\" srcset=\"https:\/\/www.acomeambiente.org\/fr\/wp-content\/uploads\/sites\/2\/2015\/02\/f447a7c3a8444817ac4cf1b0ce80aa7d-1-300x148.jpg 300w, https:\/\/www.acomeambiente.org\/fr\/wp-content\/uploads\/sites\/2\/2015\/02\/f447a7c3a8444817ac4cf1b0ce80aa7d-1-600x296.jpg 600w, https:\/\/www.acomeambiente.org\/fr\/wp-content\/uploads\/sites\/2\/2015\/02\/f447a7c3a8444817ac4cf1b0ce80aa7d-1.jpg 1024w\" sizes=\"(max-width: 1024px) 100vw, 1024px\" \/><\/a><\/p>\n<h1 class=\"entry-title\">L&rsquo;Histoire<\/h1>\n<p><strong>Le Mus\u00e9e est situ\u00e9 Corso Umbria 90, \u00e0 Turin, Pi\u00e9mont, Italie.<\/strong><\/p>\n<p><strong>A sa\u00a0naissance, il a port\u00e9 le\u00a0nom d&rsquo;<em>Edificio 37<\/em>.<\/strong><\/p>\n<p>Le b\u00e2timent principal du Mus\u00e9e a \u00e9t\u00e9 construit par l&rsquo;entreprise MICHELIN, \u00e0 la fin des ann\u00e9es 40 &#8211; (sur le site de sa\u00a0<em>toute premi\u00e8re implantation<\/em> en dehors de son si\u00e8ge\u00a0historique de\u00a0Clermont-Ferrand qui a donc eu lieu \u00e0\u00a0Turin, en <strong>1906<\/strong>).<br \/>\nFace \u00e0 l&rsquo;expansion de l&rsquo;entreprise Michelin\u00a0\u2013 qui a fini par occuper tout l&rsquo;espace de\u00a0via Livorno \u00e0 Corso Umbria \u2013 le besoin de construire une nouvelle entr\u00e9e vers l&rsquo;Ouest s&rsquo;est fait sentir. En\u00a01947, \u00a0l\u2019E<em>dificio 37,\u00a0<\/em>sort donc de terre\u00a0:\u00a0un b\u00e2timent de deux \u00e9tages, utilis\u00e9 comme entr\u00e9e sur Corso Umbria, comme conciergerie\u00a0et d\u00e9p\u00f4ts \u00e0 bicyclettes pour les ouvriers.<br \/>\nL\u2019ann\u00e9e suivante, l\u2019E<em>dificio 37<\/em> est \u00e9lev\u00e9 d&rsquo;un \u00e9tage, \u00a0et accueille la cantine de l&rsquo;entreprise puis devient, par la suite, le si\u00e8ge anti-incendie\u00a0de l&rsquo;Usine, avec un personnel d\u00e9di\u00e9.<\/p>\n<p>Apr\u00e8s le d\u00e9mant\u00e8lement de l&rsquo;usine,\u00a0l&rsquo;<em>Edificio 37<\/em>\u00a0a \u00e9t\u00e9 restructur\u00e9 sur un projet de l&rsquo;architecte\u00a0Agostino Magnaghi et abrite, d\u00e8s\u00a0<strong>2004<\/strong>, le Mus\u00e9e A come Ambiente <em>(E comme Environnement)<\/em>, <strong>le<\/strong>\u00a0<strong>premier\u00a0mus\u00e9e Europ\u00e9en\u00a0enti\u00e8rement d\u00e9di\u00e9 aux techniques de protection de l&rsquo;Environnement<\/strong>, n\u00e9 de l&rsquo;\u0153uvre de l&rsquo;architecte<strong>\u00a0Carlo Degiacomi<\/strong>, qui en a \u00e9t\u00e9 le directeur jusqu&rsquo;\u00e0\u00a02013.<\/p>\n<p>Le MAcA s&rsquo;est imm\u00e9diatement consacr\u00e9 \u00e0\u00a03 th\u00e8mes principaux :\u00a0\u00c9nergies, D\u00e9chets\u00a0et Eau. En 10 ann\u00e9es, il s&rsquo;est d\u00e9velopp\u00e9\u00a0avec des expositions, exhibits et collaborations nationales et internationales.<\/p>\n<p>Le Mus\u00e9e s&rsquo;est naturellement ins\u00e9r\u00e9 dans le tissu des Mus\u00e9es de la ville. Turin\u00a0peut effectivement se vanter d&rsquo;une tradition technologico-scientifique\u00a0qui plonge ses racines dans ses Universit\u00e9s\u00a0et\u00a0l&rsquo;Acad\u00e9mie des Sciences. Dans le sillon de ces traditions, sur notre territoire, s&rsquo;est d\u00e9velopp\u00e9 un r\u00e9seau de Mus\u00e9es et de Collections, d&rsquo;exp\u00e9riences et de transmission des savoirs.<\/p>\n<p>Le MAcA s&rsquo;est, en outre, tr\u00e8s bien ins\u00e9r\u00e9 dans le r\u00e9seau mus\u00e9al citoyen auquel la ville de Turin s&rsquo;est d\u00e9di\u00e9e ces derni\u00e8res ann\u00e9es.<\/p>\n<p>Au cours des m\u00eames ann\u00e9es qui ont vues na\u00eetre\u00a0le\u00a0MAcA, sont n\u00e9s le Mus\u00e9e de la Diffusion de la R\u00e9sistance, de la D\u00e9portation et de la Guerre, des Droits et de la Libert\u00e9, et l&rsquo;Eco-mus\u00e9e Urbain de Turin, mus\u00e9es non conventionnels, fortement\u00a0li\u00e9s \u00e0 l&rsquo;identit\u00e9 territoriale\u00a0autant qu&rsquo; \u00e0 une vision \u00e9largie et dynamique du Patrimoine Culturel.<br \/>\nMus\u00e9es du <em>Faire<\/em> plus que de l&rsquo;\u00a0<em>Avoir,<\/em>\u00a0dans lesquels les <em>Savoirs<\/em> se construisent.<\/p>\n<p>Le MAcA s&rsquo;ins\u00e8re parfaitement dans cette optique de Mus\u00e9e-Laboratoire. Le Visiteur participe activement \u00e0 la construction de la connaissance, guid\u00e9 par des Pilotes &#8211; ou animateurs scientifiques sp\u00e9cialis\u00e9s.<br \/>\nUn Mus\u00e9e contemporain o\u00f9 l&rsquo;inter-activit\u00e9 est chez elle et o\u00f9, la finalit\u00e9 \u00e9ducative est celle du <em>Long Life Learning<\/em>\u00a0\u00a0:\u00a0nous ne finissons jamais\u00a0d&rsquo;apprendre, quel que soit notre \u00e2ge !<\/p>\n<p>&nbsp;<\/p>\n<p>Cr\u00e9dits \u00a0photographiques\u00a0: Filippo Gallino pour la ville de\u00a0Turin, septembre 2001.<\/p>\n","protected":false},"excerpt":{"rendered":"<p>L&rsquo;Histoire Le Mus\u00e9e est situ\u00e9 Corso Umbria 90, \u00e0 Turin, Pi\u00e9mont, Italie. A sa\u00a0naissance, il a port\u00e9 le\u00a0nom d&rsquo;Edificio 37. Le b\u00e2timent principal du Mus\u00e9e a \u00e9t\u00e9 construit par l&rsquo;entreprise  [&#8230;]<\/p>\n","protected":false},"author":1025,"featured_media":0,"parent":4795,"menu_order":1,"comment_status":"closed","ping_status":"closed","template":"","meta":{"footnotes":""},"class_list":["post-79","page","type-page","status-publish","hentry"],"yoast_head":"<!-- This site is optimized with the Yoast SEO plugin v26.9 - https:\/\/yoast.com\/product\/yoast-seo-wordpress\/ -->\n<title>L&#039;Histoire - Fr - MAcA - Museo A come Ambiente<\/title>\n<meta name=\"robots\" content=\"index, follow, max-snippet:-1, max-image-preview:large, max-video-preview:-1\" \/>\n<link rel=\"canonical\" href=\"https:\/\/www.acomeambiente.org\/fr\/maca-qui-sommes-nous\/l-histoire\/\" \/>\n<meta property=\"og:locale\" content=\"fr_FR\" \/>\n<meta property=\"og:type\" content=\"article\" \/>\n<meta property=\"og:title\" content=\"L&#039;Histoire - Fr - MAcA - Museo A come Ambiente\" \/>\n<meta property=\"og:description\" content=\"L&rsquo;Histoire Le Mus\u00e9e est situ\u00e9 Corso Umbria 90, \u00e0 Turin, Pi\u00e9mont, Italie. A sa\u00a0naissance, il a port\u00e9 le\u00a0nom d&rsquo;Edificio 37. Le b\u00e2timent principal du Mus\u00e9e a \u00e9t\u00e9 construit par l&rsquo;entreprise [...]\" \/>\n<meta property=\"og:url\" content=\"https:\/\/www.acomeambiente.org\/fr\/maca-qui-sommes-nous\/l-histoire\/\" \/>\n<meta property=\"og:site_name\" content=\"Fr - MAcA - Museo A come Ambiente\" \/>\n<meta property=\"article:modified_time\" content=\"2018-01-17T09:08:31+00:00\" \/>\n<meta property=\"og:image\" content=\"http:\/\/www.acomeambiente.org\/wp-content\/uploads\/sites\/2\/2015\/02\/f447a7c3a8444817ac4cf1b0ce80aa7d-1.jpg\" \/>\n<meta name=\"twitter:card\" content=\"summary_large_image\" \/>\n<meta name=\"twitter:label1\" content=\"Dur\u00e9e de lecture estim\u00e9e\" \/>\n\t<meta name=\"twitter:data1\" content=\"3 minutes\" \/>\n<script type=\"application\/ld+json\" class=\"yoast-schema-graph\">{\"@context\":\"https:\/\/schema.org\",\"@graph\":[{\"@type\":\"WebPage\",\"@id\":\"https:\/\/www.acomeambiente.org\/fr\/maca-qui-sommes-nous\/l-histoire\/\",\"url\":\"https:\/\/www.acomeambiente.org\/fr\/maca-qui-sommes-nous\/l-histoire\/\",\"name\":\"L'Histoire - Fr - MAcA - Museo A come Ambiente\",\"isPartOf\":{\"@id\":\"https:\/\/www.acomeambiente.org\/fr\/#website\"},\"primaryImageOfPage\":{\"@id\":\"https:\/\/www.acomeambiente.org\/fr\/maca-qui-sommes-nous\/l-histoire\/#primaryimage\"},\"image\":{\"@id\":\"https:\/\/www.acomeambiente.org\/fr\/maca-qui-sommes-nous\/l-histoire\/#primaryimage\"},\"thumbnailUrl\":\"http:\/\/www.acomeambiente.org\/wp-content\/uploads\/sites\/2\/2015\/02\/f447a7c3a8444817ac4cf1b0ce80aa7d-1.jpg\",\"datePublished\":\"2015-02-13T09:20:34+00:00\",\"dateModified\":\"2018-01-17T09:08:31+00:00\",\"breadcrumb\":{\"@id\":\"https:\/\/www.acomeambiente.org\/fr\/maca-qui-sommes-nous\/l-histoire\/#breadcrumb\"},\"inLanguage\":\"fr-FR\",\"potentialAction\":[{\"@type\":\"ReadAction\",\"target\":[\"https:\/\/www.acomeambiente.org\/fr\/maca-qui-sommes-nous\/l-histoire\/\"]}]},{\"@type\":\"ImageObject\",\"inLanguage\":\"fr-FR\",\"@id\":\"https:\/\/www.acomeambiente.org\/fr\/maca-qui-sommes-nous\/l-histoire\/#primaryimage\",\"url\":\"http:\/\/www.acomeambiente.org\/wp-content\/uploads\/sites\/2\/2015\/02\/f447a7c3a8444817ac4cf1b0ce80aa7d-1.jpg\",\"contentUrl\":\"http:\/\/www.acomeambiente.org\/wp-content\/uploads\/sites\/2\/2015\/02\/f447a7c3a8444817ac4cf1b0ce80aa7d-1.jpg\"},{\"@type\":\"BreadcrumbList\",\"@id\":\"https:\/\/www.acomeambiente.org\/fr\/maca-qui-sommes-nous\/l-histoire\/#breadcrumb\",\"itemListElement\":[{\"@type\":\"ListItem\",\"position\":1,\"name\":\"Home\",\"item\":\"https:\/\/www.acomeambiente.org\/fr\/\"},{\"@type\":\"ListItem\",\"position\":2,\"name\":\"MAcA &#8211; QUI SOMMES-NOUS ?\",\"item\":\"https:\/\/www.acomeambiente.org\/fr\/maca-qui-sommes-nous\/\"},{\"@type\":\"ListItem\",\"position\":3,\"name\":\"L&rsquo;Histoire\"}]},{\"@type\":\"WebSite\",\"@id\":\"https:\/\/www.acomeambiente.org\/fr\/#website\",\"url\":\"https:\/\/www.acomeambiente.org\/fr\/\",\"name\":\"Fr - MAcA - Museo A come Ambiente\",\"description\":\"Passa al MAcA, costruiamo insieme un mondo pi\u00f9 sostenibile\",\"potentialAction\":[{\"@type\":\"SearchAction\",\"target\":{\"@type\":\"EntryPoint\",\"urlTemplate\":\"https:\/\/www.acomeambiente.org\/fr\/?s={search_term_string}\"},\"query-input\":{\"@type\":\"PropertyValueSpecification\",\"valueRequired\":true,\"valueName\":\"search_term_string\"}}],\"inLanguage\":\"fr-FR\"}]}<\/script>\n<!-- \/ Yoast SEO plugin. -->","yoast_head_json":{"title":"L'Histoire - Fr - MAcA - Museo A come Ambiente","robots":{"index":"index","follow":"follow","max-snippet":"max-snippet:-1","max-image-preview":"max-image-preview:large","max-video-preview":"max-video-preview:-1"},"canonical":"https:\/\/www.acomeambiente.org\/fr\/maca-qui-sommes-nous\/l-histoire\/","og_locale":"fr_FR","og_type":"article","og_title":"L'Histoire - Fr - MAcA - Museo A come Ambiente","og_description":"L&rsquo;Histoire Le Mus\u00e9e est situ\u00e9 Corso Umbria 90, \u00e0 Turin, Pi\u00e9mont, Italie. A sa\u00a0naissance, il a port\u00e9 le\u00a0nom d&rsquo;Edificio 37. Le b\u00e2timent principal du Mus\u00e9e a \u00e9t\u00e9 construit par l&rsquo;entreprise [...]","og_url":"https:\/\/www.acomeambiente.org\/fr\/maca-qui-sommes-nous\/l-histoire\/","og_site_name":"Fr - MAcA - Museo A come Ambiente","article_modified_time":"2018-01-17T09:08:31+00:00","og_image":[{"url":"http:\/\/www.acomeambiente.org\/wp-content\/uploads\/sites\/2\/2015\/02\/f447a7c3a8444817ac4cf1b0ce80aa7d-1.jpg","type":"","width":"","height":""}],"twitter_card":"summary_large_image","twitter_misc":{"Dur\u00e9e de lecture estim\u00e9e":"3 minutes"},"schema":{"@context":"https:\/\/schema.org","@graph":[{"@type":"WebPage","@id":"https:\/\/www.acomeambiente.org\/fr\/maca-qui-sommes-nous\/l-histoire\/","url":"https:\/\/www.acomeambiente.org\/fr\/maca-qui-sommes-nous\/l-histoire\/","name":"L'Histoire - Fr - MAcA - Museo A come Ambiente","isPartOf":{"@id":"https:\/\/www.acomeambiente.org\/fr\/#website"},"primaryImageOfPage":{"@id":"https:\/\/www.acomeambiente.org\/fr\/maca-qui-sommes-nous\/l-histoire\/#primaryimage"},"image":{"@id":"https:\/\/www.acomeambiente.org\/fr\/maca-qui-sommes-nous\/l-histoire\/#primaryimage"},"thumbnailUrl":"http:\/\/www.acomeambiente.org\/wp-content\/uploads\/sites\/2\/2015\/02\/f447a7c3a8444817ac4cf1b0ce80aa7d-1.jpg","datePublished":"2015-02-13T09:20:34+00:00","dateModified":"2018-01-17T09:08:31+00:00","breadcrumb":{"@id":"https:\/\/www.acomeambiente.org\/fr\/maca-qui-sommes-nous\/l-histoire\/#breadcrumb"},"inLanguage":"fr-FR","potentialAction":[{"@type":"ReadAction","target":["https:\/\/www.acomeambiente.org\/fr\/maca-qui-sommes-nous\/l-histoire\/"]}]},{"@type":"ImageObject","inLanguage":"fr-FR","@id":"https:\/\/www.acomeambiente.org\/fr\/maca-qui-sommes-nous\/l-histoire\/#primaryimage","url":"http:\/\/www.acomeambiente.org\/wp-content\/uploads\/sites\/2\/2015\/02\/f447a7c3a8444817ac4cf1b0ce80aa7d-1.jpg","contentUrl":"http:\/\/www.acomeambiente.org\/wp-content\/uploads\/sites\/2\/2015\/02\/f447a7c3a8444817ac4cf1b0ce80aa7d-1.jpg"},{"@type":"BreadcrumbList","@id":"https:\/\/www.acomeambiente.org\/fr\/maca-qui-sommes-nous\/l-histoire\/#breadcrumb","itemListElement":[{"@type":"ListItem","position":1,"name":"Home","item":"https:\/\/www.acomeambiente.org\/fr\/"},{"@type":"ListItem","position":2,"name":"MAcA &#8211; QUI SOMMES-NOUS ?","item":"https:\/\/www.acomeambiente.org\/fr\/maca-qui-sommes-nous\/"},{"@type":"ListItem","position":3,"name":"L&rsquo;Histoire"}]},{"@type":"WebSite","@id":"https:\/\/www.acomeambiente.org\/fr\/#website","url":"https:\/\/www.acomeambiente.org\/fr\/","name":"Fr - MAcA - Museo A come Ambiente","description":"Passa al MAcA, costruiamo insieme un mondo pi\u00f9 sostenibile","potentialAction":[{"@type":"SearchAction","target":{"@type":"EntryPoint","urlTemplate":"https:\/\/www.acomeambiente.org\/fr\/?s={search_term_string}"},"query-input":{"@type":"PropertyValueSpecification","valueRequired":true,"valueName":"search_term_string"}}],"inLanguage":"fr-FR"}]}},"_links":{"self":[{"href":"https:\/\/www.acomeambiente.org\/fr\/wp-json\/wp\/v2\/pages\/79","targetHints":{"allow":["GET"]}}],"collection":[{"href":"https:\/\/www.acomeambiente.org\/fr\/wp-json\/wp\/v2\/pages"}],"about":[{"href":"https:\/\/www.acomeambiente.org\/fr\/wp-json\/wp\/v2\/types\/page"}],"author":[{"embeddable":true,"href":"https:\/\/www.acomeambiente.org\/fr\/wp-json\/wp\/v2\/users\/1025"}],"replies":[{"embeddable":true,"href":"https:\/\/www.acomeambiente.org\/fr\/wp-json\/wp\/v2\/comments?post=79"}],"version-history":[{"count":26,"href":"https:\/\/www.acomeambiente.org\/fr\/wp-json\/wp\/v2\/pages\/79\/revisions"}],"predecessor-version":[{"id":5266,"href":"https:\/\/www.acomeambiente.org\/fr\/wp-json\/wp\/v2\/pages\/79\/revisions\/5266"}],"up":[{"embeddable":true,"href":"https:\/\/www.acomeambiente.org\/fr\/wp-json\/wp\/v2\/pages\/4795"}],"wp:attachment":[{"href":"https:\/\/www.acomeambiente.org\/fr\/wp-json\/wp\/v2\/media?parent=79"}],"curies":[{"name":"wp","href":"https:\/\/api.w.org\/{rel}","templated":true}]}}