{"id":73,"date":"2015-02-13T09:19:34","date_gmt":"2015-02-13T09:19:34","guid":{"rendered":"http:\/\/test.acomeambiente.org\/?page_id=73"},"modified":"2017-06-25T17:59:00","modified_gmt":"2017-06-25T17:59:00","slug":"animateurs","status":"publish","type":"page","link":"https:\/\/www.acomeambiente.org\/fr\/participer\/animateurs\/","title":{"rendered":"Animateurs"},"content":{"rendered":"<p><img decoding=\"async\" class=\"alignnone size-full wp-image-239\" src=\"\/wp-content\/uploads\/sites\/2\/2015\/03\/AcomeA_131.jpg\" alt=\"A come Ambiente\" width=\"900\" height=\"330\" srcset=\"https:\/\/www.acomeambiente.org\/fr\/wp-content\/uploads\/sites\/2\/2015\/03\/AcomeA_131-300x110.jpg 300w, https:\/\/www.acomeambiente.org\/fr\/wp-content\/uploads\/sites\/2\/2015\/03\/AcomeA_131-600x220.jpg 600w, https:\/\/www.acomeambiente.org\/fr\/wp-content\/uploads\/sites\/2\/2015\/03\/AcomeA_131.jpg 900w\" sizes=\"(max-width: 900px) 100vw, 900px\" \/><\/p>\n<h1 class=\"entry-title\">Animateurs<\/h1>\n<p>Le MAcA travaille \u00e0 la formation constante des <em>Pilotes &#8211;\u00a0<\/em>ou animateurs scientifiques sp\u00e9cialis\u00e9s. \u201cFacilitateurs\u201c habiles, enthousiastes\u00a0et disponibles. Sans eux, m\u00eame une belle exposition\u00a0pourrait devenir ennuyeuse.<\/p>\n<p>Pour cette raison, la s\u00e9lection et la formation des animateurs scientifiques est une activit\u00e9 de toute premi\u00e8re importance au MAcA.<\/p>\n","protected":false},"excerpt":{"rendered":"<p>Animateurs Le MAcA travaille \u00e0 la formation constante des Pilotes &#8211;\u00a0ou animateurs scientifiques sp\u00e9cialis\u00e9s. \u201cFacilitateurs\u201c habiles, enthousiastes\u00a0et disponibles. Sans eux, m\u00eame une belle exposition\u00a0pourrait devenir ennuyeuse. Pour cette raison, la  [&#8230;]<\/p>\n","protected":false},"author":1025,"featured_media":0,"parent":5092,"menu_order":1,"comment_status":"closed","ping_status":"closed","template":"","meta":{"footnotes":""},"class_list":["post-73","page","type-page","status-publish","hentry"],"yoast_head":"<!-- This site is optimized with the Yoast SEO plugin v26.9 - https:\/\/yoast.com\/product\/yoast-seo-wordpress\/ -->\n<title>Animateurs - Fr - MAcA - Museo A come Ambiente<\/title>\n<meta name=\"robots\" content=\"index, follow, max-snippet:-1, max-image-preview:large, max-video-preview:-1\" \/>\n<link rel=\"canonical\" href=\"https:\/\/www.acomeambiente.org\/fr\/participer\/animateurs\/\" \/>\n<meta property=\"og:locale\" content=\"fr_FR\" \/>\n<meta property=\"og:type\" content=\"article\" \/>\n<meta property=\"og:title\" content=\"Animateurs - Fr - MAcA - Museo A come Ambiente\" \/>\n<meta property=\"og:description\" content=\"Animateurs Le MAcA travaille \u00e0 la formation constante des Pilotes &#8211;\u00a0ou animateurs scientifiques sp\u00e9cialis\u00e9s. \u201cFacilitateurs\u201c habiles, enthousiastes\u00a0et disponibles. Sans eux, m\u00eame une belle exposition\u00a0pourrait devenir ennuyeuse. Pour cette raison, la [...]\" \/>\n<meta property=\"og:url\" content=\"https:\/\/www.acomeambiente.org\/fr\/participer\/animateurs\/\" \/>\n<meta property=\"og:site_name\" content=\"Fr - MAcA - Museo A come Ambiente\" \/>\n<meta property=\"article:modified_time\" content=\"2017-06-25T17:59:00+00:00\" \/>\n<meta property=\"og:image\" content=\"https:\/\/www.acomeambiente.org\/wp-content\/uploads\/sites\/2\/2015\/03\/AcomeA_131.jpg\" \/>\n<meta name=\"twitter:card\" content=\"summary_large_image\" \/>\n<script type=\"application\/ld+json\" class=\"yoast-schema-graph\">{\"@context\":\"https:\/\/schema.org\",\"@graph\":[{\"@type\":\"WebPage\",\"@id\":\"https:\/\/www.acomeambiente.org\/fr\/participer\/animateurs\/\",\"url\":\"https:\/\/www.acomeambiente.org\/fr\/participer\/animateurs\/\",\"name\":\"Animateurs - Fr - MAcA - Museo A come Ambiente\",\"isPartOf\":{\"@id\":\"https:\/\/www.acomeambiente.org\/fr\/#website\"},\"datePublished\":\"2015-02-13T09:19:34+00:00\",\"dateModified\":\"2017-06-25T17:59:00+00:00\",\"breadcrumb\":{\"@id\":\"https:\/\/www.acomeambiente.org\/fr\/participer\/animateurs\/#breadcrumb\"},\"inLanguage\":\"fr-FR\",\"potentialAction\":[{\"@type\":\"ReadAction\",\"target\":[\"https:\/\/www.acomeambiente.org\/fr\/participer\/animateurs\/\"]}]},{\"@type\":\"BreadcrumbList\",\"@id\":\"https:\/\/www.acomeambiente.org\/fr\/participer\/animateurs\/#breadcrumb\",\"itemListElement\":[{\"@type\":\"ListItem\",\"position\":1,\"name\":\"Home\",\"item\":\"https:\/\/www.acomeambiente.org\/fr\/\"},{\"@type\":\"ListItem\",\"position\":2,\"name\":\"Participer\",\"item\":\"https:\/\/www.acomeambiente.org\/fr\/participer\/\"},{\"@type\":\"ListItem\",\"position\":3,\"name\":\"Animateurs\"}]},{\"@type\":\"WebSite\",\"@id\":\"https:\/\/www.acomeambiente.org\/fr\/#website\",\"url\":\"https:\/\/www.acomeambiente.org\/fr\/\",\"name\":\"Fr - MAcA - Museo A come Ambiente\",\"description\":\"Passa al MAcA, costruiamo insieme un mondo pi\u00f9 sostenibile\",\"potentialAction\":[{\"@type\":\"SearchAction\",\"target\":{\"@type\":\"EntryPoint\",\"urlTemplate\":\"https:\/\/www.acomeambiente.org\/fr\/?s={search_term_string}\"},\"query-input\":{\"@type\":\"PropertyValueSpecification\",\"valueRequired\":true,\"valueName\":\"search_term_string\"}}],\"inLanguage\":\"fr-FR\"}]}<\/script>\n<!-- \/ Yoast SEO plugin. -->","yoast_head_json":{"title":"Animateurs - Fr - MAcA - Museo A come Ambiente","robots":{"index":"index","follow":"follow","max-snippet":"max-snippet:-1","max-image-preview":"max-image-preview:large","max-video-preview":"max-video-preview:-1"},"canonical":"https:\/\/www.acomeambiente.org\/fr\/participer\/animateurs\/","og_locale":"fr_FR","og_type":"article","og_title":"Animateurs - Fr - MAcA - Museo A come Ambiente","og_description":"Animateurs Le MAcA travaille \u00e0 la formation constante des Pilotes &#8211;\u00a0ou animateurs scientifiques sp\u00e9cialis\u00e9s. \u201cFacilitateurs\u201c habiles, enthousiastes\u00a0et disponibles. Sans eux, m\u00eame une belle exposition\u00a0pourrait devenir ennuyeuse. Pour cette raison, la [...]","og_url":"https:\/\/www.acomeambiente.org\/fr\/participer\/animateurs\/","og_site_name":"Fr - MAcA - Museo A come Ambiente","article_modified_time":"2017-06-25T17:59:00+00:00","og_image":[{"url":"https:\/\/www.acomeambiente.org\/wp-content\/uploads\/sites\/2\/2015\/03\/AcomeA_131.jpg","type":"","width":"","height":""}],"twitter_card":"summary_large_image","schema":{"@context":"https:\/\/schema.org","@graph":[{"@type":"WebPage","@id":"https:\/\/www.acomeambiente.org\/fr\/participer\/animateurs\/","url":"https:\/\/www.acomeambiente.org\/fr\/participer\/animateurs\/","name":"Animateurs - Fr - MAcA - Museo A come Ambiente","isPartOf":{"@id":"https:\/\/www.acomeambiente.org\/fr\/#website"},"datePublished":"2015-02-13T09:19:34+00:00","dateModified":"2017-06-25T17:59:00+00:00","breadcrumb":{"@id":"https:\/\/www.acomeambiente.org\/fr\/participer\/animateurs\/#breadcrumb"},"inLanguage":"fr-FR","potentialAction":[{"@type":"ReadAction","target":["https:\/\/www.acomeambiente.org\/fr\/participer\/animateurs\/"]}]},{"@type":"BreadcrumbList","@id":"https:\/\/www.acomeambiente.org\/fr\/participer\/animateurs\/#breadcrumb","itemListElement":[{"@type":"ListItem","position":1,"name":"Home","item":"https:\/\/www.acomeambiente.org\/fr\/"},{"@type":"ListItem","position":2,"name":"Participer","item":"https:\/\/www.acomeambiente.org\/fr\/participer\/"},{"@type":"ListItem","position":3,"name":"Animateurs"}]},{"@type":"WebSite","@id":"https:\/\/www.acomeambiente.org\/fr\/#website","url":"https:\/\/www.acomeambiente.org\/fr\/","name":"Fr - MAcA - Museo A come Ambiente","description":"Passa al MAcA, costruiamo insieme un mondo pi\u00f9 sostenibile","potentialAction":[{"@type":"SearchAction","target":{"@type":"EntryPoint","urlTemplate":"https:\/\/www.acomeambiente.org\/fr\/?s={search_term_string}"},"query-input":{"@type":"PropertyValueSpecification","valueRequired":true,"valueName":"search_term_string"}}],"inLanguage":"fr-FR"}]}},"_links":{"self":[{"href":"https:\/\/www.acomeambiente.org\/fr\/wp-json\/wp\/v2\/pages\/73","targetHints":{"allow":["GET"]}}],"collection":[{"href":"https:\/\/www.acomeambiente.org\/fr\/wp-json\/wp\/v2\/pages"}],"about":[{"href":"https:\/\/www.acomeambiente.org\/fr\/wp-json\/wp\/v2\/types\/page"}],"author":[{"embeddable":true,"href":"https:\/\/www.acomeambiente.org\/fr\/wp-json\/wp\/v2\/users\/1025"}],"replies":[{"embeddable":true,"href":"https:\/\/www.acomeambiente.org\/fr\/wp-json\/wp\/v2\/comments?post=73"}],"version-history":[{"count":11,"href":"https:\/\/www.acomeambiente.org\/fr\/wp-json\/wp\/v2\/pages\/73\/revisions"}],"predecessor-version":[{"id":5253,"href":"https:\/\/www.acomeambiente.org\/fr\/wp-json\/wp\/v2\/pages\/73\/revisions\/5253"}],"up":[{"embeddable":true,"href":"https:\/\/www.acomeambiente.org\/fr\/wp-json\/wp\/v2\/pages\/5092"}],"wp:attachment":[{"href":"https:\/\/www.acomeambiente.org\/fr\/wp-json\/wp\/v2\/media?parent=73"}],"curies":[{"name":"wp","href":"https:\/\/api.w.org\/{rel}","templated":true}]}}