{"id":5522,"date":"2021-01-20T10:51:10","date_gmt":"2021-01-20T10:51:10","guid":{"rendered":"https:\/\/www.acomeambiente.org\/fr\/?page_id=5522"},"modified":"2021-01-27T09:07:50","modified_gmt":"2021-01-27T09:07:50","slug":"le-jardin","status":"publish","type":"page","link":"https:\/\/www.acomeambiente.org\/fr\/le-jardin\/","title":{"rendered":"Le Jardin"},"content":{"rendered":"<p><img decoding=\"async\" class=\"alignnone wp-image-4241 size-full\" src=\"https:\/\/www.acomeambiente.org\/fr\/wp-content\/uploads\/sites\/2\/2015\/03\/24443777644_6ef9e6d2d7_b.jpg\" alt=\"\" width=\"1024\" height=\"680\" srcset=\"https:\/\/www.acomeambiente.org\/fr\/wp-content\/uploads\/sites\/2\/2015\/03\/24443777644_6ef9e6d2d7_b-200x133.jpg 200w, https:\/\/www.acomeambiente.org\/fr\/wp-content\/uploads\/sites\/2\/2015\/03\/24443777644_6ef9e6d2d7_b-300x199.jpg 300w, https:\/\/www.acomeambiente.org\/fr\/wp-content\/uploads\/sites\/2\/2015\/03\/24443777644_6ef9e6d2d7_b-400x266.jpg 400w, https:\/\/www.acomeambiente.org\/fr\/wp-content\/uploads\/sites\/2\/2015\/03\/24443777644_6ef9e6d2d7_b-600x398.jpg 600w, https:\/\/www.acomeambiente.org\/fr\/wp-content\/uploads\/sites\/2\/2015\/03\/24443777644_6ef9e6d2d7_b-768x510.jpg 768w, https:\/\/www.acomeambiente.org\/fr\/wp-content\/uploads\/sites\/2\/2015\/03\/24443777644_6ef9e6d2d7_b-800x531.jpg 800w, https:\/\/www.acomeambiente.org\/fr\/wp-content\/uploads\/sites\/2\/2015\/03\/24443777644_6ef9e6d2d7_b.jpg 1024w\" sizes=\"(max-width: 1024px) 100vw, 1024px\" \/><\/p>\n<h1><strong>Le Jardin<\/strong><\/h1>\n<p>Un espace vert \u00e0 l\u2019int\u00e9rieur du Mus\u00e9e. Dans le jardin nous pourrons d\u00e9couvrir en toute s\u00e9curit\u00e9 les secrets des bulles de savon et des fus\u00e9es \u00e0 eau, mais aussi savourer et observer la collection des potagers urbains. Et si la saison le permet, nous pourrons faire une sieste sous les arbres.<\/p>\n","protected":false},"excerpt":{"rendered":"<p>Le Jardin Un espace vert \u00e0 l\u2019int\u00e9rieur du Mus\u00e9e. Dans le jardin nous pourrons d\u00e9couvrir en toute s\u00e9curit\u00e9 les secrets des bulles de savon et des fus\u00e9es \u00e0 eau, mais  [&#8230;]<\/p>\n","protected":false},"author":1032,"featured_media":0,"parent":0,"menu_order":0,"comment_status":"closed","ping_status":"closed","template":"","meta":{"footnotes":""},"class_list":["post-5522","page","type-page","status-publish","hentry"],"yoast_head":"<!-- This site is optimized with the Yoast SEO plugin v26.9 - https:\/\/yoast.com\/product\/yoast-seo-wordpress\/ -->\n<title>Le Jardin - Fr - MAcA - Museo A come Ambiente<\/title>\n<meta name=\"robots\" content=\"index, follow, max-snippet:-1, max-image-preview:large, max-video-preview:-1\" \/>\n<link rel=\"canonical\" href=\"https:\/\/www.acomeambiente.org\/fr\/le-jardin\/\" \/>\n<meta property=\"og:locale\" content=\"fr_FR\" \/>\n<meta property=\"og:type\" content=\"article\" \/>\n<meta property=\"og:title\" content=\"Le Jardin - Fr - MAcA - Museo A come Ambiente\" \/>\n<meta property=\"og:description\" content=\"Le Jardin Un espace vert \u00e0 l\u2019int\u00e9rieur du Mus\u00e9e. Dans le jardin nous pourrons d\u00e9couvrir en toute s\u00e9curit\u00e9 les secrets des bulles de savon et des fus\u00e9es \u00e0 eau, mais [...]\" \/>\n<meta property=\"og:url\" content=\"https:\/\/www.acomeambiente.org\/fr\/le-jardin\/\" \/>\n<meta property=\"og:site_name\" content=\"Fr - MAcA - Museo A come Ambiente\" \/>\n<meta property=\"article:modified_time\" content=\"2021-01-27T09:07:50+00:00\" \/>\n<meta property=\"og:image\" content=\"https:\/\/www.acomeambiente.org\/fr\/wp-content\/uploads\/sites\/2\/2015\/03\/24443777644_6ef9e6d2d7_b.jpg\" \/>\n<meta name=\"twitter:card\" content=\"summary_large_image\" \/>\n<script type=\"application\/ld+json\" class=\"yoast-schema-graph\">{\"@context\":\"https:\/\/schema.org\",\"@graph\":[{\"@type\":\"WebPage\",\"@id\":\"https:\/\/www.acomeambiente.org\/fr\/le-jardin\/\",\"url\":\"https:\/\/www.acomeambiente.org\/fr\/le-jardin\/\",\"name\":\"Le Jardin - Fr - MAcA - Museo A come Ambiente\",\"isPartOf\":{\"@id\":\"https:\/\/www.acomeambiente.org\/fr\/#website\"},\"primaryImageOfPage\":{\"@id\":\"https:\/\/www.acomeambiente.org\/fr\/le-jardin\/#primaryimage\"},\"image\":{\"@id\":\"https:\/\/www.acomeambiente.org\/fr\/le-jardin\/#primaryimage\"},\"thumbnailUrl\":\"https:\/\/www.acomeambiente.org\/fr\/wp-content\/uploads\/sites\/2\/2015\/03\/24443777644_6ef9e6d2d7_b.jpg\",\"datePublished\":\"2021-01-20T10:51:10+00:00\",\"dateModified\":\"2021-01-27T09:07:50+00:00\",\"breadcrumb\":{\"@id\":\"https:\/\/www.acomeambiente.org\/fr\/le-jardin\/#breadcrumb\"},\"inLanguage\":\"fr-FR\",\"potentialAction\":[{\"@type\":\"ReadAction\",\"target\":[\"https:\/\/www.acomeambiente.org\/fr\/le-jardin\/\"]}]},{\"@type\":\"ImageObject\",\"inLanguage\":\"fr-FR\",\"@id\":\"https:\/\/www.acomeambiente.org\/fr\/le-jardin\/#primaryimage\",\"url\":\"https:\/\/www.acomeambiente.org\/fr\/wp-content\/uploads\/sites\/2\/2015\/03\/24443777644_6ef9e6d2d7_b.jpg\",\"contentUrl\":\"https:\/\/www.acomeambiente.org\/fr\/wp-content\/uploads\/sites\/2\/2015\/03\/24443777644_6ef9e6d2d7_b.jpg\",\"width\":1024,\"height\":680},{\"@type\":\"BreadcrumbList\",\"@id\":\"https:\/\/www.acomeambiente.org\/fr\/le-jardin\/#breadcrumb\",\"itemListElement\":[{\"@type\":\"ListItem\",\"position\":1,\"name\":\"Home\",\"item\":\"https:\/\/www.acomeambiente.org\/fr\/\"},{\"@type\":\"ListItem\",\"position\":2,\"name\":\"Le Jardin\"}]},{\"@type\":\"WebSite\",\"@id\":\"https:\/\/www.acomeambiente.org\/fr\/#website\",\"url\":\"https:\/\/www.acomeambiente.org\/fr\/\",\"name\":\"Fr - MAcA - Museo A come Ambiente\",\"description\":\"Passa al MAcA, costruiamo insieme un mondo pi\u00f9 sostenibile\",\"potentialAction\":[{\"@type\":\"SearchAction\",\"target\":{\"@type\":\"EntryPoint\",\"urlTemplate\":\"https:\/\/www.acomeambiente.org\/fr\/?s={search_term_string}\"},\"query-input\":{\"@type\":\"PropertyValueSpecification\",\"valueRequired\":true,\"valueName\":\"search_term_string\"}}],\"inLanguage\":\"fr-FR\"}]}<\/script>\n<!-- \/ Yoast SEO plugin. -->","yoast_head_json":{"title":"Le Jardin - Fr - MAcA - Museo A come Ambiente","robots":{"index":"index","follow":"follow","max-snippet":"max-snippet:-1","max-image-preview":"max-image-preview:large","max-video-preview":"max-video-preview:-1"},"canonical":"https:\/\/www.acomeambiente.org\/fr\/le-jardin\/","og_locale":"fr_FR","og_type":"article","og_title":"Le Jardin - Fr - MAcA - Museo A come Ambiente","og_description":"Le Jardin Un espace vert \u00e0 l\u2019int\u00e9rieur du Mus\u00e9e. Dans le jardin nous pourrons d\u00e9couvrir en toute s\u00e9curit\u00e9 les secrets des bulles de savon et des fus\u00e9es \u00e0 eau, mais [...]","og_url":"https:\/\/www.acomeambiente.org\/fr\/le-jardin\/","og_site_name":"Fr - MAcA - Museo A come Ambiente","article_modified_time":"2021-01-27T09:07:50+00:00","og_image":[{"url":"https:\/\/www.acomeambiente.org\/fr\/wp-content\/uploads\/sites\/2\/2015\/03\/24443777644_6ef9e6d2d7_b.jpg","type":"","width":"","height":""}],"twitter_card":"summary_large_image","schema":{"@context":"https:\/\/schema.org","@graph":[{"@type":"WebPage","@id":"https:\/\/www.acomeambiente.org\/fr\/le-jardin\/","url":"https:\/\/www.acomeambiente.org\/fr\/le-jardin\/","name":"Le Jardin - Fr - MAcA - Museo A come Ambiente","isPartOf":{"@id":"https:\/\/www.acomeambiente.org\/fr\/#website"},"primaryImageOfPage":{"@id":"https:\/\/www.acomeambiente.org\/fr\/le-jardin\/#primaryimage"},"image":{"@id":"https:\/\/www.acomeambiente.org\/fr\/le-jardin\/#primaryimage"},"thumbnailUrl":"https:\/\/www.acomeambiente.org\/fr\/wp-content\/uploads\/sites\/2\/2015\/03\/24443777644_6ef9e6d2d7_b.jpg","datePublished":"2021-01-20T10:51:10+00:00","dateModified":"2021-01-27T09:07:50+00:00","breadcrumb":{"@id":"https:\/\/www.acomeambiente.org\/fr\/le-jardin\/#breadcrumb"},"inLanguage":"fr-FR","potentialAction":[{"@type":"ReadAction","target":["https:\/\/www.acomeambiente.org\/fr\/le-jardin\/"]}]},{"@type":"ImageObject","inLanguage":"fr-FR","@id":"https:\/\/www.acomeambiente.org\/fr\/le-jardin\/#primaryimage","url":"https:\/\/www.acomeambiente.org\/fr\/wp-content\/uploads\/sites\/2\/2015\/03\/24443777644_6ef9e6d2d7_b.jpg","contentUrl":"https:\/\/www.acomeambiente.org\/fr\/wp-content\/uploads\/sites\/2\/2015\/03\/24443777644_6ef9e6d2d7_b.jpg","width":1024,"height":680},{"@type":"BreadcrumbList","@id":"https:\/\/www.acomeambiente.org\/fr\/le-jardin\/#breadcrumb","itemListElement":[{"@type":"ListItem","position":1,"name":"Home","item":"https:\/\/www.acomeambiente.org\/fr\/"},{"@type":"ListItem","position":2,"name":"Le Jardin"}]},{"@type":"WebSite","@id":"https:\/\/www.acomeambiente.org\/fr\/#website","url":"https:\/\/www.acomeambiente.org\/fr\/","name":"Fr - MAcA - Museo A come Ambiente","description":"Passa al MAcA, costruiamo insieme un mondo pi\u00f9 sostenibile","potentialAction":[{"@type":"SearchAction","target":{"@type":"EntryPoint","urlTemplate":"https:\/\/www.acomeambiente.org\/fr\/?s={search_term_string}"},"query-input":{"@type":"PropertyValueSpecification","valueRequired":true,"valueName":"search_term_string"}}],"inLanguage":"fr-FR"}]}},"_links":{"self":[{"href":"https:\/\/www.acomeambiente.org\/fr\/wp-json\/wp\/v2\/pages\/5522","targetHints":{"allow":["GET"]}}],"collection":[{"href":"https:\/\/www.acomeambiente.org\/fr\/wp-json\/wp\/v2\/pages"}],"about":[{"href":"https:\/\/www.acomeambiente.org\/fr\/wp-json\/wp\/v2\/types\/page"}],"author":[{"embeddable":true,"href":"https:\/\/www.acomeambiente.org\/fr\/wp-json\/wp\/v2\/users\/1032"}],"replies":[{"embeddable":true,"href":"https:\/\/www.acomeambiente.org\/fr\/wp-json\/wp\/v2\/comments?post=5522"}],"version-history":[{"count":4,"href":"https:\/\/www.acomeambiente.org\/fr\/wp-json\/wp\/v2\/pages\/5522\/revisions"}],"predecessor-version":[{"id":5627,"href":"https:\/\/www.acomeambiente.org\/fr\/wp-json\/wp\/v2\/pages\/5522\/revisions\/5627"}],"wp:attachment":[{"href":"https:\/\/www.acomeambiente.org\/fr\/wp-json\/wp\/v2\/media?parent=5522"}],"curies":[{"name":"wp","href":"https:\/\/api.w.org\/{rel}","templated":true}]}}