{"id":5086,"date":"2017-06-22T12:26:31","date_gmt":"2017-06-22T12:26:31","guid":{"rendered":"http:\/\/www.acomeambiente.org\/fr\/?page_id=5086"},"modified":"2017-08-30T16:16:47","modified_gmt":"2017-08-30T16:16:47","slug":"collaboration","status":"publish","type":"page","link":"https:\/\/www.acomeambiente.org\/fr\/participer\/collaboration\/","title":{"rendered":"Collaboration(s)"},"content":{"rendered":"<p><img decoding=\"async\" class=\"alignnone wp-image-284 size-full\" src=\"\/wp-content\/uploads\/2015\/03\/AcomeA_081.jpg\" alt=\"Museo A come Ambiente\" width=\"900\" height=\"330\" srcset=\"https:\/\/www.acomeambiente.org\/fr\/wp-content\/uploads\/sites\/2\/2015\/03\/AcomeA_081-300x110.jpg 300w, https:\/\/www.acomeambiente.org\/fr\/wp-content\/uploads\/sites\/2\/2015\/03\/AcomeA_081-600x220.jpg 600w, https:\/\/www.acomeambiente.org\/fr\/wp-content\/uploads\/sites\/2\/2015\/03\/AcomeA_081.jpg 900w\" sizes=\"(max-width: 900px) 100vw, 900px\" \/><\/p>\n<h1 class=\"entry-title\">Partons du local et construisons des connexions globales<\/h1>\n<p>Notre monde s\u2019entend bien par del\u00e0 notre maison-m\u00e8re de Turin. Gr\u00e2ce au bouche \u00e0 oreille, nous sommes entendus dans la R\u00e9gion et la Province. Gr\u00e2ce aux instruments digitaux et aux\u00a0r\u00e9seaux sociaux, nous arrivons dans les \u00e9coles et les maisons de toute l\u2019Italie. Gr\u00e2ce aux r\u00e9seaux de Mus\u00e9es ECSITE, dont le MAcA fait partie, nous dialoguons avec nos partenaires europ\u00e9ens.<\/p>\n<p>Le MAcA travaille pour regarder plus loin, d\u00e9passer les confins nationaux, et s\u2019appuyer sur des collaborations internationales, \u00a0afin de d\u00e9velopper des initiatives de succ\u00e8s, et surtout, importer et exporter les \u00abmeilleures pratiques\u00bb.<\/p>\n<p>A travers ces connexions, nous entendons amplifier notre influence et contribuer \u00e0 construire une communaut\u00e9 puissante et globale d\u2019\u00e9ducateurs \u00e0 l\u2019environnement et de citoyens sensibles au monde de l\u2019environnement.<\/p>\n","protected":false},"excerpt":{"rendered":"<p>Partons du local et construisons des connexions globales Notre monde s\u2019entend bien par del\u00e0 notre maison-m\u00e8re de Turin. Gr\u00e2ce au bouche \u00e0 oreille, nous sommes entendus dans la R\u00e9gion et  [&#8230;]<\/p>\n","protected":false},"author":1025,"featured_media":0,"parent":5092,"menu_order":0,"comment_status":"closed","ping_status":"closed","template":"","meta":{"footnotes":""},"class_list":["post-5086","page","type-page","status-publish","hentry"],"yoast_head":"<!-- This site is optimized with the Yoast SEO plugin v26.9 - https:\/\/yoast.com\/product\/yoast-seo-wordpress\/ -->\n<title>Collaboration(s) - Fr - MAcA - Museo A come Ambiente<\/title>\n<meta name=\"robots\" content=\"index, follow, max-snippet:-1, max-image-preview:large, max-video-preview:-1\" \/>\n<link rel=\"canonical\" href=\"https:\/\/www.acomeambiente.org\/fr\/participer\/collaboration\/\" \/>\n<meta property=\"og:locale\" content=\"fr_FR\" \/>\n<meta property=\"og:type\" content=\"article\" \/>\n<meta property=\"og:title\" content=\"Collaboration(s) - Fr - MAcA - Museo A come Ambiente\" \/>\n<meta property=\"og:description\" content=\"Partons du local et construisons des connexions globales Notre monde s\u2019entend bien par del\u00e0 notre maison-m\u00e8re de Turin. Gr\u00e2ce au bouche \u00e0 oreille, nous sommes entendus dans la R\u00e9gion et [...]\" \/>\n<meta property=\"og:url\" content=\"https:\/\/www.acomeambiente.org\/fr\/participer\/collaboration\/\" \/>\n<meta property=\"og:site_name\" content=\"Fr - MAcA - Museo A come Ambiente\" \/>\n<meta property=\"article:modified_time\" content=\"2017-08-30T16:16:47+00:00\" \/>\n<meta property=\"og:image\" content=\"https:\/\/www.acomeambiente.org\/wp-content\/uploads\/2015\/03\/AcomeA_081.jpg\" \/>\n<meta name=\"twitter:card\" content=\"summary_large_image\" \/>\n<meta name=\"twitter:label1\" content=\"Dur\u00e9e de lecture estim\u00e9e\" \/>\n\t<meta name=\"twitter:data1\" content=\"1 minute\" \/>\n<script type=\"application\/ld+json\" class=\"yoast-schema-graph\">{\"@context\":\"https:\/\/schema.org\",\"@graph\":[{\"@type\":\"WebPage\",\"@id\":\"https:\/\/www.acomeambiente.org\/fr\/participer\/collaboration\/\",\"url\":\"https:\/\/www.acomeambiente.org\/fr\/participer\/collaboration\/\",\"name\":\"Collaboration(s) - Fr - MAcA - Museo A come Ambiente\",\"isPartOf\":{\"@id\":\"https:\/\/www.acomeambiente.org\/fr\/#website\"},\"datePublished\":\"2017-06-22T12:26:31+00:00\",\"dateModified\":\"2017-08-30T16:16:47+00:00\",\"breadcrumb\":{\"@id\":\"https:\/\/www.acomeambiente.org\/fr\/participer\/collaboration\/#breadcrumb\"},\"inLanguage\":\"fr-FR\",\"potentialAction\":[{\"@type\":\"ReadAction\",\"target\":[\"https:\/\/www.acomeambiente.org\/fr\/participer\/collaboration\/\"]}]},{\"@type\":\"BreadcrumbList\",\"@id\":\"https:\/\/www.acomeambiente.org\/fr\/participer\/collaboration\/#breadcrumb\",\"itemListElement\":[{\"@type\":\"ListItem\",\"position\":1,\"name\":\"Home\",\"item\":\"https:\/\/www.acomeambiente.org\/fr\/\"},{\"@type\":\"ListItem\",\"position\":2,\"name\":\"Participer\",\"item\":\"https:\/\/www.acomeambiente.org\/fr\/participer\/\"},{\"@type\":\"ListItem\",\"position\":3,\"name\":\"Collaboration(s)\"}]},{\"@type\":\"WebSite\",\"@id\":\"https:\/\/www.acomeambiente.org\/fr\/#website\",\"url\":\"https:\/\/www.acomeambiente.org\/fr\/\",\"name\":\"Fr - MAcA - Museo A come Ambiente\",\"description\":\"Passa al MAcA, costruiamo insieme un mondo pi\u00f9 sostenibile\",\"potentialAction\":[{\"@type\":\"SearchAction\",\"target\":{\"@type\":\"EntryPoint\",\"urlTemplate\":\"https:\/\/www.acomeambiente.org\/fr\/?s={search_term_string}\"},\"query-input\":{\"@type\":\"PropertyValueSpecification\",\"valueRequired\":true,\"valueName\":\"search_term_string\"}}],\"inLanguage\":\"fr-FR\"}]}<\/script>\n<!-- \/ Yoast SEO plugin. -->","yoast_head_json":{"title":"Collaboration(s) - Fr - MAcA - Museo A come Ambiente","robots":{"index":"index","follow":"follow","max-snippet":"max-snippet:-1","max-image-preview":"max-image-preview:large","max-video-preview":"max-video-preview:-1"},"canonical":"https:\/\/www.acomeambiente.org\/fr\/participer\/collaboration\/","og_locale":"fr_FR","og_type":"article","og_title":"Collaboration(s) - Fr - MAcA - Museo A come Ambiente","og_description":"Partons du local et construisons des connexions globales Notre monde s\u2019entend bien par del\u00e0 notre maison-m\u00e8re de Turin. Gr\u00e2ce au bouche \u00e0 oreille, nous sommes entendus dans la R\u00e9gion et [...]","og_url":"https:\/\/www.acomeambiente.org\/fr\/participer\/collaboration\/","og_site_name":"Fr - MAcA - Museo A come Ambiente","article_modified_time":"2017-08-30T16:16:47+00:00","og_image":[{"url":"https:\/\/www.acomeambiente.org\/wp-content\/uploads\/2015\/03\/AcomeA_081.jpg","type":"","width":"","height":""}],"twitter_card":"summary_large_image","twitter_misc":{"Dur\u00e9e de lecture estim\u00e9e":"1 minute"},"schema":{"@context":"https:\/\/schema.org","@graph":[{"@type":"WebPage","@id":"https:\/\/www.acomeambiente.org\/fr\/participer\/collaboration\/","url":"https:\/\/www.acomeambiente.org\/fr\/participer\/collaboration\/","name":"Collaboration(s) - Fr - MAcA - Museo A come Ambiente","isPartOf":{"@id":"https:\/\/www.acomeambiente.org\/fr\/#website"},"datePublished":"2017-06-22T12:26:31+00:00","dateModified":"2017-08-30T16:16:47+00:00","breadcrumb":{"@id":"https:\/\/www.acomeambiente.org\/fr\/participer\/collaboration\/#breadcrumb"},"inLanguage":"fr-FR","potentialAction":[{"@type":"ReadAction","target":["https:\/\/www.acomeambiente.org\/fr\/participer\/collaboration\/"]}]},{"@type":"BreadcrumbList","@id":"https:\/\/www.acomeambiente.org\/fr\/participer\/collaboration\/#breadcrumb","itemListElement":[{"@type":"ListItem","position":1,"name":"Home","item":"https:\/\/www.acomeambiente.org\/fr\/"},{"@type":"ListItem","position":2,"name":"Participer","item":"https:\/\/www.acomeambiente.org\/fr\/participer\/"},{"@type":"ListItem","position":3,"name":"Collaboration(s)"}]},{"@type":"WebSite","@id":"https:\/\/www.acomeambiente.org\/fr\/#website","url":"https:\/\/www.acomeambiente.org\/fr\/","name":"Fr - MAcA - Museo A come Ambiente","description":"Passa al MAcA, costruiamo insieme un mondo pi\u00f9 sostenibile","potentialAction":[{"@type":"SearchAction","target":{"@type":"EntryPoint","urlTemplate":"https:\/\/www.acomeambiente.org\/fr\/?s={search_term_string}"},"query-input":{"@type":"PropertyValueSpecification","valueRequired":true,"valueName":"search_term_string"}}],"inLanguage":"fr-FR"}]}},"_links":{"self":[{"href":"https:\/\/www.acomeambiente.org\/fr\/wp-json\/wp\/v2\/pages\/5086","targetHints":{"allow":["GET"]}}],"collection":[{"href":"https:\/\/www.acomeambiente.org\/fr\/wp-json\/wp\/v2\/pages"}],"about":[{"href":"https:\/\/www.acomeambiente.org\/fr\/wp-json\/wp\/v2\/types\/page"}],"author":[{"embeddable":true,"href":"https:\/\/www.acomeambiente.org\/fr\/wp-json\/wp\/v2\/users\/1025"}],"replies":[{"embeddable":true,"href":"https:\/\/www.acomeambiente.org\/fr\/wp-json\/wp\/v2\/comments?post=5086"}],"version-history":[{"count":6,"href":"https:\/\/www.acomeambiente.org\/fr\/wp-json\/wp\/v2\/pages\/5086\/revisions"}],"predecessor-version":[{"id":5274,"href":"https:\/\/www.acomeambiente.org\/fr\/wp-json\/wp\/v2\/pages\/5086\/revisions\/5274"}],"up":[{"embeddable":true,"href":"https:\/\/www.acomeambiente.org\/fr\/wp-json\/wp\/v2\/pages\/5092"}],"wp:attachment":[{"href":"https:\/\/www.acomeambiente.org\/fr\/wp-json\/wp\/v2\/media?parent=5086"}],"curies":[{"name":"wp","href":"https:\/\/api.w.org\/{rel}","templated":true}]}}