{"id":5060,"date":"2017-06-20T15:23:55","date_gmt":"2017-06-20T15:23:55","guid":{"rendered":"http:\/\/www.acomeambiente.org\/fr\/?page_id=5060"},"modified":"2024-09-23T14:46:59","modified_gmt":"2024-09-23T14:46:59","slug":"infos-et-reservations","status":"publish","type":"page","link":"https:\/\/www.acomeambiente.org\/fr\/infos-et-reservations\/","title":{"rendered":"Infos et R\u00e9servations"},"content":{"rendered":"<p><img decoding=\"async\" class=\"alignnone wp-image-240 size-full\" src=\"\/wp-content\/uploads\/2015\/03\/AcomeA_141.jpg\" alt=\"Scuole\" width=\"900\" height=\"330\" srcset=\"https:\/\/www.acomeambiente.org\/fr\/wp-content\/uploads\/sites\/2\/2015\/03\/AcomeA_141-300x110.jpg 300w, https:\/\/www.acomeambiente.org\/fr\/wp-content\/uploads\/sites\/2\/2015\/03\/AcomeA_141-600x220.jpg 600w, https:\/\/www.acomeambiente.org\/fr\/wp-content\/uploads\/sites\/2\/2015\/03\/AcomeA_141.jpg 900w\" sizes=\"(max-width: 900px) 100vw, 900px\" \/><\/p>\n<h1 class=\"entry-title\">Infos et R\u00e9servations<\/h1>\n<h1>Tarifs<\/h1>\n<p>Pour d\u00e9couvrir les diff\u00e9rents\u00a0tarifs\u00a0pour les \u00c9coles, les r\u00e9ductions et tarifs gratuits, aller\u00a0<a href=\"\/fr\/billets-prix-et-reductions\/\">\u00a0ici.<\/a><\/p>\n<h1>Comment r\u00e9server<\/h1>\n<p>Les r\u00e9servations se font par t\u00e9l\u00e9phone\u00a0(lun. &#8211; ven. de\u00a09:00 \u00e0 12:00 et de 14:30 \u00e0 17:00).<br \/>\nL<a href=\"\/fr\/offre-didactique\/\">&lsquo;activit\u00e9\u00a0<\/a>et la date\u00a0une fois choisies,\u00a0\u00a0le\u00a0Secr\u00e9tariat\u00a0vous enverra un formulaire de confirmation, \u00e0 nous retourner sign\u00e9.<br \/>\nLe Secr\u00e9tariat est \u00e0 votre disposition pour toutes informations et \u00e9claircissements suppl\u00e9mentaires :<br \/>\nT\u00e9l\u00e9charger le\u00a0<a href=\"\/wp-content\/uploads\/2015\/11\/Regolamento-scuole.pdf\">R\u00e9glement<\/a> pour les Ecoles et pour les Groupes (it)<\/p>\n<h1>A noter<\/h1>\n<p>A partir du\u00a024 septembre 2016, tout changement\u00a0relatif \u00e0 la r\u00e9servation effectu\u00e9e,\u00a0devra \u00eatre communiqu\u00e9 au Secr\u00e9tariat\u00a0par t\u00e9l\u00e9phone et ensuite par fax ou email.<br \/>\nEn cas d&rsquo;annulation de la r\u00e9servation, contacter le Secr\u00e9tariat par t\u00e9l\u00e9phone puis envoyer un fax ou un email le formulaire d&rsquo;annulation suivant, t\u00e9l\u00e9chargeable\u00a0<a href=\"\/wp-content\/uploads\/2015\/11\/Modulo-di-DISDETTA-prenotazione.pdf\">\u00a0ici.<\/a><\/p>\n<p>Cinq jours avant la date de r\u00e9servation, en cas d&rsquo;absence du formulaire d&rsquo;annulation, le MAcA se r\u00e9serve le droit d&rsquo;\u00e9mettre \u00e0 l&rsquo;adresse de l&rsquo;Ecole une facture compensatoire forfaitaire de \u00a0\u20ac 50,00.<\/p>\n<div class=\"detailSubTitle\">\n<div>\n<h1>Contacts<\/h1>\n<p>T\u00e9l\u00e9phone : + 39 011 070 25 35<br \/>\n<a href=\"mailto:info@acomeambiente.org\">info@acomeambiente.org<\/a><\/p>\n<\/div>\n<\/div>\n","protected":false},"excerpt":{"rendered":"<p>Infos et R\u00e9servations Tarifs Pour d\u00e9couvrir les diff\u00e9rents\u00a0tarifs\u00a0pour les \u00c9coles, les r\u00e9ductions et tarifs gratuits, aller\u00a0\u00a0ici. Comment r\u00e9server Les r\u00e9servations se font par t\u00e9l\u00e9phone\u00a0(lun. &#8211; ven. de\u00a09:00 \u00e0 12:00 et  [&#8230;]<\/p>\n","protected":false},"author":1025,"featured_media":0,"parent":0,"menu_order":0,"comment_status":"closed","ping_status":"closed","template":"","meta":{"footnotes":""},"class_list":["post-5060","page","type-page","status-publish","hentry"],"yoast_head":"<!-- This site is optimized with the Yoast SEO plugin v26.9 - https:\/\/yoast.com\/product\/yoast-seo-wordpress\/ -->\n<title>Infos et R\u00e9servations - Fr - MAcA - Museo A come Ambiente<\/title>\n<meta name=\"robots\" content=\"index, follow, max-snippet:-1, max-image-preview:large, max-video-preview:-1\" \/>\n<link rel=\"canonical\" href=\"https:\/\/www.acomeambiente.org\/fr\/infos-et-reservations\/\" \/>\n<meta property=\"og:locale\" content=\"fr_FR\" \/>\n<meta property=\"og:type\" content=\"article\" \/>\n<meta property=\"og:title\" content=\"Infos et R\u00e9servations - Fr - MAcA - Museo A come Ambiente\" \/>\n<meta property=\"og:description\" content=\"Infos et R\u00e9servations Tarifs Pour d\u00e9couvrir les diff\u00e9rents\u00a0tarifs\u00a0pour les \u00c9coles, les r\u00e9ductions et tarifs gratuits, aller\u00a0\u00a0ici. Comment r\u00e9server Les r\u00e9servations se font par t\u00e9l\u00e9phone\u00a0(lun. &#8211; ven. de\u00a09:00 \u00e0 12:00 et [...]\" \/>\n<meta property=\"og:url\" content=\"https:\/\/www.acomeambiente.org\/fr\/infos-et-reservations\/\" \/>\n<meta property=\"og:site_name\" content=\"Fr - MAcA - Museo A come Ambiente\" \/>\n<meta property=\"article:modified_time\" content=\"2024-09-23T14:46:59+00:00\" \/>\n<meta property=\"og:image\" content=\"https:\/\/www.acomeambiente.org\/wp-content\/uploads\/2015\/03\/AcomeA_141.jpg\" \/>\n<meta name=\"twitter:card\" content=\"summary_large_image\" \/>\n<meta name=\"twitter:label1\" content=\"Dur\u00e9e de lecture estim\u00e9e\" \/>\n\t<meta name=\"twitter:data1\" content=\"1 minute\" \/>\n<script type=\"application\/ld+json\" class=\"yoast-schema-graph\">{\"@context\":\"https:\/\/schema.org\",\"@graph\":[{\"@type\":\"WebPage\",\"@id\":\"https:\/\/www.acomeambiente.org\/fr\/infos-et-reservations\/\",\"url\":\"https:\/\/www.acomeambiente.org\/fr\/infos-et-reservations\/\",\"name\":\"Infos et R\u00e9servations - Fr - MAcA - Museo A come Ambiente\",\"isPartOf\":{\"@id\":\"https:\/\/www.acomeambiente.org\/fr\/#website\"},\"datePublished\":\"2017-06-20T15:23:55+00:00\",\"dateModified\":\"2024-09-23T14:46:59+00:00\",\"breadcrumb\":{\"@id\":\"https:\/\/www.acomeambiente.org\/fr\/infos-et-reservations\/#breadcrumb\"},\"inLanguage\":\"fr-FR\",\"potentialAction\":[{\"@type\":\"ReadAction\",\"target\":[\"https:\/\/www.acomeambiente.org\/fr\/infos-et-reservations\/\"]}]},{\"@type\":\"BreadcrumbList\",\"@id\":\"https:\/\/www.acomeambiente.org\/fr\/infos-et-reservations\/#breadcrumb\",\"itemListElement\":[{\"@type\":\"ListItem\",\"position\":1,\"name\":\"Home\",\"item\":\"https:\/\/www.acomeambiente.org\/fr\/\"},{\"@type\":\"ListItem\",\"position\":2,\"name\":\"Infos et R\u00e9servations\"}]},{\"@type\":\"WebSite\",\"@id\":\"https:\/\/www.acomeambiente.org\/fr\/#website\",\"url\":\"https:\/\/www.acomeambiente.org\/fr\/\",\"name\":\"Fr - MAcA - Museo A come Ambiente\",\"description\":\"Passa al MAcA, costruiamo insieme un mondo pi\u00f9 sostenibile\",\"potentialAction\":[{\"@type\":\"SearchAction\",\"target\":{\"@type\":\"EntryPoint\",\"urlTemplate\":\"https:\/\/www.acomeambiente.org\/fr\/?s={search_term_string}\"},\"query-input\":{\"@type\":\"PropertyValueSpecification\",\"valueRequired\":true,\"valueName\":\"search_term_string\"}}],\"inLanguage\":\"fr-FR\"}]}<\/script>\n<!-- \/ Yoast SEO plugin. -->","yoast_head_json":{"title":"Infos et R\u00e9servations - Fr - MAcA - Museo A come Ambiente","robots":{"index":"index","follow":"follow","max-snippet":"max-snippet:-1","max-image-preview":"max-image-preview:large","max-video-preview":"max-video-preview:-1"},"canonical":"https:\/\/www.acomeambiente.org\/fr\/infos-et-reservations\/","og_locale":"fr_FR","og_type":"article","og_title":"Infos et R\u00e9servations - Fr - MAcA - Museo A come Ambiente","og_description":"Infos et R\u00e9servations Tarifs Pour d\u00e9couvrir les diff\u00e9rents\u00a0tarifs\u00a0pour les \u00c9coles, les r\u00e9ductions et tarifs gratuits, aller\u00a0\u00a0ici. Comment r\u00e9server Les r\u00e9servations se font par t\u00e9l\u00e9phone\u00a0(lun. &#8211; ven. de\u00a09:00 \u00e0 12:00 et [...]","og_url":"https:\/\/www.acomeambiente.org\/fr\/infos-et-reservations\/","og_site_name":"Fr - MAcA - Museo A come Ambiente","article_modified_time":"2024-09-23T14:46:59+00:00","og_image":[{"url":"https:\/\/www.acomeambiente.org\/wp-content\/uploads\/2015\/03\/AcomeA_141.jpg","type":"","width":"","height":""}],"twitter_card":"summary_large_image","twitter_misc":{"Dur\u00e9e de lecture estim\u00e9e":"1 minute"},"schema":{"@context":"https:\/\/schema.org","@graph":[{"@type":"WebPage","@id":"https:\/\/www.acomeambiente.org\/fr\/infos-et-reservations\/","url":"https:\/\/www.acomeambiente.org\/fr\/infos-et-reservations\/","name":"Infos et R\u00e9servations - Fr - MAcA - Museo A come Ambiente","isPartOf":{"@id":"https:\/\/www.acomeambiente.org\/fr\/#website"},"datePublished":"2017-06-20T15:23:55+00:00","dateModified":"2024-09-23T14:46:59+00:00","breadcrumb":{"@id":"https:\/\/www.acomeambiente.org\/fr\/infos-et-reservations\/#breadcrumb"},"inLanguage":"fr-FR","potentialAction":[{"@type":"ReadAction","target":["https:\/\/www.acomeambiente.org\/fr\/infos-et-reservations\/"]}]},{"@type":"BreadcrumbList","@id":"https:\/\/www.acomeambiente.org\/fr\/infos-et-reservations\/#breadcrumb","itemListElement":[{"@type":"ListItem","position":1,"name":"Home","item":"https:\/\/www.acomeambiente.org\/fr\/"},{"@type":"ListItem","position":2,"name":"Infos et R\u00e9servations"}]},{"@type":"WebSite","@id":"https:\/\/www.acomeambiente.org\/fr\/#website","url":"https:\/\/www.acomeambiente.org\/fr\/","name":"Fr - MAcA - Museo A come Ambiente","description":"Passa al MAcA, costruiamo insieme un mondo pi\u00f9 sostenibile","potentialAction":[{"@type":"SearchAction","target":{"@type":"EntryPoint","urlTemplate":"https:\/\/www.acomeambiente.org\/fr\/?s={search_term_string}"},"query-input":{"@type":"PropertyValueSpecification","valueRequired":true,"valueName":"search_term_string"}}],"inLanguage":"fr-FR"}]}},"_links":{"self":[{"href":"https:\/\/www.acomeambiente.org\/fr\/wp-json\/wp\/v2\/pages\/5060","targetHints":{"allow":["GET"]}}],"collection":[{"href":"https:\/\/www.acomeambiente.org\/fr\/wp-json\/wp\/v2\/pages"}],"about":[{"href":"https:\/\/www.acomeambiente.org\/fr\/wp-json\/wp\/v2\/types\/page"}],"author":[{"embeddable":true,"href":"https:\/\/www.acomeambiente.org\/fr\/wp-json\/wp\/v2\/users\/1025"}],"replies":[{"embeddable":true,"href":"https:\/\/www.acomeambiente.org\/fr\/wp-json\/wp\/v2\/comments?post=5060"}],"version-history":[{"count":3,"href":"https:\/\/www.acomeambiente.org\/fr\/wp-json\/wp\/v2\/pages\/5060\/revisions"}],"predecessor-version":[{"id":5168,"href":"https:\/\/www.acomeambiente.org\/fr\/wp-json\/wp\/v2\/pages\/5060\/revisions\/5168"}],"wp:attachment":[{"href":"https:\/\/www.acomeambiente.org\/fr\/wp-json\/wp\/v2\/media?parent=5060"}],"curies":[{"name":"wp","href":"https:\/\/api.w.org\/{rel}","templated":true}]}}