{"id":4982,"date":"2017-06-17T15:59:32","date_gmt":"2017-06-17T15:59:32","guid":{"rendered":"http:\/\/www.acomeambiente.org\/fr\/?page_id=4982"},"modified":"2021-01-20T10:36:38","modified_gmt":"2021-01-20T10:36:38","slug":"le-batiment-historique","status":"publish","type":"page","link":"https:\/\/www.acomeambiente.org\/fr\/le-batiment-historique\/","title":{"rendered":"Le b\u00e2timent historique"},"content":{"rendered":"<p><div class=\"fusion-fullwidth fullwidth-box fusion-builder-row-1 hundred-percent-fullwidth non-hundred-percent-height-scrolling\" style=\"--awb-border-radius-top-left:0px;--awb-border-radius-top-right:0px;--awb-border-radius-bottom-right:0px;--awb-border-radius-bottom-left:0px;--awb-overflow:visible;--awb-flex-wrap:wrap;\" ><\/div><div class=\"fusion-builder-row fusion-row\"><\/div><div class=\"fusion-layout-column fusion_builder_column fusion-builder-column-0 fusion_builder_column_1_1 1_1 fusion-one-full fusion-column-first fusion-column-last fusion-column-no-min-height\" style=\"--awb-bg-size:cover;--awb-margin-bottom:0px;width:100%;\"><div class=\"fusion-column-wrapper fusion-flex-column-wrapper-legacy\"><div class=\"fusion-clearfix\"><\/div><\/div><\/div><div class=\"fusion-text fusion-text-1\"><\/div><img decoding=\"async\" class=\"alignnone size-full wp-image-783\" src=\"\/wp-content\/uploads\/2015\/03\/AcomeA_2271.jpg\" alt=\"AcomeA_227\" width=\"900\" height=\"330\" srcset=\"https:\/\/www.acomeambiente.org\/fr\/wp-content\/uploads\/sites\/2\/2015\/03\/AcomeA_2271-300x110.jpg 300w, https:\/\/www.acomeambiente.org\/fr\/wp-content\/uploads\/sites\/2\/2015\/03\/AcomeA_2271-600x220.jpg 600w, https:\/\/www.acomeambiente.org\/fr\/wp-content\/uploads\/sites\/2\/2015\/03\/AcomeA_2271.jpg 900w\" sizes=\"(max-width: 900px) 100vw, 900px\" \/><\/p>\n<h1 class=\"entry-title\">Edifice 37<\/h1>\n<p>Noyau originaire du Mus\u00e9e, le corps central du MAcA est un exemple remarquable d\u2019architecture r\u00e9aliste des ann\u00e9es 30. Le b\u00e2timent principal abritait la caserne des pompiers de l\u2019usine Michelin, et aujourd\u2019hui encore, conserve des ornements et sa structure d\u2019\u00e9poque.<\/p>\n<p>En m\u00e9moire de l\u2019ancienne vocation industrielle de cette aire, la grande Tour d\u2019\u00e9vaporation, construite au d\u00e9but des ann\u00e9es 50 et haute de 30 m\u00e8tres, s\u2019\u00e9l\u00e8ve \u00e0 proximit\u00e9 du MAcA.<\/p>\n<p>Les 3 \u00e9tages du Mus\u00e9e accueillent les installations d\u00e9di\u00e9es aux th\u00e8mes qui caract\u00e9risent l\u2019identit\u00e9 constante et la mission originelle du MAcA: \u00c9nergie, D\u00e9chets, Eau.<\/p>\n","protected":false},"excerpt":{"rendered":"<p>Edifice 37 Noyau originaire du Mus\u00e9e, le corps central du MAcA est un exemple remarquable d\u2019architecture r\u00e9aliste des ann\u00e9es 30. Le b\u00e2timent principal abritait la caserne des pompiers de l\u2019usine  [&#8230;]<\/p>\n","protected":false},"author":1025,"featured_media":0,"parent":0,"menu_order":2,"comment_status":"closed","ping_status":"closed","template":"","meta":{"footnotes":""},"class_list":["post-4982","page","type-page","status-publish","hentry"],"yoast_head":"<!-- This site is optimized with the Yoast SEO plugin v26.9 - https:\/\/yoast.com\/product\/yoast-seo-wordpress\/ -->\n<title>Le b\u00e2timent historique - Fr - MAcA - Museo A come Ambiente<\/title>\n<meta name=\"robots\" content=\"index, follow, max-snippet:-1, max-image-preview:large, max-video-preview:-1\" \/>\n<link rel=\"canonical\" href=\"https:\/\/www.acomeambiente.org\/fr\/le-batiment-historique\/\" \/>\n<meta property=\"og:locale\" content=\"fr_FR\" \/>\n<meta property=\"og:type\" content=\"article\" \/>\n<meta property=\"og:title\" content=\"Le b\u00e2timent historique - Fr - MAcA - Museo A come Ambiente\" \/>\n<meta property=\"og:description\" content=\"Edifice 37 Noyau originaire du Mus\u00e9e, le corps central du MAcA est un exemple remarquable d\u2019architecture r\u00e9aliste des ann\u00e9es 30. Le b\u00e2timent principal abritait la caserne des pompiers de l\u2019usine [...]\" \/>\n<meta property=\"og:url\" content=\"https:\/\/www.acomeambiente.org\/fr\/le-batiment-historique\/\" \/>\n<meta property=\"og:site_name\" content=\"Fr - MAcA - Museo A come Ambiente\" \/>\n<meta property=\"article:modified_time\" content=\"2021-01-20T10:36:38+00:00\" \/>\n<meta property=\"og:image\" content=\"https:\/\/www.acomeambiente.org\/wp-content\/uploads\/2015\/03\/AcomeA_2271.jpg\" \/>\n<meta name=\"twitter:card\" content=\"summary_large_image\" \/>\n<meta name=\"twitter:label1\" content=\"Dur\u00e9e de lecture estim\u00e9e\" \/>\n\t<meta name=\"twitter:data1\" content=\"1 minute\" \/>\n<script type=\"application\/ld+json\" class=\"yoast-schema-graph\">{\"@context\":\"https:\/\/schema.org\",\"@graph\":[{\"@type\":\"WebPage\",\"@id\":\"https:\/\/www.acomeambiente.org\/fr\/le-batiment-historique\/\",\"url\":\"https:\/\/www.acomeambiente.org\/fr\/le-batiment-historique\/\",\"name\":\"Le b\u00e2timent historique - Fr - MAcA - Museo A come Ambiente\",\"isPartOf\":{\"@id\":\"https:\/\/www.acomeambiente.org\/fr\/#website\"},\"datePublished\":\"2017-06-17T15:59:32+00:00\",\"dateModified\":\"2021-01-20T10:36:38+00:00\",\"breadcrumb\":{\"@id\":\"https:\/\/www.acomeambiente.org\/fr\/le-batiment-historique\/#breadcrumb\"},\"inLanguage\":\"fr-FR\",\"potentialAction\":[{\"@type\":\"ReadAction\",\"target\":[\"https:\/\/www.acomeambiente.org\/fr\/le-batiment-historique\/\"]}]},{\"@type\":\"BreadcrumbList\",\"@id\":\"https:\/\/www.acomeambiente.org\/fr\/le-batiment-historique\/#breadcrumb\",\"itemListElement\":[{\"@type\":\"ListItem\",\"position\":1,\"name\":\"Home\",\"item\":\"https:\/\/www.acomeambiente.org\/fr\/\"},{\"@type\":\"ListItem\",\"position\":2,\"name\":\"Le b\u00e2timent historique\"}]},{\"@type\":\"WebSite\",\"@id\":\"https:\/\/www.acomeambiente.org\/fr\/#website\",\"url\":\"https:\/\/www.acomeambiente.org\/fr\/\",\"name\":\"Fr - MAcA - Museo A come Ambiente\",\"description\":\"Passa al MAcA, costruiamo insieme un mondo pi\u00f9 sostenibile\",\"potentialAction\":[{\"@type\":\"SearchAction\",\"target\":{\"@type\":\"EntryPoint\",\"urlTemplate\":\"https:\/\/www.acomeambiente.org\/fr\/?s={search_term_string}\"},\"query-input\":{\"@type\":\"PropertyValueSpecification\",\"valueRequired\":true,\"valueName\":\"search_term_string\"}}],\"inLanguage\":\"fr-FR\"}]}<\/script>\n<!-- \/ Yoast SEO plugin. -->","yoast_head_json":{"title":"Le b\u00e2timent historique - Fr - MAcA - Museo A come Ambiente","robots":{"index":"index","follow":"follow","max-snippet":"max-snippet:-1","max-image-preview":"max-image-preview:large","max-video-preview":"max-video-preview:-1"},"canonical":"https:\/\/www.acomeambiente.org\/fr\/le-batiment-historique\/","og_locale":"fr_FR","og_type":"article","og_title":"Le b\u00e2timent historique - Fr - MAcA - Museo A come Ambiente","og_description":"Edifice 37 Noyau originaire du Mus\u00e9e, le corps central du MAcA est un exemple remarquable d\u2019architecture r\u00e9aliste des ann\u00e9es 30. Le b\u00e2timent principal abritait la caserne des pompiers de l\u2019usine [...]","og_url":"https:\/\/www.acomeambiente.org\/fr\/le-batiment-historique\/","og_site_name":"Fr - MAcA - Museo A come Ambiente","article_modified_time":"2021-01-20T10:36:38+00:00","og_image":[{"url":"https:\/\/www.acomeambiente.org\/wp-content\/uploads\/2015\/03\/AcomeA_2271.jpg","type":"","width":"","height":""}],"twitter_card":"summary_large_image","twitter_misc":{"Dur\u00e9e de lecture estim\u00e9e":"1 minute"},"schema":{"@context":"https:\/\/schema.org","@graph":[{"@type":"WebPage","@id":"https:\/\/www.acomeambiente.org\/fr\/le-batiment-historique\/","url":"https:\/\/www.acomeambiente.org\/fr\/le-batiment-historique\/","name":"Le b\u00e2timent historique - Fr - MAcA - Museo A come Ambiente","isPartOf":{"@id":"https:\/\/www.acomeambiente.org\/fr\/#website"},"datePublished":"2017-06-17T15:59:32+00:00","dateModified":"2021-01-20T10:36:38+00:00","breadcrumb":{"@id":"https:\/\/www.acomeambiente.org\/fr\/le-batiment-historique\/#breadcrumb"},"inLanguage":"fr-FR","potentialAction":[{"@type":"ReadAction","target":["https:\/\/www.acomeambiente.org\/fr\/le-batiment-historique\/"]}]},{"@type":"BreadcrumbList","@id":"https:\/\/www.acomeambiente.org\/fr\/le-batiment-historique\/#breadcrumb","itemListElement":[{"@type":"ListItem","position":1,"name":"Home","item":"https:\/\/www.acomeambiente.org\/fr\/"},{"@type":"ListItem","position":2,"name":"Le b\u00e2timent historique"}]},{"@type":"WebSite","@id":"https:\/\/www.acomeambiente.org\/fr\/#website","url":"https:\/\/www.acomeambiente.org\/fr\/","name":"Fr - MAcA - Museo A come Ambiente","description":"Passa al MAcA, costruiamo insieme un mondo pi\u00f9 sostenibile","potentialAction":[{"@type":"SearchAction","target":{"@type":"EntryPoint","urlTemplate":"https:\/\/www.acomeambiente.org\/fr\/?s={search_term_string}"},"query-input":{"@type":"PropertyValueSpecification","valueRequired":true,"valueName":"search_term_string"}}],"inLanguage":"fr-FR"}]}},"_links":{"self":[{"href":"https:\/\/www.acomeambiente.org\/fr\/wp-json\/wp\/v2\/pages\/4982","targetHints":{"allow":["GET"]}}],"collection":[{"href":"https:\/\/www.acomeambiente.org\/fr\/wp-json\/wp\/v2\/pages"}],"about":[{"href":"https:\/\/www.acomeambiente.org\/fr\/wp-json\/wp\/v2\/types\/page"}],"author":[{"embeddable":true,"href":"https:\/\/www.acomeambiente.org\/fr\/wp-json\/wp\/v2\/users\/1025"}],"replies":[{"embeddable":true,"href":"https:\/\/www.acomeambiente.org\/fr\/wp-json\/wp\/v2\/comments?post=4982"}],"version-history":[{"count":15,"href":"https:\/\/www.acomeambiente.org\/fr\/wp-json\/wp\/v2\/pages\/4982\/revisions"}],"predecessor-version":[{"id":5518,"href":"https:\/\/www.acomeambiente.org\/fr\/wp-json\/wp\/v2\/pages\/4982\/revisions\/5518"}],"wp:attachment":[{"href":"https:\/\/www.acomeambiente.org\/fr\/wp-json\/wp\/v2\/media?parent=4982"}],"curies":[{"name":"wp","href":"https:\/\/api.w.org\/{rel}","templated":true}]}}