{"id":4864,"date":"2017-06-15T13:03:38","date_gmt":"2017-06-15T13:03:38","guid":{"rendered":"http:\/\/www.acomeambiente.org\/fr\/?page_id=4864"},"modified":"2017-06-25T18:30:13","modified_gmt":"2017-06-25T18:30:13","slug":"association-transparente","status":"publish","type":"page","link":"https:\/\/www.acomeambiente.org\/fr\/association-transparente\/","title":{"rendered":"Association transparente"},"content":{"rendered":"<p>&nbsp;<\/p>\n<p><a href=\"\/wp-content\/uploads\/2015\/11\/Emblem_of_Italy.svg.png\"><img decoding=\"async\" class=\"wp-image-2169 alignleft\" src=\"\/wp-content\/uploads\/2015\/11\/Emblem_of_Italy.svg.png\" alt=\"Emblem_of_Italy.svg\" width=\"168\" height=\"190\" srcset=\"https:\/\/www.acomeambiente.org\/fr\/wp-content\/uploads\/sites\/2\/2015\/11\/Emblem_of_Italy.svg-266x300.png 266w, https:\/\/www.acomeambiente.org\/fr\/wp-content\/uploads\/sites\/2\/2015\/11\/Emblem_of_Italy.svg-600x677.png 600w, https:\/\/www.acomeambiente.org\/fr\/wp-content\/uploads\/sites\/2\/2015\/11\/Emblem_of_Italy.svg-908x1024.png 908w, https:\/\/www.acomeambiente.org\/fr\/wp-content\/uploads\/sites\/2\/2015\/11\/Emblem_of_Italy.svg.png 2000w\" sizes=\"(max-width: 168px) 100vw, 168px\" \/><\/a><\/p>\n<div class=\"fusion-fullwidth fullwidth-box fusion-builder-row-1 hundred-percent-fullwidth non-hundred-percent-height-scrolling\" style=\"--awb-border-radius-top-left:0px;--awb-border-radius-top-right:0px;--awb-border-radius-bottom-right:0px;--awb-border-radius-bottom-left:0px;--awb-overflow:visible;--awb-flex-wrap:wrap;\" ><div class=\"fusion-builder-row fusion-row\"><div class=\"fusion-layout-column fusion_builder_column fusion-builder-column-0 fusion_builder_column_1_1 1_1 fusion-one-full fusion-column-first fusion-column-last fusion-column-no-min-height\" style=\"--awb-bg-size:cover;--awb-margin-bottom:0px;\"><div class=\"fusion-column-wrapper fusion-flex-column-wrapper-legacy\"><div class=\"fusion-text fusion-text-1\"><p> Le\u00a0<strong>D.Lgs. 14\/03\/2013, n. 33<\/strong> \u201cLa R\u00e9organisation de la r\u00e8gle\u00a0concernant\u00a0les obligations de Publicit\u00e9, transparence et diffusion d&rsquo;informations de la part des Administrations Publiques\u201d, paru \u00e0 la\u00a0Gazette Officielle du 5 avril 2013, n. 80 et entr\u00e9e en vigueur le 20 avril 2013, et entend rendre accessibles les informations concernant l&rsquo;organisation et les activit\u00e9s des Administrations Publiques, afin de diffuser\u00a0des possibilit\u00e9s de contr\u00f4les sur la continuit\u00e9 des fonctions institutionnelles\u00a0et l&rsquo;usage des fonds publics.\u00a0\u00bb<\/p>\n<p>L\u2019<strong>Associazione A come Ambiente<\/strong>, poursuit et partage les objectifs et finalit\u00e9s de la\u00a0\u00a0D.Lgs. 14\/03\/2013, n. 33, et publie les documents relatifs aux administrateurs, dirigeants, consultants et collaborateurs de l&rsquo;Association.<\/p>\n<p><em><a href=\"\/wp-content\/uploads\/2015\/11\/1366219976616_DECRETO_LEGISLATIVO_14_marzo_2013.pdf\" target=\"_blank\" rel=\"noopener noreferrer\">Decreto legislativo 14\/3\/2013, n.33, pubblicato sulla Gazzetta ufficiale n. 80 del 5\/4\/2013<\/a><\/em><\/p>\n<p><em>(source: <\/em><a href=\"http:\/\/www.beniculturali.it\/mibac\/opencms\/MiBAC\/sito-MiBAC\/MenuPrincipale\/Trasparenza\/index.html\"><em>beniculturali.it<\/em><\/a><em>, derni\u00e8re mise \u00e0 jour: 10 aprile 2013 )<\/em><\/p>\n<\/div><div class=\"fusion-clearfix\"><\/div><\/div><\/div><\/div><\/div>\n","protected":false},"excerpt":{"rendered":"<p>&nbsp;<\/p>\n","protected":false},"author":2,"featured_media":0,"parent":0,"menu_order":0,"comment_status":"closed","ping_status":"closed","template":"","meta":{"footnotes":""},"class_list":["post-4864","page","type-page","status-publish","hentry"],"yoast_head":"<!-- This site is optimized with the Yoast SEO plugin v26.9 - https:\/\/yoast.com\/product\/yoast-seo-wordpress\/ -->\n<title>Association transparente - Fr - MAcA - Museo A come Ambiente<\/title>\n<meta name=\"robots\" content=\"index, follow, max-snippet:-1, max-image-preview:large, max-video-preview:-1\" \/>\n<link rel=\"canonical\" href=\"https:\/\/www.acomeambiente.org\/fr\/association-transparente\/\" \/>\n<meta property=\"og:locale\" content=\"fr_FR\" \/>\n<meta property=\"og:type\" content=\"article\" \/>\n<meta property=\"og:title\" content=\"Association transparente - Fr - MAcA - Museo A come Ambiente\" \/>\n<meta property=\"og:description\" content=\"&nbsp;\" \/>\n<meta property=\"og:url\" content=\"https:\/\/www.acomeambiente.org\/fr\/association-transparente\/\" \/>\n<meta property=\"og:site_name\" content=\"Fr - MAcA - Museo A come Ambiente\" \/>\n<meta property=\"article:modified_time\" content=\"2017-06-25T18:30:13+00:00\" \/>\n<meta property=\"og:image\" content=\"https:\/\/www.acomeambiente.org\/wp-content\/uploads\/2015\/11\/Emblem_of_Italy.svg.png\" \/>\n<meta name=\"twitter:card\" content=\"summary_large_image\" \/>\n<meta name=\"twitter:label1\" content=\"Dur\u00e9e de lecture estim\u00e9e\" \/>\n\t<meta name=\"twitter:data1\" content=\"1 minute\" \/>\n<script type=\"application\/ld+json\" class=\"yoast-schema-graph\">{\"@context\":\"https:\/\/schema.org\",\"@graph\":[{\"@type\":\"WebPage\",\"@id\":\"https:\/\/www.acomeambiente.org\/fr\/association-transparente\/\",\"url\":\"https:\/\/www.acomeambiente.org\/fr\/association-transparente\/\",\"name\":\"Association transparente - Fr - MAcA - Museo A come Ambiente\",\"isPartOf\":{\"@id\":\"https:\/\/www.acomeambiente.org\/fr\/#website\"},\"datePublished\":\"2017-06-15T13:03:38+00:00\",\"dateModified\":\"2017-06-25T18:30:13+00:00\",\"breadcrumb\":{\"@id\":\"https:\/\/www.acomeambiente.org\/fr\/association-transparente\/#breadcrumb\"},\"inLanguage\":\"fr-FR\",\"potentialAction\":[{\"@type\":\"ReadAction\",\"target\":[\"https:\/\/www.acomeambiente.org\/fr\/association-transparente\/\"]}]},{\"@type\":\"BreadcrumbList\",\"@id\":\"https:\/\/www.acomeambiente.org\/fr\/association-transparente\/#breadcrumb\",\"itemListElement\":[{\"@type\":\"ListItem\",\"position\":1,\"name\":\"Home\",\"item\":\"https:\/\/www.acomeambiente.org\/fr\/\"},{\"@type\":\"ListItem\",\"position\":2,\"name\":\"Association transparente\"}]},{\"@type\":\"WebSite\",\"@id\":\"https:\/\/www.acomeambiente.org\/fr\/#website\",\"url\":\"https:\/\/www.acomeambiente.org\/fr\/\",\"name\":\"Fr - MAcA - Museo A come Ambiente\",\"description\":\"Passa al MAcA, costruiamo insieme un mondo pi\u00f9 sostenibile\",\"potentialAction\":[{\"@type\":\"SearchAction\",\"target\":{\"@type\":\"EntryPoint\",\"urlTemplate\":\"https:\/\/www.acomeambiente.org\/fr\/?s={search_term_string}\"},\"query-input\":{\"@type\":\"PropertyValueSpecification\",\"valueRequired\":true,\"valueName\":\"search_term_string\"}}],\"inLanguage\":\"fr-FR\"}]}<\/script>\n<!-- \/ Yoast SEO plugin. -->","yoast_head_json":{"title":"Association transparente - Fr - MAcA - Museo A come Ambiente","robots":{"index":"index","follow":"follow","max-snippet":"max-snippet:-1","max-image-preview":"max-image-preview:large","max-video-preview":"max-video-preview:-1"},"canonical":"https:\/\/www.acomeambiente.org\/fr\/association-transparente\/","og_locale":"fr_FR","og_type":"article","og_title":"Association transparente - Fr - MAcA - Museo A come Ambiente","og_description":"&nbsp;","og_url":"https:\/\/www.acomeambiente.org\/fr\/association-transparente\/","og_site_name":"Fr - MAcA - Museo A come Ambiente","article_modified_time":"2017-06-25T18:30:13+00:00","og_image":[{"url":"https:\/\/www.acomeambiente.org\/wp-content\/uploads\/2015\/11\/Emblem_of_Italy.svg.png","type":"","width":"","height":""}],"twitter_card":"summary_large_image","twitter_misc":{"Dur\u00e9e de lecture estim\u00e9e":"1 minute"},"schema":{"@context":"https:\/\/schema.org","@graph":[{"@type":"WebPage","@id":"https:\/\/www.acomeambiente.org\/fr\/association-transparente\/","url":"https:\/\/www.acomeambiente.org\/fr\/association-transparente\/","name":"Association transparente - Fr - MAcA - Museo A come Ambiente","isPartOf":{"@id":"https:\/\/www.acomeambiente.org\/fr\/#website"},"datePublished":"2017-06-15T13:03:38+00:00","dateModified":"2017-06-25T18:30:13+00:00","breadcrumb":{"@id":"https:\/\/www.acomeambiente.org\/fr\/association-transparente\/#breadcrumb"},"inLanguage":"fr-FR","potentialAction":[{"@type":"ReadAction","target":["https:\/\/www.acomeambiente.org\/fr\/association-transparente\/"]}]},{"@type":"BreadcrumbList","@id":"https:\/\/www.acomeambiente.org\/fr\/association-transparente\/#breadcrumb","itemListElement":[{"@type":"ListItem","position":1,"name":"Home","item":"https:\/\/www.acomeambiente.org\/fr\/"},{"@type":"ListItem","position":2,"name":"Association transparente"}]},{"@type":"WebSite","@id":"https:\/\/www.acomeambiente.org\/fr\/#website","url":"https:\/\/www.acomeambiente.org\/fr\/","name":"Fr - MAcA - Museo A come Ambiente","description":"Passa al MAcA, costruiamo insieme un mondo pi\u00f9 sostenibile","potentialAction":[{"@type":"SearchAction","target":{"@type":"EntryPoint","urlTemplate":"https:\/\/www.acomeambiente.org\/fr\/?s={search_term_string}"},"query-input":{"@type":"PropertyValueSpecification","valueRequired":true,"valueName":"search_term_string"}}],"inLanguage":"fr-FR"}]}},"_links":{"self":[{"href":"https:\/\/www.acomeambiente.org\/fr\/wp-json\/wp\/v2\/pages\/4864","targetHints":{"allow":["GET"]}}],"collection":[{"href":"https:\/\/www.acomeambiente.org\/fr\/wp-json\/wp\/v2\/pages"}],"about":[{"href":"https:\/\/www.acomeambiente.org\/fr\/wp-json\/wp\/v2\/types\/page"}],"author":[{"embeddable":true,"href":"https:\/\/www.acomeambiente.org\/fr\/wp-json\/wp\/v2\/users\/2"}],"replies":[{"embeddable":true,"href":"https:\/\/www.acomeambiente.org\/fr\/wp-json\/wp\/v2\/comments?post=4864"}],"version-history":[{"count":5,"href":"https:\/\/www.acomeambiente.org\/fr\/wp-json\/wp\/v2\/pages\/4864\/revisions"}],"predecessor-version":[{"id":5264,"href":"https:\/\/www.acomeambiente.org\/fr\/wp-json\/wp\/v2\/pages\/4864\/revisions\/5264"}],"wp:attachment":[{"href":"https:\/\/www.acomeambiente.org\/fr\/wp-json\/wp\/v2\/media?parent=4864"}],"curies":[{"name":"wp","href":"https:\/\/api.w.org\/{rel}","templated":true}]}}