{"id":4795,"date":"2017-06-15T08:58:25","date_gmt":"2017-06-15T08:58:25","guid":{"rendered":"http:\/\/www.acomeambiente.org\/fr\/?page_id=4795"},"modified":"2021-01-27T09:10:34","modified_gmt":"2021-01-27T09:10:34","slug":"maca-qui-sommes-nous","status":"publish","type":"page","link":"https:\/\/www.acomeambiente.org\/fr\/maca-qui-sommes-nous\/","title":{"rendered":"MAcA &#8211; QUI SOMMES-NOUS ?"},"content":{"rendered":"<p><img decoding=\"async\" class=\"alignnone size-full wp-image-233\" src=\"\/wp-content\/uploads\/2015\/03\/AcomeA_008.jpg\" alt=\"A come Ambiente\" width=\"900\" height=\"330\" srcset=\"https:\/\/www.acomeambiente.org\/fr\/wp-content\/uploads\/sites\/2\/2015\/03\/AcomeA_008-300x110.jpg 300w, https:\/\/www.acomeambiente.org\/fr\/wp-content\/uploads\/sites\/2\/2015\/03\/AcomeA_008-600x220.jpg 600w, https:\/\/www.acomeambiente.org\/fr\/wp-content\/uploads\/sites\/2\/2015\/03\/AcomeA_008.jpg 900w\" sizes=\"(max-width: 900px) 100vw, 900px\" \/><\/p>\n<h1 class=\"entry-title\">Le MAcA est un Mus\u00e9e-Laboratoire de l&rsquo;Environnement\u00a0&#8211;\u00a0\u00e0 Turin, dans le Pi\u00e9mont<\/h1>\n<p>Le MAcA est n\u00e9 et s&rsquo;est d\u00e9velopp\u00e9 sur les bords du fleuve Dora Riparia, dans le b\u00e2timent historique\u00a0de la caserne des pompiers de l&rsquo;ancienne usine Michelin. Aujourd&rsquo;hui, sont encore conserv\u00e9s partiellement les structures et ornements d&rsquo;\u00e9poque.<\/p>\n<p>Dans le grand Parc Dora qui s&rsquo;ouvre face au Mus\u00e9e, en m\u00e9moire de son pass\u00e9 industriel, une <strong>tour d&rsquo;\u00e9vaporation<\/strong> haute de 30 m\u00e8tres, construite au d\u00e9but des ann\u00e9es 50, est encore pr\u00e9sente.<br \/>\nDe chaque c\u00f4t\u00e9 du b\u00e2timent historique, existent aujourd&rsquo;hui deux constructions r\u00e9centes :<strong> Le Pavillon Vert<\/strong> et le\u00a0<strong>Guscio<\/strong> (La Coquille). Le Pavillon Vert accueille les Laboratoires et la section d\u00e9di\u00e9e \u00e0 l&rsquo;ALIMENTATION. Le Guscio accueille des expositions, conf\u00e9rences et tous types d&rsquo;\u00e9v\u00e9nements d\u00e9di\u00e9s au monde de l&rsquo;environnement.<\/p>\n<p>Nous pensons que la curiosit\u00e9 est la base de chaque d\u00e9couverte, et que tout v\u00e9ritable apprentissage ne peut \u00eatre que le fruit d&rsquo;une exp\u00e9rience personnelle.\u00a0\u00a0Notre mission est de rendre disponible au plus grand nombre des instruments qui permettent de d\u00e9voiler des \u00e9l\u00e9ments sur le(s) fonctionnement(s) du monde et les fa\u00e7ons dont nous pouvons le pr\u00e9server.<br \/>\nNous croyons \u00e9galement que le jeu et le divertissement sont une part essentielle du processus d&rsquo;exploration et de connaissance pour tous, \u00e0\u00a0tout \u00e2ge &#8211;\u00a0\u00a0et pour cela, nous en avons fait notre base et notre point de d\u00e9part.<\/p>\n<p>Nous cr\u00e9ons des outils p\u00e9dagogiques\u00a0et offrons des exp\u00e9riences qui veulent aider chacun\u00a0\u00e0 devenir un\u00a0acteur du monde : exhibit, expositions, laboratoires, un site web riche en contenus, des projections de films, des \u00e9v\u00e9nements artistiques et scientifiques pour enfants et adultes, et bien d&rsquo;autres choses encore.<br \/>\nNous cr\u00e9ons \u00e9galement des programmes de d\u00e9veloppement personnel\u00a0pour les \u00e9ducateurs \u00e0 l&rsquo;environnement et pour les enseignants. Nous sommes donc en premi\u00e8re ligne pour introduire des th\u00e8mes environnementaux\u00a0dans les parcours scolaires\u00a0et trouver des instruments stimulants et innovants pour enseigner et apprendre plus efficacement.<\/p>\n<p><strong>Nous t&rsquo;avons rendu curieux? Voici notre <a href=\"https:\/\/www.acomeambiente.org\/fr\/maca-qui-sommes-nous\/l-histoire\/\">histoire<\/a>&#8230;<\/strong><\/p>\n","protected":false},"excerpt":{"rendered":"<p>Le MAcA est un Mus\u00e9e-Laboratoire de l&rsquo;Environnement\u00a0&#8211;\u00a0\u00e0 Turin, dans le Pi\u00e9mont Le MAcA est n\u00e9 et s&rsquo;est d\u00e9velopp\u00e9 sur les bords du fleuve Dora Riparia, dans le b\u00e2timent historique\u00a0de la  [&#8230;]<\/p>\n","protected":false},"author":1025,"featured_media":0,"parent":0,"menu_order":0,"comment_status":"closed","ping_status":"closed","template":"","meta":{"footnotes":""},"class_list":["post-4795","page","type-page","status-publish","hentry"],"yoast_head":"<!-- This site is optimized with the Yoast SEO plugin v26.9 - https:\/\/yoast.com\/product\/yoast-seo-wordpress\/ -->\n<title>MAcA - QUI SOMMES-NOUS ? - Fr - MAcA - Museo A come Ambiente<\/title>\n<meta name=\"robots\" content=\"index, follow, max-snippet:-1, max-image-preview:large, max-video-preview:-1\" \/>\n<link rel=\"canonical\" href=\"https:\/\/www.acomeambiente.org\/fr\/maca-qui-sommes-nous\/\" \/>\n<meta property=\"og:locale\" content=\"fr_FR\" \/>\n<meta property=\"og:type\" content=\"article\" \/>\n<meta property=\"og:title\" content=\"MAcA - QUI SOMMES-NOUS ? - Fr - MAcA - Museo A come Ambiente\" \/>\n<meta property=\"og:description\" content=\"Le MAcA est un Mus\u00e9e-Laboratoire de l&rsquo;Environnement\u00a0&#8211;\u00a0\u00e0 Turin, dans le Pi\u00e9mont Le MAcA est n\u00e9 et s&rsquo;est d\u00e9velopp\u00e9 sur les bords du fleuve Dora Riparia, dans le b\u00e2timent historique\u00a0de la [...]\" \/>\n<meta property=\"og:url\" content=\"https:\/\/www.acomeambiente.org\/fr\/maca-qui-sommes-nous\/\" \/>\n<meta property=\"og:site_name\" content=\"Fr - MAcA - Museo A come Ambiente\" \/>\n<meta property=\"article:modified_time\" content=\"2021-01-27T09:10:34+00:00\" \/>\n<meta property=\"og:image\" content=\"https:\/\/www.acomeambiente.org\/wp-content\/uploads\/2015\/03\/AcomeA_008.jpg\" \/>\n<meta name=\"twitter:card\" content=\"summary_large_image\" \/>\n<meta name=\"twitter:label1\" content=\"Dur\u00e9e de lecture estim\u00e9e\" \/>\n\t<meta name=\"twitter:data1\" content=\"2 minutes\" \/>\n<script type=\"application\/ld+json\" class=\"yoast-schema-graph\">{\"@context\":\"https:\/\/schema.org\",\"@graph\":[{\"@type\":\"WebPage\",\"@id\":\"https:\/\/www.acomeambiente.org\/fr\/maca-qui-sommes-nous\/\",\"url\":\"https:\/\/www.acomeambiente.org\/fr\/maca-qui-sommes-nous\/\",\"name\":\"MAcA - QUI SOMMES-NOUS ? - Fr - MAcA - Museo A come Ambiente\",\"isPartOf\":{\"@id\":\"https:\/\/www.acomeambiente.org\/fr\/#website\"},\"datePublished\":\"2017-06-15T08:58:25+00:00\",\"dateModified\":\"2021-01-27T09:10:34+00:00\",\"breadcrumb\":{\"@id\":\"https:\/\/www.acomeambiente.org\/fr\/maca-qui-sommes-nous\/#breadcrumb\"},\"inLanguage\":\"fr-FR\",\"potentialAction\":[{\"@type\":\"ReadAction\",\"target\":[\"https:\/\/www.acomeambiente.org\/fr\/maca-qui-sommes-nous\/\"]}]},{\"@type\":\"BreadcrumbList\",\"@id\":\"https:\/\/www.acomeambiente.org\/fr\/maca-qui-sommes-nous\/#breadcrumb\",\"itemListElement\":[{\"@type\":\"ListItem\",\"position\":1,\"name\":\"Home\",\"item\":\"https:\/\/www.acomeambiente.org\/fr\/\"},{\"@type\":\"ListItem\",\"position\":2,\"name\":\"MAcA &#8211; QUI SOMMES-NOUS ?\"}]},{\"@type\":\"WebSite\",\"@id\":\"https:\/\/www.acomeambiente.org\/fr\/#website\",\"url\":\"https:\/\/www.acomeambiente.org\/fr\/\",\"name\":\"Fr - MAcA - Museo A come Ambiente\",\"description\":\"Passa al MAcA, costruiamo insieme un mondo pi\u00f9 sostenibile\",\"potentialAction\":[{\"@type\":\"SearchAction\",\"target\":{\"@type\":\"EntryPoint\",\"urlTemplate\":\"https:\/\/www.acomeambiente.org\/fr\/?s={search_term_string}\"},\"query-input\":{\"@type\":\"PropertyValueSpecification\",\"valueRequired\":true,\"valueName\":\"search_term_string\"}}],\"inLanguage\":\"fr-FR\"}]}<\/script>\n<!-- \/ Yoast SEO plugin. -->","yoast_head_json":{"title":"MAcA - QUI SOMMES-NOUS ? - Fr - MAcA - Museo A come Ambiente","robots":{"index":"index","follow":"follow","max-snippet":"max-snippet:-1","max-image-preview":"max-image-preview:large","max-video-preview":"max-video-preview:-1"},"canonical":"https:\/\/www.acomeambiente.org\/fr\/maca-qui-sommes-nous\/","og_locale":"fr_FR","og_type":"article","og_title":"MAcA - QUI SOMMES-NOUS ? - Fr - MAcA - Museo A come Ambiente","og_description":"Le MAcA est un Mus\u00e9e-Laboratoire de l&rsquo;Environnement\u00a0&#8211;\u00a0\u00e0 Turin, dans le Pi\u00e9mont Le MAcA est n\u00e9 et s&rsquo;est d\u00e9velopp\u00e9 sur les bords du fleuve Dora Riparia, dans le b\u00e2timent historique\u00a0de la [...]","og_url":"https:\/\/www.acomeambiente.org\/fr\/maca-qui-sommes-nous\/","og_site_name":"Fr - MAcA - Museo A come Ambiente","article_modified_time":"2021-01-27T09:10:34+00:00","og_image":[{"url":"https:\/\/www.acomeambiente.org\/wp-content\/uploads\/2015\/03\/AcomeA_008.jpg","type":"","width":"","height":""}],"twitter_card":"summary_large_image","twitter_misc":{"Dur\u00e9e de lecture estim\u00e9e":"2 minutes"},"schema":{"@context":"https:\/\/schema.org","@graph":[{"@type":"WebPage","@id":"https:\/\/www.acomeambiente.org\/fr\/maca-qui-sommes-nous\/","url":"https:\/\/www.acomeambiente.org\/fr\/maca-qui-sommes-nous\/","name":"MAcA - QUI SOMMES-NOUS ? - Fr - MAcA - Museo A come Ambiente","isPartOf":{"@id":"https:\/\/www.acomeambiente.org\/fr\/#website"},"datePublished":"2017-06-15T08:58:25+00:00","dateModified":"2021-01-27T09:10:34+00:00","breadcrumb":{"@id":"https:\/\/www.acomeambiente.org\/fr\/maca-qui-sommes-nous\/#breadcrumb"},"inLanguage":"fr-FR","potentialAction":[{"@type":"ReadAction","target":["https:\/\/www.acomeambiente.org\/fr\/maca-qui-sommes-nous\/"]}]},{"@type":"BreadcrumbList","@id":"https:\/\/www.acomeambiente.org\/fr\/maca-qui-sommes-nous\/#breadcrumb","itemListElement":[{"@type":"ListItem","position":1,"name":"Home","item":"https:\/\/www.acomeambiente.org\/fr\/"},{"@type":"ListItem","position":2,"name":"MAcA &#8211; QUI SOMMES-NOUS ?"}]},{"@type":"WebSite","@id":"https:\/\/www.acomeambiente.org\/fr\/#website","url":"https:\/\/www.acomeambiente.org\/fr\/","name":"Fr - MAcA - Museo A come Ambiente","description":"Passa al MAcA, costruiamo insieme un mondo pi\u00f9 sostenibile","potentialAction":[{"@type":"SearchAction","target":{"@type":"EntryPoint","urlTemplate":"https:\/\/www.acomeambiente.org\/fr\/?s={search_term_string}"},"query-input":{"@type":"PropertyValueSpecification","valueRequired":true,"valueName":"search_term_string"}}],"inLanguage":"fr-FR"}]}},"_links":{"self":[{"href":"https:\/\/www.acomeambiente.org\/fr\/wp-json\/wp\/v2\/pages\/4795","targetHints":{"allow":["GET"]}}],"collection":[{"href":"https:\/\/www.acomeambiente.org\/fr\/wp-json\/wp\/v2\/pages"}],"about":[{"href":"https:\/\/www.acomeambiente.org\/fr\/wp-json\/wp\/v2\/types\/page"}],"author":[{"embeddable":true,"href":"https:\/\/www.acomeambiente.org\/fr\/wp-json\/wp\/v2\/users\/1025"}],"replies":[{"embeddable":true,"href":"https:\/\/www.acomeambiente.org\/fr\/wp-json\/wp\/v2\/comments?post=4795"}],"version-history":[{"count":16,"href":"https:\/\/www.acomeambiente.org\/fr\/wp-json\/wp\/v2\/pages\/4795\/revisions"}],"predecessor-version":[{"id":5629,"href":"https:\/\/www.acomeambiente.org\/fr\/wp-json\/wp\/v2\/pages\/4795\/revisions\/5629"}],"wp:attachment":[{"href":"https:\/\/www.acomeambiente.org\/fr\/wp-json\/wp\/v2\/media?parent=4795"}],"curies":[{"name":"wp","href":"https:\/\/api.w.org\/{rel}","templated":true}]}}