{"id":4753,"date":"2017-06-13T17:59:28","date_gmt":"2017-06-13T17:59:28","guid":{"rendered":"http:\/\/www.acomeambiente.org\/fr\/?page_id=4753"},"modified":"2017-06-13T18:00:45","modified_gmt":"2017-06-13T18:00:45","slug":"energie","status":"publish","type":"page","link":"https:\/\/www.acomeambiente.org\/fr\/energie\/","title":{"rendered":"Energie(s)"},"content":{"rendered":"<p><img decoding=\"async\" class=\"alignnone size-full wp-image-792\" src=\"http:\/\/test.acomeambiente.org\/wp-content\/uploads\/2015\/03\/AcomeA_168.jpg\" alt=\"AcomeA_168\" width=\"900\" height=\"330\" srcset=\"https:\/\/www.acomeambiente.org\/fr\/wp-content\/uploads\/sites\/2\/2015\/03\/AcomeA_168-300x110.jpg 300w, https:\/\/www.acomeambiente.org\/fr\/wp-content\/uploads\/sites\/2\/2015\/03\/AcomeA_168-600x220.jpg 600w, https:\/\/www.acomeambiente.org\/fr\/wp-content\/uploads\/sites\/2\/2015\/03\/AcomeA_168.jpg 900w\" sizes=\"(max-width: 900px) 100vw, 900px\" \/><\/p>\n<h1 class=\"entry-title\">\u00c9nergie(s)<\/h1>\n<p>Dans la vie de tous les jours, nous consommons une grande quantit\u00e9 de quelque chose qui s&rsquo;appelle \u00c9nergie, que nous ne voyons pas, mais dont la production a un impact tr\u00e8s important sur l&rsquo;environnement.\u00a0Les installations du rez-de-chauss\u00e9e du MAcA accompagnent le visiteur dans le monde (plus ou moins visible) de l&rsquo;\u00c9nergie : courant \u00e9lectrique, gaz, m\u00e9thane etc. Activit\u00e9s, Laboratoires et jeux permettent de d\u00e9couvrir comment fonctionnent les appareils domestiques, chauffages, moteurs.\u00a0C&rsquo;est quoi l&rsquo;\u00c9nergie ? Comment se forme-t-elle\u00a0? Comment l&rsquo;\u00e9connomiser\u00a0? Quelles sont les \u00e9nergies du futur ?<\/p>\n","protected":false},"excerpt":{"rendered":"<p>\u00c9nergie(s) Dans la vie de tous les jours, nous consommons une grande quantit\u00e9 de quelque chose qui s&rsquo;appelle \u00c9nergie, que nous ne voyons pas, mais dont la production a un  [&#8230;]<\/p>\n","protected":false},"author":1025,"featured_media":0,"parent":0,"menu_order":0,"comment_status":"closed","ping_status":"closed","template":"","meta":{"footnotes":""},"class_list":["post-4753","page","type-page","status-publish","hentry"],"yoast_head":"<!-- This site is optimized with the Yoast SEO plugin v26.9 - https:\/\/yoast.com\/product\/yoast-seo-wordpress\/ -->\n<title>Energie(s) - Fr - MAcA - Museo A come Ambiente<\/title>\n<meta name=\"robots\" content=\"index, follow, max-snippet:-1, max-image-preview:large, max-video-preview:-1\" \/>\n<link rel=\"canonical\" href=\"https:\/\/www.acomeambiente.org\/fr\/energie\/\" \/>\n<meta property=\"og:locale\" content=\"fr_FR\" \/>\n<meta property=\"og:type\" content=\"article\" \/>\n<meta property=\"og:title\" content=\"Energie(s) - Fr - MAcA - Museo A come Ambiente\" \/>\n<meta property=\"og:description\" content=\"\u00c9nergie(s) Dans la vie de tous les jours, nous consommons une grande quantit\u00e9 de quelque chose qui s&rsquo;appelle \u00c9nergie, que nous ne voyons pas, mais dont la production a un [...]\" \/>\n<meta property=\"og:url\" content=\"https:\/\/www.acomeambiente.org\/fr\/energie\/\" \/>\n<meta property=\"og:site_name\" content=\"Fr - MAcA - Museo A come Ambiente\" \/>\n<meta property=\"article:modified_time\" content=\"2017-06-13T18:00:45+00:00\" \/>\n<meta property=\"og:image\" content=\"http:\/\/test.acomeambiente.org\/wp-content\/uploads\/2015\/03\/AcomeA_168.jpg\" \/>\n<meta name=\"twitter:card\" content=\"summary_large_image\" \/>\n<script type=\"application\/ld+json\" class=\"yoast-schema-graph\">{\"@context\":\"https:\/\/schema.org\",\"@graph\":[{\"@type\":\"WebPage\",\"@id\":\"https:\/\/www.acomeambiente.org\/fr\/energie\/\",\"url\":\"https:\/\/www.acomeambiente.org\/fr\/energie\/\",\"name\":\"Energie(s) - Fr - MAcA - Museo A come Ambiente\",\"isPartOf\":{\"@id\":\"https:\/\/www.acomeambiente.org\/fr\/#website\"},\"primaryImageOfPage\":{\"@id\":\"https:\/\/www.acomeambiente.org\/fr\/energie\/#primaryimage\"},\"image\":{\"@id\":\"https:\/\/www.acomeambiente.org\/fr\/energie\/#primaryimage\"},\"thumbnailUrl\":\"http:\/\/test.acomeambiente.org\/wp-content\/uploads\/2015\/03\/AcomeA_168.jpg\",\"datePublished\":\"2017-06-13T17:59:28+00:00\",\"dateModified\":\"2017-06-13T18:00:45+00:00\",\"breadcrumb\":{\"@id\":\"https:\/\/www.acomeambiente.org\/fr\/energie\/#breadcrumb\"},\"inLanguage\":\"fr-FR\",\"potentialAction\":[{\"@type\":\"ReadAction\",\"target\":[\"https:\/\/www.acomeambiente.org\/fr\/energie\/\"]}]},{\"@type\":\"ImageObject\",\"inLanguage\":\"fr-FR\",\"@id\":\"https:\/\/www.acomeambiente.org\/fr\/energie\/#primaryimage\",\"url\":\"http:\/\/test.acomeambiente.org\/wp-content\/uploads\/2015\/03\/AcomeA_168.jpg\",\"contentUrl\":\"http:\/\/test.acomeambiente.org\/wp-content\/uploads\/2015\/03\/AcomeA_168.jpg\"},{\"@type\":\"BreadcrumbList\",\"@id\":\"https:\/\/www.acomeambiente.org\/fr\/energie\/#breadcrumb\",\"itemListElement\":[{\"@type\":\"ListItem\",\"position\":1,\"name\":\"Home\",\"item\":\"https:\/\/www.acomeambiente.org\/fr\/\"},{\"@type\":\"ListItem\",\"position\":2,\"name\":\"Energie(s)\"}]},{\"@type\":\"WebSite\",\"@id\":\"https:\/\/www.acomeambiente.org\/fr\/#website\",\"url\":\"https:\/\/www.acomeambiente.org\/fr\/\",\"name\":\"Fr - MAcA - Museo A come Ambiente\",\"description\":\"Passa al MAcA, costruiamo insieme un mondo pi\u00f9 sostenibile\",\"potentialAction\":[{\"@type\":\"SearchAction\",\"target\":{\"@type\":\"EntryPoint\",\"urlTemplate\":\"https:\/\/www.acomeambiente.org\/fr\/?s={search_term_string}\"},\"query-input\":{\"@type\":\"PropertyValueSpecification\",\"valueRequired\":true,\"valueName\":\"search_term_string\"}}],\"inLanguage\":\"fr-FR\"}]}<\/script>\n<!-- \/ Yoast SEO plugin. -->","yoast_head_json":{"title":"Energie(s) - Fr - MAcA - Museo A come Ambiente","robots":{"index":"index","follow":"follow","max-snippet":"max-snippet:-1","max-image-preview":"max-image-preview:large","max-video-preview":"max-video-preview:-1"},"canonical":"https:\/\/www.acomeambiente.org\/fr\/energie\/","og_locale":"fr_FR","og_type":"article","og_title":"Energie(s) - Fr - MAcA - Museo A come Ambiente","og_description":"\u00c9nergie(s) Dans la vie de tous les jours, nous consommons une grande quantit\u00e9 de quelque chose qui s&rsquo;appelle \u00c9nergie, que nous ne voyons pas, mais dont la production a un [...]","og_url":"https:\/\/www.acomeambiente.org\/fr\/energie\/","og_site_name":"Fr - MAcA - Museo A come Ambiente","article_modified_time":"2017-06-13T18:00:45+00:00","og_image":[{"url":"http:\/\/test.acomeambiente.org\/wp-content\/uploads\/2015\/03\/AcomeA_168.jpg","type":"","width":"","height":""}],"twitter_card":"summary_large_image","schema":{"@context":"https:\/\/schema.org","@graph":[{"@type":"WebPage","@id":"https:\/\/www.acomeambiente.org\/fr\/energie\/","url":"https:\/\/www.acomeambiente.org\/fr\/energie\/","name":"Energie(s) - Fr - MAcA - Museo A come Ambiente","isPartOf":{"@id":"https:\/\/www.acomeambiente.org\/fr\/#website"},"primaryImageOfPage":{"@id":"https:\/\/www.acomeambiente.org\/fr\/energie\/#primaryimage"},"image":{"@id":"https:\/\/www.acomeambiente.org\/fr\/energie\/#primaryimage"},"thumbnailUrl":"http:\/\/test.acomeambiente.org\/wp-content\/uploads\/2015\/03\/AcomeA_168.jpg","datePublished":"2017-06-13T17:59:28+00:00","dateModified":"2017-06-13T18:00:45+00:00","breadcrumb":{"@id":"https:\/\/www.acomeambiente.org\/fr\/energie\/#breadcrumb"},"inLanguage":"fr-FR","potentialAction":[{"@type":"ReadAction","target":["https:\/\/www.acomeambiente.org\/fr\/energie\/"]}]},{"@type":"ImageObject","inLanguage":"fr-FR","@id":"https:\/\/www.acomeambiente.org\/fr\/energie\/#primaryimage","url":"http:\/\/test.acomeambiente.org\/wp-content\/uploads\/2015\/03\/AcomeA_168.jpg","contentUrl":"http:\/\/test.acomeambiente.org\/wp-content\/uploads\/2015\/03\/AcomeA_168.jpg"},{"@type":"BreadcrumbList","@id":"https:\/\/www.acomeambiente.org\/fr\/energie\/#breadcrumb","itemListElement":[{"@type":"ListItem","position":1,"name":"Home","item":"https:\/\/www.acomeambiente.org\/fr\/"},{"@type":"ListItem","position":2,"name":"Energie(s)"}]},{"@type":"WebSite","@id":"https:\/\/www.acomeambiente.org\/fr\/#website","url":"https:\/\/www.acomeambiente.org\/fr\/","name":"Fr - MAcA - Museo A come Ambiente","description":"Passa al MAcA, costruiamo insieme un mondo pi\u00f9 sostenibile","potentialAction":[{"@type":"SearchAction","target":{"@type":"EntryPoint","urlTemplate":"https:\/\/www.acomeambiente.org\/fr\/?s={search_term_string}"},"query-input":{"@type":"PropertyValueSpecification","valueRequired":true,"valueName":"search_term_string"}}],"inLanguage":"fr-FR"}]}},"_links":{"self":[{"href":"https:\/\/www.acomeambiente.org\/fr\/wp-json\/wp\/v2\/pages\/4753","targetHints":{"allow":["GET"]}}],"collection":[{"href":"https:\/\/www.acomeambiente.org\/fr\/wp-json\/wp\/v2\/pages"}],"about":[{"href":"https:\/\/www.acomeambiente.org\/fr\/wp-json\/wp\/v2\/types\/page"}],"author":[{"embeddable":true,"href":"https:\/\/www.acomeambiente.org\/fr\/wp-json\/wp\/v2\/users\/1025"}],"replies":[{"embeddable":true,"href":"https:\/\/www.acomeambiente.org\/fr\/wp-json\/wp\/v2\/comments?post=4753"}],"version-history":[{"count":2,"href":"https:\/\/www.acomeambiente.org\/fr\/wp-json\/wp\/v2\/pages\/4753\/revisions"}],"predecessor-version":[{"id":4756,"href":"https:\/\/www.acomeambiente.org\/fr\/wp-json\/wp\/v2\/pages\/4753\/revisions\/4756"}],"wp:attachment":[{"href":"https:\/\/www.acomeambiente.org\/fr\/wp-json\/wp\/v2\/media?parent=4753"}],"curies":[{"name":"wp","href":"https:\/\/api.w.org\/{rel}","templated":true}]}}