{"id":4749,"date":"2017-06-13T17:45:28","date_gmt":"2017-06-13T17:45:28","guid":{"rendered":"http:\/\/www.acomeambiente.org\/fr\/?page_id=4749"},"modified":"2020-10-13T14:13:13","modified_gmt":"2020-10-13T14:13:13","slug":"les-themes","status":"publish","type":"page","link":"https:\/\/www.acomeambiente.org\/fr\/explore\/les-themes\/","title":{"rendered":"Les th\u00e8mes"},"content":{"rendered":"<p><a href=\"\/wp-content\/uploads\/2015\/03\/AcomeA_146.jpg\"><img decoding=\"async\" class=\"alignnone size-full wp-image-241\" src=\"\/wp-content\/uploads\/2015\/03\/AcomeA_146.jpg\" alt=\"Museo A come Ambiente\" width=\"900\" height=\"330\" srcset=\"https:\/\/www.acomeambiente.org\/fr\/wp-content\/uploads\/sites\/2\/2015\/03\/AcomeA_146-300x110.jpg 300w, https:\/\/www.acomeambiente.org\/fr\/wp-content\/uploads\/sites\/2\/2015\/03\/AcomeA_146-600x220.jpg 600w, https:\/\/www.acomeambiente.org\/fr\/wp-content\/uploads\/sites\/2\/2015\/03\/AcomeA_146.jpg 900w\" sizes=\"(max-width: 900px) 100vw, 900px\" \/><\/a><\/p>\n<h1 class=\"entry-title\">LES TH\u00c8MES<\/h1>\n<p>Comment fonctionne le monde qui nous entoure\u00a0? Qu&rsquo;est-ce que\u00a0l&rsquo;\u00e9nergie ? Et le cycle de l&rsquo;eau\u00a0? O\u00f9 finissent les d\u00e9chets ? Et comment pouvons-nous les r\u00e9utiliser ?<br \/>\nQuelques questions\u00a0pour nous mettre \u00e0 la recherche de r\u00e9ponses aux petites et grandes questions qui regardent le fonctionnement de l&rsquo;environnement &#8211; dont nous faisons int\u00e9gralement partie, et qui, par d\u00e9finition, nous entoure chaque jour.<\/p>\n<p><b><a href=\"\/acqua\/\">EAU<\/a>\u00a0<\/b>: un liquide, un solide, un gaz.\u00a0Tant de formes pour une unique substance, essentielle pour nous et pour notre Plan\u00e8te.<\/p>\n<p><b><a href=\"\/visite\/les-espaces-du-musees\/palazzina-storica\/les-dechets\/\">D\u00c9CHETS<\/a>\u00a0<\/b>:\u00a0du supermarch\u00e9 \u00e0 notre maison, de notre maison \u00e0 la poubelle, de la poubelle \u00e0 une nouvelle vie :\u00a0ne disons plus \u00ab\u00a0D\u00e9chets\u00a0\u00bb mais \u00ab\u00a0ressources pour une vie meilleure\u00a0\u00bb.<\/p>\n<p><strong><a href=\"\/visite\/les-espaces-du-musees\/palazzina-storica\/energia\/\">\u00c9NERGIE(S) ET CLIMAT<\/a>\u00a0<\/strong>: sans \u00e9nergie, aucune vie possible. Et pourtant, un usage des \u00e9nergies non durables\u00a0alt\u00e8re le climat et, avec lui, de nombreux aspects de notre Plan\u00e8te. Nos comportements jouent un r\u00f4le important. Quel est notre \u00ab\u00a0impact environnemental\u00a0\u00bb personnel sur la Terre ?<\/p>\n<p><strong><a href=\"\/visite\/les-espaces-du-musees\/palazzina-storica\/alimentation\/\">ALIMENTATION<\/a>\u00a0<\/strong>: la nourriture est environnement. Savons-nous ce que nous mangeons et d&rsquo;o\u00f9 provient la nourriture qui arrive dans nos assiettes ?<\/p>\n<p><strong><a href=\"\/visite\/ecoles\/transports\/\">TRANSPORTS<\/a>\u00a0<\/strong>: Tant de fa\u00e7ons de se d\u00e9placer, tant de moyens de transports. Quel est le futur de la mobilit\u00e9 durable ? V\u00e9lo, autobus, tramway, m\u00e9tro, train&#8230; Ou bien encore, l&rsquo;automobile : peut-elle-\u00eatre partag\u00e9e, peut-elle-\u00eatre prise\u00a0en groupe ?<\/p>\n","protected":false},"excerpt":{"rendered":"<p>LES TH\u00c8MES Comment fonctionne le monde qui nous entoure\u00a0? Qu&rsquo;est-ce que\u00a0l&rsquo;\u00e9nergie ? Et le cycle de l&rsquo;eau\u00a0? O\u00f9 finissent les d\u00e9chets ? Et comment pouvons-nous les r\u00e9utiliser ? Quelques questions\u00a0pour  [&#8230;]<\/p>\n","protected":false},"author":1025,"featured_media":0,"parent":4737,"menu_order":0,"comment_status":"closed","ping_status":"closed","template":"","meta":{"footnotes":""},"class_list":["post-4749","page","type-page","status-publish","hentry"],"yoast_head":"<!-- This site is optimized with the Yoast SEO plugin v26.9 - https:\/\/yoast.com\/product\/yoast-seo-wordpress\/ -->\n<title>Les th\u00e8mes - Fr - MAcA - Museo A come Ambiente<\/title>\n<meta name=\"robots\" content=\"index, follow, max-snippet:-1, max-image-preview:large, max-video-preview:-1\" \/>\n<link rel=\"canonical\" href=\"https:\/\/www.acomeambiente.org\/fr\/explore\/les-themes\/\" \/>\n<meta property=\"og:locale\" content=\"fr_FR\" \/>\n<meta property=\"og:type\" content=\"article\" \/>\n<meta property=\"og:title\" content=\"Les th\u00e8mes - Fr - MAcA - Museo A come Ambiente\" \/>\n<meta property=\"og:description\" content=\"LES TH\u00c8MES Comment fonctionne le monde qui nous entoure\u00a0? Qu&rsquo;est-ce que\u00a0l&rsquo;\u00e9nergie ? Et le cycle de l&rsquo;eau\u00a0? O\u00f9 finissent les d\u00e9chets ? Et comment pouvons-nous les r\u00e9utiliser ? Quelques questions\u00a0pour [...]\" \/>\n<meta property=\"og:url\" content=\"https:\/\/www.acomeambiente.org\/fr\/explore\/les-themes\/\" \/>\n<meta property=\"og:site_name\" content=\"Fr - MAcA - Museo A come Ambiente\" \/>\n<meta property=\"article:modified_time\" content=\"2020-10-13T14:13:13+00:00\" \/>\n<meta property=\"og:image\" content=\"https:\/\/www.acomeambiente.org\/wp-content\/uploads\/2015\/03\/AcomeA_146.jpg\" \/>\n<meta name=\"twitter:card\" content=\"summary_large_image\" \/>\n<meta name=\"twitter:label1\" content=\"Dur\u00e9e de lecture estim\u00e9e\" \/>\n\t<meta name=\"twitter:data1\" content=\"1 minute\" \/>\n<script type=\"application\/ld+json\" class=\"yoast-schema-graph\">{\"@context\":\"https:\/\/schema.org\",\"@graph\":[{\"@type\":\"WebPage\",\"@id\":\"https:\/\/www.acomeambiente.org\/fr\/explore\/les-themes\/\",\"url\":\"https:\/\/www.acomeambiente.org\/fr\/explore\/les-themes\/\",\"name\":\"Les th\u00e8mes - Fr - MAcA - Museo A come Ambiente\",\"isPartOf\":{\"@id\":\"https:\/\/www.acomeambiente.org\/fr\/#website\"},\"datePublished\":\"2017-06-13T17:45:28+00:00\",\"dateModified\":\"2020-10-13T14:13:13+00:00\",\"breadcrumb\":{\"@id\":\"https:\/\/www.acomeambiente.org\/fr\/explore\/les-themes\/#breadcrumb\"},\"inLanguage\":\"fr-FR\",\"potentialAction\":[{\"@type\":\"ReadAction\",\"target\":[\"https:\/\/www.acomeambiente.org\/fr\/explore\/les-themes\/\"]}]},{\"@type\":\"BreadcrumbList\",\"@id\":\"https:\/\/www.acomeambiente.org\/fr\/explore\/les-themes\/#breadcrumb\",\"itemListElement\":[{\"@type\":\"ListItem\",\"position\":1,\"name\":\"Home\",\"item\":\"https:\/\/www.acomeambiente.org\/fr\/\"},{\"@type\":\"ListItem\",\"position\":2,\"name\":\"Explore\",\"item\":\"https:\/\/www.acomeambiente.org\/fr\/explore\/\"},{\"@type\":\"ListItem\",\"position\":3,\"name\":\"Les th\u00e8mes\"}]},{\"@type\":\"WebSite\",\"@id\":\"https:\/\/www.acomeambiente.org\/fr\/#website\",\"url\":\"https:\/\/www.acomeambiente.org\/fr\/\",\"name\":\"Fr - MAcA - Museo A come Ambiente\",\"description\":\"Passa al MAcA, costruiamo insieme un mondo pi\u00f9 sostenibile\",\"potentialAction\":[{\"@type\":\"SearchAction\",\"target\":{\"@type\":\"EntryPoint\",\"urlTemplate\":\"https:\/\/www.acomeambiente.org\/fr\/?s={search_term_string}\"},\"query-input\":{\"@type\":\"PropertyValueSpecification\",\"valueRequired\":true,\"valueName\":\"search_term_string\"}}],\"inLanguage\":\"fr-FR\"}]}<\/script>\n<!-- \/ Yoast SEO plugin. -->","yoast_head_json":{"title":"Les th\u00e8mes - Fr - MAcA - Museo A come Ambiente","robots":{"index":"index","follow":"follow","max-snippet":"max-snippet:-1","max-image-preview":"max-image-preview:large","max-video-preview":"max-video-preview:-1"},"canonical":"https:\/\/www.acomeambiente.org\/fr\/explore\/les-themes\/","og_locale":"fr_FR","og_type":"article","og_title":"Les th\u00e8mes - Fr - MAcA - Museo A come Ambiente","og_description":"LES TH\u00c8MES Comment fonctionne le monde qui nous entoure\u00a0? Qu&rsquo;est-ce que\u00a0l&rsquo;\u00e9nergie ? Et le cycle de l&rsquo;eau\u00a0? O\u00f9 finissent les d\u00e9chets ? Et comment pouvons-nous les r\u00e9utiliser ? Quelques questions\u00a0pour [...]","og_url":"https:\/\/www.acomeambiente.org\/fr\/explore\/les-themes\/","og_site_name":"Fr - MAcA - Museo A come Ambiente","article_modified_time":"2020-10-13T14:13:13+00:00","og_image":[{"url":"https:\/\/www.acomeambiente.org\/wp-content\/uploads\/2015\/03\/AcomeA_146.jpg","type":"","width":"","height":""}],"twitter_card":"summary_large_image","twitter_misc":{"Dur\u00e9e de lecture estim\u00e9e":"1 minute"},"schema":{"@context":"https:\/\/schema.org","@graph":[{"@type":"WebPage","@id":"https:\/\/www.acomeambiente.org\/fr\/explore\/les-themes\/","url":"https:\/\/www.acomeambiente.org\/fr\/explore\/les-themes\/","name":"Les th\u00e8mes - Fr - MAcA - Museo A come Ambiente","isPartOf":{"@id":"https:\/\/www.acomeambiente.org\/fr\/#website"},"datePublished":"2017-06-13T17:45:28+00:00","dateModified":"2020-10-13T14:13:13+00:00","breadcrumb":{"@id":"https:\/\/www.acomeambiente.org\/fr\/explore\/les-themes\/#breadcrumb"},"inLanguage":"fr-FR","potentialAction":[{"@type":"ReadAction","target":["https:\/\/www.acomeambiente.org\/fr\/explore\/les-themes\/"]}]},{"@type":"BreadcrumbList","@id":"https:\/\/www.acomeambiente.org\/fr\/explore\/les-themes\/#breadcrumb","itemListElement":[{"@type":"ListItem","position":1,"name":"Home","item":"https:\/\/www.acomeambiente.org\/fr\/"},{"@type":"ListItem","position":2,"name":"Explore","item":"https:\/\/www.acomeambiente.org\/fr\/explore\/"},{"@type":"ListItem","position":3,"name":"Les th\u00e8mes"}]},{"@type":"WebSite","@id":"https:\/\/www.acomeambiente.org\/fr\/#website","url":"https:\/\/www.acomeambiente.org\/fr\/","name":"Fr - MAcA - Museo A come Ambiente","description":"Passa al MAcA, costruiamo insieme un mondo pi\u00f9 sostenibile","potentialAction":[{"@type":"SearchAction","target":{"@type":"EntryPoint","urlTemplate":"https:\/\/www.acomeambiente.org\/fr\/?s={search_term_string}"},"query-input":{"@type":"PropertyValueSpecification","valueRequired":true,"valueName":"search_term_string"}}],"inLanguage":"fr-FR"}]}},"_links":{"self":[{"href":"https:\/\/www.acomeambiente.org\/fr\/wp-json\/wp\/v2\/pages\/4749","targetHints":{"allow":["GET"]}}],"collection":[{"href":"https:\/\/www.acomeambiente.org\/fr\/wp-json\/wp\/v2\/pages"}],"about":[{"href":"https:\/\/www.acomeambiente.org\/fr\/wp-json\/wp\/v2\/types\/page"}],"author":[{"embeddable":true,"href":"https:\/\/www.acomeambiente.org\/fr\/wp-json\/wp\/v2\/users\/1025"}],"replies":[{"embeddable":true,"href":"https:\/\/www.acomeambiente.org\/fr\/wp-json\/wp\/v2\/comments?post=4749"}],"version-history":[{"count":7,"href":"https:\/\/www.acomeambiente.org\/fr\/wp-json\/wp\/v2\/pages\/4749\/revisions"}],"predecessor-version":[{"id":4955,"href":"https:\/\/www.acomeambiente.org\/fr\/wp-json\/wp\/v2\/pages\/4749\/revisions\/4955"}],"up":[{"embeddable":true,"href":"https:\/\/www.acomeambiente.org\/fr\/wp-json\/wp\/v2\/pages\/4737"}],"wp:attachment":[{"href":"https:\/\/www.acomeambiente.org\/fr\/wp-json\/wp\/v2\/media?parent=4749"}],"curies":[{"name":"wp","href":"https:\/\/api.w.org\/{rel}","templated":true}]}}