{"id":4743,"date":"2017-06-13T16:30:53","date_gmt":"2017-06-13T16:30:53","guid":{"rendered":"http:\/\/www.acomeambiente.org\/fr\/?page_id=4743"},"modified":"2024-09-23T14:37:12","modified_gmt":"2024-09-23T14:37:12","slug":"offre-didactique","status":"publish","type":"page","link":"https:\/\/www.acomeambiente.org\/fr\/offre-didactique\/","title":{"rendered":"Offre didactique"},"content":{"rendered":"<p><img decoding=\"async\" class=\"alignnone wp-image-240 size-full\" src=\"\/wp-content\/uploads\/2015\/03\/AcomeA_141.jpg\" alt=\"Scuole\" width=\"900\" height=\"330\" srcset=\"https:\/\/www.acomeambiente.org\/fr\/wp-content\/uploads\/sites\/2\/2015\/03\/AcomeA_141-300x110.jpg 300w, https:\/\/www.acomeambiente.org\/fr\/wp-content\/uploads\/sites\/2\/2015\/03\/AcomeA_141-600x220.jpg 600w, https:\/\/www.acomeambiente.org\/fr\/wp-content\/uploads\/sites\/2\/2015\/03\/AcomeA_141.jpg 900w\" sizes=\"(max-width: 900px) 100vw, 900px\" \/><\/p>\n<h1 class=\"entry-title\">Offre Didactique<\/h1>\n<p>L&rsquo;offre didactique du Mus\u00e9e A come Ambiente (<em>E comme Environnement<\/em>) est structur\u00e9e selon les modalit\u00e9s suivantes:<\/p>\n<ul>\n<li><strong>Aires th\u00e9matiques<\/strong> : parcours interactifs dans les aires d&rsquo;exposition du Mus\u00e9e (Eau, D\u00e9chets, \u00c9nergie, Alimentation).<\/li>\n<li><strong>Laboratoires scientifiques<\/strong>: activit\u00e9s didactiques d&rsquo;exp\u00e9riences de laboratoire (t\u00e9l\u00e9chargez le livret didactique 2016\/17) s&rsquo;ins\u00e9rant dans les programmes de formations nationales (t\u00e9l\u00e9chargez les Directives du Guide d&rsquo;\u00c9ducation \u00e0 l&rsquo;Environnement)\n<ul>\n<li><a href=\"\/fr\/acqua\/\">EAU<\/a><\/li>\n<li><a href=\"\/fr\/visite\/les-espaces-du-musees\/palazzina-storica\/les-dechets\/\">D\u00c9CHETS<\/a><\/li>\n<li><a href=\"\/fr\/visite\/les-espaces-du-musees\/palazzina-storica\/energia\/\">\u00c9NERGIE<\/a><\/li>\n<li><a href=\"\/fr\/visite\/les-espaces-du-musees\/palazzina-storica\/alimentation\/\">ALIMENTATION<\/a><\/li>\n<li><a href=\"\/fr\/transports\/\">TRANSPORTS<\/a><\/li>\n<li><a href=\"\/visite\/ecoles\/environnement-360\/\">ENVIRONNEMENT\u00a0360\u00b0<\/a><\/li>\n<\/ul>\n<\/li>\n<li><strong>Laboratoires de cr\u00e9ativit\u00e9 manuelle:<\/strong> activit\u00e9 pour jouer et construire \u00e0 travers une r\u00e9-utilisation inventive des d\u00e9chets, en offrant une seconde vie aux mat\u00e9riaux.<\/li>\n<li><strong>Visites des installations <\/strong>: visites guid\u00e9es de Centres de Recherches et des installations des Soci\u00e9taires du Mus\u00e9e A come Ambiente. Les activit\u00e9s sont modulables par tranche d&rsquo;\u00e2ge et peuvent \u00eatre adapt\u00e9es aux \u00e9l\u00e8ves de tous niveaux scolaires.<\/li>\n<\/ul>\n<p>Les activit\u00e9s sont modulables par tranche d&rsquo;\u00e2ge et peuvent \u00eatre adapt\u00e9es aux \u00e9l\u00e8ves de tous niveaux scolaires.<\/p>\n<p>Chaque activit\u00e9 est conduite par un &lsquo;Pilote&rsquo;, ou\u00a0animateur scientifique, pour une dur\u00e9e d&rsquo;une heure et demi.<br \/>\nA la visite d&rsquo;une aire th\u00e9matique, il est possible de <strong>coupler d&rsquo;autres activit\u00e9s et d&rsquo;autres parcours<\/strong>, afin de transformer l&rsquo;exp\u00e9rience au MAcA en une grande et amusante \u00ab\u00a0full immersion\u00a0\u00bb dans l&rsquo;environnement.<\/p>\n<p><img decoding=\"async\" class=\"alignnone size-full wp-image-2049\" src=\"\/wp-content\/uploads\/2015\/11\/post-it1.png\" alt=\"post-it\" width=\"850\" height=\"356\" srcset=\"https:\/\/www.acomeambiente.org\/fr\/wp-content\/uploads\/sites\/2\/2015\/11\/post-it1-300x126.png 300w, https:\/\/www.acomeambiente.org\/fr\/wp-content\/uploads\/sites\/2\/2015\/11\/post-it1-600x251.png 600w, https:\/\/www.acomeambiente.org\/fr\/wp-content\/uploads\/sites\/2\/2015\/11\/post-it1.png 850w\" sizes=\"(max-width: 850px) 100vw, 850px\" \/><\/p>\n<h2>Nous vous attendons nombreux pour l&rsquo;Open Day &#8211;\u00a0fin septembre 2017 ! &#8211; date \u00e0 pr\u00e9ciser<\/h2>\n","protected":false},"excerpt":{"rendered":"<p>Offre Didactique L&rsquo;offre didactique du Mus\u00e9e A come Ambiente (E comme Environnement) est structur\u00e9e selon les modalit\u00e9s suivantes: Aires th\u00e9matiques : parcours interactifs dans les aires d&rsquo;exposition du Mus\u00e9e (Eau,  [&#8230;]<\/p>\n","protected":false},"author":1025,"featured_media":0,"parent":0,"menu_order":0,"comment_status":"closed","ping_status":"closed","template":"","meta":{"footnotes":""},"class_list":["post-4743","page","type-page","status-publish","hentry"],"yoast_head":"<!-- This site is optimized with the Yoast SEO plugin v26.9 - https:\/\/yoast.com\/product\/yoast-seo-wordpress\/ -->\n<title>Offre didactique - Fr - MAcA - Museo A come Ambiente<\/title>\n<meta name=\"robots\" content=\"index, follow, max-snippet:-1, max-image-preview:large, max-video-preview:-1\" \/>\n<link rel=\"canonical\" href=\"https:\/\/www.acomeambiente.org\/fr\/offre-didactique\/\" \/>\n<meta property=\"og:locale\" content=\"fr_FR\" \/>\n<meta property=\"og:type\" content=\"article\" \/>\n<meta property=\"og:title\" content=\"Offre didactique - Fr - MAcA - Museo A come Ambiente\" \/>\n<meta property=\"og:description\" content=\"Offre Didactique L&rsquo;offre didactique du Mus\u00e9e A come Ambiente (E comme Environnement) est structur\u00e9e selon les modalit\u00e9s suivantes: Aires th\u00e9matiques : parcours interactifs dans les aires d&rsquo;exposition du Mus\u00e9e (Eau, [...]\" \/>\n<meta property=\"og:url\" content=\"https:\/\/www.acomeambiente.org\/fr\/offre-didactique\/\" \/>\n<meta property=\"og:site_name\" content=\"Fr - MAcA - Museo A come Ambiente\" \/>\n<meta property=\"article:modified_time\" content=\"2024-09-23T14:37:12+00:00\" \/>\n<meta property=\"og:image\" content=\"https:\/\/www.acomeambiente.org\/wp-content\/uploads\/2015\/03\/AcomeA_141.jpg\" \/>\n<meta name=\"twitter:card\" content=\"summary_large_image\" \/>\n<meta name=\"twitter:label1\" content=\"Dur\u00e9e de lecture estim\u00e9e\" \/>\n\t<meta name=\"twitter:data1\" content=\"1 minute\" \/>\n<script type=\"application\/ld+json\" class=\"yoast-schema-graph\">{\"@context\":\"https:\/\/schema.org\",\"@graph\":[{\"@type\":\"WebPage\",\"@id\":\"https:\/\/www.acomeambiente.org\/fr\/offre-didactique\/\",\"url\":\"https:\/\/www.acomeambiente.org\/fr\/offre-didactique\/\",\"name\":\"Offre didactique - Fr - MAcA - Museo A come Ambiente\",\"isPartOf\":{\"@id\":\"https:\/\/www.acomeambiente.org\/fr\/#website\"},\"datePublished\":\"2017-06-13T16:30:53+00:00\",\"dateModified\":\"2024-09-23T14:37:12+00:00\",\"breadcrumb\":{\"@id\":\"https:\/\/www.acomeambiente.org\/fr\/offre-didactique\/#breadcrumb\"},\"inLanguage\":\"fr-FR\",\"potentialAction\":[{\"@type\":\"ReadAction\",\"target\":[\"https:\/\/www.acomeambiente.org\/fr\/offre-didactique\/\"]}]},{\"@type\":\"BreadcrumbList\",\"@id\":\"https:\/\/www.acomeambiente.org\/fr\/offre-didactique\/#breadcrumb\",\"itemListElement\":[{\"@type\":\"ListItem\",\"position\":1,\"name\":\"Home\",\"item\":\"https:\/\/www.acomeambiente.org\/fr\/\"},{\"@type\":\"ListItem\",\"position\":2,\"name\":\"Offre didactique\"}]},{\"@type\":\"WebSite\",\"@id\":\"https:\/\/www.acomeambiente.org\/fr\/#website\",\"url\":\"https:\/\/www.acomeambiente.org\/fr\/\",\"name\":\"Fr - MAcA - Museo A come Ambiente\",\"description\":\"Passa al MAcA, costruiamo insieme un mondo pi\u00f9 sostenibile\",\"potentialAction\":[{\"@type\":\"SearchAction\",\"target\":{\"@type\":\"EntryPoint\",\"urlTemplate\":\"https:\/\/www.acomeambiente.org\/fr\/?s={search_term_string}\"},\"query-input\":{\"@type\":\"PropertyValueSpecification\",\"valueRequired\":true,\"valueName\":\"search_term_string\"}}],\"inLanguage\":\"fr-FR\"}]}<\/script>\n<!-- \/ Yoast SEO plugin. -->","yoast_head_json":{"title":"Offre didactique - Fr - MAcA - Museo A come Ambiente","robots":{"index":"index","follow":"follow","max-snippet":"max-snippet:-1","max-image-preview":"max-image-preview:large","max-video-preview":"max-video-preview:-1"},"canonical":"https:\/\/www.acomeambiente.org\/fr\/offre-didactique\/","og_locale":"fr_FR","og_type":"article","og_title":"Offre didactique - Fr - MAcA - Museo A come Ambiente","og_description":"Offre Didactique L&rsquo;offre didactique du Mus\u00e9e A come Ambiente (E comme Environnement) est structur\u00e9e selon les modalit\u00e9s suivantes: Aires th\u00e9matiques : parcours interactifs dans les aires d&rsquo;exposition du Mus\u00e9e (Eau, [...]","og_url":"https:\/\/www.acomeambiente.org\/fr\/offre-didactique\/","og_site_name":"Fr - MAcA - Museo A come Ambiente","article_modified_time":"2024-09-23T14:37:12+00:00","og_image":[{"url":"https:\/\/www.acomeambiente.org\/wp-content\/uploads\/2015\/03\/AcomeA_141.jpg","type":"","width":"","height":""}],"twitter_card":"summary_large_image","twitter_misc":{"Dur\u00e9e de lecture estim\u00e9e":"1 minute"},"schema":{"@context":"https:\/\/schema.org","@graph":[{"@type":"WebPage","@id":"https:\/\/www.acomeambiente.org\/fr\/offre-didactique\/","url":"https:\/\/www.acomeambiente.org\/fr\/offre-didactique\/","name":"Offre didactique - Fr - MAcA - Museo A come Ambiente","isPartOf":{"@id":"https:\/\/www.acomeambiente.org\/fr\/#website"},"datePublished":"2017-06-13T16:30:53+00:00","dateModified":"2024-09-23T14:37:12+00:00","breadcrumb":{"@id":"https:\/\/www.acomeambiente.org\/fr\/offre-didactique\/#breadcrumb"},"inLanguage":"fr-FR","potentialAction":[{"@type":"ReadAction","target":["https:\/\/www.acomeambiente.org\/fr\/offre-didactique\/"]}]},{"@type":"BreadcrumbList","@id":"https:\/\/www.acomeambiente.org\/fr\/offre-didactique\/#breadcrumb","itemListElement":[{"@type":"ListItem","position":1,"name":"Home","item":"https:\/\/www.acomeambiente.org\/fr\/"},{"@type":"ListItem","position":2,"name":"Offre didactique"}]},{"@type":"WebSite","@id":"https:\/\/www.acomeambiente.org\/fr\/#website","url":"https:\/\/www.acomeambiente.org\/fr\/","name":"Fr - MAcA - Museo A come Ambiente","description":"Passa al MAcA, costruiamo insieme un mondo pi\u00f9 sostenibile","potentialAction":[{"@type":"SearchAction","target":{"@type":"EntryPoint","urlTemplate":"https:\/\/www.acomeambiente.org\/fr\/?s={search_term_string}"},"query-input":{"@type":"PropertyValueSpecification","valueRequired":true,"valueName":"search_term_string"}}],"inLanguage":"fr-FR"}]}},"_links":{"self":[{"href":"https:\/\/www.acomeambiente.org\/fr\/wp-json\/wp\/v2\/pages\/4743","targetHints":{"allow":["GET"]}}],"collection":[{"href":"https:\/\/www.acomeambiente.org\/fr\/wp-json\/wp\/v2\/pages"}],"about":[{"href":"https:\/\/www.acomeambiente.org\/fr\/wp-json\/wp\/v2\/types\/page"}],"author":[{"embeddable":true,"href":"https:\/\/www.acomeambiente.org\/fr\/wp-json\/wp\/v2\/users\/1025"}],"replies":[{"embeddable":true,"href":"https:\/\/www.acomeambiente.org\/fr\/wp-json\/wp\/v2\/comments?post=4743"}],"version-history":[{"count":9,"href":"https:\/\/www.acomeambiente.org\/fr\/wp-json\/wp\/v2\/pages\/4743\/revisions"}],"predecessor-version":[{"id":5357,"href":"https:\/\/www.acomeambiente.org\/fr\/wp-json\/wp\/v2\/pages\/4743\/revisions\/5357"}],"wp:attachment":[{"href":"https:\/\/www.acomeambiente.org\/fr\/wp-json\/wp\/v2\/media?parent=4743"}],"curies":[{"name":"wp","href":"https:\/\/api.w.org\/{rel}","templated":true}]}}