{"id":4737,"date":"2017-06-13T16:15:57","date_gmt":"2017-06-13T16:15:57","guid":{"rendered":"http:\/\/www.acomeambiente.org\/fr\/?page_id=4737"},"modified":"2021-01-20T14:00:02","modified_gmt":"2021-01-20T14:00:02","slug":"explore","status":"publish","type":"page","link":"https:\/\/www.acomeambiente.org\/fr\/explore\/","title":{"rendered":"Explore"},"content":{"rendered":"<p><div class=\"fusion-fullwidth fullwidth-box fusion-builder-row-1 hundred-percent-fullwidth non-hundred-percent-height-scrolling\" style=\"--awb-border-radius-top-left:0px;--awb-border-radius-top-right:0px;--awb-border-radius-bottom-right:0px;--awb-border-radius-bottom-left:0px;--awb-overflow:visible;--awb-flex-wrap:wrap;\" ><\/div><div class=\"fusion-builder-row fusion-row\"><\/div><div class=\"fusion-layout-column fusion_builder_column fusion-builder-column-0 fusion_builder_column_1_1 1_1 fusion-one-full fusion-column-first fusion-column-last fusion-column-no-min-height\" style=\"--awb-bg-size:cover;--awb-margin-bottom:0px;width:100%;\"><div class=\"fusion-column-wrapper fusion-flex-column-wrapper-legacy\"><div class=\"fusion-clearfix\"><\/div><\/div><\/div><div class=\"fusion-text fusion-text-1\"><\/div><img decoding=\"async\" class=\"alignnone size-full wp-image-247\" src=\"http:\/\/test.acomeambiente.org\/wp-content\/uploads\/2015\/03\/AcomeA_226.jpg\" alt=\"Esplora\" width=\"900\" height=\"330\" srcset=\"https:\/\/www.acomeambiente.org\/fr\/wp-content\/uploads\/sites\/2\/2015\/03\/AcomeA_226-300x110.jpg 300w, https:\/\/www.acomeambiente.org\/fr\/wp-content\/uploads\/sites\/2\/2015\/03\/AcomeA_226-600x220.jpg 600w, https:\/\/www.acomeambiente.org\/fr\/wp-content\/uploads\/sites\/2\/2015\/03\/AcomeA_226.jpg 900w\" sizes=\"(max-width: 900px) 100vw, 900px\" \/><\/p>\n<h1 class=\"entry-title\">Explore, joue et d\u00e9couvre !<\/h1>\n<p>Au MAcA, gr\u00e2ce \u00e0 des activit\u00e9s ludiques et des approfondissements, nous jetons un \u0153il attentif \u00e0 l&rsquo;environnement qui nous entoure dont nous faisons enti\u00e9rement partie, pour comprendre quels choix nous pouvons faire pour laisser aux g\u00e9n\u00e9rations futures un monde qui vaille la peine d&rsquo;\u00eatre habit\u00e9.<\/p>\n","protected":false},"excerpt":{"rendered":"<p>Explore, joue et d\u00e9couvre ! Au MAcA, gr\u00e2ce \u00e0 des activit\u00e9s ludiques et des approfondissements, nous jetons un \u0153il attentif \u00e0 l&rsquo;environnement qui nous entoure dont nous faisons enti\u00e9rement partie,  [&#8230;]<\/p>\n","protected":false},"author":1025,"featured_media":0,"parent":0,"menu_order":0,"comment_status":"closed","ping_status":"closed","template":"","meta":{"footnotes":""},"class_list":["post-4737","page","type-page","status-publish","hentry"],"yoast_head":"<!-- This site is optimized with the Yoast SEO plugin v26.9 - https:\/\/yoast.com\/product\/yoast-seo-wordpress\/ -->\n<title>Explore - Fr - MAcA - Museo A come Ambiente<\/title>\n<meta name=\"robots\" content=\"index, follow, max-snippet:-1, max-image-preview:large, max-video-preview:-1\" \/>\n<link rel=\"canonical\" href=\"https:\/\/www.acomeambiente.org\/fr\/explore\/\" \/>\n<meta property=\"og:locale\" content=\"fr_FR\" \/>\n<meta property=\"og:type\" content=\"article\" \/>\n<meta property=\"og:title\" content=\"Explore - Fr - MAcA - Museo A come Ambiente\" \/>\n<meta property=\"og:description\" content=\"Explore, joue et d\u00e9couvre ! Au MAcA, gr\u00e2ce \u00e0 des activit\u00e9s ludiques et des approfondissements, nous jetons un \u0153il attentif \u00e0 l&rsquo;environnement qui nous entoure dont nous faisons enti\u00e9rement partie, [...]\" \/>\n<meta property=\"og:url\" content=\"https:\/\/www.acomeambiente.org\/fr\/explore\/\" \/>\n<meta property=\"og:site_name\" content=\"Fr - MAcA - Museo A come Ambiente\" \/>\n<meta property=\"article:modified_time\" content=\"2021-01-20T14:00:02+00:00\" \/>\n<meta property=\"og:image\" content=\"http:\/\/test.acomeambiente.org\/wp-content\/uploads\/2015\/03\/AcomeA_226.jpg\" \/>\n<meta name=\"twitter:card\" content=\"summary_large_image\" \/>\n<meta name=\"twitter:label1\" content=\"Dur\u00e9e de lecture estim\u00e9e\" \/>\n\t<meta name=\"twitter:data1\" content=\"1 minute\" \/>\n<script type=\"application\/ld+json\" class=\"yoast-schema-graph\">{\"@context\":\"https:\/\/schema.org\",\"@graph\":[{\"@type\":\"WebPage\",\"@id\":\"https:\/\/www.acomeambiente.org\/fr\/explore\/\",\"url\":\"https:\/\/www.acomeambiente.org\/fr\/explore\/\",\"name\":\"Explore - Fr - MAcA - Museo A come Ambiente\",\"isPartOf\":{\"@id\":\"https:\/\/www.acomeambiente.org\/fr\/#website\"},\"primaryImageOfPage\":{\"@id\":\"https:\/\/www.acomeambiente.org\/fr\/explore\/#primaryimage\"},\"image\":{\"@id\":\"https:\/\/www.acomeambiente.org\/fr\/explore\/#primaryimage\"},\"thumbnailUrl\":\"http:\/\/test.acomeambiente.org\/wp-content\/uploads\/2015\/03\/AcomeA_226.jpg\",\"datePublished\":\"2017-06-13T16:15:57+00:00\",\"dateModified\":\"2021-01-20T14:00:02+00:00\",\"breadcrumb\":{\"@id\":\"https:\/\/www.acomeambiente.org\/fr\/explore\/#breadcrumb\"},\"inLanguage\":\"fr-FR\",\"potentialAction\":[{\"@type\":\"ReadAction\",\"target\":[\"https:\/\/www.acomeambiente.org\/fr\/explore\/\"]}]},{\"@type\":\"ImageObject\",\"inLanguage\":\"fr-FR\",\"@id\":\"https:\/\/www.acomeambiente.org\/fr\/explore\/#primaryimage\",\"url\":\"http:\/\/test.acomeambiente.org\/wp-content\/uploads\/2015\/03\/AcomeA_226.jpg\",\"contentUrl\":\"http:\/\/test.acomeambiente.org\/wp-content\/uploads\/2015\/03\/AcomeA_226.jpg\"},{\"@type\":\"BreadcrumbList\",\"@id\":\"https:\/\/www.acomeambiente.org\/fr\/explore\/#breadcrumb\",\"itemListElement\":[{\"@type\":\"ListItem\",\"position\":1,\"name\":\"Home\",\"item\":\"https:\/\/www.acomeambiente.org\/fr\/\"},{\"@type\":\"ListItem\",\"position\":2,\"name\":\"Explore\"}]},{\"@type\":\"WebSite\",\"@id\":\"https:\/\/www.acomeambiente.org\/fr\/#website\",\"url\":\"https:\/\/www.acomeambiente.org\/fr\/\",\"name\":\"Fr - MAcA - Museo A come Ambiente\",\"description\":\"Passa al MAcA, costruiamo insieme un mondo pi\u00f9 sostenibile\",\"potentialAction\":[{\"@type\":\"SearchAction\",\"target\":{\"@type\":\"EntryPoint\",\"urlTemplate\":\"https:\/\/www.acomeambiente.org\/fr\/?s={search_term_string}\"},\"query-input\":{\"@type\":\"PropertyValueSpecification\",\"valueRequired\":true,\"valueName\":\"search_term_string\"}}],\"inLanguage\":\"fr-FR\"}]}<\/script>\n<!-- \/ Yoast SEO plugin. -->","yoast_head_json":{"title":"Explore - Fr - MAcA - Museo A come Ambiente","robots":{"index":"index","follow":"follow","max-snippet":"max-snippet:-1","max-image-preview":"max-image-preview:large","max-video-preview":"max-video-preview:-1"},"canonical":"https:\/\/www.acomeambiente.org\/fr\/explore\/","og_locale":"fr_FR","og_type":"article","og_title":"Explore - Fr - MAcA - Museo A come Ambiente","og_description":"Explore, joue et d\u00e9couvre ! Au MAcA, gr\u00e2ce \u00e0 des activit\u00e9s ludiques et des approfondissements, nous jetons un \u0153il attentif \u00e0 l&rsquo;environnement qui nous entoure dont nous faisons enti\u00e9rement partie, [...]","og_url":"https:\/\/www.acomeambiente.org\/fr\/explore\/","og_site_name":"Fr - MAcA - Museo A come Ambiente","article_modified_time":"2021-01-20T14:00:02+00:00","og_image":[{"url":"http:\/\/test.acomeambiente.org\/wp-content\/uploads\/2015\/03\/AcomeA_226.jpg","type":"","width":"","height":""}],"twitter_card":"summary_large_image","twitter_misc":{"Dur\u00e9e de lecture estim\u00e9e":"1 minute"},"schema":{"@context":"https:\/\/schema.org","@graph":[{"@type":"WebPage","@id":"https:\/\/www.acomeambiente.org\/fr\/explore\/","url":"https:\/\/www.acomeambiente.org\/fr\/explore\/","name":"Explore - Fr - MAcA - Museo A come Ambiente","isPartOf":{"@id":"https:\/\/www.acomeambiente.org\/fr\/#website"},"primaryImageOfPage":{"@id":"https:\/\/www.acomeambiente.org\/fr\/explore\/#primaryimage"},"image":{"@id":"https:\/\/www.acomeambiente.org\/fr\/explore\/#primaryimage"},"thumbnailUrl":"http:\/\/test.acomeambiente.org\/wp-content\/uploads\/2015\/03\/AcomeA_226.jpg","datePublished":"2017-06-13T16:15:57+00:00","dateModified":"2021-01-20T14:00:02+00:00","breadcrumb":{"@id":"https:\/\/www.acomeambiente.org\/fr\/explore\/#breadcrumb"},"inLanguage":"fr-FR","potentialAction":[{"@type":"ReadAction","target":["https:\/\/www.acomeambiente.org\/fr\/explore\/"]}]},{"@type":"ImageObject","inLanguage":"fr-FR","@id":"https:\/\/www.acomeambiente.org\/fr\/explore\/#primaryimage","url":"http:\/\/test.acomeambiente.org\/wp-content\/uploads\/2015\/03\/AcomeA_226.jpg","contentUrl":"http:\/\/test.acomeambiente.org\/wp-content\/uploads\/2015\/03\/AcomeA_226.jpg"},{"@type":"BreadcrumbList","@id":"https:\/\/www.acomeambiente.org\/fr\/explore\/#breadcrumb","itemListElement":[{"@type":"ListItem","position":1,"name":"Home","item":"https:\/\/www.acomeambiente.org\/fr\/"},{"@type":"ListItem","position":2,"name":"Explore"}]},{"@type":"WebSite","@id":"https:\/\/www.acomeambiente.org\/fr\/#website","url":"https:\/\/www.acomeambiente.org\/fr\/","name":"Fr - MAcA - Museo A come Ambiente","description":"Passa al MAcA, costruiamo insieme un mondo pi\u00f9 sostenibile","potentialAction":[{"@type":"SearchAction","target":{"@type":"EntryPoint","urlTemplate":"https:\/\/www.acomeambiente.org\/fr\/?s={search_term_string}"},"query-input":{"@type":"PropertyValueSpecification","valueRequired":true,"valueName":"search_term_string"}}],"inLanguage":"fr-FR"}]}},"_links":{"self":[{"href":"https:\/\/www.acomeambiente.org\/fr\/wp-json\/wp\/v2\/pages\/4737","targetHints":{"allow":["GET"]}}],"collection":[{"href":"https:\/\/www.acomeambiente.org\/fr\/wp-json\/wp\/v2\/pages"}],"about":[{"href":"https:\/\/www.acomeambiente.org\/fr\/wp-json\/wp\/v2\/types\/page"}],"author":[{"embeddable":true,"href":"https:\/\/www.acomeambiente.org\/fr\/wp-json\/wp\/v2\/users\/1025"}],"replies":[{"embeddable":true,"href":"https:\/\/www.acomeambiente.org\/fr\/wp-json\/wp\/v2\/comments?post=4737"}],"version-history":[{"count":13,"href":"https:\/\/www.acomeambiente.org\/fr\/wp-json\/wp\/v2\/pages\/4737\/revisions"}],"predecessor-version":[{"id":5550,"href":"https:\/\/www.acomeambiente.org\/fr\/wp-json\/wp\/v2\/pages\/4737\/revisions\/5550"}],"wp:attachment":[{"href":"https:\/\/www.acomeambiente.org\/fr\/wp-json\/wp\/v2\/media?parent=4737"}],"curies":[{"name":"wp","href":"https:\/\/api.w.org\/{rel}","templated":true}]}}