{"id":383,"date":"2015-03-31T08:04:57","date_gmt":"2015-03-31T08:04:57","guid":{"rendered":"http:\/\/test.acomeambiente.org\/?page_id=383"},"modified":"2017-06-26T10:02:45","modified_gmt":"2017-06-26T10:02:45","slug":"energies","status":"publish","type":"page","link":"https:\/\/www.acomeambiente.org\/fr\/le-batiment-historique\/energies\/","title":{"rendered":"\u00c9nergie(s)"},"content":{"rendered":"<p><img decoding=\"async\" class=\"alignnone size-full wp-image-792\" src=\"http:\/\/test.acomeambiente.org\/wp-content\/uploads\/sites\/2\/2015\/03\/AcomeA_168.jpg\" alt=\"AcomeA_168\" width=\"900\" height=\"330\" srcset=\"https:\/\/www.acomeambiente.org\/fr\/wp-content\/uploads\/sites\/2\/2015\/03\/AcomeA_168-300x110.jpg 300w, https:\/\/www.acomeambiente.org\/fr\/wp-content\/uploads\/sites\/2\/2015\/03\/AcomeA_168-600x220.jpg 600w, https:\/\/www.acomeambiente.org\/fr\/wp-content\/uploads\/sites\/2\/2015\/03\/AcomeA_168.jpg 900w\" sizes=\"(max-width: 900px) 100vw, 900px\" \/><\/p>\n<h1 class=\"entry-title\">\u00c9nergie(s)<\/h1>\n<p>Dans la vie de tous les jours, nous consommons une grande quantit\u00e9 de quelque chose qui s\u2019appelle <i>\u00e9nergie,<\/i> que nous ne voyons pas, mais dont la production et la consommation ont un impact tr\u00e8s puissant sur l\u2019Environnement.<\/p>\n<p>Les installations du rez-de-chauss\u00e9e du MAcA guident le visiteur dans le monde de l\u2019\u00e9nergie, du courant \u00e9lectrique, du gaz, du m\u00e9thane. Activit\u00e9s, laboratoires et jeux pour d\u00e9couvrir comment fonctionnent les appareils \u00e9lectro-domestiques, les chauffages, les moteurs. Qu&rsquo;est-ce que\u00a0l\u2019 \u00e9nergie ? Comment se forme-t-elle ? Comment l\u2019\u00e9conomiser ? Quelles sont les \u00e9nergies du futur ?<\/p>\n","protected":false},"excerpt":{"rendered":"<p>\u00c9nergie(s) Dans la vie de tous les jours, nous consommons une grande quantit\u00e9 de quelque chose qui s\u2019appelle \u00e9nergie, que nous ne voyons pas, mais dont la production et la  [&#8230;]<\/p>\n","protected":false},"author":1025,"featured_media":0,"parent":4982,"menu_order":4,"comment_status":"closed","ping_status":"closed","template":"","meta":{"footnotes":""},"class_list":["post-383","page","type-page","status-publish","hentry"],"yoast_head":"<!-- This site is optimized with the Yoast SEO plugin v26.9 - https:\/\/yoast.com\/product\/yoast-seo-wordpress\/ -->\n<title>\u00c9nergie(s) - Fr - MAcA - Museo A come Ambiente<\/title>\n<meta name=\"robots\" content=\"index, follow, max-snippet:-1, max-image-preview:large, max-video-preview:-1\" \/>\n<link rel=\"canonical\" href=\"https:\/\/www.acomeambiente.org\/fr\/le-batiment-historique\/energies\/\" \/>\n<meta property=\"og:locale\" content=\"fr_FR\" \/>\n<meta property=\"og:type\" content=\"article\" \/>\n<meta property=\"og:title\" content=\"\u00c9nergie(s) - Fr - MAcA - Museo A come Ambiente\" \/>\n<meta property=\"og:description\" content=\"\u00c9nergie(s) Dans la vie de tous les jours, nous consommons une grande quantit\u00e9 de quelque chose qui s\u2019appelle \u00e9nergie, que nous ne voyons pas, mais dont la production et la [...]\" \/>\n<meta property=\"og:url\" content=\"https:\/\/www.acomeambiente.org\/fr\/le-batiment-historique\/energies\/\" \/>\n<meta property=\"og:site_name\" content=\"Fr - MAcA - Museo A come Ambiente\" \/>\n<meta property=\"article:modified_time\" content=\"2017-06-26T10:02:45+00:00\" \/>\n<meta property=\"og:image\" content=\"http:\/\/test.acomeambiente.org\/wp-content\/uploads\/sites\/2\/2015\/03\/AcomeA_168.jpg\" \/>\n<meta name=\"twitter:card\" content=\"summary_large_image\" \/>\n<script type=\"application\/ld+json\" class=\"yoast-schema-graph\">{\"@context\":\"https:\/\/schema.org\",\"@graph\":[{\"@type\":\"WebPage\",\"@id\":\"https:\/\/www.acomeambiente.org\/fr\/le-batiment-historique\/energies\/\",\"url\":\"https:\/\/www.acomeambiente.org\/fr\/le-batiment-historique\/energies\/\",\"name\":\"\u00c9nergie(s) - Fr - MAcA - Museo A come Ambiente\",\"isPartOf\":{\"@id\":\"https:\/\/www.acomeambiente.org\/fr\/#website\"},\"primaryImageOfPage\":{\"@id\":\"https:\/\/www.acomeambiente.org\/fr\/le-batiment-historique\/energies\/#primaryimage\"},\"image\":{\"@id\":\"https:\/\/www.acomeambiente.org\/fr\/le-batiment-historique\/energies\/#primaryimage\"},\"thumbnailUrl\":\"http:\/\/test.acomeambiente.org\/wp-content\/uploads\/sites\/2\/2015\/03\/AcomeA_168.jpg\",\"datePublished\":\"2015-03-31T08:04:57+00:00\",\"dateModified\":\"2017-06-26T10:02:45+00:00\",\"breadcrumb\":{\"@id\":\"https:\/\/www.acomeambiente.org\/fr\/le-batiment-historique\/energies\/#breadcrumb\"},\"inLanguage\":\"fr-FR\",\"potentialAction\":[{\"@type\":\"ReadAction\",\"target\":[\"https:\/\/www.acomeambiente.org\/fr\/le-batiment-historique\/energies\/\"]}]},{\"@type\":\"ImageObject\",\"inLanguage\":\"fr-FR\",\"@id\":\"https:\/\/www.acomeambiente.org\/fr\/le-batiment-historique\/energies\/#primaryimage\",\"url\":\"http:\/\/test.acomeambiente.org\/wp-content\/uploads\/sites\/2\/2015\/03\/AcomeA_168.jpg\",\"contentUrl\":\"http:\/\/test.acomeambiente.org\/wp-content\/uploads\/sites\/2\/2015\/03\/AcomeA_168.jpg\"},{\"@type\":\"BreadcrumbList\",\"@id\":\"https:\/\/www.acomeambiente.org\/fr\/le-batiment-historique\/energies\/#breadcrumb\",\"itemListElement\":[{\"@type\":\"ListItem\",\"position\":1,\"name\":\"Home\",\"item\":\"https:\/\/www.acomeambiente.org\/fr\/\"},{\"@type\":\"ListItem\",\"position\":2,\"name\":\"Le b\u00e2timent historique\",\"item\":\"https:\/\/www.acomeambiente.org\/fr\/le-batiment-historique\/\"},{\"@type\":\"ListItem\",\"position\":3,\"name\":\"\u00c9nergie(s)\"}]},{\"@type\":\"WebSite\",\"@id\":\"https:\/\/www.acomeambiente.org\/fr\/#website\",\"url\":\"https:\/\/www.acomeambiente.org\/fr\/\",\"name\":\"Fr - MAcA - Museo A come Ambiente\",\"description\":\"Passa al MAcA, costruiamo insieme un mondo pi\u00f9 sostenibile\",\"potentialAction\":[{\"@type\":\"SearchAction\",\"target\":{\"@type\":\"EntryPoint\",\"urlTemplate\":\"https:\/\/www.acomeambiente.org\/fr\/?s={search_term_string}\"},\"query-input\":{\"@type\":\"PropertyValueSpecification\",\"valueRequired\":true,\"valueName\":\"search_term_string\"}}],\"inLanguage\":\"fr-FR\"}]}<\/script>\n<!-- \/ Yoast SEO plugin. -->","yoast_head_json":{"title":"\u00c9nergie(s) - Fr - MAcA - Museo A come Ambiente","robots":{"index":"index","follow":"follow","max-snippet":"max-snippet:-1","max-image-preview":"max-image-preview:large","max-video-preview":"max-video-preview:-1"},"canonical":"https:\/\/www.acomeambiente.org\/fr\/le-batiment-historique\/energies\/","og_locale":"fr_FR","og_type":"article","og_title":"\u00c9nergie(s) - Fr - MAcA - Museo A come Ambiente","og_description":"\u00c9nergie(s) Dans la vie de tous les jours, nous consommons une grande quantit\u00e9 de quelque chose qui s\u2019appelle \u00e9nergie, que nous ne voyons pas, mais dont la production et la [...]","og_url":"https:\/\/www.acomeambiente.org\/fr\/le-batiment-historique\/energies\/","og_site_name":"Fr - MAcA - Museo A come Ambiente","article_modified_time":"2017-06-26T10:02:45+00:00","og_image":[{"url":"http:\/\/test.acomeambiente.org\/wp-content\/uploads\/sites\/2\/2015\/03\/AcomeA_168.jpg","type":"","width":"","height":""}],"twitter_card":"summary_large_image","schema":{"@context":"https:\/\/schema.org","@graph":[{"@type":"WebPage","@id":"https:\/\/www.acomeambiente.org\/fr\/le-batiment-historique\/energies\/","url":"https:\/\/www.acomeambiente.org\/fr\/le-batiment-historique\/energies\/","name":"\u00c9nergie(s) - Fr - MAcA - Museo A come Ambiente","isPartOf":{"@id":"https:\/\/www.acomeambiente.org\/fr\/#website"},"primaryImageOfPage":{"@id":"https:\/\/www.acomeambiente.org\/fr\/le-batiment-historique\/energies\/#primaryimage"},"image":{"@id":"https:\/\/www.acomeambiente.org\/fr\/le-batiment-historique\/energies\/#primaryimage"},"thumbnailUrl":"http:\/\/test.acomeambiente.org\/wp-content\/uploads\/sites\/2\/2015\/03\/AcomeA_168.jpg","datePublished":"2015-03-31T08:04:57+00:00","dateModified":"2017-06-26T10:02:45+00:00","breadcrumb":{"@id":"https:\/\/www.acomeambiente.org\/fr\/le-batiment-historique\/energies\/#breadcrumb"},"inLanguage":"fr-FR","potentialAction":[{"@type":"ReadAction","target":["https:\/\/www.acomeambiente.org\/fr\/le-batiment-historique\/energies\/"]}]},{"@type":"ImageObject","inLanguage":"fr-FR","@id":"https:\/\/www.acomeambiente.org\/fr\/le-batiment-historique\/energies\/#primaryimage","url":"http:\/\/test.acomeambiente.org\/wp-content\/uploads\/sites\/2\/2015\/03\/AcomeA_168.jpg","contentUrl":"http:\/\/test.acomeambiente.org\/wp-content\/uploads\/sites\/2\/2015\/03\/AcomeA_168.jpg"},{"@type":"BreadcrumbList","@id":"https:\/\/www.acomeambiente.org\/fr\/le-batiment-historique\/energies\/#breadcrumb","itemListElement":[{"@type":"ListItem","position":1,"name":"Home","item":"https:\/\/www.acomeambiente.org\/fr\/"},{"@type":"ListItem","position":2,"name":"Le b\u00e2timent historique","item":"https:\/\/www.acomeambiente.org\/fr\/le-batiment-historique\/"},{"@type":"ListItem","position":3,"name":"\u00c9nergie(s)"}]},{"@type":"WebSite","@id":"https:\/\/www.acomeambiente.org\/fr\/#website","url":"https:\/\/www.acomeambiente.org\/fr\/","name":"Fr - MAcA - Museo A come Ambiente","description":"Passa al MAcA, costruiamo insieme un mondo pi\u00f9 sostenibile","potentialAction":[{"@type":"SearchAction","target":{"@type":"EntryPoint","urlTemplate":"https:\/\/www.acomeambiente.org\/fr\/?s={search_term_string}"},"query-input":{"@type":"PropertyValueSpecification","valueRequired":true,"valueName":"search_term_string"}}],"inLanguage":"fr-FR"}]}},"_links":{"self":[{"href":"https:\/\/www.acomeambiente.org\/fr\/wp-json\/wp\/v2\/pages\/383","targetHints":{"allow":["GET"]}}],"collection":[{"href":"https:\/\/www.acomeambiente.org\/fr\/wp-json\/wp\/v2\/pages"}],"about":[{"href":"https:\/\/www.acomeambiente.org\/fr\/wp-json\/wp\/v2\/types\/page"}],"author":[{"embeddable":true,"href":"https:\/\/www.acomeambiente.org\/fr\/wp-json\/wp\/v2\/users\/1025"}],"replies":[{"embeddable":true,"href":"https:\/\/www.acomeambiente.org\/fr\/wp-json\/wp\/v2\/comments?post=383"}],"version-history":[{"count":7,"href":"https:\/\/www.acomeambiente.org\/fr\/wp-json\/wp\/v2\/pages\/383\/revisions"}],"predecessor-version":[{"id":5198,"href":"https:\/\/www.acomeambiente.org\/fr\/wp-json\/wp\/v2\/pages\/383\/revisions\/5198"}],"up":[{"embeddable":true,"href":"https:\/\/www.acomeambiente.org\/fr\/wp-json\/wp\/v2\/pages\/4982"}],"wp:attachment":[{"href":"https:\/\/www.acomeambiente.org\/fr\/wp-json\/wp\/v2\/media?parent=383"}],"curies":[{"name":"wp","href":"https:\/\/api.w.org\/{rel}","templated":true}]}}