{"id":373,"date":"2015-03-31T08:00:16","date_gmt":"2015-03-31T08:00:16","guid":{"rendered":"http:\/\/test.acomeambiente.org\/?page_id=373"},"modified":"2021-01-20T10:37:30","modified_gmt":"2021-01-20T10:37:30","slug":"le-pavillon-vert","status":"publish","type":"page","link":"https:\/\/www.acomeambiente.org\/fr\/visite\/les-espaces-du-musees\/le-pavillon-vert\/","title":{"rendered":"Le Pavillon Vert"},"content":{"rendered":"<p><img decoding=\"async\" class=\"alignnone size-full wp-image-800\" src=\"http:\/\/test.acomeambiente.org\/wp-content\/uploads\/sites\/2\/2015\/03\/IMG_6468.jpg\" alt=\"IMG_6468\" width=\"900\" height=\"330\" srcset=\"https:\/\/www.acomeambiente.org\/fr\/wp-content\/uploads\/sites\/2\/2015\/03\/IMG_6468-300x110.jpg 300w, https:\/\/www.acomeambiente.org\/fr\/wp-content\/uploads\/sites\/2\/2015\/03\/IMG_6468-600x220.jpg 600w, https:\/\/www.acomeambiente.org\/fr\/wp-content\/uploads\/sites\/2\/2015\/03\/IMG_6468.jpg 900w\" sizes=\"(max-width: 900px) 100vw, 900px\" \/><\/p>\n<h1 class=\"entry-title\">Le Pavillon Vert<\/h1>\n<p>Un rideau de verdure borde le jardin int\u00e9rieur adjacent au parking du MAcA, et guide le regard vers le Parc Dora.<\/p>\n<p>C\u2019est ainsi que se pr\u00e9sente le Pavillon VERT, dessin\u00e9 par Carlo Ratti Associati \u2013 Carlo Ratti &amp; Walter Nicolino, o\u00f9 se d\u00e9ploie, sur plus de 300 m2, un espace pour les ateliers du MAcA \u2013 Mus\u00e9e A come Ambiente.<\/p>\n<p>Le to\u00eet, trait\u00e9 comme un espace vert, est perc\u00e9 de deux patios, qui am\u00e8nent lumi\u00e8re et a\u00e9ration naturelles aux espaces int\u00e9rieurs. Les parois externes, dont les superficies sont plus importantes, sont \u00e9galement trait\u00e9es comme des espaces verts, gr\u00e2ce \u00e0 des syst\u00e8mes de murs v\u00e9g\u00e9tal, qui permettent d\u2019obtenir des surfaces \u00abplant\u00e9es\u00bb sur plusieurs centim\u00e8tres d\u2019\u00e9paisseur. Depuis f\u00e9vrier 2016, cette aire accueille des parcours et ateliers sur deux th\u00e8mes qui repr\u00e9sentent les d\u00e9fis d\u2019un monde en continuelle croissance: Alimentation et Transmission des Savoirs.<\/p>\n","protected":false},"excerpt":{"rendered":"<p>Le Pavillon Vert Un rideau de verdure borde le jardin int\u00e9rieur adjacent au parking du MAcA, et guide le regard vers le Parc Dora. C\u2019est ainsi que se pr\u00e9sente le  [&#8230;]<\/p>\n","protected":false},"author":1025,"featured_media":0,"parent":206,"menu_order":0,"comment_status":"closed","ping_status":"closed","template":"","meta":{"footnotes":""},"class_list":["post-373","page","type-page","status-publish","hentry"],"yoast_head":"<!-- This site is optimized with the Yoast SEO plugin v26.9 - https:\/\/yoast.com\/product\/yoast-seo-wordpress\/ -->\n<title>Le Pavillon Vert - Fr - MAcA - Museo A come Ambiente<\/title>\n<meta name=\"robots\" content=\"index, follow, max-snippet:-1, max-image-preview:large, max-video-preview:-1\" \/>\n<link rel=\"canonical\" href=\"https:\/\/www.acomeambiente.org\/fr\/visite\/les-espaces-du-musees\/le-pavillon-vert\/\" \/>\n<meta property=\"og:locale\" content=\"fr_FR\" \/>\n<meta property=\"og:type\" content=\"article\" \/>\n<meta property=\"og:title\" content=\"Le Pavillon Vert - Fr - MAcA - Museo A come Ambiente\" \/>\n<meta property=\"og:description\" content=\"Le Pavillon Vert Un rideau de verdure borde le jardin int\u00e9rieur adjacent au parking du MAcA, et guide le regard vers le Parc Dora. C\u2019est ainsi que se pr\u00e9sente le [...]\" \/>\n<meta property=\"og:url\" content=\"https:\/\/www.acomeambiente.org\/fr\/visite\/les-espaces-du-musees\/le-pavillon-vert\/\" \/>\n<meta property=\"og:site_name\" content=\"Fr - MAcA - Museo A come Ambiente\" \/>\n<meta property=\"article:modified_time\" content=\"2021-01-20T10:37:30+00:00\" \/>\n<meta property=\"og:image\" content=\"http:\/\/test.acomeambiente.org\/wp-content\/uploads\/sites\/2\/2015\/03\/IMG_6468.jpg\" \/>\n<meta name=\"twitter:card\" content=\"summary_large_image\" \/>\n<meta name=\"twitter:label1\" content=\"Dur\u00e9e de lecture estim\u00e9e\" \/>\n\t<meta name=\"twitter:data1\" content=\"1 minute\" \/>\n<script type=\"application\/ld+json\" class=\"yoast-schema-graph\">{\"@context\":\"https:\/\/schema.org\",\"@graph\":[{\"@type\":\"WebPage\",\"@id\":\"https:\/\/www.acomeambiente.org\/fr\/visite\/les-espaces-du-musees\/le-pavillon-vert\/\",\"url\":\"https:\/\/www.acomeambiente.org\/fr\/visite\/les-espaces-du-musees\/le-pavillon-vert\/\",\"name\":\"Le Pavillon Vert - Fr - MAcA - Museo A come Ambiente\",\"isPartOf\":{\"@id\":\"https:\/\/www.acomeambiente.org\/fr\/#website\"},\"primaryImageOfPage\":{\"@id\":\"https:\/\/www.acomeambiente.org\/fr\/visite\/les-espaces-du-musees\/le-pavillon-vert\/#primaryimage\"},\"image\":{\"@id\":\"https:\/\/www.acomeambiente.org\/fr\/visite\/les-espaces-du-musees\/le-pavillon-vert\/#primaryimage\"},\"thumbnailUrl\":\"http:\/\/test.acomeambiente.org\/wp-content\/uploads\/sites\/2\/2015\/03\/IMG_6468.jpg\",\"datePublished\":\"2015-03-31T08:00:16+00:00\",\"dateModified\":\"2021-01-20T10:37:30+00:00\",\"breadcrumb\":{\"@id\":\"https:\/\/www.acomeambiente.org\/fr\/visite\/les-espaces-du-musees\/le-pavillon-vert\/#breadcrumb\"},\"inLanguage\":\"fr-FR\",\"potentialAction\":[{\"@type\":\"ReadAction\",\"target\":[\"https:\/\/www.acomeambiente.org\/fr\/visite\/les-espaces-du-musees\/le-pavillon-vert\/\"]}]},{\"@type\":\"ImageObject\",\"inLanguage\":\"fr-FR\",\"@id\":\"https:\/\/www.acomeambiente.org\/fr\/visite\/les-espaces-du-musees\/le-pavillon-vert\/#primaryimage\",\"url\":\"http:\/\/test.acomeambiente.org\/wp-content\/uploads\/sites\/2\/2015\/03\/IMG_6468.jpg\",\"contentUrl\":\"http:\/\/test.acomeambiente.org\/wp-content\/uploads\/sites\/2\/2015\/03\/IMG_6468.jpg\"},{\"@type\":\"BreadcrumbList\",\"@id\":\"https:\/\/www.acomeambiente.org\/fr\/visite\/les-espaces-du-musees\/le-pavillon-vert\/#breadcrumb\",\"itemListElement\":[{\"@type\":\"ListItem\",\"position\":1,\"name\":\"Home\",\"item\":\"https:\/\/www.acomeambiente.org\/fr\/\"},{\"@type\":\"ListItem\",\"position\":2,\"name\":\"Visite\",\"item\":\"https:\/\/www.acomeambiente.org\/fr\/visite\/\"},{\"@type\":\"ListItem\",\"position\":3,\"name\":\"Les Espaces du Mus\u00e9e\",\"item\":\"https:\/\/www.acomeambiente.org\/fr\/visite\/les-espaces-du-musees\/\"},{\"@type\":\"ListItem\",\"position\":4,\"name\":\"Le Pavillon Vert\"}]},{\"@type\":\"WebSite\",\"@id\":\"https:\/\/www.acomeambiente.org\/fr\/#website\",\"url\":\"https:\/\/www.acomeambiente.org\/fr\/\",\"name\":\"Fr - MAcA - Museo A come Ambiente\",\"description\":\"Passa al MAcA, costruiamo insieme un mondo pi\u00f9 sostenibile\",\"potentialAction\":[{\"@type\":\"SearchAction\",\"target\":{\"@type\":\"EntryPoint\",\"urlTemplate\":\"https:\/\/www.acomeambiente.org\/fr\/?s={search_term_string}\"},\"query-input\":{\"@type\":\"PropertyValueSpecification\",\"valueRequired\":true,\"valueName\":\"search_term_string\"}}],\"inLanguage\":\"fr-FR\"}]}<\/script>\n<!-- \/ Yoast SEO plugin. -->","yoast_head_json":{"title":"Le Pavillon Vert - Fr - MAcA - Museo A come Ambiente","robots":{"index":"index","follow":"follow","max-snippet":"max-snippet:-1","max-image-preview":"max-image-preview:large","max-video-preview":"max-video-preview:-1"},"canonical":"https:\/\/www.acomeambiente.org\/fr\/visite\/les-espaces-du-musees\/le-pavillon-vert\/","og_locale":"fr_FR","og_type":"article","og_title":"Le Pavillon Vert - Fr - MAcA - Museo A come Ambiente","og_description":"Le Pavillon Vert Un rideau de verdure borde le jardin int\u00e9rieur adjacent au parking du MAcA, et guide le regard vers le Parc Dora. C\u2019est ainsi que se pr\u00e9sente le [...]","og_url":"https:\/\/www.acomeambiente.org\/fr\/visite\/les-espaces-du-musees\/le-pavillon-vert\/","og_site_name":"Fr - MAcA - Museo A come Ambiente","article_modified_time":"2021-01-20T10:37:30+00:00","og_image":[{"url":"http:\/\/test.acomeambiente.org\/wp-content\/uploads\/sites\/2\/2015\/03\/IMG_6468.jpg","type":"","width":"","height":""}],"twitter_card":"summary_large_image","twitter_misc":{"Dur\u00e9e de lecture estim\u00e9e":"1 minute"},"schema":{"@context":"https:\/\/schema.org","@graph":[{"@type":"WebPage","@id":"https:\/\/www.acomeambiente.org\/fr\/visite\/les-espaces-du-musees\/le-pavillon-vert\/","url":"https:\/\/www.acomeambiente.org\/fr\/visite\/les-espaces-du-musees\/le-pavillon-vert\/","name":"Le Pavillon Vert - Fr - MAcA - Museo A come Ambiente","isPartOf":{"@id":"https:\/\/www.acomeambiente.org\/fr\/#website"},"primaryImageOfPage":{"@id":"https:\/\/www.acomeambiente.org\/fr\/visite\/les-espaces-du-musees\/le-pavillon-vert\/#primaryimage"},"image":{"@id":"https:\/\/www.acomeambiente.org\/fr\/visite\/les-espaces-du-musees\/le-pavillon-vert\/#primaryimage"},"thumbnailUrl":"http:\/\/test.acomeambiente.org\/wp-content\/uploads\/sites\/2\/2015\/03\/IMG_6468.jpg","datePublished":"2015-03-31T08:00:16+00:00","dateModified":"2021-01-20T10:37:30+00:00","breadcrumb":{"@id":"https:\/\/www.acomeambiente.org\/fr\/visite\/les-espaces-du-musees\/le-pavillon-vert\/#breadcrumb"},"inLanguage":"fr-FR","potentialAction":[{"@type":"ReadAction","target":["https:\/\/www.acomeambiente.org\/fr\/visite\/les-espaces-du-musees\/le-pavillon-vert\/"]}]},{"@type":"ImageObject","inLanguage":"fr-FR","@id":"https:\/\/www.acomeambiente.org\/fr\/visite\/les-espaces-du-musees\/le-pavillon-vert\/#primaryimage","url":"http:\/\/test.acomeambiente.org\/wp-content\/uploads\/sites\/2\/2015\/03\/IMG_6468.jpg","contentUrl":"http:\/\/test.acomeambiente.org\/wp-content\/uploads\/sites\/2\/2015\/03\/IMG_6468.jpg"},{"@type":"BreadcrumbList","@id":"https:\/\/www.acomeambiente.org\/fr\/visite\/les-espaces-du-musees\/le-pavillon-vert\/#breadcrumb","itemListElement":[{"@type":"ListItem","position":1,"name":"Home","item":"https:\/\/www.acomeambiente.org\/fr\/"},{"@type":"ListItem","position":2,"name":"Visite","item":"https:\/\/www.acomeambiente.org\/fr\/visite\/"},{"@type":"ListItem","position":3,"name":"Les Espaces du Mus\u00e9e","item":"https:\/\/www.acomeambiente.org\/fr\/visite\/les-espaces-du-musees\/"},{"@type":"ListItem","position":4,"name":"Le Pavillon Vert"}]},{"@type":"WebSite","@id":"https:\/\/www.acomeambiente.org\/fr\/#website","url":"https:\/\/www.acomeambiente.org\/fr\/","name":"Fr - MAcA - Museo A come Ambiente","description":"Passa al MAcA, costruiamo insieme un mondo pi\u00f9 sostenibile","potentialAction":[{"@type":"SearchAction","target":{"@type":"EntryPoint","urlTemplate":"https:\/\/www.acomeambiente.org\/fr\/?s={search_term_string}"},"query-input":{"@type":"PropertyValueSpecification","valueRequired":true,"valueName":"search_term_string"}}],"inLanguage":"fr-FR"}]}},"_links":{"self":[{"href":"https:\/\/www.acomeambiente.org\/fr\/wp-json\/wp\/v2\/pages\/373","targetHints":{"allow":["GET"]}}],"collection":[{"href":"https:\/\/www.acomeambiente.org\/fr\/wp-json\/wp\/v2\/pages"}],"about":[{"href":"https:\/\/www.acomeambiente.org\/fr\/wp-json\/wp\/v2\/types\/page"}],"author":[{"embeddable":true,"href":"https:\/\/www.acomeambiente.org\/fr\/wp-json\/wp\/v2\/users\/1025"}],"replies":[{"embeddable":true,"href":"https:\/\/www.acomeambiente.org\/fr\/wp-json\/wp\/v2\/comments?post=373"}],"version-history":[{"count":15,"href":"https:\/\/www.acomeambiente.org\/fr\/wp-json\/wp\/v2\/pages\/373\/revisions"}],"predecessor-version":[{"id":5519,"href":"https:\/\/www.acomeambiente.org\/fr\/wp-json\/wp\/v2\/pages\/373\/revisions\/5519"}],"up":[{"embeddable":true,"href":"https:\/\/www.acomeambiente.org\/fr\/wp-json\/wp\/v2\/pages\/206"}],"wp:attachment":[{"href":"https:\/\/www.acomeambiente.org\/fr\/wp-json\/wp\/v2\/media?parent=373"}],"curies":[{"name":"wp","href":"https:\/\/api.w.org\/{rel}","templated":true}]}}