{"id":206,"date":"2015-03-19T15:25:41","date_gmt":"2015-03-19T15:25:41","guid":{"rendered":"http:\/\/test.acomeambiente.org\/?page_id=206"},"modified":"2021-01-20T11:00:53","modified_gmt":"2021-01-20T11:00:53","slug":"les-espaces-du-musees","status":"publish","type":"page","link":"https:\/\/www.acomeambiente.org\/fr\/visite\/les-espaces-du-musees\/","title":{"rendered":"Les Espaces du Mus\u00e9e"},"content":{"rendered":"<p><a href=\"https:\/\/www.acomeambiente.org\/fr\/wp-content\/uploads\/sites\/2\/2015\/02\/IMG_5129.jpg\"><img decoding=\"async\" class=\"alignnone wp-image-4597 size-full\" src=\"https:\/\/www.acomeambiente.org\/fr\/wp-content\/uploads\/sites\/2\/2015\/02\/IMG_5129.jpg\" alt=\"\" width=\"4614\" height=\"2504\" srcset=\"https:\/\/www.acomeambiente.org\/fr\/wp-content\/uploads\/sites\/2\/2015\/02\/IMG_5129-200x109.jpg 200w, https:\/\/www.acomeambiente.org\/fr\/wp-content\/uploads\/sites\/2\/2015\/02\/IMG_5129-300x163.jpg 300w, https:\/\/www.acomeambiente.org\/fr\/wp-content\/uploads\/sites\/2\/2015\/02\/IMG_5129-400x217.jpg 400w, https:\/\/www.acomeambiente.org\/fr\/wp-content\/uploads\/sites\/2\/2015\/02\/IMG_5129-600x326.jpg 600w, https:\/\/www.acomeambiente.org\/fr\/wp-content\/uploads\/sites\/2\/2015\/02\/IMG_5129-768x417.jpg 768w, https:\/\/www.acomeambiente.org\/fr\/wp-content\/uploads\/sites\/2\/2015\/02\/IMG_5129-800x434.jpg 800w, https:\/\/www.acomeambiente.org\/fr\/wp-content\/uploads\/sites\/2\/2015\/02\/IMG_5129-1024x556.jpg 1024w, https:\/\/www.acomeambiente.org\/fr\/wp-content\/uploads\/sites\/2\/2015\/02\/IMG_5129-1200x651.jpg 1200w, https:\/\/www.acomeambiente.org\/fr\/wp-content\/uploads\/sites\/2\/2015\/02\/IMG_5129.jpg 4614w\" sizes=\"(max-width: 4614px) 100vw, 4614px\" \/><\/a><\/p>\n<h1 class=\"entry-title\">Les Espaces du Mus\u00e9e<\/h1>\n<p>Le MAcA est compos\u00e9 de trois corps architectoniques reli\u00e9s par un jardin.<\/p>\n<p>Le \u201c<strong>Palazzina Storica\u201c<\/strong> ou b\u00e2timent principal, est l&rsquo;ancien si\u00e8ge de la caserne des pompiers de l&rsquo;ancienne usine MICHELIN. Le Mus\u00e9e d\u00e9cline sur ses trois \u00e9tages les th\u00e8mes de l&rsquo;Energie, de l&rsquo;Eau et des D\u00e9chets.<\/p>\n<p>Le <strong>Pavillon Vert,<\/strong> dessin\u00e9 par\u00a0Carlo Ratti Associati \u2013 \u00a0Carlo Ratti &amp;\u00a0Walter Nicolino, abrite des exhibits et parcours sur l&rsquo;Alimentation, transmission des connaissances et, tr\u00e8s bient\u00f4t, les Transports\u00a0: quatre des d\u00e9fis qui attendent un monde dont la population est sans cesse en croissance.<\/p>\n<p>Le <strong>Guscio<\/strong>, <em>open space<\/em> polyvalent, accueille des projections, conf\u00e9rences, expositions temporaires et des activit\u00e9s de Laboratoire.<\/p>\n<p><strong>Aux alentours du Mus\u00e9e<\/strong><\/p>\n<p>Le MAcA fait face au\u00a0<strong>Parco Dora<\/strong>, parc post-industriel de 456.000 m\u00b2 o\u00f9, jusqu&rsquo;aux ann\u00e9es 90, se dressaient les immenses usines\u00a0de\u00a0Fiat et\u00a0Michelin. D\u00e9couvrez l&rsquo;histoire du\u00a0<a href=\"http:\/\/www.comune.torino.it\/comitatoparcodora\/index.shtml\" target=\"_blank\" rel=\"noopener noreferrer\">Parco Dora<\/a>\u00a0(it)<\/p>\n","protected":false},"excerpt":{"rendered":"<p>Les Espaces du Mus\u00e9e Le MAcA est compos\u00e9 de trois corps architectoniques reli\u00e9s par un jardin. Le \u201cPalazzina Storica\u201c ou b\u00e2timent principal, est l&rsquo;ancien si\u00e8ge de la caserne des pompiers  [&#8230;]<\/p>\n","protected":false},"author":1025,"featured_media":0,"parent":184,"menu_order":6,"comment_status":"closed","ping_status":"closed","template":"","meta":{"footnotes":""},"class_list":["post-206","page","type-page","status-publish","hentry"],"yoast_head":"<!-- This site is optimized with the Yoast SEO plugin v26.9 - https:\/\/yoast.com\/product\/yoast-seo-wordpress\/ -->\n<title>Les Espaces du Mus\u00e9e - Fr - MAcA - Museo A come Ambiente<\/title>\n<meta name=\"robots\" content=\"index, follow, max-snippet:-1, max-image-preview:large, max-video-preview:-1\" \/>\n<link rel=\"canonical\" href=\"https:\/\/www.acomeambiente.org\/fr\/visite\/les-espaces-du-musees\/\" \/>\n<meta property=\"og:locale\" content=\"fr_FR\" \/>\n<meta property=\"og:type\" content=\"article\" \/>\n<meta property=\"og:title\" content=\"Les Espaces du Mus\u00e9e - Fr - MAcA - Museo A come Ambiente\" \/>\n<meta property=\"og:description\" content=\"Les Espaces du Mus\u00e9e Le MAcA est compos\u00e9 de trois corps architectoniques reli\u00e9s par un jardin. Le \u201cPalazzina Storica\u201c ou b\u00e2timent principal, est l&rsquo;ancien si\u00e8ge de la caserne des pompiers [...]\" \/>\n<meta property=\"og:url\" content=\"https:\/\/www.acomeambiente.org\/fr\/visite\/les-espaces-du-musees\/\" \/>\n<meta property=\"og:site_name\" content=\"Fr - MAcA - Museo A come Ambiente\" \/>\n<meta property=\"article:modified_time\" content=\"2021-01-20T11:00:53+00:00\" \/>\n<meta property=\"og:image\" content=\"https:\/\/www.acomeambiente.org\/fr\/wp-content\/uploads\/sites\/2\/2015\/02\/IMG_5129.jpg\" \/>\n<meta name=\"twitter:card\" content=\"summary_large_image\" \/>\n<meta name=\"twitter:label1\" content=\"Dur\u00e9e de lecture estim\u00e9e\" \/>\n\t<meta name=\"twitter:data1\" content=\"1 minute\" \/>\n<script type=\"application\/ld+json\" class=\"yoast-schema-graph\">{\"@context\":\"https:\/\/schema.org\",\"@graph\":[{\"@type\":\"WebPage\",\"@id\":\"https:\/\/www.acomeambiente.org\/fr\/visite\/les-espaces-du-musees\/\",\"url\":\"https:\/\/www.acomeambiente.org\/fr\/visite\/les-espaces-du-musees\/\",\"name\":\"Les Espaces du Mus\u00e9e - Fr - MAcA - Museo A come Ambiente\",\"isPartOf\":{\"@id\":\"https:\/\/www.acomeambiente.org\/fr\/#website\"},\"primaryImageOfPage\":{\"@id\":\"https:\/\/www.acomeambiente.org\/fr\/visite\/les-espaces-du-musees\/#primaryimage\"},\"image\":{\"@id\":\"https:\/\/www.acomeambiente.org\/fr\/visite\/les-espaces-du-musees\/#primaryimage\"},\"thumbnailUrl\":\"https:\/\/www.acomeambiente.org\/fr\/wp-content\/uploads\/sites\/2\/2015\/02\/IMG_5129.jpg\",\"datePublished\":\"2015-03-19T15:25:41+00:00\",\"dateModified\":\"2021-01-20T11:00:53+00:00\",\"breadcrumb\":{\"@id\":\"https:\/\/www.acomeambiente.org\/fr\/visite\/les-espaces-du-musees\/#breadcrumb\"},\"inLanguage\":\"fr-FR\",\"potentialAction\":[{\"@type\":\"ReadAction\",\"target\":[\"https:\/\/www.acomeambiente.org\/fr\/visite\/les-espaces-du-musees\/\"]}]},{\"@type\":\"ImageObject\",\"inLanguage\":\"fr-FR\",\"@id\":\"https:\/\/www.acomeambiente.org\/fr\/visite\/les-espaces-du-musees\/#primaryimage\",\"url\":\"https:\/\/www.acomeambiente.org\/fr\/wp-content\/uploads\/sites\/2\/2015\/02\/IMG_5129.jpg\",\"contentUrl\":\"https:\/\/www.acomeambiente.org\/fr\/wp-content\/uploads\/sites\/2\/2015\/02\/IMG_5129.jpg\",\"width\":\"4614\",\"height\":\"2504\"},{\"@type\":\"BreadcrumbList\",\"@id\":\"https:\/\/www.acomeambiente.org\/fr\/visite\/les-espaces-du-musees\/#breadcrumb\",\"itemListElement\":[{\"@type\":\"ListItem\",\"position\":1,\"name\":\"Home\",\"item\":\"https:\/\/www.acomeambiente.org\/fr\/\"},{\"@type\":\"ListItem\",\"position\":2,\"name\":\"Visite\",\"item\":\"https:\/\/www.acomeambiente.org\/fr\/visite\/\"},{\"@type\":\"ListItem\",\"position\":3,\"name\":\"Les Espaces du Mus\u00e9e\"}]},{\"@type\":\"WebSite\",\"@id\":\"https:\/\/www.acomeambiente.org\/fr\/#website\",\"url\":\"https:\/\/www.acomeambiente.org\/fr\/\",\"name\":\"Fr - MAcA - Museo A come Ambiente\",\"description\":\"Passa al MAcA, costruiamo insieme un mondo pi\u00f9 sostenibile\",\"potentialAction\":[{\"@type\":\"SearchAction\",\"target\":{\"@type\":\"EntryPoint\",\"urlTemplate\":\"https:\/\/www.acomeambiente.org\/fr\/?s={search_term_string}\"},\"query-input\":{\"@type\":\"PropertyValueSpecification\",\"valueRequired\":true,\"valueName\":\"search_term_string\"}}],\"inLanguage\":\"fr-FR\"}]}<\/script>\n<!-- \/ Yoast SEO plugin. -->","yoast_head_json":{"title":"Les Espaces du Mus\u00e9e - Fr - MAcA - Museo A come Ambiente","robots":{"index":"index","follow":"follow","max-snippet":"max-snippet:-1","max-image-preview":"max-image-preview:large","max-video-preview":"max-video-preview:-1"},"canonical":"https:\/\/www.acomeambiente.org\/fr\/visite\/les-espaces-du-musees\/","og_locale":"fr_FR","og_type":"article","og_title":"Les Espaces du Mus\u00e9e - Fr - MAcA - Museo A come Ambiente","og_description":"Les Espaces du Mus\u00e9e Le MAcA est compos\u00e9 de trois corps architectoniques reli\u00e9s par un jardin. Le \u201cPalazzina Storica\u201c ou b\u00e2timent principal, est l&rsquo;ancien si\u00e8ge de la caserne des pompiers [...]","og_url":"https:\/\/www.acomeambiente.org\/fr\/visite\/les-espaces-du-musees\/","og_site_name":"Fr - MAcA - Museo A come Ambiente","article_modified_time":"2021-01-20T11:00:53+00:00","og_image":[{"url":"https:\/\/www.acomeambiente.org\/fr\/wp-content\/uploads\/sites\/2\/2015\/02\/IMG_5129.jpg","type":"","width":"","height":""}],"twitter_card":"summary_large_image","twitter_misc":{"Dur\u00e9e de lecture estim\u00e9e":"1 minute"},"schema":{"@context":"https:\/\/schema.org","@graph":[{"@type":"WebPage","@id":"https:\/\/www.acomeambiente.org\/fr\/visite\/les-espaces-du-musees\/","url":"https:\/\/www.acomeambiente.org\/fr\/visite\/les-espaces-du-musees\/","name":"Les Espaces du Mus\u00e9e - Fr - MAcA - Museo A come Ambiente","isPartOf":{"@id":"https:\/\/www.acomeambiente.org\/fr\/#website"},"primaryImageOfPage":{"@id":"https:\/\/www.acomeambiente.org\/fr\/visite\/les-espaces-du-musees\/#primaryimage"},"image":{"@id":"https:\/\/www.acomeambiente.org\/fr\/visite\/les-espaces-du-musees\/#primaryimage"},"thumbnailUrl":"https:\/\/www.acomeambiente.org\/fr\/wp-content\/uploads\/sites\/2\/2015\/02\/IMG_5129.jpg","datePublished":"2015-03-19T15:25:41+00:00","dateModified":"2021-01-20T11:00:53+00:00","breadcrumb":{"@id":"https:\/\/www.acomeambiente.org\/fr\/visite\/les-espaces-du-musees\/#breadcrumb"},"inLanguage":"fr-FR","potentialAction":[{"@type":"ReadAction","target":["https:\/\/www.acomeambiente.org\/fr\/visite\/les-espaces-du-musees\/"]}]},{"@type":"ImageObject","inLanguage":"fr-FR","@id":"https:\/\/www.acomeambiente.org\/fr\/visite\/les-espaces-du-musees\/#primaryimage","url":"https:\/\/www.acomeambiente.org\/fr\/wp-content\/uploads\/sites\/2\/2015\/02\/IMG_5129.jpg","contentUrl":"https:\/\/www.acomeambiente.org\/fr\/wp-content\/uploads\/sites\/2\/2015\/02\/IMG_5129.jpg","width":"4614","height":"2504"},{"@type":"BreadcrumbList","@id":"https:\/\/www.acomeambiente.org\/fr\/visite\/les-espaces-du-musees\/#breadcrumb","itemListElement":[{"@type":"ListItem","position":1,"name":"Home","item":"https:\/\/www.acomeambiente.org\/fr\/"},{"@type":"ListItem","position":2,"name":"Visite","item":"https:\/\/www.acomeambiente.org\/fr\/visite\/"},{"@type":"ListItem","position":3,"name":"Les Espaces du Mus\u00e9e"}]},{"@type":"WebSite","@id":"https:\/\/www.acomeambiente.org\/fr\/#website","url":"https:\/\/www.acomeambiente.org\/fr\/","name":"Fr - MAcA - Museo A come Ambiente","description":"Passa al MAcA, costruiamo insieme un mondo pi\u00f9 sostenibile","potentialAction":[{"@type":"SearchAction","target":{"@type":"EntryPoint","urlTemplate":"https:\/\/www.acomeambiente.org\/fr\/?s={search_term_string}"},"query-input":{"@type":"PropertyValueSpecification","valueRequired":true,"valueName":"search_term_string"}}],"inLanguage":"fr-FR"}]}},"_links":{"self":[{"href":"https:\/\/www.acomeambiente.org\/fr\/wp-json\/wp\/v2\/pages\/206","targetHints":{"allow":["GET"]}}],"collection":[{"href":"https:\/\/www.acomeambiente.org\/fr\/wp-json\/wp\/v2\/pages"}],"about":[{"href":"https:\/\/www.acomeambiente.org\/fr\/wp-json\/wp\/v2\/types\/page"}],"author":[{"embeddable":true,"href":"https:\/\/www.acomeambiente.org\/fr\/wp-json\/wp\/v2\/users\/1025"}],"replies":[{"embeddable":true,"href":"https:\/\/www.acomeambiente.org\/fr\/wp-json\/wp\/v2\/comments?post=206"}],"version-history":[{"count":39,"href":"https:\/\/www.acomeambiente.org\/fr\/wp-json\/wp\/v2\/pages\/206\/revisions"}],"predecessor-version":[{"id":5531,"href":"https:\/\/www.acomeambiente.org\/fr\/wp-json\/wp\/v2\/pages\/206\/revisions\/5531"}],"up":[{"embeddable":true,"href":"https:\/\/www.acomeambiente.org\/fr\/wp-json\/wp\/v2\/pages\/184"}],"wp:attachment":[{"href":"https:\/\/www.acomeambiente.org\/fr\/wp-json\/wp\/v2\/media?parent=206"}],"curies":[{"name":"wp","href":"https:\/\/api.w.org\/{rel}","templated":true}]}}