{"id":204,"date":"2015-03-19T15:23:41","date_gmt":"2015-03-19T15:23:41","guid":{"rendered":"http:\/\/test.acomeambiente.org\/?page_id=204"},"modified":"2023-09-20T11:47:13","modified_gmt":"2023-09-20T11:47:13","slug":"horaires","status":"publish","type":"page","link":"https:\/\/www.acomeambiente.org\/fr\/visite\/horaires\/","title":{"rendered":"Horaires"},"content":{"rendered":"<div class=\"fusion-fullwidth fullwidth-box fusion-builder-row-1 hundred-percent-fullwidth non-hundred-percent-height-scrolling\" style=\"--awb-border-radius-top-left:0px;--awb-border-radius-top-right:0px;--awb-border-radius-bottom-right:0px;--awb-border-radius-bottom-left:0px;--awb-overflow:visible;--awb-flex-wrap:wrap;\" ><div class=\"fusion-builder-row fusion-row\"><div class=\"fusion-layout-column fusion_builder_column fusion-builder-column-0 fusion_builder_column_1_1 1_1 fusion-one-full fusion-column-first fusion-column-last fusion-column-no-min-height\" style=\"--awb-bg-size:cover;--awb-margin-bottom:0px;\"><div class=\"fusion-column-wrapper fusion-flex-column-wrapper-legacy\"><div class=\"fusion-text fusion-text-1\"><p><img decoding=\"async\" class=\"alignnone wp-image-286 size-full\" src=\"\/wp-content\/uploads\/sites\/2\/2015\/03\/AcomeA_161.jpg\" alt=\"Museo A come Ambiente\" width=\"900\" height=\"330\" srcset=\"https:\/\/www.acomeambiente.org\/fr\/wp-content\/uploads\/sites\/2\/2015\/03\/AcomeA_161-300x110.jpg 300w, https:\/\/www.acomeambiente.org\/fr\/wp-content\/uploads\/sites\/2\/2015\/03\/AcomeA_161-600x220.jpg 600w, https:\/\/www.acomeambiente.org\/fr\/wp-content\/uploads\/sites\/2\/2015\/03\/AcomeA_161.jpg 900w\" sizes=\"(max-width: 900px) 100vw, 900px\" \/><\/p>\n<h1><\/h1>\n<\/div><div class=\"fusion-text fusion-text-2\"><h1><span style=\"text-decoration: underline;\"><strong>Horaires<\/strong><\/span><\/h1>\n<p>Lundi-Vendredi: 9:00-17:00, r\u00e9serv\u00e9 aux groupes scolaires et groupes organis\u00e9s (au moin 13 personnes). R\u00e9servation obligatoire.<\/p>\n<p>Samedi-Dimanche: 14:00-19:00 (derni\u00e8re entr\u00e9e \u00e0 18:00) ouvert \u00e0 tout public.<\/p>\n<\/div><div class=\"fusion-sep-clear\"><\/div><div class=\"fusion-separator fusion-full-width-sep\" style=\"margin-left: auto;margin-right: auto;width:100%;\"><\/div><div class=\"fusion-sep-clear\"><\/div><div class=\"fusion-sep-clear\"><\/div><div class=\"fusion-separator fusion-full-width-sep\" style=\"margin-left: auto;margin-right: auto;width:100%;\"><div class=\"fusion-separator-border sep-single sep-solid\" style=\"--awb-height:20px;--awb-amount:20px;border-color:#e0dede;border-top-width:1px;\"><\/div><\/div><div class=\"fusion-sep-clear\"><\/div><div class=\"fusion-text fusion-text-3\"><h2><strong><span style=\"text-decoration: underline;\">Groupes Scolaires<\/span><\/strong><\/h2>\n<h3><strong>Billets<\/strong><\/h3>\n<p>Le prix est formul\u00e9 par personne et pour un minimum de 13 visiteurs<\/p>\n<p>Nos formules:<\/p>\n<ul>\n<li>Parcours th\u00e9matique: \u20ac 5,50<\/li>\n<li>Atelier scientifique: \u20ac 6<\/li>\n<li>Atelier cr\u00e9atif: \u20ac 6<\/li>\n<li>Parcours th\u00e9matique + atelier: \u20ac 11<\/li>\n<\/ul>\n<p>Activit\u00e9s \u00e0 distance : 35 \u20ac<\/p>\n<p>Responsable\/enseignant gratuit:<\/p>\n<ul>\n<li>1 tous les 2 enfants pour la cr\u00e8che<\/li>\n<li>1 tous les 5 enfants pour l\u2019\u00e9cole maternelle<\/li>\n<li>1 tous les 10 \u00e9tudiants \u00e0 partir de l\u2019\u00e9cole primaire<\/li>\n<li>Responsables de visiteurs en situation de handicap<\/li>\n<\/ul>\n<h2><span style=\"text-decoration: underline;\"><strong>Familles et autres visiteurs<\/strong><\/span><\/h2>\n<h3><strong>Billets<\/strong><\/h3>\n<p>Tarif plein: 12\u20ac<\/p>\n<p>Tarif r\u00e9duit: 6\u20ac<\/p>\n<ul>\n<li>Enfants de moins de 6 ans: 0 \u20ac<\/li>\n<li>Enfants entre 6 et 14 ans: 6 \u20ac<\/li>\n<li>Enfants \u00e0 partir de 15 ans: 12 \u20ac<\/li>\n<\/ul>\n<p>Tarif famille:<\/p>\n<ul>\n<li>Parents: 12 \u20ac par personne<\/li>\n<li>Enfants jusqu\u2019\u00e0 14 ans: 0 \u20ac<\/li>\n<li>Enfants \u00e0 partir de 15 ans: 12 \u20ac<\/li>\n<\/ul>\n<p>Tarif groupes:<\/p>\n<p>R\u00e9servation obligatoire pour groupes d\u2019au moins 13 visiteurs (prix calcul\u00e9 par personne)<\/p>\n<ul>\n<li>Visite: 5,50\u20ac<\/li>\n<li>Atelier: 6\u20ac<\/li>\n<li>Visite + atelier: 11\u20ac<\/li>\n<\/ul>\n<p>R\u00e9ductions: <a href=\"https:\/\/www.acomeambiente.org\/orari-e-biglietti\/biglietti\/ingresso-a-tariffa-ridotta-elenco-aventi-diritto\/\">elenco degli aventi diritto<\/a> (IT)<br \/>\nEntr\u00e9e gratuite: <a href=\"https:\/\/www.acomeambiente.org\/orari-e-biglietti\/biglietti\/gratuito\/\">elenco degli aventi diritto<\/a> (IT)<br \/>\nConventions: <a href=\"https:\/\/www.acomeambiente.org\/orari-e-biglietti\/biglietti\/enti-convenzionati\/\">elenco<\/a> (IT)<\/p>\n<p>Le MAcA fait partie du projet \u201cNati con la cultura\u201d: le nouveau passeport culturel address\u00e9 aux nouveaux n\u00e9s. En demandant votre passeport \u00e0 l\u2019accueil vous pouvez b\u00e9n\u00e9ficier de l\u2019entr\u00e9e gratuite au Mus\u00e9e (l\u2019entr\u00e9 gratuite est pr\u00e9vue pour l\u2019enfant et deux autres accompagnateurs).<\/p>\n<hr \/>\n<p><em>Pour toute information, veuillez contacter le num\u00e9ro suivant: 011 0702535<\/em><\/p>\n<p><em>Lundi-Vendredi: 9:00-12:00, 14:30-17:00<\/em><\/p>\n<p><em>Samedi: 14:00 18:00<\/em><\/p>\n<p><em>Recevez nos actualit\u00e9s, inscrivez-vous \u00e0 notre newsletter<\/em><\/p>\n<p><em>L\u2019acc\u00e8s aux animaux est interdit, \u00e0 l\u2019exception des animaux th\u00e9rapeutiques sous pr\u00e9sentation d\u2019une certification<\/em><\/p>\n<\/div><div class=\"fusion-clearfix\"><\/div><\/div><\/div><\/div><\/div>\n","protected":false},"excerpt":{"rendered":"","protected":false},"author":1025,"featured_media":0,"parent":184,"menu_order":3,"comment_status":"closed","ping_status":"closed","template":"","meta":{"footnotes":""},"class_list":["post-204","page","type-page","status-publish","hentry"],"yoast_head":"<!-- This site is optimized with the Yoast SEO plugin v26.9 - https:\/\/yoast.com\/product\/yoast-seo-wordpress\/ -->\n<title>Horaires - Fr - MAcA - Museo A come Ambiente<\/title>\n<meta name=\"robots\" content=\"index, follow, max-snippet:-1, max-image-preview:large, max-video-preview:-1\" \/>\n<link rel=\"canonical\" href=\"https:\/\/www.acomeambiente.org\/fr\/visite\/horaires\/\" \/>\n<meta property=\"og:locale\" content=\"fr_FR\" \/>\n<meta property=\"og:type\" content=\"article\" \/>\n<meta property=\"og:title\" content=\"Horaires - Fr - MAcA - Museo A come Ambiente\" \/>\n<meta property=\"og:url\" content=\"https:\/\/www.acomeambiente.org\/fr\/visite\/horaires\/\" \/>\n<meta property=\"og:site_name\" content=\"Fr - MAcA - Museo A come Ambiente\" \/>\n<meta property=\"article:modified_time\" content=\"2023-09-20T11:47:13+00:00\" \/>\n<meta name=\"twitter:card\" content=\"summary_large_image\" \/>\n<meta name=\"twitter:label1\" content=\"Dur\u00e9e de lecture estim\u00e9e\" \/>\n\t<meta name=\"twitter:data1\" content=\"3 minutes\" \/>\n<script type=\"application\/ld+json\" class=\"yoast-schema-graph\">{\"@context\":\"https:\/\/schema.org\",\"@graph\":[{\"@type\":\"WebPage\",\"@id\":\"https:\/\/www.acomeambiente.org\/fr\/visite\/horaires\/\",\"url\":\"https:\/\/www.acomeambiente.org\/fr\/visite\/horaires\/\",\"name\":\"Horaires - Fr - MAcA - Museo A come Ambiente\",\"isPartOf\":{\"@id\":\"https:\/\/www.acomeambiente.org\/fr\/#website\"},\"datePublished\":\"2015-03-19T15:23:41+00:00\",\"dateModified\":\"2023-09-20T11:47:13+00:00\",\"breadcrumb\":{\"@id\":\"https:\/\/www.acomeambiente.org\/fr\/visite\/horaires\/#breadcrumb\"},\"inLanguage\":\"fr-FR\",\"potentialAction\":[{\"@type\":\"ReadAction\",\"target\":[\"https:\/\/www.acomeambiente.org\/fr\/visite\/horaires\/\"]}]},{\"@type\":\"BreadcrumbList\",\"@id\":\"https:\/\/www.acomeambiente.org\/fr\/visite\/horaires\/#breadcrumb\",\"itemListElement\":[{\"@type\":\"ListItem\",\"position\":1,\"name\":\"Home\",\"item\":\"https:\/\/www.acomeambiente.org\/fr\/\"},{\"@type\":\"ListItem\",\"position\":2,\"name\":\"Visite\",\"item\":\"https:\/\/www.acomeambiente.org\/fr\/visite\/\"},{\"@type\":\"ListItem\",\"position\":3,\"name\":\"Horaires\"}]},{\"@type\":\"WebSite\",\"@id\":\"https:\/\/www.acomeambiente.org\/fr\/#website\",\"url\":\"https:\/\/www.acomeambiente.org\/fr\/\",\"name\":\"Fr - MAcA - Museo A come Ambiente\",\"description\":\"Passa al MAcA, costruiamo insieme un mondo pi\u00f9 sostenibile\",\"potentialAction\":[{\"@type\":\"SearchAction\",\"target\":{\"@type\":\"EntryPoint\",\"urlTemplate\":\"https:\/\/www.acomeambiente.org\/fr\/?s={search_term_string}\"},\"query-input\":{\"@type\":\"PropertyValueSpecification\",\"valueRequired\":true,\"valueName\":\"search_term_string\"}}],\"inLanguage\":\"fr-FR\"}]}<\/script>\n<!-- \/ Yoast SEO plugin. -->","yoast_head_json":{"title":"Horaires - Fr - MAcA - Museo A come Ambiente","robots":{"index":"index","follow":"follow","max-snippet":"max-snippet:-1","max-image-preview":"max-image-preview:large","max-video-preview":"max-video-preview:-1"},"canonical":"https:\/\/www.acomeambiente.org\/fr\/visite\/horaires\/","og_locale":"fr_FR","og_type":"article","og_title":"Horaires - Fr - MAcA - Museo A come Ambiente","og_url":"https:\/\/www.acomeambiente.org\/fr\/visite\/horaires\/","og_site_name":"Fr - MAcA - Museo A come Ambiente","article_modified_time":"2023-09-20T11:47:13+00:00","twitter_card":"summary_large_image","twitter_misc":{"Dur\u00e9e de lecture estim\u00e9e":"3 minutes"},"schema":{"@context":"https:\/\/schema.org","@graph":[{"@type":"WebPage","@id":"https:\/\/www.acomeambiente.org\/fr\/visite\/horaires\/","url":"https:\/\/www.acomeambiente.org\/fr\/visite\/horaires\/","name":"Horaires - Fr - MAcA - Museo A come Ambiente","isPartOf":{"@id":"https:\/\/www.acomeambiente.org\/fr\/#website"},"datePublished":"2015-03-19T15:23:41+00:00","dateModified":"2023-09-20T11:47:13+00:00","breadcrumb":{"@id":"https:\/\/www.acomeambiente.org\/fr\/visite\/horaires\/#breadcrumb"},"inLanguage":"fr-FR","potentialAction":[{"@type":"ReadAction","target":["https:\/\/www.acomeambiente.org\/fr\/visite\/horaires\/"]}]},{"@type":"BreadcrumbList","@id":"https:\/\/www.acomeambiente.org\/fr\/visite\/horaires\/#breadcrumb","itemListElement":[{"@type":"ListItem","position":1,"name":"Home","item":"https:\/\/www.acomeambiente.org\/fr\/"},{"@type":"ListItem","position":2,"name":"Visite","item":"https:\/\/www.acomeambiente.org\/fr\/visite\/"},{"@type":"ListItem","position":3,"name":"Horaires"}]},{"@type":"WebSite","@id":"https:\/\/www.acomeambiente.org\/fr\/#website","url":"https:\/\/www.acomeambiente.org\/fr\/","name":"Fr - MAcA - Museo A come Ambiente","description":"Passa al MAcA, costruiamo insieme un mondo pi\u00f9 sostenibile","potentialAction":[{"@type":"SearchAction","target":{"@type":"EntryPoint","urlTemplate":"https:\/\/www.acomeambiente.org\/fr\/?s={search_term_string}"},"query-input":{"@type":"PropertyValueSpecification","valueRequired":true,"valueName":"search_term_string"}}],"inLanguage":"fr-FR"}]}},"_links":{"self":[{"href":"https:\/\/www.acomeambiente.org\/fr\/wp-json\/wp\/v2\/pages\/204","targetHints":{"allow":["GET"]}}],"collection":[{"href":"https:\/\/www.acomeambiente.org\/fr\/wp-json\/wp\/v2\/pages"}],"about":[{"href":"https:\/\/www.acomeambiente.org\/fr\/wp-json\/wp\/v2\/types\/page"}],"author":[{"embeddable":true,"href":"https:\/\/www.acomeambiente.org\/fr\/wp-json\/wp\/v2\/users\/1025"}],"replies":[{"embeddable":true,"href":"https:\/\/www.acomeambiente.org\/fr\/wp-json\/wp\/v2\/comments?post=204"}],"version-history":[{"count":75,"href":"https:\/\/www.acomeambiente.org\/fr\/wp-json\/wp\/v2\/pages\/204\/revisions"}],"predecessor-version":[{"id":5708,"href":"https:\/\/www.acomeambiente.org\/fr\/wp-json\/wp\/v2\/pages\/204\/revisions\/5708"}],"up":[{"embeddable":true,"href":"https:\/\/www.acomeambiente.org\/fr\/wp-json\/wp\/v2\/pages\/184"}],"wp:attachment":[{"href":"https:\/\/www.acomeambiente.org\/fr\/wp-json\/wp\/v2\/media?parent=204"}],"curies":[{"name":"wp","href":"https:\/\/api.w.org\/{rel}","templated":true}]}}