{"id":2036,"date":"2015-11-04T15:29:11","date_gmt":"2015-11-04T15:29:11","guid":{"rendered":"http:\/\/www.acomeambiente.org\/fr\/?page_id=2036"},"modified":"2021-01-27T09:03:46","modified_gmt":"2021-01-27T09:03:46","slug":"alimentazione","status":"publish","type":"page","link":"https:\/\/www.acomeambiente.org\/fr\/visite\/ecoles\/alimentazione\/","title":{"rendered":"Alimentation"},"content":{"rendered":"<div class=\"fusion-fullwidth fullwidth-box fusion-builder-row-1 hundred-percent-fullwidth non-hundred-percent-height-scrolling\" style=\"--awb-border-radius-top-left:0px;--awb-border-radius-top-right:0px;--awb-border-radius-bottom-right:0px;--awb-border-radius-bottom-left:0px;--awb-overflow:visible;--awb-flex-wrap:wrap;\" ><div class=\"fusion-builder-row fusion-row\"><div class=\"fusion-layout-column fusion_builder_column fusion-builder-column-0 fusion_builder_column_1_1 1_1 fusion-one-full fusion-column-first fusion-column-last fusion-column-no-min-height\" style=\"--awb-bg-size:cover;--awb-margin-bottom:0px;\"><div class=\"fusion-column-wrapper fusion-flex-column-wrapper-legacy\"><div class=\"fusion-text fusion-text-1\"><p><img decoding=\"async\" class=\"alignnone wp-image-240 size-full\" src=\"\/wp-content\/uploads\/sites\/2\/2015\/03\/slide3.jpg\" alt=\"Scuole\" width=\"900\" height=\"330\" \/><\/p>\n<h1 class=\"entry-title\">Alimentation<\/h1>\n<p style=\"text-align: justify;\">La nourriture est environnement. La nourriture est tradition. La nourriture est exp\u00e9rimentation. A travers un parcours de 90 mn, nous irons \u00e0 la d\u00e9couverte de la nature chimique et physique des aliments. Nous interrogerons les d\u00e9fis qui attendent une population humaine de 10 milliards d&rsquo;habitants pr\u00e9vue pour 2050, et nous jetterons un \u0153il sur les diff\u00e9rentes facettes culturelles que le mot nourriture porte en lui. Sans oublier que les choix des consommateurs ont un grand pouvoir quant \u00e0 la d\u00e9termination des politiques de l&rsquo;industrie alimentaire. Des choix \u00e9clair\u00e9s peuvent faire la diff\u00e9rence. Et toi, tu veux essayer?<\/p>\n<h1 class=\"entry-title\">Laboratoires<\/h1>\n<\/div><div class=\"fusion-clearfix\"><\/div><\/div><\/div><div class=\"fusion-layout-column fusion_builder_column fusion-builder-column-1 fusion_builder_column_1_3 1_3 fusion-one-third fusion-column-first\" style=\"--awb-bg-size:cover;width:30.6666%; margin-right: 4%;\"><div class=\"fusion-column-wrapper fusion-flex-column-wrapper-legacy\"><div class=\"fusion-text fusion-text-2\"><p><!--img class=\"img_laboratori alignnone size-medium wp-image-3669\" src=\"\/wp-content\/uploads\/sites\/2\/2015\/11\/Alimentazione_1-300x276.jpg\" alt=\"alimentazione_1\" width=\"300\" height=\"276\" \/--><img decoding=\"async\" class=\"aligncenter size-medium wp-image-4083\" src=\"http:\/\/www.acomeambiente.org\/wp-content\/uploads\/sites\/2\/2015\/11\/Alimentazione-Lorto-sul-balcone-300x276.jpg\" alt=\"alimentazione-lorto-sul-balcone\" width=\"300\" height=\"276\" srcset=\"https:\/\/www.acomeambiente.org\/fr\/wp-content\/uploads\/sites\/2\/2015\/11\/Alimentazione-Lorto-sul-balcone-200x184.jpg 200w, https:\/\/www.acomeambiente.org\/fr\/wp-content\/uploads\/sites\/2\/2015\/11\/Alimentazione-Lorto-sul-balcone.jpg 300w\" sizes=\"(max-width: 300px) 100vw, 300px\" \/><\/p>\n<div class=\"titoli_laboratori\"><strong>UN JARDIN SUR LE BALCON<\/strong><\/div>\n<p style=\"text-align: justify;\">Il y a les champs, les vignes et les for\u00eats et\u2026 les balcons. Si, parce qu&rsquo;on peut aussi y planter des potagers, petits, mais tr\u00e8s productifs. Les participants apprendront quels sont les \u00e9l\u00e9ments fondamentaux pour la croissance des v\u00e9g\u00e9taux. Gr\u00e2ce \u00e0 des petites caisses bio contenant un terreau sp\u00e9cial, ils pourront pr\u00e9parer les cultures de fa\u00e7on \u00e0 donner naissance au noyau d&rsquo;un potager urbain. A amener \u00e0 l&rsquo;\u00e9cole, et \u00e0 regarder pousser !<\/p>\n<\/div><div class=\"fusion-clearfix\"><\/div><\/div><\/div><div class=\"fusion-layout-column fusion_builder_column fusion-builder-column-2 fusion_builder_column_1_3 1_3 fusion-one-third\" style=\"--awb-bg-size:cover;width:30.6666%; margin-right: 4%;\"><div class=\"fusion-column-wrapper fusion-flex-column-wrapper-legacy\"><div class=\"fusion-text fusion-text-3\"><p><!--img class=\"img_laboratori alignnone size-medium wp-image-3664\" src=\"\/wp-content\/uploads\/sites\/2\/2015\/11\/Alimentazione_2-300x276.jpg\" alt=\"alimentazione_2\" width=\"300\" height=\"276\" \/--><img decoding=\"async\" class=\"aligncenter size-medium wp-image-4084\" src=\"http:\/\/www.acomeambiente.org\/wp-content\/uploads\/sites\/2\/2015\/11\/Alimentazione-DNA-eccolo-qua-300x276.jpg\" alt=\"alimentazione-dna-eccolo-qua\" width=\"300\" height=\"276\" srcset=\"https:\/\/www.acomeambiente.org\/fr\/wp-content\/uploads\/sites\/2\/2015\/11\/Alimentazione-DNA-eccolo-qua-200x184.jpg 200w, https:\/\/www.acomeambiente.org\/fr\/wp-content\/uploads\/sites\/2\/2015\/11\/Alimentazione-DNA-eccolo-qua.jpg 300w\" sizes=\"(max-width: 300px) 100vw, 300px\" \/><\/p>\n<div class=\"titoli_laboratori\"><strong>ADN, LE VOIL\u00c0\u00a0!<\/strong><\/div>\n<p style=\"text-align: justify;\">Quand nous parlons des aliments OGM, savons-nous vraiment de quoi il s&rsquo;agit? Faisons un pas en arri\u00e8re, et regardons de pr\u00e8s les acides nucl\u00e9iques pr\u00e9sents dans toutes les formes de vies connues. Nous parlerons d&rsquo;atomes, de mol\u00e9cules, de chromosomes et de g\u00e8nes, d&rsquo;ing\u00e9nierie g\u00e9n\u00e9tique et d&rsquo;hybrides. Enfin, gr\u00e2ce \u00e0 l&rsquo;aide de quelques simples intruments et r\u00e9actifs d&rsquo;usage commun, nous extrairons de l&rsquo;ADN et ARN contenus dans les cellules et&#8230; nous en rapporterons m\u00eame un peu en classe !<\/p>\n<\/div><div class=\"fusion-clearfix\"><\/div><\/div><\/div><div class=\"fusion-layout-column fusion_builder_column fusion-builder-column-3 fusion_builder_column_1_3 1_3 fusion-one-third fusion-column-last\" style=\"--awb-bg-size:cover;width:30.6666%;\"><div class=\"fusion-column-wrapper fusion-flex-column-wrapper-legacy\"><div class=\"fusion-text fusion-text-4\"><p><!--img class=\"img_laboratori alignnone size-medium wp-image-3666\" src=\"\/wp-content\/uploads\/sites\/2\/2015\/11\/Alimentazione_5-300x276.jpg\" alt=\"alimentazione_5\" width=\"300\" height=\"276\" \/--><img decoding=\"async\" class=\"aligncenter size-medium wp-image-4085\" src=\"http:\/\/www.acomeambiente.org\/wp-content\/uploads\/sites\/2\/2015\/11\/Alimentazione-Tutti-i-colori-del-cibo-300x276.jpg\" alt=\"alimentazione-tutti-i-colori-del-cibo\" width=\"300\" height=\"276\" srcset=\"https:\/\/www.acomeambiente.org\/fr\/wp-content\/uploads\/sites\/2\/2015\/11\/Alimentazione-Tutti-i-colori-del-cibo-200x184.jpg 200w, https:\/\/www.acomeambiente.org\/fr\/wp-content\/uploads\/sites\/2\/2015\/11\/Alimentazione-Tutti-i-colori-del-cibo.jpg 300w\" sizes=\"(max-width: 300px) 100vw, 300px\" \/><\/p>\n<div class=\"titoli_laboratori\"><strong>TOUTES LES COULEURS DE LA NOURRITURE<\/strong><\/div>\n<p style=\"text-align: justify;\">Si nous regardons les choses les plus simples avec des yeux curieux, nous pouvons faire des d\u00e9couvertes tr\u00e8s int\u00e9ressantes. Par exemple, que les restes d&rsquo;un chou rouge ou d&rsquo;une grenade, dont plus personne ne veut, peuvent se transformer en couleurs ! A\u00a0partir des restes de fruits rouges destin\u00e9s au compost, un peu de vinaigre, de bicarbonate et une cuiller de potassium suffisent pour cr\u00e9er une gamme de plus de 60 couleurs. Essaie pour croire !<\/p>\n<\/div><div class=\"fusion-clearfix\"><\/div><\/div><\/div><div class=\"fusion-layout-column fusion_builder_column fusion-builder-column-4 fusion_builder_column_1_3 1_3 fusion-one-third fusion-column-first\" style=\"--awb-bg-size:cover;width:30.6666%; margin-right: 4%;\"><div class=\"fusion-column-wrapper fusion-flex-column-wrapper-legacy\"><div class=\"fusion-text fusion-text-5\"><p><!--img class=\"img_laboratori alignnone size-medium wp-image-3665\" src=\"http:\/\/www.acomeambiente.org\/wp-content\/uploads\/sites\/2\/2015\/11\/Alimentazione_3-300x276.jpg\" alt=\"alimentazione_3\" width=\"300\" height=\"276\" \/--><img decoding=\"async\" class=\"aligncenter size-medium wp-image-4086\" src=\"http:\/\/www.acomeambiente.org\/wp-content\/uploads\/sites\/2\/2015\/11\/Alimentazione-Playdecide-OGM-300x276.jpg\" alt=\"alimentazione-playdecide-ogm\" width=\"300\" height=\"276\" srcset=\"https:\/\/www.acomeambiente.org\/fr\/wp-content\/uploads\/sites\/2\/2015\/11\/Alimentazione-Playdecide-OGM-200x184.jpg 200w, https:\/\/www.acomeambiente.org\/fr\/wp-content\/uploads\/sites\/2\/2015\/11\/Alimentazione-Playdecide-OGM.jpg 300w\" sizes=\"(max-width: 300px) 100vw, 300px\" \/><\/p>\n<div class=\"titoli_laboratori\"><strong>PLAYDECIDE! OGM<\/strong><\/div>\n<p style=\"text-align: justify;\">Discut\u00e9s et \u00e0 rejeter\u00a0pour les uns, alternative valide pour une alimentation du futur pour les autres, les OGM sont plus que jamais au centre du d\u00e9bat. De leur impact sur l&rsquo;environnement \u00e0 la responsabilit\u00e9 des consommateurs et de leurs choix, nous essaierons ensemble de faire la lumi\u00e8re sur la question, en soupesant les diverses opinions\u00a0et en triant les pour et les contre.<\/p>\n<\/div><div class=\"fusion-clearfix\"><\/div><\/div><\/div><div class=\"fusion-layout-column fusion_builder_column fusion-builder-column-5 fusion_builder_column_1_3 1_3 fusion-one-third\" style=\"--awb-bg-size:cover;width:30.6666%; margin-right: 4%;\"><div class=\"fusion-column-wrapper fusion-flex-column-wrapper-legacy\"><div class=\"fusion-text fusion-text-6\"><p><!--img class=\"img_laboratori alignnone size-medium wp-image-3665\" src=\"http:\/\/www.acomeambiente.org\/wp-content\/uploads\/sites\/2\/2015\/11\/Alimentazione_3-300x276.jpg\" alt=\"alimentazione_3\" width=\"300\" height=\"276\" \/--><img decoding=\"async\" class=\"alignnone wp-image-5590 size-full\" src=\"https:\/\/www.acomeambiente.org\/fr\/wp-content\/uploads\/sites\/2\/2021\/01\/Alimentazione.jpg\" alt=\"\" width=\"300\" height=\"276\" srcset=\"https:\/\/www.acomeambiente.org\/fr\/wp-content\/uploads\/sites\/2\/2021\/01\/Alimentazione-200x184.jpg 200w, https:\/\/www.acomeambiente.org\/fr\/wp-content\/uploads\/sites\/2\/2021\/01\/Alimentazione.jpg 300w\" sizes=\"(max-width: 300px) 100vw, 300px\" \/><\/p>\n<div class=\"titoli_laboratori\">\n<p><strong>LA SCIENCE EN CUISINE<\/strong><\/p>\n<\/div>\n<p>Prot\u00e9ines, glucides, vitamines, oligo-\u00e9l\u00e9ments \u2026 nous en entendons parler, mais qu\u2019est-ce qu\u2019ils sont vraiment et o\u00f9 est-ce que nous les trouvons? De quoi se compose-t il un repas sain? Qu\u2019est-ce que la pyramide alimentaire? En nous appuyant sur nos senses, nous chercherons de faire la clart\u00e9 sur un th\u00e8me \u00e0 la fois fascinant et de grande actualit\u00e9. Sans oublier que nos habitudes alimentaires ont un impact sur notre plan\u00e8te.<\/p>\n<\/div><div class=\"fusion-clearfix\"><\/div><\/div><\/div><\/div><\/div>\n","protected":false},"excerpt":{"rendered":"","protected":false},"author":1025,"featured_media":0,"parent":1954,"menu_order":11,"comment_status":"closed","ping_status":"closed","template":"","meta":{"footnotes":""},"class_list":["post-2036","page","type-page","status-publish","hentry"],"yoast_head":"<!-- This site is optimized with the Yoast SEO plugin v26.9 - https:\/\/yoast.com\/product\/yoast-seo-wordpress\/ -->\n<title>Alimentation - Fr - MAcA - Museo A come Ambiente<\/title>\n<meta name=\"robots\" content=\"index, follow, max-snippet:-1, max-image-preview:large, max-video-preview:-1\" \/>\n<link rel=\"canonical\" href=\"https:\/\/www.acomeambiente.org\/fr\/visite\/ecoles\/alimentazione\/\" \/>\n<meta property=\"og:locale\" content=\"fr_FR\" \/>\n<meta property=\"og:type\" content=\"article\" \/>\n<meta property=\"og:title\" content=\"Alimentation - Fr - MAcA - Museo A come Ambiente\" \/>\n<meta property=\"og:url\" content=\"https:\/\/www.acomeambiente.org\/fr\/visite\/ecoles\/alimentazione\/\" \/>\n<meta property=\"og:site_name\" content=\"Fr - MAcA - Museo A come Ambiente\" \/>\n<meta property=\"article:modified_time\" content=\"2021-01-27T09:03:46+00:00\" \/>\n<meta property=\"og:image\" content=\"https:\/\/www.acomeambiente.org\/wp-content\/uploads\/sites\/2\/2015\/03\/slide3.jpg\" \/>\n<meta name=\"twitter:card\" content=\"summary_large_image\" \/>\n<meta name=\"twitter:label1\" content=\"Dur\u00e9e de lecture estim\u00e9e\" \/>\n\t<meta name=\"twitter:data1\" content=\"6 minutes\" \/>\n<script type=\"application\/ld+json\" class=\"yoast-schema-graph\">{\"@context\":\"https:\/\/schema.org\",\"@graph\":[{\"@type\":\"WebPage\",\"@id\":\"https:\/\/www.acomeambiente.org\/fr\/visite\/ecoles\/alimentazione\/\",\"url\":\"https:\/\/www.acomeambiente.org\/fr\/visite\/ecoles\/alimentazione\/\",\"name\":\"Alimentation - Fr - MAcA - Museo A come Ambiente\",\"isPartOf\":{\"@id\":\"https:\/\/www.acomeambiente.org\/fr\/#website\"},\"primaryImageOfPage\":{\"@id\":\"https:\/\/www.acomeambiente.org\/fr\/visite\/ecoles\/alimentazione\/#primaryimage\"},\"image\":{\"@id\":\"https:\/\/www.acomeambiente.org\/fr\/visite\/ecoles\/alimentazione\/#primaryimage\"},\"thumbnailUrl\":\"http:\/\/www.acomeambiente.org\/wp-content\/uploads\/sites\/2\/2015\/11\/Alimentazione-Lorto-sul-balcone-300x276.jpg\",\"datePublished\":\"2015-11-04T15:29:11+00:00\",\"dateModified\":\"2021-01-27T09:03:46+00:00\",\"breadcrumb\":{\"@id\":\"https:\/\/www.acomeambiente.org\/fr\/visite\/ecoles\/alimentazione\/#breadcrumb\"},\"inLanguage\":\"fr-FR\",\"potentialAction\":[{\"@type\":\"ReadAction\",\"target\":[\"https:\/\/www.acomeambiente.org\/fr\/visite\/ecoles\/alimentazione\/\"]}]},{\"@type\":\"ImageObject\",\"inLanguage\":\"fr-FR\",\"@id\":\"https:\/\/www.acomeambiente.org\/fr\/visite\/ecoles\/alimentazione\/#primaryimage\",\"url\":\"http:\/\/www.acomeambiente.org\/wp-content\/uploads\/sites\/2\/2015\/11\/Alimentazione-Lorto-sul-balcone-300x276.jpg\",\"contentUrl\":\"http:\/\/www.acomeambiente.org\/wp-content\/uploads\/sites\/2\/2015\/11\/Alimentazione-Lorto-sul-balcone-300x276.jpg\"},{\"@type\":\"BreadcrumbList\",\"@id\":\"https:\/\/www.acomeambiente.org\/fr\/visite\/ecoles\/alimentazione\/#breadcrumb\",\"itemListElement\":[{\"@type\":\"ListItem\",\"position\":1,\"name\":\"Home\",\"item\":\"https:\/\/www.acomeambiente.org\/fr\/\"},{\"@type\":\"ListItem\",\"position\":2,\"name\":\"Visite\",\"item\":\"https:\/\/www.acomeambiente.org\/fr\/visite\/\"},{\"@type\":\"ListItem\",\"position\":3,\"name\":\"\u00c9coles\",\"item\":\"https:\/\/www.acomeambiente.org\/fr\/visite\/ecoles\/\"},{\"@type\":\"ListItem\",\"position\":4,\"name\":\"Alimentation\"}]},{\"@type\":\"WebSite\",\"@id\":\"https:\/\/www.acomeambiente.org\/fr\/#website\",\"url\":\"https:\/\/www.acomeambiente.org\/fr\/\",\"name\":\"Fr - MAcA - Museo A come Ambiente\",\"description\":\"Passa al MAcA, costruiamo insieme un mondo pi\u00f9 sostenibile\",\"potentialAction\":[{\"@type\":\"SearchAction\",\"target\":{\"@type\":\"EntryPoint\",\"urlTemplate\":\"https:\/\/www.acomeambiente.org\/fr\/?s={search_term_string}\"},\"query-input\":{\"@type\":\"PropertyValueSpecification\",\"valueRequired\":true,\"valueName\":\"search_term_string\"}}],\"inLanguage\":\"fr-FR\"}]}<\/script>\n<!-- \/ Yoast SEO plugin. -->","yoast_head_json":{"title":"Alimentation - Fr - MAcA - Museo A come Ambiente","robots":{"index":"index","follow":"follow","max-snippet":"max-snippet:-1","max-image-preview":"max-image-preview:large","max-video-preview":"max-video-preview:-1"},"canonical":"https:\/\/www.acomeambiente.org\/fr\/visite\/ecoles\/alimentazione\/","og_locale":"fr_FR","og_type":"article","og_title":"Alimentation - Fr - MAcA - Museo A come Ambiente","og_url":"https:\/\/www.acomeambiente.org\/fr\/visite\/ecoles\/alimentazione\/","og_site_name":"Fr - MAcA - Museo A come Ambiente","article_modified_time":"2021-01-27T09:03:46+00:00","og_image":[{"url":"https:\/\/www.acomeambiente.org\/wp-content\/uploads\/sites\/2\/2015\/03\/slide3.jpg","type":"","width":"","height":""}],"twitter_card":"summary_large_image","twitter_misc":{"Dur\u00e9e de lecture estim\u00e9e":"6 minutes"},"schema":{"@context":"https:\/\/schema.org","@graph":[{"@type":"WebPage","@id":"https:\/\/www.acomeambiente.org\/fr\/visite\/ecoles\/alimentazione\/","url":"https:\/\/www.acomeambiente.org\/fr\/visite\/ecoles\/alimentazione\/","name":"Alimentation - Fr - MAcA - Museo A come Ambiente","isPartOf":{"@id":"https:\/\/www.acomeambiente.org\/fr\/#website"},"primaryImageOfPage":{"@id":"https:\/\/www.acomeambiente.org\/fr\/visite\/ecoles\/alimentazione\/#primaryimage"},"image":{"@id":"https:\/\/www.acomeambiente.org\/fr\/visite\/ecoles\/alimentazione\/#primaryimage"},"thumbnailUrl":"http:\/\/www.acomeambiente.org\/wp-content\/uploads\/sites\/2\/2015\/11\/Alimentazione-Lorto-sul-balcone-300x276.jpg","datePublished":"2015-11-04T15:29:11+00:00","dateModified":"2021-01-27T09:03:46+00:00","breadcrumb":{"@id":"https:\/\/www.acomeambiente.org\/fr\/visite\/ecoles\/alimentazione\/#breadcrumb"},"inLanguage":"fr-FR","potentialAction":[{"@type":"ReadAction","target":["https:\/\/www.acomeambiente.org\/fr\/visite\/ecoles\/alimentazione\/"]}]},{"@type":"ImageObject","inLanguage":"fr-FR","@id":"https:\/\/www.acomeambiente.org\/fr\/visite\/ecoles\/alimentazione\/#primaryimage","url":"http:\/\/www.acomeambiente.org\/wp-content\/uploads\/sites\/2\/2015\/11\/Alimentazione-Lorto-sul-balcone-300x276.jpg","contentUrl":"http:\/\/www.acomeambiente.org\/wp-content\/uploads\/sites\/2\/2015\/11\/Alimentazione-Lorto-sul-balcone-300x276.jpg"},{"@type":"BreadcrumbList","@id":"https:\/\/www.acomeambiente.org\/fr\/visite\/ecoles\/alimentazione\/#breadcrumb","itemListElement":[{"@type":"ListItem","position":1,"name":"Home","item":"https:\/\/www.acomeambiente.org\/fr\/"},{"@type":"ListItem","position":2,"name":"Visite","item":"https:\/\/www.acomeambiente.org\/fr\/visite\/"},{"@type":"ListItem","position":3,"name":"\u00c9coles","item":"https:\/\/www.acomeambiente.org\/fr\/visite\/ecoles\/"},{"@type":"ListItem","position":4,"name":"Alimentation"}]},{"@type":"WebSite","@id":"https:\/\/www.acomeambiente.org\/fr\/#website","url":"https:\/\/www.acomeambiente.org\/fr\/","name":"Fr - MAcA - Museo A come Ambiente","description":"Passa al MAcA, costruiamo insieme un mondo pi\u00f9 sostenibile","potentialAction":[{"@type":"SearchAction","target":{"@type":"EntryPoint","urlTemplate":"https:\/\/www.acomeambiente.org\/fr\/?s={search_term_string}"},"query-input":{"@type":"PropertyValueSpecification","valueRequired":true,"valueName":"search_term_string"}}],"inLanguage":"fr-FR"}]}},"_links":{"self":[{"href":"https:\/\/www.acomeambiente.org\/fr\/wp-json\/wp\/v2\/pages\/2036","targetHints":{"allow":["GET"]}}],"collection":[{"href":"https:\/\/www.acomeambiente.org\/fr\/wp-json\/wp\/v2\/pages"}],"about":[{"href":"https:\/\/www.acomeambiente.org\/fr\/wp-json\/wp\/v2\/types\/page"}],"author":[{"embeddable":true,"href":"https:\/\/www.acomeambiente.org\/fr\/wp-json\/wp\/v2\/users\/1025"}],"replies":[{"embeddable":true,"href":"https:\/\/www.acomeambiente.org\/fr\/wp-json\/wp\/v2\/comments?post=2036"}],"version-history":[{"count":21,"href":"https:\/\/www.acomeambiente.org\/fr\/wp-json\/wp\/v2\/pages\/2036\/revisions"}],"predecessor-version":[{"id":5622,"href":"https:\/\/www.acomeambiente.org\/fr\/wp-json\/wp\/v2\/pages\/2036\/revisions\/5622"}],"up":[{"embeddable":true,"href":"https:\/\/www.acomeambiente.org\/fr\/wp-json\/wp\/v2\/pages\/1954"}],"wp:attachment":[{"href":"https:\/\/www.acomeambiente.org\/fr\/wp-json\/wp\/v2\/media?parent=2036"}],"curies":[{"name":"wp","href":"https:\/\/api.w.org\/{rel}","templated":true}]}}