{"id":2033,"date":"2015-11-04T15:24:15","date_gmt":"2015-11-04T15:24:15","guid":{"rendered":"http:\/\/www.acomeambiente.org\/fr\/?page_id=2033"},"modified":"2017-06-25T17:27:41","modified_gmt":"2017-06-25T17:27:41","slug":"transports","status":"publish","type":"page","link":"https:\/\/www.acomeambiente.org\/fr\/visite\/ecoles\/transports\/","title":{"rendered":"Transports"},"content":{"rendered":"<div class=\"fusion-fullwidth fullwidth-box fusion-builder-row-1 hundred-percent-fullwidth non-hundred-percent-height-scrolling\" style=\"--awb-border-radius-top-left:0px;--awb-border-radius-top-right:0px;--awb-border-radius-bottom-right:0px;--awb-border-radius-bottom-left:0px;--awb-overflow:visible;--awb-flex-wrap:wrap;\" ><div class=\"fusion-builder-row fusion-row\"><div class=\"fusion-layout-column fusion_builder_column fusion-builder-column-0 fusion_builder_column_1_1 1_1 fusion-one-full fusion-column-first fusion-column-last fusion-column-no-min-height\" style=\"--awb-bg-size:cover;--awb-margin-bottom:0px;\"><div class=\"fusion-column-wrapper fusion-flex-column-wrapper-legacy\"><div class=\"fusion-text fusion-text-1\"><p><img decoding=\"async\" class=\"alignnone wp-image-240 size-full\" src=\"\/wp-content\/uploads\/sites\/2\/2015\/03\/AcomeA_171.jpg\" alt=\"Scuole\" width=\"900\" height=\"330\" \/><\/p>\n<h1 class=\"entry-title\">Transports<\/h1>\n<p style=\"text-align: justify\">Il existe tant de fa\u00e7ons de se d\u00e9placer, tant de moyens de transports.\u00a0Quel est le futur\u00a0de\u00a0la mobilit\u00e9 durable\u00a0? Bicyclettes, autobus, tramways, m\u00e9tro, train. Ou bien l&rsquo;automobile, peut-\u00eatre partag\u00e9e, peut-\u00eatre \u00e0 prendre \u00e0 plusieurs.<br \/>\nAu cours d&rsquo;une visite de 90 minutes, \u00a0nous prendrons en compte\u00a0les pour et le contre des transports publics et priv\u00e9s, en jetant un \u0153il sur les technologies aujourd&rsquo;hui disponibles pour mieux organiser nos d\u00e9placements, en r\u00e9duisant nos temps d&rsquo;attente et l&rsquo;impact sur l&rsquo;environnement. \u00a0Pr\u00eat \u00e0 embarquer ?<\/p>\n<h1 class=\"entry-title\">Laboratoires<\/h1>\n<\/div><div class=\"fusion-clearfix\"><\/div><\/div><\/div><div class=\"fusion-layout-column fusion_builder_column fusion-builder-column-1 fusion_builder_column_1_2 1_2 fusion-one-half fusion-column-first\" style=\"--awb-bg-size:cover;width:48%; margin-right: 4%;\"><div class=\"fusion-column-wrapper fusion-flex-column-wrapper-legacy\"><div class=\"fusion-text fusion-text-2\"><p style=\"text-align: center\"><!--img class=\"img_laboratori size-medium wp-image-3658 aligncenter\" src=\"\/wp-content\/uploads\/sites\/2\/2015\/11\/Trasporti_1-300x276.jpg\" alt=\"trasporti_1\" width=\"300\" height=\"276\" \/--><img decoding=\"async\" class=\"size-medium wp-image-3658 aligncenter\" src=\"\/wp-content\/uploads\/sites\/2\/2015\/11\/Trasporti_1-300x276.jpg\" alt=\"trasporti_1\" width=\"300\" height=\"276\" srcset=\"https:\/\/www.acomeambiente.org\/fr\/wp-content\/uploads\/sites\/2\/2015\/11\/Trasporti_1-200x184.jpg 200w, https:\/\/www.acomeambiente.org\/fr\/wp-content\/uploads\/sites\/2\/2015\/11\/Trasporti_1-300x276.jpg 300w, https:\/\/www.acomeambiente.org\/fr\/wp-content\/uploads\/sites\/2\/2015\/11\/Trasporti_1.jpg 320w\" sizes=\"(max-width: 300px) 100vw, 300px\" \/><span style=\"color: #ff0000\"><strong>ENVIRONNEMENT+TRANSPORTS=<\/strong><\/span><span style=\"color: #ff0000\"><strong>MOBILIT\u00c9 DURABLE?<\/strong><\/span><\/p>\n<p style=\"text-align: justify\">Comment seraient nos villes sans moyens de transports publics ? O\u00f9 arriverait le niveau de pollution ? Un laboratoire pour d\u00e9couvrir ensemble les r\u00f4les fondamentaux que jouent les transports publics dans notre vie quotidienne, et les grands avantages qu&rsquo;ils repr\u00e9sentent en fait de mobilit\u00e9 durable et d&rsquo;attention \u00e0 l&rsquo;environnement.<\/p>\n<\/div><div class=\"fusion-clearfix\"><\/div><\/div><\/div><div class=\"fusion-layout-column fusion_builder_column fusion-builder-column-2 fusion_builder_column_1_2 1_2 fusion-one-half fusion-column-last\" style=\"--awb-bg-size:cover;width:48%;\"><div class=\"fusion-column-wrapper fusion-flex-column-wrapper-legacy\"><div class=\"fusion-text fusion-text-3\"><p style=\"text-align: center\"><!--img class=\"img_laboratori size-medium wp-image-3659 aligncenter\" src=\"\/wp-content\/uploads\/sites\/2\/2015\/11\/Trasporti_2-300x276.jpg\" alt=\"trasporti_2\" width=\"300\" height=\"276\" \/--><img decoding=\"async\" class=\"size-medium wp-image-3659 aligncenter\" src=\"\/wp-content\/uploads\/sites\/2\/2015\/11\/Trasporti_2-300x276.jpg\" alt=\"trasporti_2\" width=\"300\" height=\"276\" srcset=\"https:\/\/www.acomeambiente.org\/fr\/wp-content\/uploads\/sites\/2\/2015\/11\/Trasporti_2-200x184.jpg 200w, https:\/\/www.acomeambiente.org\/fr\/wp-content\/uploads\/sites\/2\/2015\/11\/Trasporti_2-300x276.jpg 300w, https:\/\/www.acomeambiente.org\/fr\/wp-content\/uploads\/sites\/2\/2015\/11\/Trasporti_2.jpg 320w\" sizes=\"(max-width: 300px) 100vw, 300px\" \/><span style=\"color: #ff0000\"><strong>ING\u00c9NIEUR DES TRANSPORTS\u00a0<\/strong><\/span><\/p>\n<p>Combien de fois s&rsquo;arr\u00eate un autobus, du d\u00e9but \u00e0 la fin de ligne ? Combien de fois peut-il passer ? Comment satisfaire les exigences de chaque voyageur ? Aujourd&rsquo;hui, il pleut : il faut plus de transports publics ! Enfilons le costume de ceux qui planifient chaque jour le syst\u00e8me des transports publics, et d\u00e9couvrons les joies et les douleurs de la mobilit\u00e9 urbaine. Comment organiserions-nous ces services?<\/p>\n<\/div><div class=\"fusion-clearfix\"><\/div><\/div><\/div><div class=\"fusion-layout-column fusion_builder_column fusion-builder-column-3 fusion_builder_column_1_1 1_1 fusion-one-full fusion-column-first fusion-column-last fusion-column-no-min-height\" style=\"--awb-bg-size:cover;--awb-margin-bottom:0px;\"><div class=\"fusion-column-wrapper fusion-flex-column-wrapper-legacy\"><div class=\"fusion-clearfix\"><\/div><\/div><\/div><\/div><\/div>\n","protected":false},"excerpt":{"rendered":"","protected":false},"author":1025,"featured_media":0,"parent":1954,"menu_order":10,"comment_status":"closed","ping_status":"closed","template":"","meta":{"footnotes":""},"class_list":["post-2033","page","type-page","status-publish","hentry"],"yoast_head":"<!-- This site is optimized with the Yoast SEO plugin v26.9 - https:\/\/yoast.com\/product\/yoast-seo-wordpress\/ -->\n<title>Transports - Fr - MAcA - Museo A come Ambiente<\/title>\n<meta name=\"robots\" content=\"index, follow, max-snippet:-1, max-image-preview:large, max-video-preview:-1\" \/>\n<link rel=\"canonical\" href=\"https:\/\/www.acomeambiente.org\/fr\/visite\/ecoles\/transports\/\" \/>\n<meta property=\"og:locale\" content=\"fr_FR\" \/>\n<meta property=\"og:type\" content=\"article\" \/>\n<meta property=\"og:title\" content=\"Transports - Fr - MAcA - Museo A come Ambiente\" \/>\n<meta property=\"og:url\" content=\"https:\/\/www.acomeambiente.org\/fr\/visite\/ecoles\/transports\/\" \/>\n<meta property=\"og:site_name\" content=\"Fr - MAcA - Museo A come Ambiente\" \/>\n<meta property=\"article:modified_time\" content=\"2017-06-25T17:27:41+00:00\" \/>\n<meta property=\"og:image\" content=\"https:\/\/www.acomeambiente.org\/wp-content\/uploads\/sites\/2\/2015\/03\/AcomeA_171.jpg\" \/>\n<meta name=\"twitter:card\" content=\"summary_large_image\" \/>\n<meta name=\"twitter:label1\" content=\"Dur\u00e9e de lecture estim\u00e9e\" \/>\n\t<meta name=\"twitter:data1\" content=\"2 minutes\" \/>\n<script type=\"application\/ld+json\" class=\"yoast-schema-graph\">{\"@context\":\"https:\/\/schema.org\",\"@graph\":[{\"@type\":\"WebPage\",\"@id\":\"https:\/\/www.acomeambiente.org\/fr\/visite\/ecoles\/transports\/\",\"url\":\"https:\/\/www.acomeambiente.org\/fr\/visite\/ecoles\/transports\/\",\"name\":\"Transports - Fr - MAcA - Museo A come Ambiente\",\"isPartOf\":{\"@id\":\"https:\/\/www.acomeambiente.org\/fr\/#website\"},\"datePublished\":\"2015-11-04T15:24:15+00:00\",\"dateModified\":\"2017-06-25T17:27:41+00:00\",\"breadcrumb\":{\"@id\":\"https:\/\/www.acomeambiente.org\/fr\/visite\/ecoles\/transports\/#breadcrumb\"},\"inLanguage\":\"fr-FR\",\"potentialAction\":[{\"@type\":\"ReadAction\",\"target\":[\"https:\/\/www.acomeambiente.org\/fr\/visite\/ecoles\/transports\/\"]}]},{\"@type\":\"BreadcrumbList\",\"@id\":\"https:\/\/www.acomeambiente.org\/fr\/visite\/ecoles\/transports\/#breadcrumb\",\"itemListElement\":[{\"@type\":\"ListItem\",\"position\":1,\"name\":\"Home\",\"item\":\"https:\/\/www.acomeambiente.org\/fr\/\"},{\"@type\":\"ListItem\",\"position\":2,\"name\":\"Visite\",\"item\":\"https:\/\/www.acomeambiente.org\/fr\/visite\/\"},{\"@type\":\"ListItem\",\"position\":3,\"name\":\"\u00c9coles\",\"item\":\"https:\/\/www.acomeambiente.org\/fr\/visite\/ecoles\/\"},{\"@type\":\"ListItem\",\"position\":4,\"name\":\"Transports\"}]},{\"@type\":\"WebSite\",\"@id\":\"https:\/\/www.acomeambiente.org\/fr\/#website\",\"url\":\"https:\/\/www.acomeambiente.org\/fr\/\",\"name\":\"Fr - MAcA - Museo A come Ambiente\",\"description\":\"Passa al MAcA, costruiamo insieme un mondo pi\u00f9 sostenibile\",\"potentialAction\":[{\"@type\":\"SearchAction\",\"target\":{\"@type\":\"EntryPoint\",\"urlTemplate\":\"https:\/\/www.acomeambiente.org\/fr\/?s={search_term_string}\"},\"query-input\":{\"@type\":\"PropertyValueSpecification\",\"valueRequired\":true,\"valueName\":\"search_term_string\"}}],\"inLanguage\":\"fr-FR\"}]}<\/script>\n<!-- \/ Yoast SEO plugin. -->","yoast_head_json":{"title":"Transports - Fr - MAcA - Museo A come Ambiente","robots":{"index":"index","follow":"follow","max-snippet":"max-snippet:-1","max-image-preview":"max-image-preview:large","max-video-preview":"max-video-preview:-1"},"canonical":"https:\/\/www.acomeambiente.org\/fr\/visite\/ecoles\/transports\/","og_locale":"fr_FR","og_type":"article","og_title":"Transports - Fr - MAcA - Museo A come Ambiente","og_url":"https:\/\/www.acomeambiente.org\/fr\/visite\/ecoles\/transports\/","og_site_name":"Fr - MAcA - Museo A come Ambiente","article_modified_time":"2017-06-25T17:27:41+00:00","og_image":[{"url":"https:\/\/www.acomeambiente.org\/wp-content\/uploads\/sites\/2\/2015\/03\/AcomeA_171.jpg","type":"","width":"","height":""}],"twitter_card":"summary_large_image","twitter_misc":{"Dur\u00e9e de lecture estim\u00e9e":"2 minutes"},"schema":{"@context":"https:\/\/schema.org","@graph":[{"@type":"WebPage","@id":"https:\/\/www.acomeambiente.org\/fr\/visite\/ecoles\/transports\/","url":"https:\/\/www.acomeambiente.org\/fr\/visite\/ecoles\/transports\/","name":"Transports - Fr - MAcA - Museo A come Ambiente","isPartOf":{"@id":"https:\/\/www.acomeambiente.org\/fr\/#website"},"datePublished":"2015-11-04T15:24:15+00:00","dateModified":"2017-06-25T17:27:41+00:00","breadcrumb":{"@id":"https:\/\/www.acomeambiente.org\/fr\/visite\/ecoles\/transports\/#breadcrumb"},"inLanguage":"fr-FR","potentialAction":[{"@type":"ReadAction","target":["https:\/\/www.acomeambiente.org\/fr\/visite\/ecoles\/transports\/"]}]},{"@type":"BreadcrumbList","@id":"https:\/\/www.acomeambiente.org\/fr\/visite\/ecoles\/transports\/#breadcrumb","itemListElement":[{"@type":"ListItem","position":1,"name":"Home","item":"https:\/\/www.acomeambiente.org\/fr\/"},{"@type":"ListItem","position":2,"name":"Visite","item":"https:\/\/www.acomeambiente.org\/fr\/visite\/"},{"@type":"ListItem","position":3,"name":"\u00c9coles","item":"https:\/\/www.acomeambiente.org\/fr\/visite\/ecoles\/"},{"@type":"ListItem","position":4,"name":"Transports"}]},{"@type":"WebSite","@id":"https:\/\/www.acomeambiente.org\/fr\/#website","url":"https:\/\/www.acomeambiente.org\/fr\/","name":"Fr - MAcA - Museo A come Ambiente","description":"Passa al MAcA, costruiamo insieme un mondo pi\u00f9 sostenibile","potentialAction":[{"@type":"SearchAction","target":{"@type":"EntryPoint","urlTemplate":"https:\/\/www.acomeambiente.org\/fr\/?s={search_term_string}"},"query-input":{"@type":"PropertyValueSpecification","valueRequired":true,"valueName":"search_term_string"}}],"inLanguage":"fr-FR"}]}},"_links":{"self":[{"href":"https:\/\/www.acomeambiente.org\/fr\/wp-json\/wp\/v2\/pages\/2033","targetHints":{"allow":["GET"]}}],"collection":[{"href":"https:\/\/www.acomeambiente.org\/fr\/wp-json\/wp\/v2\/pages"}],"about":[{"href":"https:\/\/www.acomeambiente.org\/fr\/wp-json\/wp\/v2\/types\/page"}],"author":[{"embeddable":true,"href":"https:\/\/www.acomeambiente.org\/fr\/wp-json\/wp\/v2\/users\/1025"}],"replies":[{"embeddable":true,"href":"https:\/\/www.acomeambiente.org\/fr\/wp-json\/wp\/v2\/comments?post=2033"}],"version-history":[{"count":31,"href":"https:\/\/www.acomeambiente.org\/fr\/wp-json\/wp\/v2\/pages\/2033\/revisions"}],"predecessor-version":[{"id":5242,"href":"https:\/\/www.acomeambiente.org\/fr\/wp-json\/wp\/v2\/pages\/2033\/revisions\/5242"}],"up":[{"embeddable":true,"href":"https:\/\/www.acomeambiente.org\/fr\/wp-json\/wp\/v2\/pages\/1954"}],"wp:attachment":[{"href":"https:\/\/www.acomeambiente.org\/fr\/wp-json\/wp\/v2\/media?parent=2033"}],"curies":[{"name":"wp","href":"https:\/\/api.w.org\/{rel}","templated":true}]}}