{"id":2029,"date":"2015-11-04T15:20:05","date_gmt":"2015-11-04T15:20:05","guid":{"rendered":"http:\/\/www.acomeambiente.org\/fr\/?page_id=2029"},"modified":"2021-01-27T09:02:58","modified_gmt":"2021-01-27T09:02:58","slug":"energia","status":"publish","type":"page","link":"https:\/\/www.acomeambiente.org\/fr\/visite\/ecoles\/energia\/","title":{"rendered":"Energie(s)"},"content":{"rendered":"<div class=\"fusion-fullwidth fullwidth-box fusion-builder-row-1 hundred-percent-fullwidth non-hundred-percent-height-scrolling\" style=\"--awb-border-radius-top-left:0px;--awb-border-radius-top-right:0px;--awb-border-radius-bottom-right:0px;--awb-border-radius-bottom-left:0px;--awb-overflow:visible;--awb-flex-wrap:wrap;\" ><div class=\"fusion-builder-row fusion-row\"><div class=\"fusion-layout-column fusion_builder_column fusion-builder-column-0 fusion_builder_column_1_1 1_1 fusion-one-full fusion-column-first fusion-column-last fusion-column-no-min-height\" style=\"--awb-bg-size:cover;--awb-margin-bottom:0px;\"><div class=\"fusion-column-wrapper fusion-flex-column-wrapper-legacy\"><div class=\"fusion-text fusion-text-1\"><p><img decoding=\"async\" class=\"alignnone wp-image-240 size-full\" src=\"\/wp-content\/uploads\/sites\/2\/2015\/03\/AcomeA_168.jpg\" alt=\"Scuole\" width=\"900\" height=\"330\" \/><\/p>\n<h1 class=\"entry-title\">\u00c9nergie(s)<\/h1>\n<p>Tant de types d\u2019\u00e9nergies se transforment, tant de type d\u2019\u00e9nergies nous entourent. A partir d\u2019une br\u00e8ve histoire de l\u2019\u00e9nergie, de la R\u00e9volution industrielle \u00e0 nos jours, cette section du MAcA propose de confronter les th\u00e8mes des \u00e9nergies traditionnelles, des \u00e9nergies renouvelables \u201cclassiques\u201c et de celles encore \u00e0 venir. Sans masquer des aspects plus g\u00e9n\u00e9raux, que chaque citoyen europ\u00e9en est appel\u00e9 \u00e0 d\u00e9finir \u00e0 travers ses propres choix.<\/p>\n<p>Un voyage de 90 minutes dans les fondements de l&rsquo;\u00e9nergie, tout en faisant une \u00e9tape sur les concepts de base qui d\u00e9finissent cette entit\u00e9 ch\u00e8re aux scientifiques, mais souvent peu connue des non-initi\u00e9s.<\/p>\n<h1 class=\"entry-title\">Laboratoires<\/h1>\n<\/div><div class=\"fusion-clearfix\"><\/div><\/div><\/div><div class=\"fusion-layout-column fusion_builder_column fusion-builder-column-1 fusion_builder_column_1_3 1_3 fusion-one-third fusion-column-first\" style=\"--awb-bg-size:cover;width:30.6666%; margin-right: 4%;\"><div class=\"fusion-column-wrapper fusion-flex-column-wrapper-legacy\"><div class=\"fusion-text fusion-text-2\"><p><!--img class=\"img_laboratori alignnone size-medium wp-image-3648\" src=\"\/wp-content\/uploads\/sites\/2\/2015\/11\/Energia_1-300x276.gif\" alt=\"energia_1\" width=\"300\" height=\"276\" \/--><img decoding=\"async\" class=\"aligncenter size-medium wp-image-4076\" src=\"http:\/\/www.acomeambiente.org\/wp-content\/uploads\/sites\/2\/2015\/11\/Energia-Calore-a-colori-300x276.jpg\" alt=\"energia-calore-a-colori\" width=\"300\" height=\"276\" srcset=\"https:\/\/www.acomeambiente.org\/fr\/wp-content\/uploads\/sites\/2\/2015\/11\/Energia-Calore-a-colori-200x184.jpg 200w, https:\/\/www.acomeambiente.org\/fr\/wp-content\/uploads\/sites\/2\/2015\/11\/Energia-Calore-a-colori.jpg 300w\" sizes=\"(max-width: 300px) 100vw, 300px\" \/><\/p>\n<div class=\"titoli_laboratori\"><strong>CHALEUR\u00a0ET COULEURS<\/strong><\/div>\n<p style=\"text-align: justify;\">Chauffage au m\u00e9thane, po\u00eales \u00e0 pellets, chauffage urbain. Et toi, comment te chauffes-tu? La r\u00e9ponse peut faire une grande diff\u00e9rence pour un monde plus ou moins propre. Gr\u00e2ce \u00e0 l&rsquo;utilisation de disques color\u00e9s que les scientifiques appellent \u00ab\u00a0camembert\u00a0\u00bb, nous jetterons un \u0153il aux genres de chauffages pr\u00e9f\u00e9r\u00e9s en Italie et en Europe, et nous chercherons \u00e0 comprendre quelles en sont les cons\u00e9quences sur le climat. Et si tu devenais le Ministre Europ\u00e9en de l&rsquo;Energie, quelles d\u00e9cisions prendrais-tu ? Jouer \u00e0 d\u00e9cider sera instructif et amusant.<\/p>\n<\/div><div class=\"fusion-clearfix\"><\/div><\/div><\/div><div class=\"fusion-layout-column fusion_builder_column fusion-builder-column-2 fusion_builder_column_1_3 1_3 fusion-one-third\" style=\"--awb-bg-size:cover;width:30.6666%; margin-right: 4%;\"><div class=\"fusion-column-wrapper fusion-flex-column-wrapper-legacy\"><div class=\"fusion-text fusion-text-3\"><p><!--img class=\"img_laboratori alignnone size-medium wp-image-3650\" src=\"\/wp-content\/uploads\/sites\/2\/2015\/11\/Energia_2-300x276.gif\" alt=\"energia_2\" width=\"300\" height=\"276\" \/--><img decoding=\"async\" class=\"aligncenter size-medium wp-image-4077\" src=\"http:\/\/www.acomeambiente.org\/wp-content\/uploads\/sites\/2\/2015\/11\/Energia-Energia-e-cos\u00ec-sia-300x276.jpg\" alt=\"energia-energia-e-cosi-sia\" width=\"300\" height=\"276\" srcset=\"https:\/\/www.acomeambiente.org\/fr\/wp-content\/uploads\/sites\/2\/2015\/11\/Energia-Energia-e-cos\u00ec-sia-200x184.jpg 200w, https:\/\/www.acomeambiente.org\/fr\/wp-content\/uploads\/sites\/2\/2015\/11\/Energia-Energia-e-cos\u00ec-sia.jpg 300w\" sizes=\"(max-width: 300px) 100vw, 300px\" \/><\/p>\n<div class=\"titoli_laboratori\"><strong>ENERGIE(S) ET\u00a0AINSI SOIT-IL !<\/strong><\/div>\n<p style=\"text-align: justify;\">De nos cellules au Soleil, des mar\u00e9es aux vents, du p\u00e9trole (et ses fr\u00e8res) \u00e0 l&rsquo;\u00e9nergie nucl\u00e9aire, l&rsquo;\u00e9nergie est partout autour de nous. Et malgr\u00e9 cela, sera-t-elle toujours suffisante pour tous? Et aussi, comment pouvons-nous mieux l&rsquo;utiliser ?<br \/>\nJetons un \u0153il sur les technologies \u00e0 notre disposition aujourd&rsquo;hui, \u00e0 leurs points forts et \u00e0 leurs points faibles, au bilan \u00e9nerg\u00e9tique mondial, aux styles de vie. Rien ne fonctionne sans \u00e9nergie et si elle est\u00a0mal utilis\u00e9e, le monde en devient malade !<\/p>\n<\/div><div class=\"fusion-clearfix\"><\/div><\/div><\/div><div class=\"fusion-layout-column fusion_builder_column fusion-builder-column-3 fusion_builder_column_1_3 1_3 fusion-one-third fusion-column-last\" style=\"--awb-bg-size:cover;width:30.6666%;\"><div class=\"fusion-column-wrapper fusion-flex-column-wrapper-legacy\"><div class=\"fusion-text fusion-text-4\"><p><!--img class=\"img_laboratori alignnone size-medium wp-image-3652\" src=\"\/wp-content\/uploads\/sites\/2\/2015\/11\/Energia_3-300x276.gif\" alt=\"energia_3\" width=\"300\" height=\"276\" \/--><img decoding=\"async\" class=\"aligncenter size-medium wp-image-4078\" src=\"http:\/\/www.acomeambiente.org\/wp-content\/uploads\/sites\/2\/2015\/11\/Energia-Energy-Lab-300x276.jpg\" alt=\"energia-energy-lab\" width=\"300\" height=\"276\" srcset=\"https:\/\/www.acomeambiente.org\/fr\/wp-content\/uploads\/sites\/2\/2015\/11\/Energia-Energy-Lab-200x184.jpg 200w, https:\/\/www.acomeambiente.org\/fr\/wp-content\/uploads\/sites\/2\/2015\/11\/Energia-Energy-Lab.jpg 300w\" sizes=\"(max-width: 300px) 100vw, 300px\" \/><\/p>\n<div class=\"titoli_laboratori\"><strong>ENERGY LAB<\/strong><\/div>\n<p style=\"text-align: justify;\">Elle fait r\u00e9sonner les trompettes, r\u00e9chauffe nos maisons, fait bouger les oc\u00e9ans, aide les s\u00e9quoias \u00e0 devenir g\u00e9ants. C&rsquo;est l&rsquo;\u00e9nergie !<br \/>\nAu cours d&rsquo;un voyage court et amusant, d\u00e9couvrons ensemble quelques-unes de ses caract\u00e9ristiques, gr\u00e2ce \u00e0 un\u00a0annuaire t\u00e9l\u00e9phonique,\u00a0des chargeurs \u00e9lectriques, des ballons de basket et des sachets de th\u00e9. Parce\u00a0que l&rsquo;\u00e9nergie est partout, l&rsquo;Energy Lab est l&rsquo;endroit juste pour qui d\u00e9sire en savoir plus !<\/p>\n<\/div><div class=\"fusion-clearfix\"><\/div><\/div><\/div><div class=\"fusion-layout-column fusion_builder_column fusion-builder-column-4 fusion_builder_column_1_3 1_3 fusion-one-third fusion-column-first\" style=\"--awb-bg-size:cover;width:30.6666%; margin-right: 4%;\"><div class=\"fusion-column-wrapper fusion-flex-column-wrapper-legacy\"><div class=\"fusion-text fusion-text-5\"><p><!--img class=\"img_laboratori alignnone size-medium wp-image-3655\" src=\"\/wp-content\/uploads\/sites\/2\/2015\/11\/Energia_4-300x276.jpg\" alt=\"energia_4\" width=\"300\" height=\"276\" \/--><img decoding=\"async\" class=\"aligncenter size-medium wp-image-4079\" src=\"http:\/\/www.acomeambiente.org\/wp-content\/uploads\/sites\/2\/2015\/11\/Energia-Lenergia-del-cibo-alla-scoperta-delle-calorie-300x276.jpg\" alt=\"energia-lenergia-del-cibo-alla-scoperta-delle-calorie\" width=\"300\" height=\"276\" srcset=\"https:\/\/www.acomeambiente.org\/fr\/wp-content\/uploads\/sites\/2\/2015\/11\/Energia-Lenergia-del-cibo-alla-scoperta-delle-calorie-200x184.jpg 200w, https:\/\/www.acomeambiente.org\/fr\/wp-content\/uploads\/sites\/2\/2015\/11\/Energia-Lenergia-del-cibo-alla-scoperta-delle-calorie.jpg 300w\" sizes=\"(max-width: 300px) 100vw, 300px\" \/><\/p>\n<div class=\"titoli_laboratori\"><strong>L\u2019\u00c9NERGIE DE LA NOURRITURE\u00a0: A LA D\u00c9COUVERTE DES CALORIES<\/strong><\/div>\n<p style=\"text-align: justify;\">Quel est le contenu \u00e9nerg\u00e9tique de ce que nous mangeons ? Respectons-nous nos besoins quotidiens en \u00e9nergie ? Partons ensemble pour un voyage \u00e0 la d\u00e9couverte des calories. Avec l&rsquo;aide d&rsquo;un calorim\u00e8tre construit par nos soins, nous mesurerons l&rsquo;\u00e9nergie contenue dans une chips!<br \/>\nCorrespondra-t-elle \u00e0 la valeur inscrite sur le paquet ?<\/p>\n<\/div><div class=\"fusion-clearfix\"><\/div><\/div><\/div><div class=\"fusion-layout-column fusion_builder_column fusion-builder-column-5 fusion_builder_column_1_3 1_3 fusion-one-third\" style=\"--awb-bg-size:cover;width:30.6666%; margin-right: 4%;\"><div class=\"fusion-column-wrapper fusion-flex-column-wrapper-legacy\"><div class=\"fusion-text fusion-text-6\"><p><!--img class=\"img_laboratori alignnone size-medium wp-image-3656\" src=\"\/wp-content\/uploads\/sites\/2\/2015\/11\/Energia_5-300x276.jpg\" alt=\"energia_5\" width=\"300\" height=\"276\" \/--><img decoding=\"async\" class=\"aligncenter size-medium wp-image-4080\" src=\"http:\/\/www.acomeambiente.org\/wp-content\/uploads\/sites\/2\/2015\/11\/Energia-Playdecide-Energia-rinnovabile-300x276.jpg\" alt=\"energia-playdecide-energia-rinnovabile\" width=\"300\" height=\"276\" srcset=\"https:\/\/www.acomeambiente.org\/fr\/wp-content\/uploads\/sites\/2\/2015\/11\/Energia-Playdecide-Energia-rinnovabile-200x184.jpg 200w, https:\/\/www.acomeambiente.org\/fr\/wp-content\/uploads\/sites\/2\/2015\/11\/Energia-Playdecide-Energia-rinnovabile.jpg 300w\" sizes=\"(max-width: 300px) 100vw, 300px\" \/><\/p>\n<div class=\"titoli_laboratori\"><strong>PLAYDECIDE! ENERGIES RENOUVELABLES<\/strong><\/div>\n<p style=\"text-align: justify;\">Pourquoi consommer des ressources limit\u00e9es alors que nous pourrions utiliser des \u00e9nergies propres capables de se renouveler ? Un d\u00e9bat passionnant \u00e0 la d\u00e9couverte des sources d&rsquo;\u00e9nergies renouvelables pour d\u00e9finir les bases d&rsquo;une consommation plus propre et \u00e9co-responsable, d&rsquo;un grand secours pour prendre soin de la sant\u00e9 de notre plan\u00e8te.<\/p>\n<\/div><div class=\"fusion-clearfix\"><\/div><\/div><\/div><div class=\"fusion-layout-column fusion_builder_column fusion-builder-column-6 fusion_builder_column_1_3 1_3 fusion-one-third fusion-column-last\" style=\"--awb-bg-size:cover;width:30.6666%;\"><div class=\"fusion-column-wrapper fusion-flex-column-wrapper-legacy\"><div class=\"fusion-text fusion-text-7\"><p><!--img class=\"img_laboratori alignnone size-medium wp-image-3656\" src=\"\/wp-content\/uploads\/sites\/2\/2015\/11\/Energia_5-300x276.jpg\" alt=\"energia_5\" width=\"300\" height=\"276\" \/--><img decoding=\"async\" class=\"alignnone wp-image-5585 size-full\" src=\"https:\/\/www.acomeambiente.org\/fr\/wp-content\/uploads\/sites\/2\/2021\/01\/Energia.jpg\" alt=\"\" width=\"300\" height=\"276\" srcset=\"https:\/\/www.acomeambiente.org\/fr\/wp-content\/uploads\/sites\/2\/2021\/01\/Energia-200x184.jpg 200w, https:\/\/www.acomeambiente.org\/fr\/wp-content\/uploads\/sites\/2\/2021\/01\/Energia.jpg 300w\" sizes=\"(max-width: 300px) 100vw, 300px\" \/><\/p>\n<div class=\"titoli_laboratori\"><strong>DEMOSOFC: L\u2019\u00c9NERGIE \u00c0 QUOI ON NE S\u2019Y ATTEND PAS<\/strong><\/div>\n<p>Qu\u2019est-ce que l\u2019hydrog\u00e8ne? Quel est le fonctionnement d\u2019une pile \u00e0 combustible et quelle la diff\u00e9rence entre \u00e9nergie fossile et energie produite \u00e0 partir de l\u2019hydrog\u00e8ne (mais aussi du biogaz)? Quelles sont les applications et les risques? \u00c0 travers des mod\u00e8les on decouvrira le fonctionnement d\u2019une technologie d\u00e9velopp\u00e9e aupr\u00e8s du site industriel et p\u00f4le d\u2019exp\u00e9rimentation de l\u2019\u00c9cole Polytechnique de Turin et de SMAT, DEMOSOFC, situ\u00e9 \u00e0 Collegno (Turin).<\/p>\n<\/div><div class=\"fusion-clearfix\"><\/div><\/div><\/div><\/div><\/div>\n","protected":false},"excerpt":{"rendered":"","protected":false},"author":1025,"featured_media":0,"parent":1954,"menu_order":9,"comment_status":"closed","ping_status":"closed","template":"","meta":{"footnotes":""},"class_list":["post-2029","page","type-page","status-publish","hentry"],"yoast_head":"<!-- This site is optimized with the Yoast SEO plugin v26.9 - https:\/\/yoast.com\/product\/yoast-seo-wordpress\/ -->\n<title>Energie(s) - Fr - MAcA - Museo A come Ambiente<\/title>\n<meta name=\"robots\" content=\"index, follow, max-snippet:-1, max-image-preview:large, max-video-preview:-1\" \/>\n<link rel=\"canonical\" href=\"https:\/\/www.acomeambiente.org\/fr\/visite\/ecoles\/energia\/\" \/>\n<meta property=\"og:locale\" content=\"fr_FR\" \/>\n<meta property=\"og:type\" content=\"article\" \/>\n<meta property=\"og:title\" content=\"Energie(s) - Fr - MAcA - Museo A come Ambiente\" \/>\n<meta property=\"og:url\" content=\"https:\/\/www.acomeambiente.org\/fr\/visite\/ecoles\/energia\/\" \/>\n<meta property=\"og:site_name\" content=\"Fr - MAcA - Museo A come Ambiente\" \/>\n<meta property=\"article:modified_time\" content=\"2021-01-27T09:02:58+00:00\" \/>\n<meta property=\"og:image\" content=\"https:\/\/www.acomeambiente.org\/wp-content\/uploads\/sites\/2\/2015\/03\/AcomeA_168.jpg\" \/>\n<meta name=\"twitter:card\" content=\"summary_large_image\" \/>\n<meta name=\"twitter:label1\" content=\"Dur\u00e9e de lecture estim\u00e9e\" \/>\n\t<meta name=\"twitter:data1\" content=\"6 minutes\" \/>\n<script type=\"application\/ld+json\" class=\"yoast-schema-graph\">{\"@context\":\"https:\/\/schema.org\",\"@graph\":[{\"@type\":\"WebPage\",\"@id\":\"https:\/\/www.acomeambiente.org\/fr\/visite\/ecoles\/energia\/\",\"url\":\"https:\/\/www.acomeambiente.org\/fr\/visite\/ecoles\/energia\/\",\"name\":\"Energie(s) - Fr - MAcA - Museo A come Ambiente\",\"isPartOf\":{\"@id\":\"https:\/\/www.acomeambiente.org\/fr\/#website\"},\"primaryImageOfPage\":{\"@id\":\"https:\/\/www.acomeambiente.org\/fr\/visite\/ecoles\/energia\/#primaryimage\"},\"image\":{\"@id\":\"https:\/\/www.acomeambiente.org\/fr\/visite\/ecoles\/energia\/#primaryimage\"},\"thumbnailUrl\":\"http:\/\/www.acomeambiente.org\/wp-content\/uploads\/sites\/2\/2015\/11\/Energia-Calore-a-colori-300x276.jpg\",\"datePublished\":\"2015-11-04T15:20:05+00:00\",\"dateModified\":\"2021-01-27T09:02:58+00:00\",\"breadcrumb\":{\"@id\":\"https:\/\/www.acomeambiente.org\/fr\/visite\/ecoles\/energia\/#breadcrumb\"},\"inLanguage\":\"fr-FR\",\"potentialAction\":[{\"@type\":\"ReadAction\",\"target\":[\"https:\/\/www.acomeambiente.org\/fr\/visite\/ecoles\/energia\/\"]}]},{\"@type\":\"ImageObject\",\"inLanguage\":\"fr-FR\",\"@id\":\"https:\/\/www.acomeambiente.org\/fr\/visite\/ecoles\/energia\/#primaryimage\",\"url\":\"http:\/\/www.acomeambiente.org\/wp-content\/uploads\/sites\/2\/2015\/11\/Energia-Calore-a-colori-300x276.jpg\",\"contentUrl\":\"http:\/\/www.acomeambiente.org\/wp-content\/uploads\/sites\/2\/2015\/11\/Energia-Calore-a-colori-300x276.jpg\"},{\"@type\":\"BreadcrumbList\",\"@id\":\"https:\/\/www.acomeambiente.org\/fr\/visite\/ecoles\/energia\/#breadcrumb\",\"itemListElement\":[{\"@type\":\"ListItem\",\"position\":1,\"name\":\"Home\",\"item\":\"https:\/\/www.acomeambiente.org\/fr\/\"},{\"@type\":\"ListItem\",\"position\":2,\"name\":\"Visite\",\"item\":\"https:\/\/www.acomeambiente.org\/fr\/visite\/\"},{\"@type\":\"ListItem\",\"position\":3,\"name\":\"\u00c9coles\",\"item\":\"https:\/\/www.acomeambiente.org\/fr\/visite\/ecoles\/\"},{\"@type\":\"ListItem\",\"position\":4,\"name\":\"Energie(s)\"}]},{\"@type\":\"WebSite\",\"@id\":\"https:\/\/www.acomeambiente.org\/fr\/#website\",\"url\":\"https:\/\/www.acomeambiente.org\/fr\/\",\"name\":\"Fr - MAcA - Museo A come Ambiente\",\"description\":\"Passa al MAcA, costruiamo insieme un mondo pi\u00f9 sostenibile\",\"potentialAction\":[{\"@type\":\"SearchAction\",\"target\":{\"@type\":\"EntryPoint\",\"urlTemplate\":\"https:\/\/www.acomeambiente.org\/fr\/?s={search_term_string}\"},\"query-input\":{\"@type\":\"PropertyValueSpecification\",\"valueRequired\":true,\"valueName\":\"search_term_string\"}}],\"inLanguage\":\"fr-FR\"}]}<\/script>\n<!-- \/ Yoast SEO plugin. -->","yoast_head_json":{"title":"Energie(s) - Fr - MAcA - Museo A come Ambiente","robots":{"index":"index","follow":"follow","max-snippet":"max-snippet:-1","max-image-preview":"max-image-preview:large","max-video-preview":"max-video-preview:-1"},"canonical":"https:\/\/www.acomeambiente.org\/fr\/visite\/ecoles\/energia\/","og_locale":"fr_FR","og_type":"article","og_title":"Energie(s) - Fr - MAcA - Museo A come Ambiente","og_url":"https:\/\/www.acomeambiente.org\/fr\/visite\/ecoles\/energia\/","og_site_name":"Fr - MAcA - Museo A come Ambiente","article_modified_time":"2021-01-27T09:02:58+00:00","og_image":[{"url":"https:\/\/www.acomeambiente.org\/wp-content\/uploads\/sites\/2\/2015\/03\/AcomeA_168.jpg","type":"","width":"","height":""}],"twitter_card":"summary_large_image","twitter_misc":{"Dur\u00e9e de lecture estim\u00e9e":"6 minutes"},"schema":{"@context":"https:\/\/schema.org","@graph":[{"@type":"WebPage","@id":"https:\/\/www.acomeambiente.org\/fr\/visite\/ecoles\/energia\/","url":"https:\/\/www.acomeambiente.org\/fr\/visite\/ecoles\/energia\/","name":"Energie(s) - Fr - MAcA - Museo A come Ambiente","isPartOf":{"@id":"https:\/\/www.acomeambiente.org\/fr\/#website"},"primaryImageOfPage":{"@id":"https:\/\/www.acomeambiente.org\/fr\/visite\/ecoles\/energia\/#primaryimage"},"image":{"@id":"https:\/\/www.acomeambiente.org\/fr\/visite\/ecoles\/energia\/#primaryimage"},"thumbnailUrl":"http:\/\/www.acomeambiente.org\/wp-content\/uploads\/sites\/2\/2015\/11\/Energia-Calore-a-colori-300x276.jpg","datePublished":"2015-11-04T15:20:05+00:00","dateModified":"2021-01-27T09:02:58+00:00","breadcrumb":{"@id":"https:\/\/www.acomeambiente.org\/fr\/visite\/ecoles\/energia\/#breadcrumb"},"inLanguage":"fr-FR","potentialAction":[{"@type":"ReadAction","target":["https:\/\/www.acomeambiente.org\/fr\/visite\/ecoles\/energia\/"]}]},{"@type":"ImageObject","inLanguage":"fr-FR","@id":"https:\/\/www.acomeambiente.org\/fr\/visite\/ecoles\/energia\/#primaryimage","url":"http:\/\/www.acomeambiente.org\/wp-content\/uploads\/sites\/2\/2015\/11\/Energia-Calore-a-colori-300x276.jpg","contentUrl":"http:\/\/www.acomeambiente.org\/wp-content\/uploads\/sites\/2\/2015\/11\/Energia-Calore-a-colori-300x276.jpg"},{"@type":"BreadcrumbList","@id":"https:\/\/www.acomeambiente.org\/fr\/visite\/ecoles\/energia\/#breadcrumb","itemListElement":[{"@type":"ListItem","position":1,"name":"Home","item":"https:\/\/www.acomeambiente.org\/fr\/"},{"@type":"ListItem","position":2,"name":"Visite","item":"https:\/\/www.acomeambiente.org\/fr\/visite\/"},{"@type":"ListItem","position":3,"name":"\u00c9coles","item":"https:\/\/www.acomeambiente.org\/fr\/visite\/ecoles\/"},{"@type":"ListItem","position":4,"name":"Energie(s)"}]},{"@type":"WebSite","@id":"https:\/\/www.acomeambiente.org\/fr\/#website","url":"https:\/\/www.acomeambiente.org\/fr\/","name":"Fr - MAcA - Museo A come Ambiente","description":"Passa al MAcA, costruiamo insieme un mondo pi\u00f9 sostenibile","potentialAction":[{"@type":"SearchAction","target":{"@type":"EntryPoint","urlTemplate":"https:\/\/www.acomeambiente.org\/fr\/?s={search_term_string}"},"query-input":{"@type":"PropertyValueSpecification","valueRequired":true,"valueName":"search_term_string"}}],"inLanguage":"fr-FR"}]}},"_links":{"self":[{"href":"https:\/\/www.acomeambiente.org\/fr\/wp-json\/wp\/v2\/pages\/2029","targetHints":{"allow":["GET"]}}],"collection":[{"href":"https:\/\/www.acomeambiente.org\/fr\/wp-json\/wp\/v2\/pages"}],"about":[{"href":"https:\/\/www.acomeambiente.org\/fr\/wp-json\/wp\/v2\/types\/page"}],"author":[{"embeddable":true,"href":"https:\/\/www.acomeambiente.org\/fr\/wp-json\/wp\/v2\/users\/1025"}],"replies":[{"embeddable":true,"href":"https:\/\/www.acomeambiente.org\/fr\/wp-json\/wp\/v2\/comments?post=2029"}],"version-history":[{"count":24,"href":"https:\/\/www.acomeambiente.org\/fr\/wp-json\/wp\/v2\/pages\/2029\/revisions"}],"predecessor-version":[{"id":5621,"href":"https:\/\/www.acomeambiente.org\/fr\/wp-json\/wp\/v2\/pages\/2029\/revisions\/5621"}],"up":[{"embeddable":true,"href":"https:\/\/www.acomeambiente.org\/fr\/wp-json\/wp\/v2\/pages\/1954"}],"wp:attachment":[{"href":"https:\/\/www.acomeambiente.org\/fr\/wp-json\/wp\/v2\/media?parent=2029"}],"curies":[{"name":"wp","href":"https:\/\/api.w.org\/{rel}","templated":true}]}}