{"id":2022,"date":"2015-11-04T15:13:10","date_gmt":"2015-11-04T15:13:10","guid":{"rendered":"http:\/\/www.acomeambiente.org\/fr\/?page_id=2022"},"modified":"2021-01-27T09:02:10","modified_gmt":"2021-01-27T09:02:10","slug":"scarti-2","status":"publish","type":"page","link":"https:\/\/www.acomeambiente.org\/fr\/scarti-2\/","title":{"rendered":"D\u00e9chets"},"content":{"rendered":"<div class=\"fusion-fullwidth fullwidth-box fusion-builder-row-1 hundred-percent-fullwidth non-hundred-percent-height-scrolling\" style=\"--awb-border-radius-top-left:0px;--awb-border-radius-top-right:0px;--awb-border-radius-bottom-right:0px;--awb-border-radius-bottom-left:0px;--awb-overflow:visible;--awb-flex-wrap:wrap;\" ><div class=\"fusion-builder-row fusion-row\"><div class=\"fusion-layout-column fusion_builder_column fusion-builder-column-0 fusion_builder_column_1_1 1_1 fusion-one-full fusion-column-first fusion-column-last fusion-column-no-min-height\" style=\"--awb-bg-size:cover;--awb-margin-bottom:0px;\"><div class=\"fusion-column-wrapper fusion-flex-column-wrapper-legacy\"><div class=\"fusion-text fusion-text-1\"><p><img decoding=\"async\" class=\"alignnone wp-image-240 size-full\" src=\"\/wp-content\/uploads\/sites\/2\/2015\/03\/AcomeA_1111.jpg\" alt=\"Scuole\" width=\"900\" height=\"330\" \/><\/p>\n<h1 class=\"entry-title\">D\u00e9chets<\/h1>\n<p style=\"text-align: justify;\">Du supermarch\u00e9 \u00e0 notre maison, de notre maison \u00e0 la poubelle, de la poubelle \u00e0 une nouvelle vie : ne plus dire \u201cD\u00e9chets\u201c mais \u201cRessources\u201c pour une vie meilleure. Le premier \u00e9tage du MAcA propose en d\u00e9tails le concept des d\u00e9chets\/ressources provenant de l&rsquo;activit\u00e9 humaine, et en illustre le potentiel comme mati\u00e8re premi\u00e8re \u00ab\u00a0seconde\u00a0\u00bb. Les fili\u00e8res papier, m\u00e9tal, verre, organique et plastique &#8211; jusqu&rsquo;\u00e0 la fraction non r\u00e9cup\u00e9rable, trouvent leur place dans le parcours d&rsquo;une visite de 90 mn, faite de d\u00e9couvertes et d&rsquo;exemples de \u201cmeilleures pratiques\u201c. Nous parlons \u00e9galement des d\u00e9chets \u00e9lectroniques, de thermo valorisation et d&#8217;emballages. Pr\u00e9venir le gaspillage est le meilleur moyen pour ne pas jeter de ressources, et conna\u00eetre les comportements justes est la cl\u00e9 pour laisser \u00e0 ceux qui viendront apr\u00e8s nous un monde intact.<\/p>\n<h3 class=\"entry-title\">Laboratoires<\/h3>\n<\/div><div class=\"fusion-clearfix\"><\/div><\/div><\/div><div class=\"fusion-layout-column fusion_builder_column fusion-builder-column-1 fusion_builder_column_1_3 1_3 fusion-one-third fusion-column-first\" style=\"--awb-bg-size:cover;width:30.6666%; margin-right: 4%;\"><div class=\"fusion-column-wrapper fusion-flex-column-wrapper-legacy\"><div class=\"fusion-text fusion-text-2\"><p><!--img class=\"img_laboratori size-medium wp-image-3629 aligncenter\" src=\"\/wp-content\/uploads\/sites\/2\/2015\/11\/Scarti_1-300x276.gif\" alt=\"scarti_1\" width=\"300\" height=\"276\" \/--><img decoding=\"async\" class=\"aligncenter size-medium wp-image-4066\" src=\"\/wp-content\/uploads\/sites\/2\/2015\/11\/Scarti-Plastlab-300x276.jpg\" alt=\"scarti-plastlab\" width=\"300\" height=\"276\" srcset=\"https:\/\/www.acomeambiente.org\/fr\/wp-content\/uploads\/sites\/2\/2015\/11\/Scarti-Plastlab-200x184.jpg 200w, https:\/\/www.acomeambiente.org\/fr\/wp-content\/uploads\/sites\/2\/2015\/11\/Scarti-Plastlab.jpg 300w\" sizes=\"(max-width: 300px) 100vw, 300px\" \/><\/p>\n<div class=\"titoli_laboratori\"><strong>PLASTLAB<\/strong><\/div>\n<p style=\"text-align: justify;\">Le Plastique : gr\u00e2ce \u00e0 lui, GIULIO NATTA a re\u00e7u le Prix Nobel de Chimie en 1963. Monom\u00e8res, polym\u00e8res, moulage, extrusion : quelques mots-cl\u00e9s qui nous guideront \u00e0 la d\u00e9couverte des plastiques et des symboles qui les identifient. Une connaissance utile pour s\u00e9lectionner l&#8217;emballage juste pour chaque usage et nous guider dans le processus correct de recyclage. Un peu de chimie, un peu d&rsquo;histoire et beaucoup d&rsquo;amusement, pour d\u00e9couvrir tout (ou presque) sur le plastique.<\/p>\n<\/div><div class=\"fusion-clearfix\"><\/div><\/div><\/div><div class=\"fusion-layout-column fusion_builder_column fusion-builder-column-2 fusion_builder_column_1_3 1_3 fusion-one-third\" style=\"--awb-bg-size:cover;width:30.6666%; margin-right: 4%;\"><div class=\"fusion-column-wrapper fusion-flex-column-wrapper-legacy\"><div class=\"fusion-text fusion-text-3\"><p style=\"text-align: center;\"><!--img class=\"img_laboratori size-medium wp-image-3630 aligncenter\" src=\"\/wp-content\/uploads\/sites\/2\/2015\/11\/Scarti_2-300x276.gif\" alt=\"scarti_2\" width=\"300\" height=\"276\" \/--><img decoding=\"async\" class=\"aligncenter wp-image-4067\" src=\"\/wp-content\/uploads\/sites\/2\/2015\/11\/Scarti-Materiali-ordinari-2.0-300x276.jpg\" alt=\"scarti-materiali-ordinari-2-0\" width=\"311\" height=\"286\" srcset=\"https:\/\/www.acomeambiente.org\/fr\/wp-content\/uploads\/sites\/2\/2015\/11\/Scarti-Materiali-ordinari-2.0-200x184.jpg 200w, https:\/\/www.acomeambiente.org\/fr\/wp-content\/uploads\/sites\/2\/2015\/11\/Scarti-Materiali-ordinari-2.0.jpg 300w\" sizes=\"(max-width: 311px) 100vw, 311px\" \/><\/p>\n<p style=\"text-align: center;\"><span style=\"color: #ff0000;\"><strong>MATERIAUX ORDINAIRES 2.0<\/strong><\/span><\/p>\n<div>\n<p style=\"text-align: justify;\">Le tri s\u00e9lectif est une pratique de plus en plus r\u00e9pandue en Europe, mais tout le monde ne sait pas ce qu\u2019il advient aux mat\u00e9riaux r\u00e9colt\u00e9s. D\u00e9couvrons-le ensemble, au cours d\u2019un voyage amusant qui commence sur notre table et qui y retourne, en portant\u00a0attention \u00e0 notre monde et aux technologies adapt\u00e9es.<\/p>\n<\/div>\n<\/div><div class=\"fusion-clearfix\"><\/div><\/div><\/div><div class=\"fusion-layout-column fusion_builder_column fusion-builder-column-3 fusion_builder_column_1_3 1_3 fusion-one-third fusion-column-last\" style=\"--awb-bg-size:cover;width:30.6666%;\"><div class=\"fusion-column-wrapper fusion-flex-column-wrapper-legacy\"><div class=\"fusion-text fusion-text-4\"><p><!--img class=\"img_laboratori size-medium wp-image-3631 aligncenter\" src=\"\/wp-content\/uploads\/sites\/2\/2015\/11\/Scarti_3-300x276.gif\" alt=\"scarti_3\" width=\"300\" height=\"276\" \/--><img decoding=\"async\" class=\"aligncenter size-medium wp-image-4068\" src=\"\/wp-content\/uploads\/sites\/2\/2015\/11\/Scarti-Compost-300x276.jpg\" alt=\"scarti-compost\" width=\"300\" height=\"276\" srcset=\"https:\/\/www.acomeambiente.org\/fr\/wp-content\/uploads\/sites\/2\/2015\/11\/Scarti-Compost-200x184.jpg 200w, https:\/\/www.acomeambiente.org\/fr\/wp-content\/uploads\/sites\/2\/2015\/11\/Scarti-Compost.jpg 300w\" sizes=\"(max-width: 300px) 100vw, 300px\" \/><\/p>\n<div class=\"titoli_laboratori\"><strong>COMPOST+<\/strong><\/div>\n<p style=\"text-align: justify;\">Quoi na\u00eet de quoi ? Et si ce &lsquo;quoi&rsquo; est une \u00e9pluchure, un trognon, de l&rsquo;herbe coup\u00e9e, alors il peut y avoir tant de &lsquo;quoi&rsquo;. Energie ou fertilisant, mais \u00e9galement des \u00e9missions\u00a0moindre\u00a0de CO2. Utiliser le compost am\u00e9liore la qualit\u00e9 des sols. D\u00e9couvrons ensemble de quoi il s&rsquo;agit, et comment fonctionne ce grand alli\u00e9.<\/p>\n<\/div><div class=\"fusion-clearfix\"><\/div><\/div><\/div><div class=\"fusion-layout-column fusion_builder_column fusion-builder-column-4 fusion_builder_column_1_3 1_3 fusion-one-third fusion-column-first\" style=\"--awb-bg-size:cover;width:30.6666%; margin-right: 4%;\"><div class=\"fusion-column-wrapper fusion-flex-column-wrapper-legacy\"><div class=\"fusion-text fusion-text-5\"><p><!--img class=\"img_laboratori size-medium wp-image-3632 aligncenter\" src=\"\/wp-content\/uploads\/sites\/2\/2015\/11\/Scarti_4-300x276.gif\" alt=\"scarti_4\" width=\"300\" height=\"276\" \/--><img decoding=\"async\" class=\"aligncenter size-medium wp-image-4069\" src=\"\/wp-content\/uploads\/sites\/2\/2015\/11\/Scarti-Perch\u00e8-lo-butti-300x276.jpg\" alt=\"scarti-perche-lo-butti\" width=\"300\" height=\"276\" srcset=\"https:\/\/www.acomeambiente.org\/fr\/wp-content\/uploads\/sites\/2\/2015\/11\/Scarti-Perch\u00e8-lo-butti-200x184.jpg 200w, https:\/\/www.acomeambiente.org\/fr\/wp-content\/uploads\/sites\/2\/2015\/11\/Scarti-Perch\u00e8-lo-butti.jpg 300w\" sizes=\"(max-width: 300px) 100vw, 300px\" \/><\/p>\n<div class=\"titoli_laboratori\"><strong>ET POURQUOI TU LE JETTES\u00a0?<\/strong><\/div>\n<p style=\"text-align: justify;\">Quand nous achetons un produit, nous essayons de satisfaire un besoin que nous ressentons comme important. Mais presque toujours, la sensation de satisfaction dure peu, et nous avons \u00e0 nouveau besoin d&rsquo;acheter un produit neuf. Pourquoi?<br \/>\nCe laboratoire offre quelques r\u00e9ponses \u00e0 cette question, en faisant vivre \u00ab\u00a0\u00e0 la premi\u00e8re personne\u00a0\u00bb, les strat\u00e9gies mises en \u0153uvre dans notre syst\u00e8me \u00e9conomique pour rendre un objet toujours plus d\u00e9sirable sur le march\u00e9, et toujours plus rapidement, un d\u00e9chet \u00e0 jeter.<\/p>\n<\/div><div class=\"fusion-clearfix\"><\/div><\/div><\/div><div class=\"fusion-layout-column fusion_builder_column fusion-builder-column-5 fusion_builder_column_1_3 1_3 fusion-one-third\" style=\"--awb-bg-size:cover;width:30.6666%; margin-right: 4%;\"><div class=\"fusion-column-wrapper fusion-flex-column-wrapper-legacy\"><div class=\"fusion-text fusion-text-6\"><p><!--img class=\"img_laboratori size-medium wp-image-3633 aligncenter\" src=\"\/wp-content\/uploads\/sites\/2\/2015\/11\/Scarti_5-300x276.gif\" alt=\"scarti_5\" width=\"300\" height=\"276\" \/--><img decoding=\"async\" class=\"aligncenter size-medium wp-image-4070\" src=\"\/wp-content\/uploads\/sites\/2\/2015\/11\/Scarti-carta-e-cartoni-quante-occasioni-300x276.jpg\" alt=\"scarti-carta-e-cartoni-quante-occasioni\" width=\"300\" height=\"276\" srcset=\"https:\/\/www.acomeambiente.org\/fr\/wp-content\/uploads\/sites\/2\/2015\/11\/Scarti-carta-e-cartoni-quante-occasioni-200x184.jpg 200w, https:\/\/www.acomeambiente.org\/fr\/wp-content\/uploads\/sites\/2\/2015\/11\/Scarti-carta-e-cartoni-quante-occasioni.jpg 300w\" sizes=\"(max-width: 300px) 100vw, 300px\" \/><\/p>\n<div class=\"titoli_laboratori\"><strong>PAPIER ET CARTON\u00a0: TANT D&rsquo;OCCASIONS\u00a0!<\/strong><\/div>\n<p style=\"text-align: justify;\">Bo\u00eete d&rsquo;\u0153ufs ou de c\u00e9r\u00e9ales, pages de journaux ou de revues : le papier et le carton sont de vrais tr\u00e9sors pour ceux qui aiment donner une deuxi\u00e8me vie aux choses au lieu\u00a0de les jeter. Recycler peut devenir une habitude facile et amusante : alors,\u00a0avant\u00a0de les jeter, viens avec tes papiers et cartons, et laisse libre cours \u00e0 ta cr\u00e9ativit\u00e9.<\/p>\n<\/div><div class=\"fusion-clearfix\"><\/div><\/div><\/div><div class=\"fusion-layout-column fusion_builder_column fusion-builder-column-6 fusion_builder_column_1_3 1_3 fusion-one-third fusion-column-last\" style=\"--awb-bg-size:cover;width:30.6666%;\"><div class=\"fusion-column-wrapper fusion-flex-column-wrapper-legacy\"><div class=\"fusion-text fusion-text-7\"><p><!--img class=\"img_laboratori size-medium wp-image-3634 aligncenter\" src=\"\/wp-content\/uploads\/sites\/2\/2015\/11\/Scarti_6-300x276.gif\" alt=\"scarti_6\" width=\"300\" height=\"276\" \/--><img decoding=\"async\" class=\"aligncenter size-medium wp-image-4071\" src=\"\/wp-content\/uploads\/sites\/2\/2015\/11\/Scarti-Playdecide-Cave-discariche-inceneritori-300x276.jpg\" alt=\"scarti-playdecide-cave-discariche-inceneritori\" width=\"300\" height=\"276\" srcset=\"https:\/\/www.acomeambiente.org\/fr\/wp-content\/uploads\/sites\/2\/2015\/11\/Scarti-Playdecide-Cave-discariche-inceneritori-200x184.jpg 200w, https:\/\/www.acomeambiente.org\/fr\/wp-content\/uploads\/sites\/2\/2015\/11\/Scarti-Playdecide-Cave-discariche-inceneritori.jpg 300w\" sizes=\"(max-width: 300px) 100vw, 300px\" \/><\/p>\n<div class=\"titoli_laboratori\"><strong>PLAYDECIDE ! CARRI\u00c8RES, D\u00c9CHARGES, INCIN\u00c9RATEURS<\/strong><\/div>\n<p style=\"text-align: justify;\">Quels sont les lieux r\u00e9serv\u00e9s au traitement des d\u00e9chets ? Quel peut \u00eatre\u00a0leur r\u00f4le dans une optique de respect de l&rsquo;environnement ? Un groupe de discussions permettra de partager id\u00e9es et observations, et de approcher\u00a0la question dans toute sa complexit\u00e9.<\/p>\n<\/div><div class=\"fusion-clearfix\"><\/div><\/div><\/div><\/div><\/div>\n","protected":false},"excerpt":{"rendered":"","protected":false},"author":1025,"featured_media":0,"parent":0,"menu_order":8,"comment_status":"closed","ping_status":"closed","template":"","meta":{"footnotes":""},"class_list":["post-2022","page","type-page","status-publish","hentry"],"yoast_head":"<!-- This site is optimized with the Yoast SEO plugin v26.9 - https:\/\/yoast.com\/product\/yoast-seo-wordpress\/ -->\n<title>D\u00e9chets - Fr - MAcA - Museo A come Ambiente<\/title>\n<meta name=\"robots\" content=\"index, follow, max-snippet:-1, max-image-preview:large, max-video-preview:-1\" \/>\n<link rel=\"canonical\" href=\"https:\/\/www.acomeambiente.org\/fr\/scarti-2\/\" \/>\n<meta property=\"og:locale\" content=\"fr_FR\" \/>\n<meta property=\"og:type\" content=\"article\" \/>\n<meta property=\"og:title\" content=\"D\u00e9chets - Fr - MAcA - Museo A come Ambiente\" \/>\n<meta property=\"og:url\" content=\"https:\/\/www.acomeambiente.org\/fr\/scarti-2\/\" \/>\n<meta property=\"og:site_name\" content=\"Fr - MAcA - Museo A come Ambiente\" \/>\n<meta property=\"article:modified_time\" content=\"2021-01-27T09:02:10+00:00\" \/>\n<meta property=\"og:image\" content=\"https:\/\/www.acomeambiente.org\/wp-content\/uploads\/sites\/2\/2015\/03\/AcomeA_1111.jpg\" \/>\n<meta name=\"twitter:card\" content=\"summary_large_image\" \/>\n<meta name=\"twitter:label1\" content=\"Dur\u00e9e de lecture estim\u00e9e\" \/>\n\t<meta name=\"twitter:data1\" content=\"6 minutes\" \/>\n<script type=\"application\/ld+json\" class=\"yoast-schema-graph\">{\"@context\":\"https:\/\/schema.org\",\"@graph\":[{\"@type\":\"WebPage\",\"@id\":\"https:\/\/www.acomeambiente.org\/fr\/scarti-2\/\",\"url\":\"https:\/\/www.acomeambiente.org\/fr\/scarti-2\/\",\"name\":\"D\u00e9chets - Fr - MAcA - Museo A come Ambiente\",\"isPartOf\":{\"@id\":\"https:\/\/www.acomeambiente.org\/fr\/#website\"},\"datePublished\":\"2015-11-04T15:13:10+00:00\",\"dateModified\":\"2021-01-27T09:02:10+00:00\",\"breadcrumb\":{\"@id\":\"https:\/\/www.acomeambiente.org\/fr\/scarti-2\/#breadcrumb\"},\"inLanguage\":\"fr-FR\",\"potentialAction\":[{\"@type\":\"ReadAction\",\"target\":[\"https:\/\/www.acomeambiente.org\/fr\/scarti-2\/\"]}]},{\"@type\":\"BreadcrumbList\",\"@id\":\"https:\/\/www.acomeambiente.org\/fr\/scarti-2\/#breadcrumb\",\"itemListElement\":[{\"@type\":\"ListItem\",\"position\":1,\"name\":\"Home\",\"item\":\"https:\/\/www.acomeambiente.org\/fr\/\"},{\"@type\":\"ListItem\",\"position\":2,\"name\":\"D\u00e9chets\"}]},{\"@type\":\"WebSite\",\"@id\":\"https:\/\/www.acomeambiente.org\/fr\/#website\",\"url\":\"https:\/\/www.acomeambiente.org\/fr\/\",\"name\":\"Fr - MAcA - Museo A come Ambiente\",\"description\":\"Passa al MAcA, costruiamo insieme un mondo pi\u00f9 sostenibile\",\"potentialAction\":[{\"@type\":\"SearchAction\",\"target\":{\"@type\":\"EntryPoint\",\"urlTemplate\":\"https:\/\/www.acomeambiente.org\/fr\/?s={search_term_string}\"},\"query-input\":{\"@type\":\"PropertyValueSpecification\",\"valueRequired\":true,\"valueName\":\"search_term_string\"}}],\"inLanguage\":\"fr-FR\"}]}<\/script>\n<!-- \/ Yoast SEO plugin. -->","yoast_head_json":{"title":"D\u00e9chets - Fr - MAcA - Museo A come Ambiente","robots":{"index":"index","follow":"follow","max-snippet":"max-snippet:-1","max-image-preview":"max-image-preview:large","max-video-preview":"max-video-preview:-1"},"canonical":"https:\/\/www.acomeambiente.org\/fr\/scarti-2\/","og_locale":"fr_FR","og_type":"article","og_title":"D\u00e9chets - Fr - MAcA - Museo A come Ambiente","og_url":"https:\/\/www.acomeambiente.org\/fr\/scarti-2\/","og_site_name":"Fr - MAcA - Museo A come Ambiente","article_modified_time":"2021-01-27T09:02:10+00:00","og_image":[{"url":"https:\/\/www.acomeambiente.org\/wp-content\/uploads\/sites\/2\/2015\/03\/AcomeA_1111.jpg","type":"","width":"","height":""}],"twitter_card":"summary_large_image","twitter_misc":{"Dur\u00e9e de lecture estim\u00e9e":"6 minutes"},"schema":{"@context":"https:\/\/schema.org","@graph":[{"@type":"WebPage","@id":"https:\/\/www.acomeambiente.org\/fr\/scarti-2\/","url":"https:\/\/www.acomeambiente.org\/fr\/scarti-2\/","name":"D\u00e9chets - Fr - MAcA - Museo A come Ambiente","isPartOf":{"@id":"https:\/\/www.acomeambiente.org\/fr\/#website"},"datePublished":"2015-11-04T15:13:10+00:00","dateModified":"2021-01-27T09:02:10+00:00","breadcrumb":{"@id":"https:\/\/www.acomeambiente.org\/fr\/scarti-2\/#breadcrumb"},"inLanguage":"fr-FR","potentialAction":[{"@type":"ReadAction","target":["https:\/\/www.acomeambiente.org\/fr\/scarti-2\/"]}]},{"@type":"BreadcrumbList","@id":"https:\/\/www.acomeambiente.org\/fr\/scarti-2\/#breadcrumb","itemListElement":[{"@type":"ListItem","position":1,"name":"Home","item":"https:\/\/www.acomeambiente.org\/fr\/"},{"@type":"ListItem","position":2,"name":"D\u00e9chets"}]},{"@type":"WebSite","@id":"https:\/\/www.acomeambiente.org\/fr\/#website","url":"https:\/\/www.acomeambiente.org\/fr\/","name":"Fr - MAcA - Museo A come Ambiente","description":"Passa al MAcA, costruiamo insieme un mondo pi\u00f9 sostenibile","potentialAction":[{"@type":"SearchAction","target":{"@type":"EntryPoint","urlTemplate":"https:\/\/www.acomeambiente.org\/fr\/?s={search_term_string}"},"query-input":{"@type":"PropertyValueSpecification","valueRequired":true,"valueName":"search_term_string"}}],"inLanguage":"fr-FR"}]}},"_links":{"self":[{"href":"https:\/\/www.acomeambiente.org\/fr\/wp-json\/wp\/v2\/pages\/2022","targetHints":{"allow":["GET"]}}],"collection":[{"href":"https:\/\/www.acomeambiente.org\/fr\/wp-json\/wp\/v2\/pages"}],"about":[{"href":"https:\/\/www.acomeambiente.org\/fr\/wp-json\/wp\/v2\/types\/page"}],"author":[{"embeddable":true,"href":"https:\/\/www.acomeambiente.org\/fr\/wp-json\/wp\/v2\/users\/1025"}],"replies":[{"embeddable":true,"href":"https:\/\/www.acomeambiente.org\/fr\/wp-json\/wp\/v2\/comments?post=2022"}],"version-history":[{"count":41,"href":"https:\/\/www.acomeambiente.org\/fr\/wp-json\/wp\/v2\/pages\/2022\/revisions"}],"predecessor-version":[{"id":5582,"href":"https:\/\/www.acomeambiente.org\/fr\/wp-json\/wp\/v2\/pages\/2022\/revisions\/5582"}],"wp:attachment":[{"href":"https:\/\/www.acomeambiente.org\/fr\/wp-json\/wp\/v2\/media?parent=2022"}],"curies":[{"name":"wp","href":"https:\/\/api.w.org\/{rel}","templated":true}]}}