{"id":2018,"date":"2015-11-04T15:07:25","date_gmt":"2015-11-04T15:07:25","guid":{"rendered":"http:\/\/www.acomeambiente.org\/fr\/?page_id=2018"},"modified":"2017-04-11T08:38:25","modified_gmt":"2017-04-11T08:38:25","slug":"acqua","status":"publish","type":"page","link":"https:\/\/www.acomeambiente.org\/fr\/visite\/ecoles\/acqua\/","title":{"rendered":"Acqua"},"content":{"rendered":"<div class=\"fusion-fullwidth fullwidth-box fusion-builder-row-1 hundred-percent-fullwidth non-hundred-percent-height-scrolling\" style=\"--awb-border-radius-top-left:0px;--awb-border-radius-top-right:0px;--awb-border-radius-bottom-right:0px;--awb-border-radius-bottom-left:0px;--awb-overflow:visible;--awb-flex-wrap:wrap;\" ><div class=\"fusion-builder-row fusion-row\"><div class=\"fusion-layout-column fusion_builder_column fusion-builder-column-0 fusion_builder_column_1_1 1_1 fusion-one-full fusion-column-first fusion-column-last fusion-column-no-min-height\" style=\"--awb-bg-size:cover;--awb-margin-bottom:0px;\"><div class=\"fusion-column-wrapper fusion-flex-column-wrapper-legacy\"><div class=\"fusion-text fusion-text-1\"><p><img decoding=\"async\" class=\"alignnone wp-image-240 size-full\" src=\"\/wp-content\/uploads\/sites\/2\/2015\/03\/AcomeA_025.jpg\" alt=\"Scuole\" width=\"900\" height=\"330\" \/><\/p>\n<h1 class=\"entry-title\">Acqua<\/h1>\n<p style=\"text-align: justify;\">Un liquido, un solido, un gas. Tante forme per un\u2019unica sostanza, cos\u00ec importante per noi e per il nostro pianeta. Un intero piano del MAcA \u00e8 dedicato al tema dell\u2019oro blu, l\u2019appellativo che l\u2019acqua si \u00e8 meritata per il ruolo che gioca nella vita di noi tutti. Il percorso di visita dura 90 minuti e fa luce sugli aspetti storici legati all\u2019approvvigionamento idrico e alla forza lavoro da sempre sfruttata lungo i corsi d\u2019acqua, prende in esame le pratiche anti spreco e anti inquinamento, getta uno sguardo sulla componente biologica dell\u2019acqua e fa chiarezza sul servizio idrico integrato che diamo per scontato ma che tale non \u00e8.<\/p>\n<h2 class=\"entry-title\">Laboratori<\/h2>\n<\/div><div class=\"fusion-clearfix\"><\/div><\/div><\/div><div class=\"fusion-layout-column fusion_builder_column fusion-builder-column-1 fusion_builder_column_1_3 1_3 fusion-one-third fusion-column-first\" style=\"--awb-bg-size:cover;width:30.6666%; margin-right: 4%;\"><div class=\"fusion-column-wrapper fusion-flex-column-wrapper-legacy\"><div class=\"fusion-text fusion-text-2\"><p><!--img class=\"img_laboratori alignnone size-medium wp-image-3620\" src=\"\/wp-content\/uploads\/sites\/2\/2015\/11\/Acqua_1-300x276.gif\" alt=\"acqua_1\" width=\"300\" height=\"276\" \/--><img decoding=\"async\" class=\"aligncenter size-medium wp-image-4059\" src=\"http:\/\/www.acomeambiente.org\/wp-content\/uploads\/sites\/2\/2015\/11\/Acqua-Bere-lacqua-del-rubinetto-1-300x276.jpg\" alt=\"acqua-bere-lacqua-del-rubinetto\" width=\"300\" height=\"276\" srcset=\"https:\/\/www.acomeambiente.org\/fr\/wp-content\/uploads\/sites\/2\/2015\/11\/Acqua-Bere-lacqua-del-rubinetto-1-200x184.jpg 200w, https:\/\/www.acomeambiente.org\/fr\/wp-content\/uploads\/sites\/2\/2015\/11\/Acqua-Bere-lacqua-del-rubinetto-1.jpg 300w\" sizes=\"(max-width: 300px) 100vw, 300px\" \/><\/p>\n<div class=\"titoli_laboratori\">\n<p><strong>BERE L&rsquo;ACQUA DEL RUBINETTO<\/strong><\/p>\n<\/div>\n<p style=\"text-align: justify;\">Un pianeta azzurro, questo \u00e8 la Terra. Perch\u00e9 il nostro \u00e8 un mondo d\u2019acqua. Senza questa piccola molecola, fatta da appena tre atomi, la vita per come la conosciamo non esisterebbe affatto.<br \/>\nEppure solo il 3% dell\u2019acqua presente \u00e8 dolce, e di questa il 68% \u00e8 presente sotto forma di ghiaccio. Come gestire in maniera ottimale questa risorsa preziosa? Scopriamo insieme qual \u00e8 il percorso che compie ogni giorno l\u2019acqua per raggiungere case, scuole, ospedali e quali sono le procedure che ne assicurano qualit\u00e0 e quantit\u00e0.<\/p>\n<\/div><div class=\"fusion-clearfix\"><\/div><\/div><\/div><div class=\"fusion-layout-column fusion_builder_column fusion-builder-column-2 fusion_builder_column_1_3 1_3 fusion-one-third\" style=\"--awb-bg-size:cover;width:30.6666%; margin-right: 4%;\"><div class=\"fusion-column-wrapper fusion-flex-column-wrapper-legacy\"><div class=\"fusion-text fusion-text-3\"><p><!--img class=\"img_laboratori alignnone size-medium wp-image-3621\" src=\"\/wp-content\/uploads\/sites\/2\/2015\/11\/Acqua_2-300x276.gif\" alt=\"acqua_2\" width=\"300\" height=\"276\" \/--><img decoding=\"async\" class=\"aligncenter size-medium wp-image-4064\" src=\"http:\/\/www.acomeambiente.org\/wp-content\/uploads\/sites\/2\/2015\/11\/Acqua-Il-teatro-dellacqua-300x276.jpg\" alt=\"acqua-il-teatro-dellacqua\" width=\"300\" height=\"276\" srcset=\"https:\/\/www.acomeambiente.org\/fr\/wp-content\/uploads\/sites\/2\/2015\/11\/Acqua-Il-teatro-dellacqua-200x184.jpg 200w, https:\/\/www.acomeambiente.org\/fr\/wp-content\/uploads\/sites\/2\/2015\/11\/Acqua-Il-teatro-dellacqua.jpg 300w\" sizes=\"(max-width: 300px) 100vw, 300px\" \/><\/p>\n<div class=\"titoli_laboratori\"><strong>IL TEATRO DELL&rsquo;ACQUA<\/strong><\/div>\n<p style=\"text-align: justify;\">Partiamo insieme alla scoperta della molecola che copre oltre il 70% del nostro pianeta. A partire dal suo ciclo naturale e passando per le nostre case, diamo un\u2019occhiata alle curiose propriet\u00e0 chimiche e fisiche dell\u2019acqua: capillarit\u00e0, capacit\u00e0 termica, solubilit\u00e0 non avranno pi\u00f9 segreti. Per non parlare di superfici minime, passaggi di stato e razzi ad acqua!<\/p>\n<\/div><div class=\"fusion-clearfix\"><\/div><\/div><\/div><div class=\"fusion-layout-column fusion_builder_column fusion-builder-column-3 fusion_builder_column_1_3 1_3 fusion-one-third fusion-column-last\" style=\"--awb-bg-size:cover;width:30.6666%;\"><div class=\"fusion-column-wrapper fusion-flex-column-wrapper-legacy\"><div class=\"fusion-text fusion-text-4\"><p><!--img class=\"img_laboratori alignnone size-medium wp-image-3622\" src=\"\/wp-content\/uploads\/sites\/2\/2015\/11\/Acqua_3-300x276.gif\" alt=\"acqua_3\" width=\"300\" height=\"276\" \/--><img decoding=\"async\" class=\"aligncenter size-medium wp-image-4063\" src=\"http:\/\/www.acomeambiente.org\/wp-content\/uploads\/sites\/2\/2015\/11\/Acqua-Storia-di-una-molecola-meravigliosa-1-300x276.jpg\" alt=\"acqua-storia-di-una-molecola-meravigliosa\" width=\"300\" height=\"276\" srcset=\"https:\/\/www.acomeambiente.org\/fr\/wp-content\/uploads\/sites\/2\/2015\/11\/Acqua-Storia-di-una-molecola-meravigliosa-1-200x184.jpg 200w, https:\/\/www.acomeambiente.org\/fr\/wp-content\/uploads\/sites\/2\/2015\/11\/Acqua-Storia-di-una-molecola-meravigliosa-1.jpg 300w\" sizes=\"(max-width: 300px) 100vw, 300px\" \/><\/p>\n<div class=\"titoli_laboratori\"><strong class=\"titoli_laboratori\">STORIA DI UNA MOLECOLA MERAVIGLIOSA<\/strong><\/div>\n<p style=\"text-align: justify;\">Dire acqua \u00e8 dire vita. Ma qual \u00e8 la storia di questa sostanza? Dagli spazi cosmici fino alle profondit\u00e0 dell&rsquo;oceano, diamo un&rsquo;occhiata a questa molecola meravigliosa, a partire dagli atomi di cui \u00e8 formata fino a cercarla nei luoghi pi\u00f9 impensabili, come i nostri polmoni, una fragola o i rubinetti di casa.<br \/>\nSenza dimenticare chi, ancora, deve cercare un pozzo per bere. Ci tuffiamo?<\/p>\n<\/div><div class=\"fusion-clearfix\"><\/div><\/div><\/div><div class=\"fusion-layout-column fusion_builder_column fusion-builder-column-4 fusion_builder_column_1_3 1_3 fusion-one-third fusion-column-first\" style=\"--awb-bg-size:cover;width:30.6666%; margin-right: 4%;\"><div class=\"fusion-column-wrapper fusion-flex-column-wrapper-legacy\"><div class=\"fusion-text fusion-text-5\"><p><!--img class=\"img_laboratori alignnone size-medium wp-image-3623\" src=\"\/wp-content\/uploads\/sites\/2\/2015\/11\/Acqua_4-300x276.gif\" alt=\"acqua_4\" width=\"300\" height=\"276\" \/--><img decoding=\"async\" class=\"aligncenter size-medium wp-image-4062\" src=\"http:\/\/www.acomeambiente.org\/wp-content\/uploads\/sites\/2\/2015\/11\/Acqua-Luniverso-nel-sottovaso-300x276.jpg\" alt=\"acqua-luniverso-nel-sottovaso\" width=\"300\" height=\"276\" srcset=\"https:\/\/www.acomeambiente.org\/fr\/wp-content\/uploads\/sites\/2\/2015\/11\/Acqua-Luniverso-nel-sottovaso-200x184.jpg 200w, https:\/\/www.acomeambiente.org\/fr\/wp-content\/uploads\/sites\/2\/2015\/11\/Acqua-Luniverso-nel-sottovaso.jpg 300w\" sizes=\"(max-width: 300px) 100vw, 300px\" \/><\/p>\n<div class=\"titoli_laboratori\"><strong>L\u2019UNIVERSO NEL SOTTOVASO: I MICROMONDI DELLE MERAVIGLIE<\/strong><\/div>\n<p style=\"text-align: justify;\">Oltre alla barriera dei nostri sensi si nasconde un microcosmo ricco di vita e di avventure. Scoprire l\u2019ambiente e i suoi pi\u00f9 piccoli abitanti \u00e8 possibile grazie all\u2019utilizzo di strumenti tecnologici che aiutano la comprensione e innescano la curiosit\u00e0 sulle forme viventi pi\u00f9 elementari, che qualche volta fungono da test ambientale.<\/p>\n<\/div><div class=\"fusion-clearfix\"><\/div><\/div><\/div><div class=\"fusion-layout-column fusion_builder_column fusion-builder-column-5 fusion_builder_column_1_3 1_3 fusion-one-third\" style=\"--awb-bg-size:cover;width:30.6666%; margin-right: 4%;\"><div class=\"fusion-column-wrapper fusion-flex-column-wrapper-legacy\"><div class=\"fusion-text fusion-text-6\"><p><!--img class=\"img_laboratori alignnone size-medium wp-image-3671\" src=\"\/wp-content\/uploads\/sites\/2\/2015\/11\/Acqua_6-300x276.jpg\" alt=\"acqua_6\" width=\"300\" height=\"276\" \/--><img decoding=\"async\" class=\"aligncenter size-medium wp-image-4061\" src=\"http:\/\/www.acomeambiente.org\/wp-content\/uploads\/sites\/2\/2015\/11\/Acqua-Le-mille-bolle-blu-e-non-solo-300x276.jpg\" alt=\"acqua-le-mille-bolle-blu-e-non-solo\" width=\"300\" height=\"276\" srcset=\"https:\/\/www.acomeambiente.org\/fr\/wp-content\/uploads\/sites\/2\/2015\/11\/Acqua-Le-mille-bolle-blu-e-non-solo-200x184.jpg 200w, https:\/\/www.acomeambiente.org\/fr\/wp-content\/uploads\/sites\/2\/2015\/11\/Acqua-Le-mille-bolle-blu-e-non-solo.jpg 300w\" sizes=\"(max-width: 300px) 100vw, 300px\" \/><\/p>\n<div class=\"titoli_laboratori\"><strong>LE MILLE BOLLE (BLU E NON SOLO!)<\/strong><\/div>\n<p style=\"text-align: justify;\">Come nascono le bolle di sapone? A partire da una piccola quantit\u00e0 d\u2019acqua si pu\u00f2 viaggiare con la fantasia.<br \/>\nUn\u2019avventura tutta da scoprire, fatta di bellezza, creativit\u00e0 e di un pizzico di fisica. Impara a modulare il soffio, osserva la trasformazione dell\u2019acqua e scopri tutti i segreti per dare vita ad una divertente magia.<\/p>\n<\/div><div class=\"fusion-clearfix\"><\/div><\/div><\/div><div class=\"fusion-layout-column fusion_builder_column fusion-builder-column-6 fusion_builder_column_1_3 1_3 fusion-one-third fusion-column-last\" style=\"--awb-bg-size:cover;width:30.6666%;\"><div class=\"fusion-column-wrapper fusion-flex-column-wrapper-legacy\"><div class=\"fusion-text fusion-text-7\"><p><!--img class=\"img_laboratori alignnone size-medium wp-image-3626\" src=\"\/wp-content\/uploads\/sites\/2\/2015\/11\/Acqua_6-300x276.gif\" alt=\"acqua_6\" width=\"300\" height=\"276\" \/--><img decoding=\"async\" class=\"aligncenter size-medium wp-image-4060\" src=\"http:\/\/www.acomeambiente.org\/wp-content\/uploads\/sites\/2\/2015\/11\/Acqua-Playdecide-Le-guerre-dellacqua-300x276.jpg\" alt=\"acqua-playdecide-le-guerre-dellacqua\" width=\"300\" height=\"276\" srcset=\"https:\/\/www.acomeambiente.org\/fr\/wp-content\/uploads\/sites\/2\/2015\/11\/Acqua-Playdecide-Le-guerre-dellacqua-200x184.jpg 200w, https:\/\/www.acomeambiente.org\/fr\/wp-content\/uploads\/sites\/2\/2015\/11\/Acqua-Playdecide-Le-guerre-dellacqua.jpg 300w\" sizes=\"(max-width: 300px) 100vw, 300px\" \/><\/p>\n<div class=\"titoli_laboratori\"><strong>PLAYDECIDE! LE GUERRE DELL\u2019ACQUA<\/strong><\/div>\n<p style=\"text-align: justify;\">L\u2019acqua \u00e8 un bene prezioso, ma non tutti riescono ad accedervi con la stessa facilit\u00e0. Gli sprechi, i cambiamenti climatici e l\u2019inquinamento mettono a rischio il futuro dell\u2019acqua. Con un metodo partecipativo e stimolante, discutiamo insieme sul suo consumo, con l\u2019aiuto di dati, storie e spunti di riflessione per analizzare tutti i fattori in gioco.<\/p>\n<\/div><div class=\"fusion-clearfix\"><\/div><\/div><\/div><div class=\"fusion-layout-column fusion_builder_column fusion-builder-column-7 fusion_builder_column_1_1 1_1 fusion-one-full fusion-column-first fusion-column-last fusion-column-no-min-height\" style=\"--awb-bg-size:cover;--awb-margin-bottom:0px;\"><div class=\"fusion-column-wrapper fusion-flex-column-wrapper-legacy\"><div class=\"fusion-text fusion-text-8\"><p><!--\n\n\n\n\n\n<p style=\"text-align: justify;\"><strong>BERE L'ACQUA DEL RUBINETTO<\/strong>\nUn pianeta azzurro, questo \u00e8 la Terra. Perch\u00e9 il nostro \u00e8 un mondo d\u2019acqua. Senza questa piccola molecola, fatta da appena tre atomi, la vita per come la conosciamo non esisterebbe affatto.\nEppure solo il 3% dell\u2019acqua presente \u00e8 dolce, e di questa il 68% \u00e8 presente sotto forma di ghiaccio. Come gestire in maniera ottimale questa risorsa preziosa? Scopriamo insieme qual \u00e8 il percorso che compie ogni giorno l\u2019acqua per raggiungere case, scuole, ospedali e quali sono le procedure che ne assicurano qualit\u00e0 e quantit\u00e0.\n\n\n\n\n\n<p style=\"text-align: justify;\"><strong>IL TEATRO DELL'ACQUA<\/strong>\nPartiamo insieme alla scoperta della molecola che copre oltre il 70% del nostro pianeta. A partire dal suo ciclo naturale e passando per le nostre case, diamo un\u2019occhiata alle curiose propriet\u00e0 chimiche e fisiche dell\u2019acqua: capillarit\u00e0, capacit\u00e0 termica, solubilit\u00e0 non avranno pi\u00f9 segreti. Per non parlare di superfici minime, passaggi di stato e razzi ad acqua!\n\n\n\n\n\n<p style=\"text-align: justify;\"><strong>PIANETA ACQUA<\/strong>\nDire acqua \u00e8 dire vita. Ma qual \u00e8 la storia di questa sostanza? Dagli spazi cosmici fino alle profondit\u00e0 dell'oceano, diamo un'occhiata a questa molecola meravigliosa, a partire dagli atomi di cui \u00e8 formata fino a cercarla nei luoghi pi\u00f9 impensabili, come i nostri polmoni, una fragola o i rubinetti di casa.\nSenza dimenticare chi, ancora, deve cercare un pozzo per bere. Ci tuffiamo?\n\n--><\/p>\n<\/div><div class=\"fusion-clearfix\"><\/div><\/div><\/div><\/div><\/div>\n","protected":false},"excerpt":{"rendered":"","protected":false},"author":1025,"featured_media":0,"parent":1954,"menu_order":7,"comment_status":"closed","ping_status":"closed","template":"","meta":{"footnotes":""},"class_list":["post-2018","page","type-page","status-publish","hentry"],"yoast_head":"<!-- This site is optimized with the Yoast SEO plugin v26.9 - https:\/\/yoast.com\/product\/yoast-seo-wordpress\/ -->\n<title>Acqua - Fr - MAcA - Museo A come Ambiente<\/title>\n<meta name=\"robots\" content=\"index, follow, max-snippet:-1, max-image-preview:large, max-video-preview:-1\" \/>\n<link rel=\"canonical\" href=\"https:\/\/www.acomeambiente.org\/fr\/visite\/ecoles\/acqua\/\" \/>\n<meta property=\"og:locale\" content=\"fr_FR\" \/>\n<meta property=\"og:type\" content=\"article\" \/>\n<meta property=\"og:title\" content=\"Acqua - Fr - MAcA - Museo A come Ambiente\" \/>\n<meta property=\"og:url\" content=\"https:\/\/www.acomeambiente.org\/fr\/visite\/ecoles\/acqua\/\" \/>\n<meta property=\"og:site_name\" content=\"Fr - MAcA - Museo A come Ambiente\" \/>\n<meta property=\"article:modified_time\" content=\"2017-04-11T08:38:25+00:00\" \/>\n<meta property=\"og:image\" content=\"https:\/\/www.acomeambiente.org\/wp-content\/uploads\/sites\/2\/2015\/03\/AcomeA_025.jpg\" \/>\n<meta name=\"twitter:card\" content=\"summary_large_image\" \/>\n<meta name=\"twitter:label1\" content=\"Dur\u00e9e de lecture estim\u00e9e\" \/>\n\t<meta name=\"twitter:data1\" content=\"5 minutes\" \/>\n<script type=\"application\/ld+json\" class=\"yoast-schema-graph\">{\"@context\":\"https:\/\/schema.org\",\"@graph\":[{\"@type\":\"WebPage\",\"@id\":\"https:\/\/www.acomeambiente.org\/fr\/visite\/ecoles\/acqua\/\",\"url\":\"https:\/\/www.acomeambiente.org\/fr\/visite\/ecoles\/acqua\/\",\"name\":\"Acqua - Fr - MAcA - Museo A come Ambiente\",\"isPartOf\":{\"@id\":\"https:\/\/www.acomeambiente.org\/fr\/#website\"},\"primaryImageOfPage\":{\"@id\":\"https:\/\/www.acomeambiente.org\/fr\/visite\/ecoles\/acqua\/#primaryimage\"},\"image\":{\"@id\":\"https:\/\/www.acomeambiente.org\/fr\/visite\/ecoles\/acqua\/#primaryimage\"},\"thumbnailUrl\":\"http:\/\/www.acomeambiente.org\/wp-content\/uploads\/sites\/2\/2015\/11\/Acqua-Bere-lacqua-del-rubinetto-1-300x276.jpg\",\"datePublished\":\"2015-11-04T15:07:25+00:00\",\"dateModified\":\"2017-04-11T08:38:25+00:00\",\"breadcrumb\":{\"@id\":\"https:\/\/www.acomeambiente.org\/fr\/visite\/ecoles\/acqua\/#breadcrumb\"},\"inLanguage\":\"fr-FR\",\"potentialAction\":[{\"@type\":\"ReadAction\",\"target\":[\"https:\/\/www.acomeambiente.org\/fr\/visite\/ecoles\/acqua\/\"]}]},{\"@type\":\"ImageObject\",\"inLanguage\":\"fr-FR\",\"@id\":\"https:\/\/www.acomeambiente.org\/fr\/visite\/ecoles\/acqua\/#primaryimage\",\"url\":\"http:\/\/www.acomeambiente.org\/wp-content\/uploads\/sites\/2\/2015\/11\/Acqua-Bere-lacqua-del-rubinetto-1-300x276.jpg\",\"contentUrl\":\"http:\/\/www.acomeambiente.org\/wp-content\/uploads\/sites\/2\/2015\/11\/Acqua-Bere-lacqua-del-rubinetto-1-300x276.jpg\"},{\"@type\":\"BreadcrumbList\",\"@id\":\"https:\/\/www.acomeambiente.org\/fr\/visite\/ecoles\/acqua\/#breadcrumb\",\"itemListElement\":[{\"@type\":\"ListItem\",\"position\":1,\"name\":\"Home\",\"item\":\"https:\/\/www.acomeambiente.org\/fr\/\"},{\"@type\":\"ListItem\",\"position\":2,\"name\":\"Visite\",\"item\":\"https:\/\/www.acomeambiente.org\/fr\/visite\/\"},{\"@type\":\"ListItem\",\"position\":3,\"name\":\"\u00c9coles\",\"item\":\"https:\/\/www.acomeambiente.org\/fr\/visite\/ecoles\/\"},{\"@type\":\"ListItem\",\"position\":4,\"name\":\"Acqua\"}]},{\"@type\":\"WebSite\",\"@id\":\"https:\/\/www.acomeambiente.org\/fr\/#website\",\"url\":\"https:\/\/www.acomeambiente.org\/fr\/\",\"name\":\"Fr - MAcA - Museo A come Ambiente\",\"description\":\"Passa al MAcA, costruiamo insieme un mondo pi\u00f9 sostenibile\",\"potentialAction\":[{\"@type\":\"SearchAction\",\"target\":{\"@type\":\"EntryPoint\",\"urlTemplate\":\"https:\/\/www.acomeambiente.org\/fr\/?s={search_term_string}\"},\"query-input\":{\"@type\":\"PropertyValueSpecification\",\"valueRequired\":true,\"valueName\":\"search_term_string\"}}],\"inLanguage\":\"fr-FR\"}]}<\/script>\n<!-- \/ Yoast SEO plugin. -->","yoast_head_json":{"title":"Acqua - Fr - MAcA - Museo A come Ambiente","robots":{"index":"index","follow":"follow","max-snippet":"max-snippet:-1","max-image-preview":"max-image-preview:large","max-video-preview":"max-video-preview:-1"},"canonical":"https:\/\/www.acomeambiente.org\/fr\/visite\/ecoles\/acqua\/","og_locale":"fr_FR","og_type":"article","og_title":"Acqua - Fr - MAcA - Museo A come Ambiente","og_url":"https:\/\/www.acomeambiente.org\/fr\/visite\/ecoles\/acqua\/","og_site_name":"Fr - MAcA - Museo A come Ambiente","article_modified_time":"2017-04-11T08:38:25+00:00","og_image":[{"url":"https:\/\/www.acomeambiente.org\/wp-content\/uploads\/sites\/2\/2015\/03\/AcomeA_025.jpg","type":"","width":"","height":""}],"twitter_card":"summary_large_image","twitter_misc":{"Dur\u00e9e de lecture estim\u00e9e":"5 minutes"},"schema":{"@context":"https:\/\/schema.org","@graph":[{"@type":"WebPage","@id":"https:\/\/www.acomeambiente.org\/fr\/visite\/ecoles\/acqua\/","url":"https:\/\/www.acomeambiente.org\/fr\/visite\/ecoles\/acqua\/","name":"Acqua - Fr - MAcA - Museo A come Ambiente","isPartOf":{"@id":"https:\/\/www.acomeambiente.org\/fr\/#website"},"primaryImageOfPage":{"@id":"https:\/\/www.acomeambiente.org\/fr\/visite\/ecoles\/acqua\/#primaryimage"},"image":{"@id":"https:\/\/www.acomeambiente.org\/fr\/visite\/ecoles\/acqua\/#primaryimage"},"thumbnailUrl":"http:\/\/www.acomeambiente.org\/wp-content\/uploads\/sites\/2\/2015\/11\/Acqua-Bere-lacqua-del-rubinetto-1-300x276.jpg","datePublished":"2015-11-04T15:07:25+00:00","dateModified":"2017-04-11T08:38:25+00:00","breadcrumb":{"@id":"https:\/\/www.acomeambiente.org\/fr\/visite\/ecoles\/acqua\/#breadcrumb"},"inLanguage":"fr-FR","potentialAction":[{"@type":"ReadAction","target":["https:\/\/www.acomeambiente.org\/fr\/visite\/ecoles\/acqua\/"]}]},{"@type":"ImageObject","inLanguage":"fr-FR","@id":"https:\/\/www.acomeambiente.org\/fr\/visite\/ecoles\/acqua\/#primaryimage","url":"http:\/\/www.acomeambiente.org\/wp-content\/uploads\/sites\/2\/2015\/11\/Acqua-Bere-lacqua-del-rubinetto-1-300x276.jpg","contentUrl":"http:\/\/www.acomeambiente.org\/wp-content\/uploads\/sites\/2\/2015\/11\/Acqua-Bere-lacqua-del-rubinetto-1-300x276.jpg"},{"@type":"BreadcrumbList","@id":"https:\/\/www.acomeambiente.org\/fr\/visite\/ecoles\/acqua\/#breadcrumb","itemListElement":[{"@type":"ListItem","position":1,"name":"Home","item":"https:\/\/www.acomeambiente.org\/fr\/"},{"@type":"ListItem","position":2,"name":"Visite","item":"https:\/\/www.acomeambiente.org\/fr\/visite\/"},{"@type":"ListItem","position":3,"name":"\u00c9coles","item":"https:\/\/www.acomeambiente.org\/fr\/visite\/ecoles\/"},{"@type":"ListItem","position":4,"name":"Acqua"}]},{"@type":"WebSite","@id":"https:\/\/www.acomeambiente.org\/fr\/#website","url":"https:\/\/www.acomeambiente.org\/fr\/","name":"Fr - MAcA - Museo A come Ambiente","description":"Passa al MAcA, costruiamo insieme un mondo pi\u00f9 sostenibile","potentialAction":[{"@type":"SearchAction","target":{"@type":"EntryPoint","urlTemplate":"https:\/\/www.acomeambiente.org\/fr\/?s={search_term_string}"},"query-input":{"@type":"PropertyValueSpecification","valueRequired":true,"valueName":"search_term_string"}}],"inLanguage":"fr-FR"}]}},"_links":{"self":[{"href":"https:\/\/www.acomeambiente.org\/fr\/wp-json\/wp\/v2\/pages\/2018","targetHints":{"allow":["GET"]}}],"collection":[{"href":"https:\/\/www.acomeambiente.org\/fr\/wp-json\/wp\/v2\/pages"}],"about":[{"href":"https:\/\/www.acomeambiente.org\/fr\/wp-json\/wp\/v2\/types\/page"}],"author":[{"embeddable":true,"href":"https:\/\/www.acomeambiente.org\/fr\/wp-json\/wp\/v2\/users\/1025"}],"replies":[{"embeddable":true,"href":"https:\/\/www.acomeambiente.org\/fr\/wp-json\/wp\/v2\/comments?post=2018"}],"version-history":[{"count":22,"href":"https:\/\/www.acomeambiente.org\/fr\/wp-json\/wp\/v2\/pages\/2018\/revisions"}],"predecessor-version":[{"id":4411,"href":"https:\/\/www.acomeambiente.org\/fr\/wp-json\/wp\/v2\/pages\/2018\/revisions\/4411"}],"up":[{"embeddable":true,"href":"https:\/\/www.acomeambiente.org\/fr\/wp-json\/wp\/v2\/pages\/1954"}],"wp:attachment":[{"href":"https:\/\/www.acomeambiente.org\/fr\/wp-json\/wp\/v2\/media?parent=2018"}],"curies":[{"name":"wp","href":"https:\/\/api.w.org\/{rel}","templated":true}]}}