{"id":2008,"date":"2015-11-04T14:51:18","date_gmt":"2015-11-04T14:51:18","guid":{"rendered":"http:\/\/www.acomeambiente.org\/fr\/?page_id=2008"},"modified":"2021-01-26T14:16:55","modified_gmt":"2021-01-26T14:16:55","slug":"offre-didactique","status":"publish","type":"page","link":"https:\/\/www.acomeambiente.org\/fr\/visite\/ecoles\/offre-didactique\/","title":{"rendered":"Offre didactique"},"content":{"rendered":"<p><img decoding=\"async\" class=\"alignnone wp-image-240 size-full\" src=\"\/wp-content\/uploads\/sites\/2\/2015\/03\/AcomeA_141.jpg\" alt=\"Scuole\" width=\"900\" height=\"330\" srcset=\"https:\/\/www.acomeambiente.org\/fr\/wp-content\/uploads\/sites\/2\/2015\/03\/AcomeA_141-300x110.jpg 300w, https:\/\/www.acomeambiente.org\/fr\/wp-content\/uploads\/sites\/2\/2015\/03\/AcomeA_141-600x220.jpg 600w, https:\/\/www.acomeambiente.org\/fr\/wp-content\/uploads\/sites\/2\/2015\/03\/AcomeA_141.jpg 900w\" sizes=\"(max-width: 900px) 100vw, 900px\" \/><\/p>\n<h1 class=\"entry-title\">Offre\u00a0p\u00e9dagogique<\/h1>\n<p>L&rsquo;offre p\u00e9dagogique\u00a0du Mus\u00e9e A come Ambiente est structur\u00e9e selon les modalit\u00e9s suivantes:<\/p>\n<ul>\n<li><strong>Aires th\u00e9matiques<\/strong> : parcours interactifs dans les aires d&rsquo;exposition du Mus\u00e9e (Eau, D\u00e9chets, \u00c9nergie, Alimentation).<\/li>\n<li><strong>Laboratoires scientifiques\u00a0<\/strong>: activit\u00e9s p\u00e9dagogiques \u00e0 travers des exp\u00e9riences de laboratoires\u00a0 s&rsquo;ins\u00e9rant dans les programmes de<strong> formations nationales <\/strong>(t\u00e9l\u00e9chargez les Directives du<strong> <a href=\"\/wp-content\/uploads\/sites\/3\/2015\/11\/LINEE_GUIDA_educazione-ambientale.pdf\">Guide d&rsquo;\u00c9ducation \u00e0 l&rsquo;Environnement<\/a><\/strong>)\u00a0(it.)\n<ul>\n<li><a href=\"https:\/\/www.acomeambiente.org\/fr\/eau\/\">EAU<\/a><\/li>\n<li><a href=\"https:\/\/www.acomeambiente.org\/fr\/scarti-2\/\">D\u00c9CHETS<\/a><\/li>\n<li><a href=\"https:\/\/www.acomeambiente.org\/fr\/visite\/ecoles\/energia\/\">\u00c9NERGIE(S)<\/a><\/li>\n<li><a href=\"https:\/\/www.acomeambiente.org\/fr\/visite\/ecoles\/alimentazione\/\">ALIMENTATION<\/a><\/li>\n<li><a href=\"https:\/\/www.acomeambiente.org\/fr\/transports\/\">TRANSPORTS<\/a><\/li>\n<li><a href=\"https:\/\/www.acomeambiente.org\/fr\/visite\/ecoles\/environnement-360\/\">ENVIRONNEMENT\u00a0360\u00b0<\/a><\/li>\n<\/ul>\n<\/li>\n<\/ul>\n<ul>\n<li><strong>Laboratoire de cr\u00e9ativit\u00e9 manuelle <\/strong>: activit\u00e9s pour jouer et construire gr\u00e2ce\u00a0une r\u00e9-utilisation inventive des d\u00e9chets, en offrant une deuxi\u00e8me\u00a0vie \u00e0 divers mat\u00e9riaux.<\/li>\n<li><strong>A come A distanza<\/strong>: activit\u00e9s en ligne.<\/li>\n<li><strong>Visites des installations<\/strong> : visites guid\u00e9es de Centres de Recherches et des installations des Soci\u00e9taires du Mus\u00e9e<em> A come Ambiente<\/em>.<\/li>\n<\/ul>\n<p>Les activit\u00e9s sont modulables par tranche d&rsquo;\u00e2ge et peuvent \u00eatre adapt\u00e9es \u00e0 des\u00a0\u00e9l\u00e8ves de tous niveaux scolaires.<\/p>\n<p>Chaque activit\u00e9 est conduite par un <em>Pilote &#8211;\u00a0<\/em>un animateur scientifique, pour une dur\u00e9e d&rsquo;une heure et demi.<br \/>\nA la visite d&rsquo;une aire th\u00e9matique, il est possible de coupler d&rsquo;autres activit\u00e9s et d&rsquo;autres parcours, afin de transformer l&rsquo;exp\u00e9rience au MAcA en une grande et amusante \u00ab\u00a0<em>full immersion<\/em>\u00a0\u00bb dans l&rsquo;environnement.<\/p>\n<h2><\/h2>\n","protected":false},"excerpt":{"rendered":"<p>Offre\u00a0p\u00e9dagogique L&rsquo;offre p\u00e9dagogique\u00a0du Mus\u00e9e A come Ambiente est structur\u00e9e selon les modalit\u00e9s suivantes: Aires th\u00e9matiques : parcours interactifs dans les aires d&rsquo;exposition du Mus\u00e9e (Eau, D\u00e9chets, \u00c9nergie, Alimentation). Laboratoires scientifiques\u00a0:  [&#8230;]<\/p>\n","protected":false},"author":1025,"featured_media":0,"parent":1954,"menu_order":0,"comment_status":"closed","ping_status":"closed","template":"","meta":{"footnotes":""},"class_list":["post-2008","page","type-page","status-publish","hentry"],"yoast_head":"<!-- This site is optimized with the Yoast SEO plugin v26.9 - https:\/\/yoast.com\/product\/yoast-seo-wordpress\/ -->\n<title>Offerta didattica<\/title>\n<meta name=\"robots\" content=\"index, follow, max-snippet:-1, max-image-preview:large, max-video-preview:-1\" \/>\n<link rel=\"canonical\" href=\"https:\/\/www.acomeambiente.org\/fr\/visite\/ecoles\/offre-didactique\/\" \/>\n<meta property=\"og:locale\" content=\"fr_FR\" \/>\n<meta property=\"og:type\" content=\"article\" \/>\n<meta property=\"og:title\" content=\"Offerta didattica\" \/>\n<meta property=\"og:description\" content=\"Offre\u00a0p\u00e9dagogique L&rsquo;offre p\u00e9dagogique\u00a0du Mus\u00e9e A come Ambiente est structur\u00e9e selon les modalit\u00e9s suivantes: Aires th\u00e9matiques : parcours interactifs dans les aires d&rsquo;exposition du Mus\u00e9e (Eau, D\u00e9chets, \u00c9nergie, Alimentation). Laboratoires scientifiques\u00a0: [...]\" \/>\n<meta property=\"og:url\" content=\"https:\/\/www.acomeambiente.org\/fr\/visite\/ecoles\/offre-didactique\/\" \/>\n<meta property=\"og:site_name\" content=\"Fr - MAcA - Museo A come Ambiente\" \/>\n<meta property=\"article:modified_time\" content=\"2021-01-26T14:16:55+00:00\" \/>\n<meta property=\"og:image\" content=\"https:\/\/www.acomeambiente.org\/wp-content\/uploads\/sites\/2\/2015\/03\/AcomeA_141.jpg\" \/>\n<meta name=\"twitter:card\" content=\"summary_large_image\" \/>\n<meta name=\"twitter:label1\" content=\"Dur\u00e9e de lecture estim\u00e9e\" \/>\n\t<meta name=\"twitter:data1\" content=\"1 minute\" \/>\n<script type=\"application\/ld+json\" class=\"yoast-schema-graph\">{\"@context\":\"https:\/\/schema.org\",\"@graph\":[{\"@type\":\"WebPage\",\"@id\":\"https:\/\/www.acomeambiente.org\/fr\/visite\/ecoles\/offre-didactique\/\",\"url\":\"https:\/\/www.acomeambiente.org\/fr\/visite\/ecoles\/offre-didactique\/\",\"name\":\"Offerta didattica\",\"isPartOf\":{\"@id\":\"https:\/\/www.acomeambiente.org\/fr\/#website\"},\"datePublished\":\"2015-11-04T14:51:18+00:00\",\"dateModified\":\"2021-01-26T14:16:55+00:00\",\"breadcrumb\":{\"@id\":\"https:\/\/www.acomeambiente.org\/fr\/visite\/ecoles\/offre-didactique\/#breadcrumb\"},\"inLanguage\":\"fr-FR\",\"potentialAction\":[{\"@type\":\"ReadAction\",\"target\":[\"https:\/\/www.acomeambiente.org\/fr\/visite\/ecoles\/offre-didactique\/\"]}]},{\"@type\":\"BreadcrumbList\",\"@id\":\"https:\/\/www.acomeambiente.org\/fr\/visite\/ecoles\/offre-didactique\/#breadcrumb\",\"itemListElement\":[{\"@type\":\"ListItem\",\"position\":1,\"name\":\"Home\",\"item\":\"https:\/\/www.acomeambiente.org\/fr\/\"},{\"@type\":\"ListItem\",\"position\":2,\"name\":\"Visite\",\"item\":\"https:\/\/www.acomeambiente.org\/fr\/visite\/\"},{\"@type\":\"ListItem\",\"position\":3,\"name\":\"\u00c9coles\",\"item\":\"https:\/\/www.acomeambiente.org\/fr\/visite\/ecoles\/\"},{\"@type\":\"ListItem\",\"position\":4,\"name\":\"Offre didactique\"}]},{\"@type\":\"WebSite\",\"@id\":\"https:\/\/www.acomeambiente.org\/fr\/#website\",\"url\":\"https:\/\/www.acomeambiente.org\/fr\/\",\"name\":\"Fr - MAcA - Museo A come Ambiente\",\"description\":\"Passa al MAcA, costruiamo insieme un mondo pi\u00f9 sostenibile\",\"potentialAction\":[{\"@type\":\"SearchAction\",\"target\":{\"@type\":\"EntryPoint\",\"urlTemplate\":\"https:\/\/www.acomeambiente.org\/fr\/?s={search_term_string}\"},\"query-input\":{\"@type\":\"PropertyValueSpecification\",\"valueRequired\":true,\"valueName\":\"search_term_string\"}}],\"inLanguage\":\"fr-FR\"}]}<\/script>\n<!-- \/ Yoast SEO plugin. -->","yoast_head_json":{"title":"Offerta didattica","robots":{"index":"index","follow":"follow","max-snippet":"max-snippet:-1","max-image-preview":"max-image-preview:large","max-video-preview":"max-video-preview:-1"},"canonical":"https:\/\/www.acomeambiente.org\/fr\/visite\/ecoles\/offre-didactique\/","og_locale":"fr_FR","og_type":"article","og_title":"Offerta didattica","og_description":"Offre\u00a0p\u00e9dagogique L&rsquo;offre p\u00e9dagogique\u00a0du Mus\u00e9e A come Ambiente est structur\u00e9e selon les modalit\u00e9s suivantes: Aires th\u00e9matiques : parcours interactifs dans les aires d&rsquo;exposition du Mus\u00e9e (Eau, D\u00e9chets, \u00c9nergie, Alimentation). Laboratoires scientifiques\u00a0: [...]","og_url":"https:\/\/www.acomeambiente.org\/fr\/visite\/ecoles\/offre-didactique\/","og_site_name":"Fr - MAcA - Museo A come Ambiente","article_modified_time":"2021-01-26T14:16:55+00:00","og_image":[{"url":"https:\/\/www.acomeambiente.org\/wp-content\/uploads\/sites\/2\/2015\/03\/AcomeA_141.jpg","type":"","width":"","height":""}],"twitter_card":"summary_large_image","twitter_misc":{"Dur\u00e9e de lecture estim\u00e9e":"1 minute"},"schema":{"@context":"https:\/\/schema.org","@graph":[{"@type":"WebPage","@id":"https:\/\/www.acomeambiente.org\/fr\/visite\/ecoles\/offre-didactique\/","url":"https:\/\/www.acomeambiente.org\/fr\/visite\/ecoles\/offre-didactique\/","name":"Offerta didattica","isPartOf":{"@id":"https:\/\/www.acomeambiente.org\/fr\/#website"},"datePublished":"2015-11-04T14:51:18+00:00","dateModified":"2021-01-26T14:16:55+00:00","breadcrumb":{"@id":"https:\/\/www.acomeambiente.org\/fr\/visite\/ecoles\/offre-didactique\/#breadcrumb"},"inLanguage":"fr-FR","potentialAction":[{"@type":"ReadAction","target":["https:\/\/www.acomeambiente.org\/fr\/visite\/ecoles\/offre-didactique\/"]}]},{"@type":"BreadcrumbList","@id":"https:\/\/www.acomeambiente.org\/fr\/visite\/ecoles\/offre-didactique\/#breadcrumb","itemListElement":[{"@type":"ListItem","position":1,"name":"Home","item":"https:\/\/www.acomeambiente.org\/fr\/"},{"@type":"ListItem","position":2,"name":"Visite","item":"https:\/\/www.acomeambiente.org\/fr\/visite\/"},{"@type":"ListItem","position":3,"name":"\u00c9coles","item":"https:\/\/www.acomeambiente.org\/fr\/visite\/ecoles\/"},{"@type":"ListItem","position":4,"name":"Offre didactique"}]},{"@type":"WebSite","@id":"https:\/\/www.acomeambiente.org\/fr\/#website","url":"https:\/\/www.acomeambiente.org\/fr\/","name":"Fr - MAcA - Museo A come Ambiente","description":"Passa al MAcA, costruiamo insieme un mondo pi\u00f9 sostenibile","potentialAction":[{"@type":"SearchAction","target":{"@type":"EntryPoint","urlTemplate":"https:\/\/www.acomeambiente.org\/fr\/?s={search_term_string}"},"query-input":{"@type":"PropertyValueSpecification","valueRequired":true,"valueName":"search_term_string"}}],"inLanguage":"fr-FR"}]}},"_links":{"self":[{"href":"https:\/\/www.acomeambiente.org\/fr\/wp-json\/wp\/v2\/pages\/2008","targetHints":{"allow":["GET"]}}],"collection":[{"href":"https:\/\/www.acomeambiente.org\/fr\/wp-json\/wp\/v2\/pages"}],"about":[{"href":"https:\/\/www.acomeambiente.org\/fr\/wp-json\/wp\/v2\/types\/page"}],"author":[{"embeddable":true,"href":"https:\/\/www.acomeambiente.org\/fr\/wp-json\/wp\/v2\/users\/1025"}],"replies":[{"embeddable":true,"href":"https:\/\/www.acomeambiente.org\/fr\/wp-json\/wp\/v2\/comments?post=2008"}],"version-history":[{"count":42,"href":"https:\/\/www.acomeambiente.org\/fr\/wp-json\/wp\/v2\/pages\/2008\/revisions"}],"predecessor-version":[{"id":5611,"href":"https:\/\/www.acomeambiente.org\/fr\/wp-json\/wp\/v2\/pages\/2008\/revisions\/5611"}],"up":[{"embeddable":true,"href":"https:\/\/www.acomeambiente.org\/fr\/wp-json\/wp\/v2\/pages\/1954"}],"wp:attachment":[{"href":"https:\/\/www.acomeambiente.org\/fr\/wp-json\/wp\/v2\/media?parent=2008"}],"curies":[{"name":"wp","href":"https:\/\/api.w.org\/{rel}","templated":true}]}}