{"id":19,"date":"2015-02-13T09:01:02","date_gmt":"2015-02-13T09:01:02","guid":{"rendered":"http:\/\/test.acomeambiente.org\/?page_id=19"},"modified":"2021-01-27T08:55:45","modified_gmt":"2021-01-27T08:55:45","slug":"comment-venir-au-maca","status":"publish","type":"page","link":"https:\/\/www.acomeambiente.org\/fr\/visite\/comment-venir-au-maca\/","title":{"rendered":"Comment venir au MAcA ?"},"content":{"rendered":"<p><img decoding=\"async\" class=\"alignnone wp-image-236 size-full\" src=\"\/wp-content\/uploads\/sites\/2\/2015\/03\/AcomeA_090.jpg\" alt=\"Come raggiungerci\" width=\"900\" height=\"330\" srcset=\"https:\/\/www.acomeambiente.org\/fr\/wp-content\/uploads\/sites\/2\/2015\/03\/AcomeA_090-300x110.jpg 300w, https:\/\/www.acomeambiente.org\/fr\/wp-content\/uploads\/sites\/2\/2015\/03\/AcomeA_090-600x220.jpg 600w, https:\/\/www.acomeambiente.org\/fr\/wp-content\/uploads\/sites\/2\/2015\/03\/AcomeA_090.jpg 900w\" sizes=\"(max-width: 900px) 100vw, 900px\" \/><\/p>\n<h1 class=\"entry-title\">Comment venir au MAcA ?<\/h1>\n<p><strong>Adresse:<\/strong>\u00a0Corso Umbria 90, 10144 Torino <a href=\"https:\/\/www.google.it\/maps\/place\/Corso+Umbria,+90,+10144+Torino\/@45.0899569,7.6637485,17z\/data=!3m1!4b1!4m2!3m1!1s0x47886db211c10b5f:0x72008d684dbbadfd\" target=\"_blank\" rel=\"noopener noreferrer\">(Voir carte)<\/a><\/p>\n<p><strong>Depuis le p\u00e9riph\u00e9rique (tangenziale)\u00a0:<\/strong>\u00a0suivre le\u00a0Corso Regina Margherita jusqu&rsquo;au Corso Umbria<\/p>\n<p><strong>P<\/strong><b>arking<\/b>\u00a0<strong>gratuits<\/strong>\u00a0aux <a href=\"https:\/\/www.google.com\/maps\/place\/Parcheggio\/@45.0894934,7.6638561,17z\/data=!4m5!3m4!1s0x0:0x34c640997f95e73d!8m2!3d45.0896631!4d7.6641919?hl=it-IT\">abords<\/a>\u00a0imm\u00e9diats\u00a0du Mus\u00e9e<\/p>\n<p><strong>Transports Publics\u00a0<\/strong><a href=\"https:\/\/www.muoversiatorino.it\" target=\"_blank\" rel=\"noopener noreferrer\">(pour plus d&rsquo;informations)<\/a><strong> :<\/strong> Depuis la Gare<strong>\u00a0Porta Nuova : tram 9,<\/strong>\u00a0jusqu&rsquo;\u00e0 <strong>l&rsquo;arr\u00eat\u00a0184 Piero della Francesca<\/strong> sur Corso Svizzera puis\u00a0continuer\u00a03 minutes \u00e0 pied sur Corso Umbria jusqu&rsquo;au num\u00e9ro 90<br \/>\nDepuis la Gare\u00a0<strong>Porta Susa :<\/strong> prendre l&rsquo;<strong>autobus 60<\/strong>\u00a0jusqu&rsquo;\u00e0 <strong>l&rsquo;arr\u00eat<\/strong><strong>\u00a02170 : Umbria &#8211; <\/strong>et continuer 5 minutes \u00e0 pied sur Corso Umbria\u00a0jusqu&rsquo;au num\u00e9ro 90<\/p>\n<p><strong>En v\u00e9lo\u00a0:<\/strong> devant la porte du MAcA, il y a des points d&rsquo;attache r\u00e9serv\u00e9s aux v\u00e9los. Vous pouvez \u00e9galement utiliser les services de\u00a0<strong><a href=\"http:\/\/www.tobike.it\/frmLeStazioni.aspx\" target=\"_blank\" rel=\"noopener noreferrer\">bike sharing<\/a>\u00a0|TO| <\/strong>de la ville de Turin<strong>.<\/strong><\/p>\n<p><strong>A pied\u00a0<\/strong>: le MAcA se trouve environ \u00e0 3,5 km de <strong>Piazza Castello<\/strong>, soit une promenade d&rsquo;environ 35 minutes (ou de\u00a050 minutes en fl\u00e2nant). Pour en savoir plus sur les promenades qu&rsquo;offre la ville de Turin,\u00a0t\u00e9l\u00e9chargez l&rsquo;app\u00a0\u00ab<strong><a href=\"\/wp-content\/uploads\/sites\/3\/2015\/02\/mappa-walkto.pdf\">WalkTo<\/a><\/strong>\u00bb r\u00e9alis\u00e9e par la ville de Turin (<em>le MAcA est au <strong>point 6<\/strong> &#8211; en haut et \u00e0 gauche de la carte<\/em>): une mine d&rsquo;informations pour tous ceux qui\u00a0\u2013 touriste ou Turinois d&rsquo;origine \u2013 veulent d\u00e9couvrir la ville \u00e0 pied.<\/p>\n<p>&nbsp;<\/p>\n<hr \/>\n<hr \/>\n<h2 class=\"entry-title\">Avantages Transports GTT<\/h2>\n<p><a href=\"http:\/\/www.gtt.to.it\/cms\/\" target=\"_blank\" rel=\"noopener noreferrer\"><img decoding=\"async\" class=\"alignleft wp-image-1110\" src=\"\/wp-content\/uploads\/sites\/3\/2015\/04\/gtt1-e1429000879966-300x128.jpg\" alt=\"gtt\" width=\"124\" height=\"53\" \/><\/a>Si vous venez nous voir au MAcA\u00a0avec les\u00a0Transports Publics, vous contribuerez\u00a0\u00e0 diminuer la pollution de l&rsquo;air &#8211; et vous b\u00e9n\u00e9ficierez d\u2019une <strong>s\u00e9rie d&rsquo;avantages.<\/strong><\/p>\n<p>Pour les enfants ayant\u00a0moins de 11 ans r\u00e9volus, le r\u00e9seau\u00a0<a href=\"http:\/\/www.gtt.to.it\/cms\/\" target=\"_blank\" rel=\"noopener noreferrer\"><strong>GTT<\/strong><\/a>\u00a0 permet de voyager gratuitement \u00e0 bord de ses transports gr\u00e2ce \u00e0 la <a href=\"http:\/\/www.gtt.to.it\/cms\/biglietti-abbonamenti\/343-scheda-junior\"><strong>Carte\u00a0Junior<\/strong><\/a>.<\/p>\n<p>Pour chaque petit voyageur de 3 \u00e0 11 ans, les accompagnateurs majeurs devront avoir\u00a0une <a href=\"http:\/\/www.gtt.to.it\/cms\/biglietti-abbonamenti\/272-abbonamenti-intera-rete#junior\"><strong>carte personnelle nominative par enfant,<\/strong><\/a> \u00e0 retirer aupr\u00e8s du <strong><a href=\"http:\/\/www.gtt.to.it\/cms\/dialoga\/uffici-aperti-al-pubblico#centri\">Service Clients GTT<\/a>,<\/strong> pour un co\u00fbt de seulement <strong>3 euros<\/strong>. Cette carte a une validit\u00e9 jusqu&rsquo;au jour anniversaire des 11 ans des \u00ab\u00a0petits voyageurs\u00a0\u00bb.<\/p>\n<p>Si tu veux visiter le Mus\u00e9e <em>A come Ambiente<\/em> &#8211; MAcA, avec ta classe ou ton \u00e9cole, GTT offre aux scolaires et aux groupes nombreux, la possibilit\u00e9 de<strong><a href=\"http:\/\/www.gtt.to.it\/cms\/linee-e-orari\/noleggi\/noleggio-bus-scuole-gruppi#intensificazione\"> louer un bus<\/a><\/strong> pour une sortie scolaire ou un voyage \u00e9ducatif.<\/p>\n","protected":false},"excerpt":{"rendered":"<p>Comment venir au MAcA ? Adresse:\u00a0Corso Umbria 90, 10144 Torino (Voir carte) Depuis le p\u00e9riph\u00e9rique (tangenziale)\u00a0:\u00a0suivre le\u00a0Corso Regina Margherita jusqu&rsquo;au Corso Umbria Parking\u00a0gratuits\u00a0aux abords\u00a0imm\u00e9diats\u00a0du Mus\u00e9e Transports Publics\u00a0(pour plus d&rsquo;informations) :  [&#8230;]<\/p>\n","protected":false},"author":1025,"featured_media":0,"parent":184,"menu_order":2,"comment_status":"closed","ping_status":"closed","template":"","meta":{"footnotes":""},"class_list":["post-19","page","type-page","status-publish","hentry"],"yoast_head":"<!-- This site is optimized with the Yoast SEO plugin v26.9 - https:\/\/yoast.com\/product\/yoast-seo-wordpress\/ -->\n<title>Comment venir au MAcA ? - Fr - MAcA - Museo A come Ambiente<\/title>\n<meta name=\"robots\" content=\"index, follow, max-snippet:-1, max-image-preview:large, max-video-preview:-1\" \/>\n<link rel=\"canonical\" href=\"https:\/\/www.acomeambiente.org\/fr\/visite\/comment-venir-au-maca\/\" \/>\n<meta property=\"og:locale\" content=\"fr_FR\" \/>\n<meta property=\"og:type\" content=\"article\" \/>\n<meta property=\"og:title\" content=\"Comment venir au MAcA ? - Fr - MAcA - Museo A come Ambiente\" \/>\n<meta property=\"og:description\" content=\"Comment venir au MAcA ? Adresse:\u00a0Corso Umbria 90, 10144 Torino (Voir carte) Depuis le p\u00e9riph\u00e9rique (tangenziale)\u00a0:\u00a0suivre le\u00a0Corso Regina Margherita jusqu&rsquo;au Corso Umbria Parking\u00a0gratuits\u00a0aux abords\u00a0imm\u00e9diats\u00a0du Mus\u00e9e Transports Publics\u00a0(pour plus d&rsquo;informations) : [...]\" \/>\n<meta property=\"og:url\" content=\"https:\/\/www.acomeambiente.org\/fr\/visite\/comment-venir-au-maca\/\" \/>\n<meta property=\"og:site_name\" content=\"Fr - MAcA - Museo A come Ambiente\" \/>\n<meta property=\"article:modified_time\" content=\"2021-01-27T08:55:45+00:00\" \/>\n<meta property=\"og:image\" content=\"https:\/\/www.acomeambiente.org\/wp-content\/uploads\/sites\/2\/2015\/03\/AcomeA_090.jpg\" \/>\n<meta name=\"twitter:card\" content=\"summary_large_image\" \/>\n<meta name=\"twitter:label1\" content=\"Dur\u00e9e de lecture estim\u00e9e\" \/>\n\t<meta name=\"twitter:data1\" content=\"2 minutes\" \/>\n<script type=\"application\/ld+json\" class=\"yoast-schema-graph\">{\"@context\":\"https:\/\/schema.org\",\"@graph\":[{\"@type\":\"WebPage\",\"@id\":\"https:\/\/www.acomeambiente.org\/fr\/visite\/comment-venir-au-maca\/\",\"url\":\"https:\/\/www.acomeambiente.org\/fr\/visite\/comment-venir-au-maca\/\",\"name\":\"Comment venir au MAcA ? - Fr - MAcA - Museo A come Ambiente\",\"isPartOf\":{\"@id\":\"https:\/\/www.acomeambiente.org\/fr\/#website\"},\"datePublished\":\"2015-02-13T09:01:02+00:00\",\"dateModified\":\"2021-01-27T08:55:45+00:00\",\"breadcrumb\":{\"@id\":\"https:\/\/www.acomeambiente.org\/fr\/visite\/comment-venir-au-maca\/#breadcrumb\"},\"inLanguage\":\"fr-FR\",\"potentialAction\":[{\"@type\":\"ReadAction\",\"target\":[\"https:\/\/www.acomeambiente.org\/fr\/visite\/comment-venir-au-maca\/\"]}]},{\"@type\":\"BreadcrumbList\",\"@id\":\"https:\/\/www.acomeambiente.org\/fr\/visite\/comment-venir-au-maca\/#breadcrumb\",\"itemListElement\":[{\"@type\":\"ListItem\",\"position\":1,\"name\":\"Home\",\"item\":\"https:\/\/www.acomeambiente.org\/fr\/\"},{\"@type\":\"ListItem\",\"position\":2,\"name\":\"Visite\",\"item\":\"https:\/\/www.acomeambiente.org\/fr\/visite\/\"},{\"@type\":\"ListItem\",\"position\":3,\"name\":\"Comment venir au MAcA ?\"}]},{\"@type\":\"WebSite\",\"@id\":\"https:\/\/www.acomeambiente.org\/fr\/#website\",\"url\":\"https:\/\/www.acomeambiente.org\/fr\/\",\"name\":\"Fr - MAcA - Museo A come Ambiente\",\"description\":\"Passa al MAcA, costruiamo insieme un mondo pi\u00f9 sostenibile\",\"potentialAction\":[{\"@type\":\"SearchAction\",\"target\":{\"@type\":\"EntryPoint\",\"urlTemplate\":\"https:\/\/www.acomeambiente.org\/fr\/?s={search_term_string}\"},\"query-input\":{\"@type\":\"PropertyValueSpecification\",\"valueRequired\":true,\"valueName\":\"search_term_string\"}}],\"inLanguage\":\"fr-FR\"}]}<\/script>\n<!-- \/ Yoast SEO plugin. -->","yoast_head_json":{"title":"Comment venir au MAcA ? - Fr - MAcA - Museo A come Ambiente","robots":{"index":"index","follow":"follow","max-snippet":"max-snippet:-1","max-image-preview":"max-image-preview:large","max-video-preview":"max-video-preview:-1"},"canonical":"https:\/\/www.acomeambiente.org\/fr\/visite\/comment-venir-au-maca\/","og_locale":"fr_FR","og_type":"article","og_title":"Comment venir au MAcA ? - Fr - MAcA - Museo A come Ambiente","og_description":"Comment venir au MAcA ? Adresse:\u00a0Corso Umbria 90, 10144 Torino (Voir carte) Depuis le p\u00e9riph\u00e9rique (tangenziale)\u00a0:\u00a0suivre le\u00a0Corso Regina Margherita jusqu&rsquo;au Corso Umbria Parking\u00a0gratuits\u00a0aux abords\u00a0imm\u00e9diats\u00a0du Mus\u00e9e Transports Publics\u00a0(pour plus d&rsquo;informations) : [...]","og_url":"https:\/\/www.acomeambiente.org\/fr\/visite\/comment-venir-au-maca\/","og_site_name":"Fr - MAcA - Museo A come Ambiente","article_modified_time":"2021-01-27T08:55:45+00:00","og_image":[{"url":"https:\/\/www.acomeambiente.org\/wp-content\/uploads\/sites\/2\/2015\/03\/AcomeA_090.jpg","type":"","width":"","height":""}],"twitter_card":"summary_large_image","twitter_misc":{"Dur\u00e9e de lecture estim\u00e9e":"2 minutes"},"schema":{"@context":"https:\/\/schema.org","@graph":[{"@type":"WebPage","@id":"https:\/\/www.acomeambiente.org\/fr\/visite\/comment-venir-au-maca\/","url":"https:\/\/www.acomeambiente.org\/fr\/visite\/comment-venir-au-maca\/","name":"Comment venir au MAcA ? - Fr - MAcA - Museo A come Ambiente","isPartOf":{"@id":"https:\/\/www.acomeambiente.org\/fr\/#website"},"datePublished":"2015-02-13T09:01:02+00:00","dateModified":"2021-01-27T08:55:45+00:00","breadcrumb":{"@id":"https:\/\/www.acomeambiente.org\/fr\/visite\/comment-venir-au-maca\/#breadcrumb"},"inLanguage":"fr-FR","potentialAction":[{"@type":"ReadAction","target":["https:\/\/www.acomeambiente.org\/fr\/visite\/comment-venir-au-maca\/"]}]},{"@type":"BreadcrumbList","@id":"https:\/\/www.acomeambiente.org\/fr\/visite\/comment-venir-au-maca\/#breadcrumb","itemListElement":[{"@type":"ListItem","position":1,"name":"Home","item":"https:\/\/www.acomeambiente.org\/fr\/"},{"@type":"ListItem","position":2,"name":"Visite","item":"https:\/\/www.acomeambiente.org\/fr\/visite\/"},{"@type":"ListItem","position":3,"name":"Comment venir au MAcA ?"}]},{"@type":"WebSite","@id":"https:\/\/www.acomeambiente.org\/fr\/#website","url":"https:\/\/www.acomeambiente.org\/fr\/","name":"Fr - MAcA - Museo A come Ambiente","description":"Passa al MAcA, costruiamo insieme un mondo pi\u00f9 sostenibile","potentialAction":[{"@type":"SearchAction","target":{"@type":"EntryPoint","urlTemplate":"https:\/\/www.acomeambiente.org\/fr\/?s={search_term_string}"},"query-input":{"@type":"PropertyValueSpecification","valueRequired":true,"valueName":"search_term_string"}}],"inLanguage":"fr-FR"}]}},"_links":{"self":[{"href":"https:\/\/www.acomeambiente.org\/fr\/wp-json\/wp\/v2\/pages\/19","targetHints":{"allow":["GET"]}}],"collection":[{"href":"https:\/\/www.acomeambiente.org\/fr\/wp-json\/wp\/v2\/pages"}],"about":[{"href":"https:\/\/www.acomeambiente.org\/fr\/wp-json\/wp\/v2\/types\/page"}],"author":[{"embeddable":true,"href":"https:\/\/www.acomeambiente.org\/fr\/wp-json\/wp\/v2\/users\/1025"}],"replies":[{"embeddable":true,"href":"https:\/\/www.acomeambiente.org\/fr\/wp-json\/wp\/v2\/comments?post=19"}],"version-history":[{"count":36,"href":"https:\/\/www.acomeambiente.org\/fr\/wp-json\/wp\/v2\/pages\/19\/revisions"}],"predecessor-version":[{"id":5615,"href":"https:\/\/www.acomeambiente.org\/fr\/wp-json\/wp\/v2\/pages\/19\/revisions\/5615"}],"up":[{"embeddable":true,"href":"https:\/\/www.acomeambiente.org\/fr\/wp-json\/wp\/v2\/pages\/184"}],"wp:attachment":[{"href":"https:\/\/www.acomeambiente.org\/fr\/wp-json\/wp\/v2\/media?parent=19"}],"curies":[{"name":"wp","href":"https:\/\/api.w.org\/{rel}","templated":true}]}}