{"id":171,"date":"2015-03-19T11:57:16","date_gmt":"2015-03-19T11:57:16","guid":{"rendered":"http:\/\/test.acomeambiente.org\/?page_id=171"},"modified":"2021-01-20T09:45:59","modified_gmt":"2021-01-20T09:45:59","slug":"faq","status":"publish","type":"page","link":"https:\/\/www.acomeambiente.org\/fr\/faq\/","title":{"rendered":"FAQ"},"content":{"rendered":"<p><strong><em>Comment calcule-t-on le prix pour les classes\u00a0?<\/em><\/strong><br \/>\nLe prix est calcul\u00e9 par \u00e9l\u00e8ve avec un groupe minimum de 13 personnes.<\/p>\n<p><strong><em>Est-il possible de visiter le Mus\u00e9e en une seule fois ?<\/em><\/strong><br \/>\nUne visite approfondie du Mus\u00e9e ne peut \u00eatre r\u00e9alis\u00e9e en une seule fois.Notre proposition est de visiter une aire \u00e0 chaque fois et de l&rsquo;approfondir avec un Laboratoire.<\/p>\n<p><b><i>R\u00e9server est-il indispensable ?<\/i><\/b><br \/>\nOui, pour les \u00c9coles et les Groupes.<\/p>\n<p><strong><em>Combien de temps dure la visite d&rsquo;une aire ?<\/em><\/strong><br \/>\nUne heure et demie.<\/p>\n<p><strong><em>Combien de temps dure un Laboratoire ?<\/em><\/strong><br \/>\nUne heure et demie.<\/p>\n<p><strong><em>Combien de temps durent\u00a0les activit\u00e9s coupl\u00e9s\u00a0?<\/em><\/strong><br \/>\nAire th\u00e9matique+Laboratoire\u00a0: 3 heures d&rsquo;activit\u00e9s &#8211; sans fatigue et avec beaucoup de plaisir&#8230;<\/p>\n<p><strong><em>Des r\u00e9ductions sont-elles pr\u00e9vues ?<\/em><\/strong><br \/>\nIl vous est possible de profiter de tarifs r\u00e9duits et m\u00eame gratuits.\u00a0\u00a0Pour les d\u00e9tails, veuillez consulter la section\u00a0<a href=\"https:\/\/www.acomeambiente.org\/fr\/visite\/horaires\/\">Billets.<\/a><\/p>\n","protected":false},"excerpt":{"rendered":"<p>Comment calcule-t-on le prix pour les classes\u00a0? Le prix est calcul\u00e9 par \u00e9l\u00e8ve avec un groupe minimum de 13 personnes. Est-il possible de visiter le Mus\u00e9e en une seule fois  [&#8230;]<\/p>\n","protected":false},"author":1025,"featured_media":0,"parent":0,"menu_order":0,"comment_status":"closed","ping_status":"closed","template":"","meta":{"footnotes":""},"class_list":["post-171","page","type-page","status-publish","hentry"],"yoast_head":"<!-- This site is optimized with the Yoast SEO plugin v26.9 - https:\/\/yoast.com\/product\/yoast-seo-wordpress\/ -->\n<title>FAQ - Fr - MAcA - Museo A come Ambiente<\/title>\n<meta name=\"robots\" content=\"index, follow, max-snippet:-1, max-image-preview:large, max-video-preview:-1\" \/>\n<link rel=\"canonical\" href=\"https:\/\/www.acomeambiente.org\/fr\/faq\/\" \/>\n<meta property=\"og:locale\" content=\"fr_FR\" \/>\n<meta property=\"og:type\" content=\"article\" \/>\n<meta property=\"og:title\" content=\"FAQ - Fr - MAcA - Museo A come Ambiente\" \/>\n<meta property=\"og:description\" content=\"Comment calcule-t-on le prix pour les classes\u00a0? Le prix est calcul\u00e9 par \u00e9l\u00e8ve avec un groupe minimum de 13 personnes. Est-il possible de visiter le Mus\u00e9e en une seule fois [...]\" \/>\n<meta property=\"og:url\" content=\"https:\/\/www.acomeambiente.org\/fr\/faq\/\" \/>\n<meta property=\"og:site_name\" content=\"Fr - MAcA - Museo A come Ambiente\" \/>\n<meta property=\"article:modified_time\" content=\"2021-01-20T09:45:59+00:00\" \/>\n<meta name=\"twitter:card\" content=\"summary_large_image\" \/>\n<meta name=\"twitter:label1\" content=\"Dur\u00e9e de lecture estim\u00e9e\" \/>\n\t<meta name=\"twitter:data1\" content=\"1 minute\" \/>\n<script type=\"application\/ld+json\" class=\"yoast-schema-graph\">{\"@context\":\"https:\/\/schema.org\",\"@graph\":[{\"@type\":\"WebPage\",\"@id\":\"https:\/\/www.acomeambiente.org\/fr\/faq\/\",\"url\":\"https:\/\/www.acomeambiente.org\/fr\/faq\/\",\"name\":\"FAQ - Fr - MAcA - Museo A come Ambiente\",\"isPartOf\":{\"@id\":\"https:\/\/www.acomeambiente.org\/fr\/#website\"},\"datePublished\":\"2015-03-19T11:57:16+00:00\",\"dateModified\":\"2021-01-20T09:45:59+00:00\",\"breadcrumb\":{\"@id\":\"https:\/\/www.acomeambiente.org\/fr\/faq\/#breadcrumb\"},\"inLanguage\":\"fr-FR\",\"potentialAction\":[{\"@type\":\"ReadAction\",\"target\":[\"https:\/\/www.acomeambiente.org\/fr\/faq\/\"]}]},{\"@type\":\"BreadcrumbList\",\"@id\":\"https:\/\/www.acomeambiente.org\/fr\/faq\/#breadcrumb\",\"itemListElement\":[{\"@type\":\"ListItem\",\"position\":1,\"name\":\"Home\",\"item\":\"https:\/\/www.acomeambiente.org\/fr\/\"},{\"@type\":\"ListItem\",\"position\":2,\"name\":\"FAQ\"}]},{\"@type\":\"WebSite\",\"@id\":\"https:\/\/www.acomeambiente.org\/fr\/#website\",\"url\":\"https:\/\/www.acomeambiente.org\/fr\/\",\"name\":\"Fr - MAcA - Museo A come Ambiente\",\"description\":\"Passa al MAcA, costruiamo insieme un mondo pi\u00f9 sostenibile\",\"potentialAction\":[{\"@type\":\"SearchAction\",\"target\":{\"@type\":\"EntryPoint\",\"urlTemplate\":\"https:\/\/www.acomeambiente.org\/fr\/?s={search_term_string}\"},\"query-input\":{\"@type\":\"PropertyValueSpecification\",\"valueRequired\":true,\"valueName\":\"search_term_string\"}}],\"inLanguage\":\"fr-FR\"}]}<\/script>\n<!-- \/ Yoast SEO plugin. -->","yoast_head_json":{"title":"FAQ - Fr - MAcA - Museo A come Ambiente","robots":{"index":"index","follow":"follow","max-snippet":"max-snippet:-1","max-image-preview":"max-image-preview:large","max-video-preview":"max-video-preview:-1"},"canonical":"https:\/\/www.acomeambiente.org\/fr\/faq\/","og_locale":"fr_FR","og_type":"article","og_title":"FAQ - Fr - MAcA - Museo A come Ambiente","og_description":"Comment calcule-t-on le prix pour les classes\u00a0? Le prix est calcul\u00e9 par \u00e9l\u00e8ve avec un groupe minimum de 13 personnes. Est-il possible de visiter le Mus\u00e9e en une seule fois [...]","og_url":"https:\/\/www.acomeambiente.org\/fr\/faq\/","og_site_name":"Fr - MAcA - Museo A come Ambiente","article_modified_time":"2021-01-20T09:45:59+00:00","twitter_card":"summary_large_image","twitter_misc":{"Dur\u00e9e de lecture estim\u00e9e":"1 minute"},"schema":{"@context":"https:\/\/schema.org","@graph":[{"@type":"WebPage","@id":"https:\/\/www.acomeambiente.org\/fr\/faq\/","url":"https:\/\/www.acomeambiente.org\/fr\/faq\/","name":"FAQ - Fr - MAcA - Museo A come Ambiente","isPartOf":{"@id":"https:\/\/www.acomeambiente.org\/fr\/#website"},"datePublished":"2015-03-19T11:57:16+00:00","dateModified":"2021-01-20T09:45:59+00:00","breadcrumb":{"@id":"https:\/\/www.acomeambiente.org\/fr\/faq\/#breadcrumb"},"inLanguage":"fr-FR","potentialAction":[{"@type":"ReadAction","target":["https:\/\/www.acomeambiente.org\/fr\/faq\/"]}]},{"@type":"BreadcrumbList","@id":"https:\/\/www.acomeambiente.org\/fr\/faq\/#breadcrumb","itemListElement":[{"@type":"ListItem","position":1,"name":"Home","item":"https:\/\/www.acomeambiente.org\/fr\/"},{"@type":"ListItem","position":2,"name":"FAQ"}]},{"@type":"WebSite","@id":"https:\/\/www.acomeambiente.org\/fr\/#website","url":"https:\/\/www.acomeambiente.org\/fr\/","name":"Fr - MAcA - Museo A come Ambiente","description":"Passa al MAcA, costruiamo insieme un mondo pi\u00f9 sostenibile","potentialAction":[{"@type":"SearchAction","target":{"@type":"EntryPoint","urlTemplate":"https:\/\/www.acomeambiente.org\/fr\/?s={search_term_string}"},"query-input":{"@type":"PropertyValueSpecification","valueRequired":true,"valueName":"search_term_string"}}],"inLanguage":"fr-FR"}]}},"_links":{"self":[{"href":"https:\/\/www.acomeambiente.org\/fr\/wp-json\/wp\/v2\/pages\/171","targetHints":{"allow":["GET"]}}],"collection":[{"href":"https:\/\/www.acomeambiente.org\/fr\/wp-json\/wp\/v2\/pages"}],"about":[{"href":"https:\/\/www.acomeambiente.org\/fr\/wp-json\/wp\/v2\/types\/page"}],"author":[{"embeddable":true,"href":"https:\/\/www.acomeambiente.org\/fr\/wp-json\/wp\/v2\/users\/1025"}],"replies":[{"embeddable":true,"href":"https:\/\/www.acomeambiente.org\/fr\/wp-json\/wp\/v2\/comments?post=171"}],"version-history":[{"count":13,"href":"https:\/\/www.acomeambiente.org\/fr\/wp-json\/wp\/v2\/pages\/171\/revisions"}],"predecessor-version":[{"id":5496,"href":"https:\/\/www.acomeambiente.org\/fr\/wp-json\/wp\/v2\/pages\/171\/revisions\/5496"}],"wp:attachment":[{"href":"https:\/\/www.acomeambiente.org\/fr\/wp-json\/wp\/v2\/media?parent=171"}],"curies":[{"name":"wp","href":"https:\/\/api.w.org\/{rel}","templated":true}]}}