{"id":165,"date":"2015-03-19T11:46:20","date_gmt":"2015-03-19T11:46:20","guid":{"rendered":"http:\/\/test.acomeambiente.org\/?page_id=165"},"modified":"2017-06-25T19:01:44","modified_gmt":"2017-06-25T19:01:44","slug":"reseaux-de-communautes","status":"publish","type":"page","link":"https:\/\/www.acomeambiente.org\/fr\/formation\/reseaux-de-communautes\/","title":{"rendered":"R\u00e9seaux de Communaut\u00e9s"},"content":{"rendered":"<p><img decoding=\"async\" class=\"alignnone size-full wp-image-238\" src=\"\/wp-content\/uploads\/sites\/2\/2015\/03\/AcomeA_130.jpg\" alt=\"A come Ambiente\" width=\"900\" height=\"330\" srcset=\"https:\/\/www.acomeambiente.org\/fr\/wp-content\/uploads\/sites\/2\/2015\/03\/AcomeA_130-300x110.jpg 300w, https:\/\/www.acomeambiente.org\/fr\/wp-content\/uploads\/sites\/2\/2015\/03\/AcomeA_130-600x220.jpg 600w, https:\/\/www.acomeambiente.org\/fr\/wp-content\/uploads\/sites\/2\/2015\/03\/AcomeA_130.jpg 900w\" sizes=\"(max-width: 900px) 100vw, 900px\" \/><\/p>\n<h1 class=\"entry-title\">R\u00e9seaux de Communaut\u00e9s<\/h1>\n<p>Les enseignants sont un des moteurs essentiels du changement. Ce sont eux, en effet, qui ont la charge de former les citoyens du futur.<\/p>\n<p>Pour cela, le MAcA d\u00e9sire devenir, chaque ann\u00e9e un peu plus, une ressource pour soutenir le corps enseignant \u00e0 travers des cours de formation, offrant ainsi la possibilit\u00e9 d\u2019organiser un r\u00e9seau en dialogue.<\/p>\n<p>Pour le MAcA, le \u201cdroit \u00e0 la science\u201c\u00a0de\u00a0chaque citoyen est fondamental et l\u2019un des fondements de la d\u00e9mocratie r\u00e9elle. Pour cela, il se tourne \u00e9galement vers les composantes non scolaires de la citoyennet\u00e9, faisant appel \u00e0 la curiosit\u00e9, aux besoins de partager des exp\u00e9riences et comp\u00e9tences, et \u00e0 la diversit\u00e9, qui est une source de richesses. Dans cette optique, dans les offres du MAcA, sont int\u00e9gr\u00e9es des programmes pens\u00e9s pour les adultes qui veulent se sentir acteur \u00e0 part enti\u00e8re d\u2019un monde partag\u00e9&#8230; le seul que nous ayons.<\/p>\n","protected":false},"excerpt":{"rendered":"<p>R\u00e9seaux de Communaut\u00e9s Les enseignants sont un des moteurs essentiels du changement. Ce sont eux, en effet, qui ont la charge de former les citoyens du futur. Pour cela, le  [&#8230;]<\/p>\n","protected":false},"author":1025,"featured_media":0,"parent":438,"menu_order":3,"comment_status":"closed","ping_status":"closed","template":"","meta":{"footnotes":""},"class_list":["post-165","page","type-page","status-publish","hentry"],"yoast_head":"<!-- This site is optimized with the Yoast SEO plugin v26.9 - https:\/\/yoast.com\/product\/yoast-seo-wordpress\/ -->\n<title>R\u00e9seaux de Communaut\u00e9s - Fr - MAcA - Museo A come Ambiente<\/title>\n<meta name=\"robots\" content=\"index, follow, max-snippet:-1, max-image-preview:large, max-video-preview:-1\" \/>\n<link rel=\"canonical\" href=\"https:\/\/www.acomeambiente.org\/fr\/formation\/reseaux-de-communautes\/\" \/>\n<meta property=\"og:locale\" content=\"fr_FR\" \/>\n<meta property=\"og:type\" content=\"article\" \/>\n<meta property=\"og:title\" content=\"R\u00e9seaux de Communaut\u00e9s - Fr - MAcA - Museo A come Ambiente\" \/>\n<meta property=\"og:description\" content=\"R\u00e9seaux de Communaut\u00e9s Les enseignants sont un des moteurs essentiels du changement. Ce sont eux, en effet, qui ont la charge de former les citoyens du futur. Pour cela, le [...]\" \/>\n<meta property=\"og:url\" content=\"https:\/\/www.acomeambiente.org\/fr\/formation\/reseaux-de-communautes\/\" \/>\n<meta property=\"og:site_name\" content=\"Fr - MAcA - Museo A come Ambiente\" \/>\n<meta property=\"article:modified_time\" content=\"2017-06-25T19:01:44+00:00\" \/>\n<meta property=\"og:image\" content=\"https:\/\/www.acomeambiente.org\/wp-content\/uploads\/sites\/2\/2015\/03\/AcomeA_130.jpg\" \/>\n<meta name=\"twitter:card\" content=\"summary_large_image\" \/>\n<meta name=\"twitter:label1\" content=\"Dur\u00e9e de lecture estim\u00e9e\" \/>\n\t<meta name=\"twitter:data1\" content=\"1 minute\" \/>\n<script type=\"application\/ld+json\" class=\"yoast-schema-graph\">{\"@context\":\"https:\/\/schema.org\",\"@graph\":[{\"@type\":\"WebPage\",\"@id\":\"https:\/\/www.acomeambiente.org\/fr\/formation\/reseaux-de-communautes\/\",\"url\":\"https:\/\/www.acomeambiente.org\/fr\/formation\/reseaux-de-communautes\/\",\"name\":\"R\u00e9seaux de Communaut\u00e9s - Fr - MAcA - Museo A come Ambiente\",\"isPartOf\":{\"@id\":\"https:\/\/www.acomeambiente.org\/fr\/#website\"},\"datePublished\":\"2015-03-19T11:46:20+00:00\",\"dateModified\":\"2017-06-25T19:01:44+00:00\",\"breadcrumb\":{\"@id\":\"https:\/\/www.acomeambiente.org\/fr\/formation\/reseaux-de-communautes\/#breadcrumb\"},\"inLanguage\":\"fr-FR\",\"potentialAction\":[{\"@type\":\"ReadAction\",\"target\":[\"https:\/\/www.acomeambiente.org\/fr\/formation\/reseaux-de-communautes\/\"]}]},{\"@type\":\"BreadcrumbList\",\"@id\":\"https:\/\/www.acomeambiente.org\/fr\/formation\/reseaux-de-communautes\/#breadcrumb\",\"itemListElement\":[{\"@type\":\"ListItem\",\"position\":1,\"name\":\"Home\",\"item\":\"https:\/\/www.acomeambiente.org\/fr\/\"},{\"@type\":\"ListItem\",\"position\":2,\"name\":\"Formation\",\"item\":\"https:\/\/www.acomeambiente.org\/fr\/formation\/\"},{\"@type\":\"ListItem\",\"position\":3,\"name\":\"R\u00e9seaux de Communaut\u00e9s\"}]},{\"@type\":\"WebSite\",\"@id\":\"https:\/\/www.acomeambiente.org\/fr\/#website\",\"url\":\"https:\/\/www.acomeambiente.org\/fr\/\",\"name\":\"Fr - MAcA - Museo A come Ambiente\",\"description\":\"Passa al MAcA, costruiamo insieme un mondo pi\u00f9 sostenibile\",\"potentialAction\":[{\"@type\":\"SearchAction\",\"target\":{\"@type\":\"EntryPoint\",\"urlTemplate\":\"https:\/\/www.acomeambiente.org\/fr\/?s={search_term_string}\"},\"query-input\":{\"@type\":\"PropertyValueSpecification\",\"valueRequired\":true,\"valueName\":\"search_term_string\"}}],\"inLanguage\":\"fr-FR\"}]}<\/script>\n<!-- \/ Yoast SEO plugin. -->","yoast_head_json":{"title":"R\u00e9seaux de Communaut\u00e9s - Fr - MAcA - Museo A come Ambiente","robots":{"index":"index","follow":"follow","max-snippet":"max-snippet:-1","max-image-preview":"max-image-preview:large","max-video-preview":"max-video-preview:-1"},"canonical":"https:\/\/www.acomeambiente.org\/fr\/formation\/reseaux-de-communautes\/","og_locale":"fr_FR","og_type":"article","og_title":"R\u00e9seaux de Communaut\u00e9s - Fr - MAcA - Museo A come Ambiente","og_description":"R\u00e9seaux de Communaut\u00e9s Les enseignants sont un des moteurs essentiels du changement. Ce sont eux, en effet, qui ont la charge de former les citoyens du futur. Pour cela, le [...]","og_url":"https:\/\/www.acomeambiente.org\/fr\/formation\/reseaux-de-communautes\/","og_site_name":"Fr - MAcA - Museo A come Ambiente","article_modified_time":"2017-06-25T19:01:44+00:00","og_image":[{"url":"https:\/\/www.acomeambiente.org\/wp-content\/uploads\/sites\/2\/2015\/03\/AcomeA_130.jpg","type":"","width":"","height":""}],"twitter_card":"summary_large_image","twitter_misc":{"Dur\u00e9e de lecture estim\u00e9e":"1 minute"},"schema":{"@context":"https:\/\/schema.org","@graph":[{"@type":"WebPage","@id":"https:\/\/www.acomeambiente.org\/fr\/formation\/reseaux-de-communautes\/","url":"https:\/\/www.acomeambiente.org\/fr\/formation\/reseaux-de-communautes\/","name":"R\u00e9seaux de Communaut\u00e9s - Fr - MAcA - Museo A come Ambiente","isPartOf":{"@id":"https:\/\/www.acomeambiente.org\/fr\/#website"},"datePublished":"2015-03-19T11:46:20+00:00","dateModified":"2017-06-25T19:01:44+00:00","breadcrumb":{"@id":"https:\/\/www.acomeambiente.org\/fr\/formation\/reseaux-de-communautes\/#breadcrumb"},"inLanguage":"fr-FR","potentialAction":[{"@type":"ReadAction","target":["https:\/\/www.acomeambiente.org\/fr\/formation\/reseaux-de-communautes\/"]}]},{"@type":"BreadcrumbList","@id":"https:\/\/www.acomeambiente.org\/fr\/formation\/reseaux-de-communautes\/#breadcrumb","itemListElement":[{"@type":"ListItem","position":1,"name":"Home","item":"https:\/\/www.acomeambiente.org\/fr\/"},{"@type":"ListItem","position":2,"name":"Formation","item":"https:\/\/www.acomeambiente.org\/fr\/formation\/"},{"@type":"ListItem","position":3,"name":"R\u00e9seaux de Communaut\u00e9s"}]},{"@type":"WebSite","@id":"https:\/\/www.acomeambiente.org\/fr\/#website","url":"https:\/\/www.acomeambiente.org\/fr\/","name":"Fr - MAcA - Museo A come Ambiente","description":"Passa al MAcA, costruiamo insieme un mondo pi\u00f9 sostenibile","potentialAction":[{"@type":"SearchAction","target":{"@type":"EntryPoint","urlTemplate":"https:\/\/www.acomeambiente.org\/fr\/?s={search_term_string}"},"query-input":{"@type":"PropertyValueSpecification","valueRequired":true,"valueName":"search_term_string"}}],"inLanguage":"fr-FR"}]}},"_links":{"self":[{"href":"https:\/\/www.acomeambiente.org\/fr\/wp-json\/wp\/v2\/pages\/165","targetHints":{"allow":["GET"]}}],"collection":[{"href":"https:\/\/www.acomeambiente.org\/fr\/wp-json\/wp\/v2\/pages"}],"about":[{"href":"https:\/\/www.acomeambiente.org\/fr\/wp-json\/wp\/v2\/types\/page"}],"author":[{"embeddable":true,"href":"https:\/\/www.acomeambiente.org\/fr\/wp-json\/wp\/v2\/users\/1025"}],"replies":[{"embeddable":true,"href":"https:\/\/www.acomeambiente.org\/fr\/wp-json\/wp\/v2\/comments?post=165"}],"version-history":[{"count":11,"href":"https:\/\/www.acomeambiente.org\/fr\/wp-json\/wp\/v2\/pages\/165\/revisions"}],"predecessor-version":[{"id":5272,"href":"https:\/\/www.acomeambiente.org\/fr\/wp-json\/wp\/v2\/pages\/165\/revisions\/5272"}],"up":[{"embeddable":true,"href":"https:\/\/www.acomeambiente.org\/fr\/wp-json\/wp\/v2\/pages\/438"}],"wp:attachment":[{"href":"https:\/\/www.acomeambiente.org\/fr\/wp-json\/wp\/v2\/media?parent=165"}],"curies":[{"name":"wp","href":"https:\/\/api.w.org\/{rel}","templated":true}]}}