{"id":150,"date":"2015-03-19T11:31:28","date_gmt":"2015-03-19T11:31:28","guid":{"rendered":"http:\/\/test.acomeambiente.org\/?page_id=150"},"modified":"2017-06-19T17:37:39","modified_gmt":"2017-06-19T17:37:39","slug":"ecoles-2","status":"publish","type":"page","link":"https:\/\/www.acomeambiente.org\/fr\/ecoles-2\/","title":{"rendered":"\u00c9coles"},"content":{"rendered":"<p><img decoding=\"async\" class=\"alignnone wp-image-240 size-full\" src=\"\/wp-content\/uploads\/sites\/2\/2015\/03\/AcomeA_141.jpg\" alt=\"Scuole\" width=\"900\" height=\"330\" srcset=\"https:\/\/www.acomeambiente.org\/fr\/wp-content\/uploads\/sites\/2\/2015\/03\/AcomeA_141-300x110.jpg 300w, https:\/\/www.acomeambiente.org\/fr\/wp-content\/uploads\/sites\/2\/2015\/03\/AcomeA_141-600x220.jpg 600w, https:\/\/www.acomeambiente.org\/fr\/wp-content\/uploads\/sites\/2\/2015\/03\/AcomeA_141.jpg 900w\" sizes=\"(max-width: 900px) 100vw, 900px\" \/><\/p>\n<h1 class=\"entry-title\">\u00c9coles<\/h1>\n<p>Le Mus\u00e9e A come Ambiente est un instrument de connaissance et un soutien pour les \u00e9ducateurs \u00e0 l&rsquo;environnement et les enseignants. Cela fait partie int\u00e9grante de sa mission.<\/p>\n<p>Le MAcA consid\u00e8re la connaissance dans son acception la plus large. Les modes d&rsquo;apprentissage se d\u00e9veloppent \u00e0 travers l&rsquo;exp\u00e9rience directe avec les ph\u00e9nom\u00e8nes, l&rsquo;art, le dialogue \u00e0 travers des jeux et des exp\u00e9riences adapt\u00e9s \u00e0 tous les \u00e2ges.<\/p>\n<p>Les activit\u00e9s du MAcA s&rsquo;ins\u00e8rent dans les parcours des programmes de formations nationales (t\u00e9l\u00e9chargez le Guide de l&rsquo;\u00e9ducation environnementale). De cette fa\u00e7on, le MAcA entend \u00eatre un instrument didactique d&rsquo;\u00e9ducation pour un environnement durable au service des \u00e9coles de tous ordres et degr\u00e9s, en offrant des instruments innovants pour la transmission et la communication scientifiques sur la communication sur l&rsquo;environnement.<\/p>\n<p>Les visites guid\u00e9es et les laboratoires scientifiques et d&rsquo;activit\u00e9s manuelles cr\u00e9atives offrent les instruments n\u00e9cessaires pour chercher des r\u00e9ponses aux questions de celui qui apprend : elles font partie de l&rsquo;offre didactique annuelle du Mus\u00e9e.<\/p>\n<p>Nous organisons :<\/p>\n<ul>\n<li>des explorations th\u00e9matiques avec les classes guid\u00e9es par des pilotes, animateurs scientifiques sp\u00e9cialis\u00e9s<\/li>\n<li>des parcours sp\u00e9cifiques adapt\u00e9s \u00e0 chaque tranche d&rsquo;\u00e2ge et pr\u00e9vus pour diff\u00e9rents niveaux cognitifs<\/li>\n<li>des laboratoires de divulgation scientifique et de\u00a0 cr\u00e9ativit\u00e9 manuelle<\/li>\n<\/ul>\n<p><span style=\"text-decoration: underline;color: #000000\"><strong><a style=\"color: #000000;text-decoration: underline\" href=\"\/biglietti\/\">R\u00e9ductions, gratuit\u00e9\u00a0et promotions po<\/a>ur les classes et les Enseignants<\/strong><\/span><\/p>\n<p>Pour infirmations et r\u00e9servations &#8211;\u00a0\u00a0\u00a0vous pouvez appeler le Secr\u00e9tariat au \u00a0:\u00a0+39 011.0702535 &#8211;<\/p>\n<p>ou \u00e9crire \u00e0 l&rsquo;adresse suivante :\u00a0<a href=\"mailto:info@acomeambiente.org\">info@acomeambiente.org <\/a><\/p>\n<p>&nbsp;<\/p>\n<p><a href=\"http:\/\/www.gtt.to.it\/cms\/\" target=\"_blank\" rel=\"noopener noreferrer\"><img decoding=\"async\" class=\" wp-image-1110 alignleft\" style=\"margin: 8px\" src=\"\/wp-content\/uploads\/sites\/2\/2015\/04\/gtt1-e1429000879966-300x128.jpg\" alt=\"gtt\" width=\"124\" height=\"53\" \/><\/a><\/p>\n<h2 class=\"entry-title\">Avantages Transports GTT<\/h2>\n<p>vous contribuerez\u00a0\u00e0 diminuer la pollution de l\u2019air \u2013 et vous b\u00e9n\u00e9ficierez d\u2019une <strong>s\u00e9rie d\u2019avantages.<\/strong><\/p>\n<p>Pour les enfants ayant\u00a0moins de 11 ans r\u00e9volus, le r\u00e9seau\u00a0<a href=\"http:\/\/www.gtt.to.it\/cms\/\" target=\"_blank\" rel=\"noopener noreferrer\"><strong>GTT<\/strong><\/a>\u00a0 permet de voyager gratuitement \u00e0 bord de ses transports gr\u00e2ce \u00e0 la <a href=\"http:\/\/www.gtt.to.it\/cms\/biglietti-abbonamenti\/343-scheda-junior\"><strong>Carte\u00a0Junior<\/strong><\/a>.<\/p>\n<p>Pour chaque petit voyageur de 3 \u00e0 11 ans, les accompagnateurs majeurs devront avoir\u00a0une <a href=\"http:\/\/www.gtt.to.it\/cms\/biglietti-abbonamenti\/272-abbonamenti-intera-rete#junior\"><strong>carte personnelle nominative par enfant,<\/strong><\/a> \u00e0 retirer aupr\u00e8s du <strong><a href=\"http:\/\/www.gtt.to.it\/cms\/dialoga\/uffici-aperti-al-pubblico#centri\">Service Clients GTT<\/a>,<\/strong> pour un co\u00fbt de seulement <strong>3 euros<\/strong>. Cette carte a une validit\u00e9 jusqu\u2019au jour anniversaire des 11 ans des \u00ab\u00a0petits voyageurs\u00a0\u00bb.<\/p>\n<p>Si tu veux visiter le Mus\u00e9e <em>A come Ambiente<\/em> \u2013 MAcA, avec ta classe ou ton \u00e9cole, GTT offre aux scolaires et aux groupes nombreux, la possibilit\u00e9 de<strong><a href=\"http:\/\/www.gtt.to.it\/cms\/linee-e-orari\/noleggi\/noleggio-bus-scuole-gruppi#intensificazione\"> louer un bus<\/a><\/strong> pour une sortie scolaire ou un voyage \u00e9ducatif.<\/p>\n<p>Pour plus d\u2019informations, consultez le\u00a0<b><u>r\u00e8glement<\/u><\/b>\u00a0pour l\u2019utilisation des transports GTT<\/p>\n","protected":false},"excerpt":{"rendered":"<p>\u00c9coles Le Mus\u00e9e A come Ambiente est un instrument de connaissance et un soutien pour les \u00e9ducateurs \u00e0 l&rsquo;environnement et les enseignants. Cela fait partie int\u00e9grante de sa mission. Le  [&#8230;]<\/p>\n","protected":false},"author":1025,"featured_media":0,"parent":0,"menu_order":5,"comment_status":"closed","ping_status":"closed","template":"","meta":{"footnotes":""},"class_list":["post-150","page","type-page","status-publish","hentry"],"yoast_head":"<!-- This site is optimized with the Yoast SEO plugin v26.9 - https:\/\/yoast.com\/product\/yoast-seo-wordpress\/ -->\n<title>\u00c9coles - Fr - MAcA - Museo A come Ambiente<\/title>\n<meta name=\"robots\" content=\"index, follow, max-snippet:-1, max-image-preview:large, max-video-preview:-1\" \/>\n<link rel=\"canonical\" href=\"https:\/\/www.acomeambiente.org\/fr\/ecoles-2\/\" \/>\n<meta property=\"og:locale\" content=\"fr_FR\" \/>\n<meta property=\"og:type\" content=\"article\" \/>\n<meta property=\"og:title\" content=\"\u00c9coles - Fr - MAcA - Museo A come Ambiente\" \/>\n<meta property=\"og:description\" content=\"\u00c9coles Le Mus\u00e9e A come Ambiente est un instrument de connaissance et un soutien pour les \u00e9ducateurs \u00e0 l&rsquo;environnement et les enseignants. Cela fait partie int\u00e9grante de sa mission. Le [...]\" \/>\n<meta property=\"og:url\" content=\"https:\/\/www.acomeambiente.org\/fr\/ecoles-2\/\" \/>\n<meta property=\"og:site_name\" content=\"Fr - MAcA - Museo A come Ambiente\" \/>\n<meta property=\"article:modified_time\" content=\"2017-06-19T17:37:39+00:00\" \/>\n<meta property=\"og:image\" content=\"https:\/\/www.acomeambiente.org\/wp-content\/uploads\/sites\/2\/2015\/03\/AcomeA_141.jpg\" \/>\n<meta name=\"twitter:card\" content=\"summary_large_image\" \/>\n<meta name=\"twitter:label1\" content=\"Dur\u00e9e de lecture estim\u00e9e\" \/>\n\t<meta name=\"twitter:data1\" content=\"2 minutes\" \/>\n<script type=\"application\/ld+json\" class=\"yoast-schema-graph\">{\"@context\":\"https:\/\/schema.org\",\"@graph\":[{\"@type\":\"WebPage\",\"@id\":\"https:\/\/www.acomeambiente.org\/fr\/ecoles-2\/\",\"url\":\"https:\/\/www.acomeambiente.org\/fr\/ecoles-2\/\",\"name\":\"\u00c9coles - Fr - MAcA - Museo A come Ambiente\",\"isPartOf\":{\"@id\":\"https:\/\/www.acomeambiente.org\/fr\/#website\"},\"datePublished\":\"2015-03-19T11:31:28+00:00\",\"dateModified\":\"2017-06-19T17:37:39+00:00\",\"breadcrumb\":{\"@id\":\"https:\/\/www.acomeambiente.org\/fr\/ecoles-2\/#breadcrumb\"},\"inLanguage\":\"fr-FR\",\"potentialAction\":[{\"@type\":\"ReadAction\",\"target\":[\"https:\/\/www.acomeambiente.org\/fr\/ecoles-2\/\"]}]},{\"@type\":\"BreadcrumbList\",\"@id\":\"https:\/\/www.acomeambiente.org\/fr\/ecoles-2\/#breadcrumb\",\"itemListElement\":[{\"@type\":\"ListItem\",\"position\":1,\"name\":\"Home\",\"item\":\"https:\/\/www.acomeambiente.org\/fr\/\"},{\"@type\":\"ListItem\",\"position\":2,\"name\":\"\u00c9coles\"}]},{\"@type\":\"WebSite\",\"@id\":\"https:\/\/www.acomeambiente.org\/fr\/#website\",\"url\":\"https:\/\/www.acomeambiente.org\/fr\/\",\"name\":\"Fr - MAcA - Museo A come Ambiente\",\"description\":\"Passa al MAcA, costruiamo insieme un mondo pi\u00f9 sostenibile\",\"potentialAction\":[{\"@type\":\"SearchAction\",\"target\":{\"@type\":\"EntryPoint\",\"urlTemplate\":\"https:\/\/www.acomeambiente.org\/fr\/?s={search_term_string}\"},\"query-input\":{\"@type\":\"PropertyValueSpecification\",\"valueRequired\":true,\"valueName\":\"search_term_string\"}}],\"inLanguage\":\"fr-FR\"}]}<\/script>\n<!-- \/ Yoast SEO plugin. -->","yoast_head_json":{"title":"\u00c9coles - Fr - MAcA - Museo A come Ambiente","robots":{"index":"index","follow":"follow","max-snippet":"max-snippet:-1","max-image-preview":"max-image-preview:large","max-video-preview":"max-video-preview:-1"},"canonical":"https:\/\/www.acomeambiente.org\/fr\/ecoles-2\/","og_locale":"fr_FR","og_type":"article","og_title":"\u00c9coles - Fr - MAcA - Museo A come Ambiente","og_description":"\u00c9coles Le Mus\u00e9e A come Ambiente est un instrument de connaissance et un soutien pour les \u00e9ducateurs \u00e0 l&rsquo;environnement et les enseignants. Cela fait partie int\u00e9grante de sa mission. Le [...]","og_url":"https:\/\/www.acomeambiente.org\/fr\/ecoles-2\/","og_site_name":"Fr - MAcA - Museo A come Ambiente","article_modified_time":"2017-06-19T17:37:39+00:00","og_image":[{"url":"https:\/\/www.acomeambiente.org\/wp-content\/uploads\/sites\/2\/2015\/03\/AcomeA_141.jpg","type":"","width":"","height":""}],"twitter_card":"summary_large_image","twitter_misc":{"Dur\u00e9e de lecture estim\u00e9e":"2 minutes"},"schema":{"@context":"https:\/\/schema.org","@graph":[{"@type":"WebPage","@id":"https:\/\/www.acomeambiente.org\/fr\/ecoles-2\/","url":"https:\/\/www.acomeambiente.org\/fr\/ecoles-2\/","name":"\u00c9coles - Fr - MAcA - Museo A come Ambiente","isPartOf":{"@id":"https:\/\/www.acomeambiente.org\/fr\/#website"},"datePublished":"2015-03-19T11:31:28+00:00","dateModified":"2017-06-19T17:37:39+00:00","breadcrumb":{"@id":"https:\/\/www.acomeambiente.org\/fr\/ecoles-2\/#breadcrumb"},"inLanguage":"fr-FR","potentialAction":[{"@type":"ReadAction","target":["https:\/\/www.acomeambiente.org\/fr\/ecoles-2\/"]}]},{"@type":"BreadcrumbList","@id":"https:\/\/www.acomeambiente.org\/fr\/ecoles-2\/#breadcrumb","itemListElement":[{"@type":"ListItem","position":1,"name":"Home","item":"https:\/\/www.acomeambiente.org\/fr\/"},{"@type":"ListItem","position":2,"name":"\u00c9coles"}]},{"@type":"WebSite","@id":"https:\/\/www.acomeambiente.org\/fr\/#website","url":"https:\/\/www.acomeambiente.org\/fr\/","name":"Fr - MAcA - Museo A come Ambiente","description":"Passa al MAcA, costruiamo insieme un mondo pi\u00f9 sostenibile","potentialAction":[{"@type":"SearchAction","target":{"@type":"EntryPoint","urlTemplate":"https:\/\/www.acomeambiente.org\/fr\/?s={search_term_string}"},"query-input":{"@type":"PropertyValueSpecification","valueRequired":true,"valueName":"search_term_string"}}],"inLanguage":"fr-FR"}]}},"_links":{"self":[{"href":"https:\/\/www.acomeambiente.org\/fr\/wp-json\/wp\/v2\/pages\/150","targetHints":{"allow":["GET"]}}],"collection":[{"href":"https:\/\/www.acomeambiente.org\/fr\/wp-json\/wp\/v2\/pages"}],"about":[{"href":"https:\/\/www.acomeambiente.org\/fr\/wp-json\/wp\/v2\/types\/page"}],"author":[{"embeddable":true,"href":"https:\/\/www.acomeambiente.org\/fr\/wp-json\/wp\/v2\/users\/1025"}],"replies":[{"embeddable":true,"href":"https:\/\/www.acomeambiente.org\/fr\/wp-json\/wp\/v2\/comments?post=150"}],"version-history":[{"count":27,"href":"https:\/\/www.acomeambiente.org\/fr\/wp-json\/wp\/v2\/pages\/150\/revisions"}],"predecessor-version":[{"id":5022,"href":"https:\/\/www.acomeambiente.org\/fr\/wp-json\/wp\/v2\/pages\/150\/revisions\/5022"}],"wp:attachment":[{"href":"https:\/\/www.acomeambiente.org\/fr\/wp-json\/wp\/v2\/media?parent=150"}],"curies":[{"name":"wp","href":"https:\/\/api.w.org\/{rel}","templated":true}]}}