{"id":21,"date":"2015-02-13T09:01:13","date_gmt":"2015-02-13T09:01:13","guid":{"rendered":"http:\/\/test.acomeambiente.org\/?page_id=21"},"modified":"2017-06-14T13:36:22","modified_gmt":"2017-06-14T13:36:22","slug":"eventi","status":"publish","type":"page","link":"https:\/\/www.acomeambiente.org\/en\/visita\/eventi\/","title":{"rendered":"Eventi"},"content":{"rendered":"<p><img decoding=\"async\" class=\"alignnone size-full wp-image-242\" src=\"\/wp-content\/uploads\/sites\/3\/2015\/03\/AcomeA_148.jpg\" alt=\"Eventi\" width=\"900\" height=\"330\" srcset=\"https:\/\/www.acomeambiente.org\/en\/wp-content\/uploads\/sites\/3\/2015\/03\/AcomeA_148-300x110.jpg 300w, https:\/\/www.acomeambiente.org\/en\/wp-content\/uploads\/sites\/3\/2015\/03\/AcomeA_148-600x220.jpg 600w, https:\/\/www.acomeambiente.org\/en\/wp-content\/uploads\/sites\/3\/2015\/03\/AcomeA_148.jpg 900w\" sizes=\"(max-width: 900px) 100vw, 900px\" \/><\/p>\n<h1 class=\"entry-title\">Eventi<\/h1>\n<p>Il MAcA offre un calendario di eventi per gettare lo sguardo pi\u00f9 in l\u00e0, sperimentando, giocando, mettendo in discussione, interagendo. Gli eventi rappresentano la parte pi\u00f9 viva e dinamica di un museo sempre in contatto con il mondo che lo circonda.<\/p>\n","protected":false},"excerpt":{"rendered":"<p>Eventi Il MAcA offre un calendario di eventi per gettare lo sguardo pi\u00f9 in l\u00e0, sperimentando, giocando, mettendo in discussione, interagendo. Gli eventi rappresentano la parte pi\u00f9 viva e dinamica  [&#8230;]<\/p>\n","protected":false},"author":1025,"featured_media":0,"parent":184,"menu_order":1,"comment_status":"closed","ping_status":"closed","template":"","meta":{"footnotes":""},"class_list":["post-21","page","type-page","status-publish","hentry"],"yoast_head":"<!-- This site is optimized with the Yoast SEO plugin v26.9 - https:\/\/yoast.com\/product\/yoast-seo-wordpress\/ -->\n<title>Eventi - En - MAcA - Museo A come Ambiente<\/title>\n<meta name=\"robots\" content=\"index, follow, max-snippet:-1, max-image-preview:large, max-video-preview:-1\" \/>\n<link rel=\"canonical\" href=\"https:\/\/www.acomeambiente.org\/en\/visita\/eventi\/\" \/>\n<meta property=\"og:locale\" content=\"en_US\" \/>\n<meta property=\"og:type\" content=\"article\" \/>\n<meta property=\"og:title\" content=\"Eventi - En - MAcA - Museo A come Ambiente\" \/>\n<meta property=\"og:description\" content=\"Eventi Il MAcA offre un calendario di eventi per gettare lo sguardo pi\u00f9 in l\u00e0, sperimentando, giocando, mettendo in discussione, interagendo. Gli eventi rappresentano la parte pi\u00f9 viva e dinamica [...]\" \/>\n<meta property=\"og:url\" content=\"https:\/\/www.acomeambiente.org\/en\/visita\/eventi\/\" \/>\n<meta property=\"og:site_name\" content=\"En - MAcA - Museo A come Ambiente\" \/>\n<meta property=\"article:modified_time\" content=\"2017-06-14T13:36:22+00:00\" \/>\n<meta property=\"og:image\" content=\"https:\/\/www.acomeambiente.org\/wp-content\/uploads\/sites\/3\/2015\/03\/AcomeA_148.jpg\" \/>\n<meta name=\"twitter:card\" content=\"summary_large_image\" \/>\n<script type=\"application\/ld+json\" class=\"yoast-schema-graph\">{\"@context\":\"https:\/\/schema.org\",\"@graph\":[{\"@type\":\"WebPage\",\"@id\":\"https:\/\/www.acomeambiente.org\/en\/visita\/eventi\/\",\"url\":\"https:\/\/www.acomeambiente.org\/en\/visita\/eventi\/\",\"name\":\"Eventi - En - MAcA - Museo A come Ambiente\",\"isPartOf\":{\"@id\":\"https:\/\/www.acomeambiente.org\/en\/#website\"},\"datePublished\":\"2015-02-13T09:01:13+00:00\",\"dateModified\":\"2017-06-14T13:36:22+00:00\",\"breadcrumb\":{\"@id\":\"https:\/\/www.acomeambiente.org\/en\/visita\/eventi\/#breadcrumb\"},\"inLanguage\":\"en-US\",\"potentialAction\":[{\"@type\":\"ReadAction\",\"target\":[\"https:\/\/www.acomeambiente.org\/en\/visita\/eventi\/\"]}]},{\"@type\":\"BreadcrumbList\",\"@id\":\"https:\/\/www.acomeambiente.org\/en\/visita\/eventi\/#breadcrumb\",\"itemListElement\":[{\"@type\":\"ListItem\",\"position\":1,\"name\":\"Home\",\"item\":\"https:\/\/www.acomeambiente.org\/en\/\"},{\"@type\":\"ListItem\",\"position\":2,\"name\":\"Visiting us\",\"item\":\"https:\/\/www.acomeambiente.org\/en\/visita\/\"},{\"@type\":\"ListItem\",\"position\":3,\"name\":\"Eventi\"}]},{\"@type\":\"WebSite\",\"@id\":\"https:\/\/www.acomeambiente.org\/en\/#website\",\"url\":\"https:\/\/www.acomeambiente.org\/en\/\",\"name\":\"En - MAcA - Museo A come Ambiente\",\"description\":\"Passa al MAcA, costruiamo insieme un mondo pi\u00f9 sostenibile\",\"potentialAction\":[{\"@type\":\"SearchAction\",\"target\":{\"@type\":\"EntryPoint\",\"urlTemplate\":\"https:\/\/www.acomeambiente.org\/en\/?s={search_term_string}\"},\"query-input\":{\"@type\":\"PropertyValueSpecification\",\"valueRequired\":true,\"valueName\":\"search_term_string\"}}],\"inLanguage\":\"en-US\"}]}<\/script>\n<!-- \/ Yoast SEO plugin. -->","yoast_head_json":{"title":"Eventi - En - MAcA - Museo A come Ambiente","robots":{"index":"index","follow":"follow","max-snippet":"max-snippet:-1","max-image-preview":"max-image-preview:large","max-video-preview":"max-video-preview:-1"},"canonical":"https:\/\/www.acomeambiente.org\/en\/visita\/eventi\/","og_locale":"en_US","og_type":"article","og_title":"Eventi - En - MAcA - Museo A come Ambiente","og_description":"Eventi Il MAcA offre un calendario di eventi per gettare lo sguardo pi\u00f9 in l\u00e0, sperimentando, giocando, mettendo in discussione, interagendo. Gli eventi rappresentano la parte pi\u00f9 viva e dinamica [...]","og_url":"https:\/\/www.acomeambiente.org\/en\/visita\/eventi\/","og_site_name":"En - MAcA - Museo A come Ambiente","article_modified_time":"2017-06-14T13:36:22+00:00","og_image":[{"url":"https:\/\/www.acomeambiente.org\/wp-content\/uploads\/sites\/3\/2015\/03\/AcomeA_148.jpg","type":"","width":"","height":""}],"twitter_card":"summary_large_image","schema":{"@context":"https:\/\/schema.org","@graph":[{"@type":"WebPage","@id":"https:\/\/www.acomeambiente.org\/en\/visita\/eventi\/","url":"https:\/\/www.acomeambiente.org\/en\/visita\/eventi\/","name":"Eventi - En - MAcA - Museo A come Ambiente","isPartOf":{"@id":"https:\/\/www.acomeambiente.org\/en\/#website"},"datePublished":"2015-02-13T09:01:13+00:00","dateModified":"2017-06-14T13:36:22+00:00","breadcrumb":{"@id":"https:\/\/www.acomeambiente.org\/en\/visita\/eventi\/#breadcrumb"},"inLanguage":"en-US","potentialAction":[{"@type":"ReadAction","target":["https:\/\/www.acomeambiente.org\/en\/visita\/eventi\/"]}]},{"@type":"BreadcrumbList","@id":"https:\/\/www.acomeambiente.org\/en\/visita\/eventi\/#breadcrumb","itemListElement":[{"@type":"ListItem","position":1,"name":"Home","item":"https:\/\/www.acomeambiente.org\/en\/"},{"@type":"ListItem","position":2,"name":"Visiting us","item":"https:\/\/www.acomeambiente.org\/en\/visita\/"},{"@type":"ListItem","position":3,"name":"Eventi"}]},{"@type":"WebSite","@id":"https:\/\/www.acomeambiente.org\/en\/#website","url":"https:\/\/www.acomeambiente.org\/en\/","name":"En - MAcA - Museo A come Ambiente","description":"Passa al MAcA, costruiamo insieme un mondo pi\u00f9 sostenibile","potentialAction":[{"@type":"SearchAction","target":{"@type":"EntryPoint","urlTemplate":"https:\/\/www.acomeambiente.org\/en\/?s={search_term_string}"},"query-input":{"@type":"PropertyValueSpecification","valueRequired":true,"valueName":"search_term_string"}}],"inLanguage":"en-US"}]}},"_links":{"self":[{"href":"https:\/\/www.acomeambiente.org\/en\/wp-json\/wp\/v2\/pages\/21","targetHints":{"allow":["GET"]}}],"collection":[{"href":"https:\/\/www.acomeambiente.org\/en\/wp-json\/wp\/v2\/pages"}],"about":[{"href":"https:\/\/www.acomeambiente.org\/en\/wp-json\/wp\/v2\/types\/page"}],"author":[{"embeddable":true,"href":"https:\/\/www.acomeambiente.org\/en\/wp-json\/wp\/v2\/users\/1025"}],"replies":[{"embeddable":true,"href":"https:\/\/www.acomeambiente.org\/en\/wp-json\/wp\/v2\/comments?post=21"}],"version-history":[{"count":7,"href":"https:\/\/www.acomeambiente.org\/en\/wp-json\/wp\/v2\/pages\/21\/revisions"}],"predecessor-version":[{"id":1267,"href":"https:\/\/www.acomeambiente.org\/en\/wp-json\/wp\/v2\/pages\/21\/revisions\/1267"}],"up":[{"embeddable":true,"href":"https:\/\/www.acomeambiente.org\/en\/wp-json\/wp\/v2\/pages\/184"}],"wp:attachment":[{"href":"https:\/\/www.acomeambiente.org\/en\/wp-json\/wp\/v2\/media?parent=21"}],"curies":[{"name":"wp","href":"https:\/\/api.w.org\/{rel}","templated":true}]}}