{"id":2029,"date":"2015-11-04T15:20:05","date_gmt":"2015-11-04T15:20:05","guid":{"rendered":"http:\/\/www.acomeambiente.org\/english\/?page_id=2029"},"modified":"2018-01-19T16:40:35","modified_gmt":"2018-01-19T16:40:35","slug":"energia","status":"publish","type":"page","link":"https:\/\/www.acomeambiente.org\/en\/visita\/scuole\/energia\/","title":{"rendered":"Energy"},"content":{"rendered":"<div class=\"fusion-fullwidth fullwidth-box fusion-builder-row-1 hundred-percent-fullwidth non-hundred-percent-height-scrolling\" style=\"--awb-border-radius-top-left:0px;--awb-border-radius-top-right:0px;--awb-border-radius-bottom-right:0px;--awb-border-radius-bottom-left:0px;--awb-overflow:visible;--awb-flex-wrap:wrap;\" ><div class=\"fusion-builder-row fusion-row\"><div class=\"fusion-layout-column fusion_builder_column fusion-builder-column-0 fusion_builder_column_1_1 1_1 fusion-one-full fusion-column-first fusion-column-last fusion-column-no-min-height\" style=\"--awb-bg-size:cover;--awb-margin-bottom:0px;\"><div class=\"fusion-column-wrapper fusion-flex-column-wrapper-legacy\"><div class=\"fusion-text fusion-text-1\"><p><img decoding=\"async\" class=\"alignnone wp-image-240 size-full\" src=\"\/wp-content\/uploads\/sites\/3\/2015\/03\/AcomeA_168.jpg\" alt=\"Scuole\" width=\"900\" height=\"330\" \/><\/p>\n<h1 class=\"entry-title\">Energy<\/h1>\n<p>Different types of energy in constant transformation, different types of energy that surround us. Starting from a short story on energy since industrial revolution to this day, we will deal with traditional and classical renewable energy issues and with those that are still to come. A 90 minute tour will guide visitors to discover energy and its fundaments.<\/p>\n<h2 class=\"entry-title\">Labs<\/h2>\n<\/div><div class=\"fusion-clearfix\"><\/div><\/div><\/div><div class=\"fusion-layout-column fusion_builder_column fusion-builder-column-1 fusion_builder_column_1_3 1_3 fusion-one-third fusion-column-first\" style=\"--awb-bg-size:cover;width:30.6666%; margin-right: 4%;\"><div class=\"fusion-column-wrapper fusion-flex-column-wrapper-legacy\"><div class=\"fusion-text fusion-text-2\"><p><!--img class=\"img_laboratori alignnone size-medium wp-image-3648\" src=\"\/wp-content\/uploads\/sites\/3\/2015\/11\/Energia_1-300x276.gif\" alt=\"energia_1\" width=\"300\" height=\"276\" \/--><img decoding=\"async\" class=\"aligncenter size-medium wp-image-4076\" src=\"http:\/\/www.acomeambiente.org\/wp-content\/uploads\/sites\/3\/2015\/11\/Energia-Calore-a-colori-300x276.jpg\" alt=\"energia-calore-a-colori\" width=\"300\" height=\"276\" srcset=\"https:\/\/www.acomeambiente.org\/en\/wp-content\/uploads\/sites\/3\/2015\/11\/Energia-Calore-a-colori-200x184.jpg 200w, https:\/\/www.acomeambiente.org\/en\/wp-content\/uploads\/sites\/3\/2015\/11\/Energia-Calore-a-colori.jpg 300w\" sizes=\"(max-width: 300px) 100vw, 300px\" \/><\/p>\n<div class=\"titoli_laboratori\"><strong>HEAT AND COLOURS<\/strong><\/div>\n<p>Methane boilers, pellet stoves, district heating. And you, how do you warm yourself? Your answer can make the difference. Through pie charts we will examine the main heating sources in Italy and in Europe and their impact on climate. And you \u2026.. if you were the European Minister of Energy, which decisions would you make?<\/p>\n<\/div><div class=\"fusion-clearfix\"><\/div><\/div><\/div><div class=\"fusion-layout-column fusion_builder_column fusion-builder-column-2 fusion_builder_column_1_3 1_3 fusion-one-third\" style=\"--awb-bg-size:cover;width:30.6666%; margin-right: 4%;\"><div class=\"fusion-column-wrapper fusion-flex-column-wrapper-legacy\"><div class=\"fusion-text fusion-text-3\"><p><!--img class=\"img_laboratori alignnone size-medium wp-image-3650\" src=\"\/wp-content\/uploads\/sites\/3\/2015\/11\/Energia_2-300x276.gif\" alt=\"energia_2\" width=\"300\" height=\"276\" \/--><img decoding=\"async\" class=\"aligncenter size-medium wp-image-4077\" src=\"http:\/\/www.acomeambiente.org\/wp-content\/uploads\/sites\/3\/2015\/11\/Energia-Energia-e-cos\u00ec-sia-300x276.jpg\" alt=\"energia-energia-e-cosi-sia\" width=\"300\" height=\"276\" srcset=\"https:\/\/www.acomeambiente.org\/en\/wp-content\/uploads\/sites\/3\/2015\/11\/Energia-Energia-e-cos\u00ec-sia-200x184.jpg 200w, https:\/\/www.acomeambiente.org\/en\/wp-content\/uploads\/sites\/3\/2015\/11\/Energia-Energia-e-cos\u00ec-sia.jpg 300w\" sizes=\"(max-width: 300px) 100vw, 300px\" \/><\/p>\n<div class=\"titoli_laboratori\"><strong>ENERGY AND SO IT BE!<\/strong><\/div>\n<p>From our cells to the Sun, from tides to winds, from petroleum and its brothers to nuclear power: energy surrounds us. But do we have enough energy for everyone? How can we use it without wasting it?<\/p>\n<p>Let\u2019s take a look to nowadays technologies, their pros and cons, to the world energetic balance and to our life style. Without energy nothing works, but we should use it more consciously!<\/p>\n<\/div><div class=\"fusion-clearfix\"><\/div><\/div><\/div><div class=\"fusion-layout-column fusion_builder_column fusion-builder-column-3 fusion_builder_column_1_3 1_3 fusion-one-third fusion-column-last\" style=\"--awb-bg-size:cover;width:30.6666%;\"><div class=\"fusion-column-wrapper fusion-flex-column-wrapper-legacy\"><div class=\"fusion-text fusion-text-4\"><p><!--img class=\"img_laboratori alignnone size-medium wp-image-3652\" src=\"\/wp-content\/uploads\/sites\/3\/2015\/11\/Energia_3-300x276.gif\" alt=\"energia_3\" width=\"300\" height=\"276\" \/--><img decoding=\"async\" class=\"aligncenter size-medium wp-image-4078\" src=\"http:\/\/www.acomeambiente.org\/wp-content\/uploads\/sites\/3\/2015\/11\/Energia-Energy-Lab-300x276.jpg\" alt=\"energia-energy-lab\" width=\"300\" height=\"276\" srcset=\"https:\/\/www.acomeambiente.org\/en\/wp-content\/uploads\/sites\/3\/2015\/11\/Energia-Energy-Lab-200x184.jpg 200w, https:\/\/www.acomeambiente.org\/en\/wp-content\/uploads\/sites\/3\/2015\/11\/Energia-Energy-Lab.jpg 300w\" sizes=\"(max-width: 300px) 100vw, 300px\" \/><\/p>\n<div class=\"titoli_laboratori\"><strong>ENERGY LAB<\/strong><\/div>\n<p>It makes trombone play, it heats our households, it makes oceans move, it helps redwoods grow. It\u2019s energy!<\/p>\n<p>Let\u2019s discover its features on a tour with the help of electronic guides, electrical discharges, basketballs, tea bags. Because energy is everywhere and the Energy Lab is the right place to discover it.<\/p>\n<\/div><div class=\"fusion-clearfix\"><\/div><\/div><\/div><div class=\"fusion-layout-column fusion_builder_column fusion-builder-column-4 fusion_builder_column_1_3 1_3 fusion-one-third fusion-column-first\" style=\"--awb-bg-size:cover;width:30.6666%; margin-right: 4%;\"><div class=\"fusion-column-wrapper fusion-flex-column-wrapper-legacy\"><div class=\"fusion-text fusion-text-5\"><p><!--img class=\"img_laboratori alignnone size-medium wp-image-3655\" src=\"\/wp-content\/uploads\/sites\/3\/2015\/11\/Energia_4-300x276.jpg\" alt=\"energia_4\" width=\"300\" height=\"276\" \/--><img decoding=\"async\" class=\"aligncenter size-medium wp-image-4079\" src=\"http:\/\/www.acomeambiente.org\/wp-content\/uploads\/sites\/3\/2015\/11\/Energia-Lenergia-del-cibo-alla-scoperta-delle-calorie-300x276.jpg\" alt=\"energia-lenergia-del-cibo-alla-scoperta-delle-calorie\" width=\"300\" height=\"276\" srcset=\"https:\/\/www.acomeambiente.org\/en\/wp-content\/uploads\/sites\/3\/2015\/11\/Energia-Lenergia-del-cibo-alla-scoperta-delle-calorie-200x184.jpg 200w, https:\/\/www.acomeambiente.org\/en\/wp-content\/uploads\/sites\/3\/2015\/11\/Energia-Lenergia-del-cibo-alla-scoperta-delle-calorie.jpg 300w\" sizes=\"(max-width: 300px) 100vw, 300px\" \/><\/p>\n<div class=\"titoli_laboratori\"><strong>ENERGY IN FOOD: LET\u2019S DISCOVER CALORIES<\/strong><\/div>\n<div><\/div>\n<p>What\u2019s the energy value of what we eat? Do we satisfy our daily energy requirements?<\/p>\n<p>With the help of a self-made calorimeter we will measure the energy content of a chip. Will it correspond to what shown on the package?<\/p>\n<\/div><div class=\"fusion-clearfix\"><\/div><\/div><\/div><div class=\"fusion-layout-column fusion_builder_column fusion-builder-column-5 fusion_builder_column_1_3 1_3 fusion-one-third\" style=\"--awb-bg-size:cover;width:30.6666%; margin-right: 4%;\"><div class=\"fusion-column-wrapper fusion-flex-column-wrapper-legacy\"><div class=\"fusion-text fusion-text-6\"><p><!--img class=\"img_laboratori alignnone size-medium wp-image-3656\" src=\"\/wp-content\/uploads\/sites\/3\/2015\/11\/Energia_5-300x276.jpg\" alt=\"energia_5\" width=\"300\" height=\"276\" \/--><img decoding=\"async\" class=\"aligncenter size-medium wp-image-4080\" src=\"http:\/\/www.acomeambiente.org\/wp-content\/uploads\/sites\/3\/2015\/11\/Energia-Playdecide-Energia-rinnovabile-300x276.jpg\" alt=\"energia-playdecide-energia-rinnovabile\" width=\"300\" height=\"276\" srcset=\"https:\/\/www.acomeambiente.org\/en\/wp-content\/uploads\/sites\/3\/2015\/11\/Energia-Playdecide-Energia-rinnovabile-200x184.jpg 200w, https:\/\/www.acomeambiente.org\/en\/wp-content\/uploads\/sites\/3\/2015\/11\/Energia-Playdecide-Energia-rinnovabile.jpg 300w\" sizes=\"(max-width: 300px) 100vw, 300px\" \/><\/p>\n<div class=\"titoli_laboratori\">\n<p><strong>PLAYDECIDE! RENEWABLE ENERGY<\/strong><\/p>\n<\/div>\n<p>Why consuming limited resources instead of using proper renewable energy?<\/p>\n<p>An absorbing debate on renewable energy will help us to set up the basis for a more proper and responsible energy consumption.<\/p>\n<\/div><div class=\"fusion-clearfix\"><\/div><\/div><\/div><div class=\"fusion-layout-column fusion_builder_column fusion-builder-column-6 fusion_builder_column_1_3 1_3 fusion-one-third fusion-column-last\" style=\"--awb-bg-size:cover;width:30.6666%;\"><div class=\"fusion-column-wrapper fusion-flex-column-wrapper-legacy\"><div class=\"fusion-text fusion-text-7\"><p><!--img class=\"img_laboratori alignnone size-medium wp-image-3656\" src=\"\/wp-content\/uploads\/sites\/3\/2015\/11\/Energia_5-300x276.jpg\" alt=\"energia_5\" width=\"300\" height=\"276\" \/--><img decoding=\"async\" class=\"alignnone wp-image-5580 size-medium\" src=\"\/wp-content\/uploads\/sites\/3\/2017\/12\/DEMOSOFC-300x114.png\" alt=\"\" width=\"300\" height=\"114\" srcset=\"https:\/\/www.acomeambiente.org\/en\/wp-content\/uploads\/sites\/3\/2017\/12\/DEMOSOFC-200x76.png 200w, https:\/\/www.acomeambiente.org\/en\/wp-content\/uploads\/sites\/3\/2017\/12\/DEMOSOFC-300x114.png 300w, https:\/\/www.acomeambiente.org\/en\/wp-content\/uploads\/sites\/3\/2017\/12\/DEMOSOFC-400x152.png 400w, https:\/\/www.acomeambiente.org\/en\/wp-content\/uploads\/sites\/3\/2017\/12\/DEMOSOFC.png 443w\" sizes=\"(max-width: 300px) 100vw, 300px\" \/><\/p>\n<div class=\"titoli_laboratori\">\n<p><strong>NEW!\u00a0\u00a0\u00a0 DEMOSOFC: THE ENERGY YOU WOULDN\u2019T EXPECT<\/strong><\/p>\n<\/div>\n<p>What\u2019s hydrogen and how does a fuel cell work? What\u2019s the difference between fossil fuel energy production and biogas \/methane energy production? Which are the applications and risks?<\/p>\n<p>Through some mockups we will examine DEMOSOFC project technology at SMAT&#8217;s Waste Water Treatment Plant in Collegno (TURIN).<\/p>\n<\/div><div class=\"fusion-clearfix\"><\/div><\/div><\/div><div class=\"fusion-layout-column fusion_builder_column fusion-builder-column-7 fusion_builder_column_1_1 1_1 fusion-one-full fusion-column-first fusion-column-last fusion-column-no-min-height\" style=\"--awb-bg-size:cover;--awb-margin-bottom:0px;\"><div class=\"fusion-column-wrapper fusion-flex-column-wrapper-legacy\"><div class=\"fusion-text fusion-text-8\"><p><!--<strong>ENERGY LAB<\/strong>\n\n\n\n\n\n<p style=\"text-align: justify;\">Fa suonare i tromboni, riscalda le nostre case, fa muovere gli oceani, aiuta le sequoie a diventare altissime. E' l'energia!\nScopriamo insieme alcune delle sue caratteristiche, in un breve ma divertente viaggio in compagnia di guide telefoniche, scariche elettriche, palloni da basket e bustine di t\u00e8. Perch\u00e9 l'energia \u00e8 ovunque, e l'Energy Lab \u00e8 il posto giusto per chi vuole saperne di pi\u00f9!\n\n<strong>CALORE A COLORI<\/strong>\n\n\n\n\n\n<p style=\"text-align: justify;\">Caldaie a metano, stufe a pellet, teleriscaldamento. E tu, come ti scaldi? La risposta pu\u00f2 fare la differenza tra un mondo pi\u00f9 o meno pulito.\nGrazie all\u2019utilizzo di dischi colorati che gli scienziati chiamano diagrammi a torta daremo un\u2019occhiata al tipo di riscaldamento preferito all\u2019Italia e dall\u2019Europa e cercheremo di capire quali sono le conseguenze per il clima. E se tu diventassi il Ministro Europeo dell\u2019Energia, quali provvedimenti prenderesti? Giocare a decidere sar\u00e0 istruttivo e divertente.\n\n<strong>ENERGIA E COSI' SIA<\/strong>\n\n\n\n\n\n<p style=\"text-align: justify;\">Dalle nostre cellule al Sole, dalle maree ai venti, dal petrolio e i suoi fratelli fino all\u2019energia nucleare: l\u2019energia \u00e8 tutta intorno a noi. Ci\u00f2 nonostante, sar\u00e0 sufficiente per tutti? E ancora, come possiamo usarla meglio?\nDiamo un\u2019occhiata alle tecnologie oggi a disposizione, ai punti di forza e di debolezza, al bilancio energetico mondiale, agli stili di vita. Perch\u00e9 senza energia nulla funziona, ma anche se \u00e8 usata male il mondo va in malora!\n\n--><\/p>\n<\/div><div class=\"fusion-clearfix\"><\/div><\/div><\/div><\/div><\/div>\n","protected":false},"excerpt":{"rendered":"","protected":false},"author":1025,"featured_media":0,"parent":1954,"menu_order":9,"comment_status":"closed","ping_status":"closed","template":"","meta":{"footnotes":""},"class_list":["post-2029","page","type-page","status-publish","hentry"],"yoast_head":"<!-- This site is optimized with the Yoast SEO plugin v26.9 - https:\/\/yoast.com\/product\/yoast-seo-wordpress\/ -->\n<title>Energy - En - MAcA - Museo A come Ambiente<\/title>\n<meta name=\"robots\" content=\"index, follow, max-snippet:-1, max-image-preview:large, max-video-preview:-1\" \/>\n<link rel=\"canonical\" href=\"https:\/\/www.acomeambiente.org\/en\/visita\/scuole\/energia\/\" \/>\n<meta property=\"og:locale\" content=\"en_US\" \/>\n<meta property=\"og:type\" content=\"article\" \/>\n<meta property=\"og:title\" content=\"Energy - En - MAcA - Museo A come Ambiente\" \/>\n<meta property=\"og:url\" content=\"https:\/\/www.acomeambiente.org\/en\/visita\/scuole\/energia\/\" \/>\n<meta property=\"og:site_name\" content=\"En - MAcA - Museo A come Ambiente\" \/>\n<meta property=\"article:modified_time\" content=\"2018-01-19T16:40:35+00:00\" \/>\n<meta property=\"og:image\" content=\"https:\/\/www.acomeambiente.org\/wp-content\/uploads\/sites\/3\/2015\/03\/AcomeA_168.jpg\" \/>\n<meta name=\"twitter:card\" content=\"summary_large_image\" \/>\n<meta name=\"twitter:label1\" content=\"Est. reading time\" \/>\n\t<meta name=\"twitter:data1\" content=\"5 minutes\" \/>\n<script type=\"application\/ld+json\" class=\"yoast-schema-graph\">{\"@context\":\"https:\/\/schema.org\",\"@graph\":[{\"@type\":\"WebPage\",\"@id\":\"https:\/\/www.acomeambiente.org\/en\/visita\/scuole\/energia\/\",\"url\":\"https:\/\/www.acomeambiente.org\/en\/visita\/scuole\/energia\/\",\"name\":\"Energy - En - MAcA - Museo A come Ambiente\",\"isPartOf\":{\"@id\":\"https:\/\/www.acomeambiente.org\/en\/#website\"},\"primaryImageOfPage\":{\"@id\":\"https:\/\/www.acomeambiente.org\/en\/visita\/scuole\/energia\/#primaryimage\"},\"image\":{\"@id\":\"https:\/\/www.acomeambiente.org\/en\/visita\/scuole\/energia\/#primaryimage\"},\"thumbnailUrl\":\"http:\/\/www.acomeambiente.org\/wp-content\/uploads\/sites\/3\/2015\/11\/Energia-Calore-a-colori-300x276.jpg\",\"datePublished\":\"2015-11-04T15:20:05+00:00\",\"dateModified\":\"2018-01-19T16:40:35+00:00\",\"breadcrumb\":{\"@id\":\"https:\/\/www.acomeambiente.org\/en\/visita\/scuole\/energia\/#breadcrumb\"},\"inLanguage\":\"en-US\",\"potentialAction\":[{\"@type\":\"ReadAction\",\"target\":[\"https:\/\/www.acomeambiente.org\/en\/visita\/scuole\/energia\/\"]}]},{\"@type\":\"ImageObject\",\"inLanguage\":\"en-US\",\"@id\":\"https:\/\/www.acomeambiente.org\/en\/visita\/scuole\/energia\/#primaryimage\",\"url\":\"http:\/\/www.acomeambiente.org\/wp-content\/uploads\/sites\/3\/2015\/11\/Energia-Calore-a-colori-300x276.jpg\",\"contentUrl\":\"http:\/\/www.acomeambiente.org\/wp-content\/uploads\/sites\/3\/2015\/11\/Energia-Calore-a-colori-300x276.jpg\"},{\"@type\":\"BreadcrumbList\",\"@id\":\"https:\/\/www.acomeambiente.org\/en\/visita\/scuole\/energia\/#breadcrumb\",\"itemListElement\":[{\"@type\":\"ListItem\",\"position\":1,\"name\":\"Home\",\"item\":\"https:\/\/www.acomeambiente.org\/en\/\"},{\"@type\":\"ListItem\",\"position\":2,\"name\":\"Visiting us\",\"item\":\"https:\/\/www.acomeambiente.org\/en\/visita\/\"},{\"@type\":\"ListItem\",\"position\":3,\"name\":\"Schools\",\"item\":\"https:\/\/www.acomeambiente.org\/en\/visita\/scuole\/\"},{\"@type\":\"ListItem\",\"position\":4,\"name\":\"Energy\"}]},{\"@type\":\"WebSite\",\"@id\":\"https:\/\/www.acomeambiente.org\/en\/#website\",\"url\":\"https:\/\/www.acomeambiente.org\/en\/\",\"name\":\"En - MAcA - Museo A come Ambiente\",\"description\":\"Passa al MAcA, costruiamo insieme un mondo pi\u00f9 sostenibile\",\"potentialAction\":[{\"@type\":\"SearchAction\",\"target\":{\"@type\":\"EntryPoint\",\"urlTemplate\":\"https:\/\/www.acomeambiente.org\/en\/?s={search_term_string}\"},\"query-input\":{\"@type\":\"PropertyValueSpecification\",\"valueRequired\":true,\"valueName\":\"search_term_string\"}}],\"inLanguage\":\"en-US\"}]}<\/script>\n<!-- \/ Yoast SEO plugin. -->","yoast_head_json":{"title":"Energy - En - MAcA - Museo A come Ambiente","robots":{"index":"index","follow":"follow","max-snippet":"max-snippet:-1","max-image-preview":"max-image-preview:large","max-video-preview":"max-video-preview:-1"},"canonical":"https:\/\/www.acomeambiente.org\/en\/visita\/scuole\/energia\/","og_locale":"en_US","og_type":"article","og_title":"Energy - En - MAcA - Museo A come Ambiente","og_url":"https:\/\/www.acomeambiente.org\/en\/visita\/scuole\/energia\/","og_site_name":"En - MAcA - Museo A come Ambiente","article_modified_time":"2018-01-19T16:40:35+00:00","og_image":[{"url":"https:\/\/www.acomeambiente.org\/wp-content\/uploads\/sites\/3\/2015\/03\/AcomeA_168.jpg","type":"","width":"","height":""}],"twitter_card":"summary_large_image","twitter_misc":{"Est. reading time":"5 minutes"},"schema":{"@context":"https:\/\/schema.org","@graph":[{"@type":"WebPage","@id":"https:\/\/www.acomeambiente.org\/en\/visita\/scuole\/energia\/","url":"https:\/\/www.acomeambiente.org\/en\/visita\/scuole\/energia\/","name":"Energy - En - MAcA - Museo A come Ambiente","isPartOf":{"@id":"https:\/\/www.acomeambiente.org\/en\/#website"},"primaryImageOfPage":{"@id":"https:\/\/www.acomeambiente.org\/en\/visita\/scuole\/energia\/#primaryimage"},"image":{"@id":"https:\/\/www.acomeambiente.org\/en\/visita\/scuole\/energia\/#primaryimage"},"thumbnailUrl":"http:\/\/www.acomeambiente.org\/wp-content\/uploads\/sites\/3\/2015\/11\/Energia-Calore-a-colori-300x276.jpg","datePublished":"2015-11-04T15:20:05+00:00","dateModified":"2018-01-19T16:40:35+00:00","breadcrumb":{"@id":"https:\/\/www.acomeambiente.org\/en\/visita\/scuole\/energia\/#breadcrumb"},"inLanguage":"en-US","potentialAction":[{"@type":"ReadAction","target":["https:\/\/www.acomeambiente.org\/en\/visita\/scuole\/energia\/"]}]},{"@type":"ImageObject","inLanguage":"en-US","@id":"https:\/\/www.acomeambiente.org\/en\/visita\/scuole\/energia\/#primaryimage","url":"http:\/\/www.acomeambiente.org\/wp-content\/uploads\/sites\/3\/2015\/11\/Energia-Calore-a-colori-300x276.jpg","contentUrl":"http:\/\/www.acomeambiente.org\/wp-content\/uploads\/sites\/3\/2015\/11\/Energia-Calore-a-colori-300x276.jpg"},{"@type":"BreadcrumbList","@id":"https:\/\/www.acomeambiente.org\/en\/visita\/scuole\/energia\/#breadcrumb","itemListElement":[{"@type":"ListItem","position":1,"name":"Home","item":"https:\/\/www.acomeambiente.org\/en\/"},{"@type":"ListItem","position":2,"name":"Visiting us","item":"https:\/\/www.acomeambiente.org\/en\/visita\/"},{"@type":"ListItem","position":3,"name":"Schools","item":"https:\/\/www.acomeambiente.org\/en\/visita\/scuole\/"},{"@type":"ListItem","position":4,"name":"Energy"}]},{"@type":"WebSite","@id":"https:\/\/www.acomeambiente.org\/en\/#website","url":"https:\/\/www.acomeambiente.org\/en\/","name":"En - MAcA - Museo A come Ambiente","description":"Passa al MAcA, costruiamo insieme un mondo pi\u00f9 sostenibile","potentialAction":[{"@type":"SearchAction","target":{"@type":"EntryPoint","urlTemplate":"https:\/\/www.acomeambiente.org\/en\/?s={search_term_string}"},"query-input":{"@type":"PropertyValueSpecification","valueRequired":true,"valueName":"search_term_string"}}],"inLanguage":"en-US"}]}},"_links":{"self":[{"href":"https:\/\/www.acomeambiente.org\/en\/wp-json\/wp\/v2\/pages\/2029","targetHints":{"allow":["GET"]}}],"collection":[{"href":"https:\/\/www.acomeambiente.org\/en\/wp-json\/wp\/v2\/pages"}],"about":[{"href":"https:\/\/www.acomeambiente.org\/en\/wp-json\/wp\/v2\/types\/page"}],"author":[{"embeddable":true,"href":"https:\/\/www.acomeambiente.org\/en\/wp-json\/wp\/v2\/users\/1025"}],"replies":[{"embeddable":true,"href":"https:\/\/www.acomeambiente.org\/en\/wp-json\/wp\/v2\/comments?post=2029"}],"version-history":[{"count":19,"href":"https:\/\/www.acomeambiente.org\/en\/wp-json\/wp\/v2\/pages\/2029\/revisions"}],"predecessor-version":[{"id":5463,"href":"https:\/\/www.acomeambiente.org\/en\/wp-json\/wp\/v2\/pages\/2029\/revisions\/5463"}],"up":[{"embeddable":true,"href":"https:\/\/www.acomeambiente.org\/en\/wp-json\/wp\/v2\/pages\/1954"}],"wp:attachment":[{"href":"https:\/\/www.acomeambiente.org\/en\/wp-json\/wp\/v2\/media?parent=2029"}],"curies":[{"name":"wp","href":"https:\/\/api.w.org\/{rel}","templated":true}]}}